{"id":61255,"date":"2020-04-04T13:09:22","date_gmt":"2020-04-04T17:09:22","guid":{"rendered":"https:\/\/getpalliativecare.org\/?page_id=61255"},"modified":"2022-06-01T11:47:38","modified_gmt":"2022-06-01T15:47:38","slug":"covid-19-tips","status":"publish","type":"page","link":"https:\/\/getpalliativecare.org\/es\/whatis\/disease-types\/covid-19-and-palliative-care\/covid-19-tips\/","title":{"rendered":"Consejos y herramientas de COVID-19"},"content":{"rendered":"<p>Las personas que viven con una enfermedad grave tienen un alto riesgo de contraer COVID-19. Esta es la poblaci\u00f3n tratada con cuidados paliativos. Muchos pacientes y cuidadores se preguntan qu\u00e9 m\u00e1s podemos hacer adem\u00e1s de lavarnos las manos, distanciarnos socialmente y quedarnos en casa.<\/p>\n<p>VitalTalk y la Fundaci\u00f3n Nacional de Defensa del Paciente (NPAF) se han asociado con expertos en cuidados paliativos para desarrollar esta gu\u00eda.<\/p>\n<p><strong>Estamos todos juntos en esto. Usted puede hacer su parte haciendo un plan. Este plan puede ayudarle a usted, a su familia, a sus amigos y a sus proveedores m\u00e9dicos.<\/strong><\/p>\n<h2><strong>Medicamentos<\/strong><\/h2>\n<ul>\n<li>Haga una lista de sus medicamentos y t\u00e9ngala a mano<\/li>\n<li>Mire hacia adelante y comun\u00edquese con su cl\u00ednica, hospital o farmacia si necesita un resurtido<\/li>\n<li>Llame a su farmacia para ver si sus medicamentos se pueden enviar a su casa.<\/li>\n<\/ul>\n<h2><strong>Tu dinero y tus facturas<br \/>\n<\/strong><\/h2>\n<ul>\n<li>Elija a alguien de su confianza que pueda ayudarle con su dinero y sus facturas si es necesario.<\/li>\n<li>Cuidado con las estafas. No le des a extra\u00f1os informaci\u00f3n sobre tu dinero<\/li>\n<li>Si recibe Seguro Social, su dinero seguir\u00e1 llegando. Para obtener m\u00e1s informaci\u00f3n, visite <a href=\"http:\/\/www.ssa.gov\/coronavirus\/\">ssa.gov\/coronavirus\/<\/a><\/li>\n<li>La Patient Advocate Foundation puede ayudarle a encontrar recursos que le ayuden a disminuir la carga financiera del tratamiento m\u00e9dico. Para obtener m\u00e1s informaci\u00f3n, visite <a href=\"http:\/\/www.patientadvocate.org\">defensordelpaciente.org<\/a><\/li>\n<\/ul>\n<h2><strong>Tus mascotas<\/strong><\/h2>\n<ul>\n<li>Elija a alguien que pueda cuidar de sus mascotas si es necesario.<\/li>\n<li>Llame a su tienda de mascotas, ya que es posible que le entreguen alimentos y suministros para mascotas a su hogar, o puede utilizar un servicio de pedidos en l\u00ednea (p. ej., <a href=\"http:\/\/Chewy.com\">masticable.com<\/a>)<\/li>\n<\/ul>\n<h2><strong>Su plan de atenci\u00f3n m\u00e9dica: tres pasos de acci\u00f3n<\/strong><\/h2>\n<ol>\n<li><strong> Elija una persona que tome decisiones m\u00e9dicas<\/strong><\/li>\n<\/ol>\n<ul>\n<li>Esta persona hablar\u00e1 por usted si usted no puede hablar por s\u00ed mismo debido a su condici\u00f3n. Si es posible, elija una persona de respaldo para tomar decisiones m\u00e9dicas.\n<ul>\n<li>Pueden asegurarse de que sus m\u00e9dicos conozcan la atenci\u00f3n que desea.<\/li>\n<li>Mantenga sus n\u00fameros de tel\u00e9fono a mano<\/li>\n<\/ul>\n<\/li>\n<li>Una buena persona que toma decisiones m\u00e9dicas es alguien que:\n<ul>\n<li>Puede hablar con los m\u00e9dicos por usted en persona o por tel\u00e9fono y conoce sus deseos sobre qu\u00e9 es lo mejor para usted.<\/li>\n<li>Usted conf\u00eda en seguir sus deseos sobre la atenci\u00f3n que desea y que tal vez no desee.<\/li>\n<li>Informe a quien toma decisiones m\u00e9dicas que fue elegido<\/li>\n<li>Este sitio web puede mostrarle c\u00f3mo: <a href=\"http:\/\/www.prepareforyourcare.org\">prep\u00e1rateparatucuidado.org<\/a><\/li>\n<\/ul>\n<\/li>\n<\/ul>\n<ol start=\"2\">\n<li><strong> Comparta sus deseos sobre la atenci\u00f3n que desea<\/strong><\/li>\n<\/ol>\n<ul>\n<li>Piensa en lo que es m\u00e1s importante en tu vida. \u00bfFamilia, mascotas, pasatiempos, etc.?<\/li>\n<li>Si sabes lo que quieres para tu atenci\u00f3n m\u00e9dica, comparte esto ahora.<\/li>\n<li>Hable con su familia, amigos y proveedores m\u00e9dicos sobre la atenci\u00f3n que desea<\/li>\n<li>Este sitio web puede mostrarle c\u00f3mo: <a href=\"http:\/\/www.prepareforyourcare.org\">prep\u00e1rateparatucuidado.org<\/a><\/li>\n<li>Puedes compartir qu\u00e9 atenci\u00f3n deseas por tel\u00e9fono y\/o un v\u00eddeo selfie. Tambi\u00e9n puedes hablar con otras personas por videollamada: <a href=\"https:\/\/zoom.us\/\">https:\/\/zoom.us\/<\/a> o facetime<\/li>\n<\/ul>\n<ol start=\"3\">\n<li><strong> Considere una directiva anticipada<\/strong><\/li>\n<\/ol>\n<ul>\n<li>Este formulario le permite nombrar a la persona que toma las decisiones y escribir lo que desea para su atenci\u00f3n m\u00e9dica como gu\u00eda si no puede hablar por s\u00ed mismo debido a su condici\u00f3n.<\/li>\n<li>Si tiene una directiva anticipada, b\u00fasquela, rev\u00edsela y comp\u00e1rtala<\/li>\n<li>Para obtener un formulario, vaya aqu\u00ed: <a href=\"https:\/\/prepareforyourcare.org\/advance-directive\">https:\/\/prepareforyourcare.org\/advance-directive<\/a><\/li>\n<li>Est\u00e1 bien si no puede firmarlo o conseguir testigos ahora mismo.<\/li>\n<li>Leerlo a\u00fan puede ayudarle a aprender mucho sobre la atenci\u00f3n que desea<\/li>\n<li>Completar las partes a\u00fan puede ayudar a su familia y a sus proveedores a saber m\u00e1s sobre la atenci\u00f3n que desea y que tal vez no desee.<\/li>\n<li>Puede escanear\/enviar por fax (lo m\u00e1s seguro), enviar por correo electr\u00f3nico o incluso enviar fotograf\u00edas del formulario desde su tel\u00e9fono celular a sus personas de confianza.<\/li>\n<\/ul>\n<h2><strong>Estancia en el hospital <\/strong><\/h2>\n<p>A diferencia de las circunstancias habituales, la crisis de COVID-19 en los hospitales a menudo significa que es probable que familiares y amigos no puedan visitarlos. Trae lo que puedas necesitar de casa.<\/p>\n<ul>\n<li><strong>Art\u00edculos e informaci\u00f3n:<\/strong>\n<ul>\n<li>Anote los n\u00fameros de tel\u00e9fono de sus contactos clave para d\u00e1rselos a sus proveedores m\u00e9dicos, incluidas las personas que designe como quienes toman sus decisiones m\u00e9dicas (paso 2 anterior).<\/li>\n<li>Lista de sus medicamentos (o traiga los frascos de pastillas)<\/li>\n<li>Informaci\u00f3n sobre sus directivas anticipadas o deseos m\u00e9dicos (paso 3 anterior)<\/li>\n<li>Planes para tus mascotas o facturas mientras est\u00e1s fuera<\/li>\n<\/ul>\n<\/li>\n<\/ul>\n<p>La planificaci\u00f3n para la COVID-19 en medio de esta crisis sanitaria nacional puede ser bastante diferente de lo que los pacientes y sus familias est\u00e1n acostumbrados. Estas son algunas de las circunstancias desconocidas que muchas personas y familias han estado experimentando como parte de esta pandemia:<\/p>\n<ul>\n<li>Es posible que no pueda hablar con su m\u00e9dico habitual en persona, s\u00f3lo por tel\u00e9fono.<\/li>\n<li>Mucha gente se enferma gravemente y va al hospital.<\/li>\n<li>Si necesita ir al hospital:\n<ul>\n<li>Es posible que a su familia no se le permita visitarlo<\/li>\n<li>Es posible que lo lleven a un hospital diferente al que normalmente recibe atenci\u00f3n.<\/li>\n<\/ul>\n<\/li>\n<li>Algunas personas con COVID-19 pueden enfermarse tanto que necesitan un respirador (ventilador), posiblemente durante muchas semanas en la UCI.\n<ul>\n<li>No pueden hablar cuando est\u00e1n en la m\u00e1quina.<\/li>\n<li>Incluso con un respirador, muchas personas no sobrevivir\u00e1n<\/li>\n<li>Para las personas que sobreviven, es posible que su salud, funci\u00f3n f\u00edsica y calidad de vida nunca vuelvan a ser las mismas que eran antes de que ocurriera la enfermedad.<\/li>\n<\/ul>\n<\/li>\n<\/ul>\n<h2><strong>Enlaces a m\u00e1s informaci\u00f3n y recursos<\/strong><\/h2>\n<p><strong>Recursos de los CDC sobre el coronavirus (COVID-19) <\/strong><\/p>\n<ul>\n<li>P\u00e1gina de inicio: <a href=\"https:\/\/www.cdc.gov\/coronavirus\/2019-ncov\/index.html\">https:\/\/www.cdc.gov\/coronavirus\/2019-ncov\/index.html<\/a><\/li>\n<li>C\u00f3mo protegerse: <a href=\"https:\/\/www.cdc.gov\/coronavirus\/2019-ncov\/prepare\/prevention.html\">https:\/\/www.cdc.gov\/coronavirus\/2019-ncov\/prepare\/prevention.html<\/a><\/li>\n<li>Qu\u00e9 hacer si est\u00e1 enfermo: <a href=\"https:\/\/www.cdc.gov\/coronavirus\/2019-ncov\/if-you-are-sick\/steps-when-sick.html\">https:\/\/www.cdc.gov\/coronavirus\/2019-ncov\/if-you-are-sick\/steps-when-sick.html<\/a><\/li>\n<li>S\u00edntomas: <a href=\"https:\/\/www.cdc.gov\/coronavirus\/2019-ncov\/symptoms-testing\/symptoms.html\">https:\/\/www.cdc.gov\/coronavirus\/2019-ncov\/symptoms-testing\/symptoms.html<\/a><\/li>\n<li>\u00bfTiene mayor riesgo de sufrir una enfermedad grave?: <a href=\"https:\/\/www.cdc.gov\/coronavirus\/2019-ncov\/specific-groups\/high-risk-complications.html\">https:\/\/www.cdc.gov\/coronavirus\/2019-ncov\/specific-groups\/high-risk-complications.html<\/a><\/li>\n<li>C\u00f3mo preparar: <a href=\"https:\/\/www.cdc.gov\/coronavirus\/2019-ncov\/prepare\/index.html\">https:\/\/www.cdc.gov\/coronavirus\/2019-ncov\/prepare\/index.html<\/a><\/li>\n<\/ul>\n<p><strong>Herramientas de apoyo a la conversaci\u00f3n familiar: c\u00f3mo determinar la atenci\u00f3n que desea\u00a0 <\/strong><\/p>\n<ul>\n<li>PREP\u00c1RATE para tu cuidado programa paso a paso con videos: <a href=\"https:\/\/prepareforyourcare.org\/welcome\">https:\/\/prepareforyourcare.org\/welcome<\/a><\/li>\n<li><em>Hola<\/em> juego de conversaci\u00f3n de Common Practice: https:\/\/commonpractice.com<\/li>\n<li>Respetando las opciones Recursos COVID-19: <a href=\"https:\/\/respectingchoices.org\/covid-19-resources\/\">https:\/\/respectingchoices.org\/covid-19-resources\/<\/a><\/li>\n<li>\u00bfPodemos hablar de lo que me importa? Hoja de consejos de la Fundaci\u00f3n Nacional de Defensa del Paciente: https:\/\/www.npaf.org\/can-we-talk\/<\/li>\n<\/ul>\n<p><strong>Herramientas de soporte adicionales<\/strong>:<\/p>\n<ul>\n<li><a href=\"https:\/\/www.npaf.org\/patients-and-caregivers\/covid19\/\">Centro de acci\u00f3n COVID-19 de la Fundaci\u00f3n Nacional de Defensa del Paciente<\/a> \u2013 Informaci\u00f3n sobre pol\u00edticas y promoci\u00f3n<\/li>\n<li><a href=\"https:\/\/www.patientadvocate.org\/\">Fundaci\u00f3n Defensor del Paciente<\/a> recursos y servicios para guiar a los pacientes y sus familias a trav\u00e9s de desaf\u00edos complejos de atenci\u00f3n m\u00e9dica<\/li>\n<li><a href=\"https:\/\/courageousparentsnetwork.org\/videos\/cpn-talks-with-counselor-mary-frances-garber-on-staying-calm-and-strong-in-the-shadow-of-covid\">Mantener la calma y la fuerza a la sombra del COVID-19<\/a> \u2013 V\u00eddeo de la Red de Padres Valientes<\/li>\n<li><a href=\"https:\/\/www.covid19factcheck.com\/\">Verificaci\u00f3n de hechos sobre COVID-19<\/a>. Mitos versus hechos de UCSF<\/li>\n<\/ul>\n<p>Fuente: VitalTalk y la Fundaci\u00f3n Nacional Defensora del Paciente (NPAF)<\/p>\n<p>Obtener Cuidados Paliativos se une <a href=\"https:\/\/www.archangels.me\/look-love-lift-1\">Arc\u00e1ngeles<\/a> en honrar a los cuidadores. Te invitamos a unirte a nosotros para asumir el compromiso y <a href=\"https:\/\/we-are-archangels.squarespace.com\/share-your-story\">Comparte tu historia<\/a>.<\/p>\n<p><img loading=\"lazy\" decoding=\"async\" class=\"alignleft wp-image-61292\" src=\"https:\/\/getpalliativecare.org\/wp-content\/uploads\/2020\/04\/THANK-YOU-FOR-BEING-A-CAREGIVER_150dpi_PWBH.png\" alt=\"\" width=\"241\" height=\"129\" \/><\/p>","protected":false},"excerpt":{"rendered":"<p>Las personas que viven con una enfermedad grave tienen un alto riesgo de contraer COVID-19. Esta es la poblaci\u00f3n tratada con cuidados paliativos. Muchos pacientes y cuidadores se preguntan qu\u00e9 m\u00e1s podemos hacer adem\u00e1s de lavarnos las manos, distanciarnos socialmente y quedarnos en casa. VitalTalk y la Fundaci\u00f3n Nacional de Defensa del Paciente (NPAF) se han asociado con expertos en cuidados paliativos... <\/p>","protected":false},"author":12,"featured_media":0,"parent":61237,"menu_order":0,"comment_status":"closed","ping_status":"closed","template":"template-whatis.php","meta":{"_acf_changed":false,"footnotes":""},"class_list":["post-61255","page","type-page","status-publish","hentry"],"acf":[],"yoast_head":"<!-- This site is optimized with the Yoast SEO plugin v26.6 - https:\/\/yoast.com\/wordpress\/plugins\/seo\/ -->\n<title>COVID-19 Tips and Tools | Living with Serious Illness | Get Palliative Care<\/title>\n<meta name=\"description\" content=\"COVID-19 Tips and Tools for people living with serious illness. Provides by VitalTalk and the National Patient Advocate Foundation (NPAF).\" \/>\n<meta name=\"robots\" content=\"index, follow, max-snippet:-1, max-image-preview:large, max-video-preview:-1\" \/>\n<link rel=\"canonical\" href=\"https:\/\/getpalliativecare.org\/es\/whatis\/disease-types\/covid-19-and-palliative-care\/covid-19-tips\/\" \/>\n<meta name=\"twitter:card\" content=\"summary_large_image\" \/>\n<meta name=\"twitter:title\" content=\"COVID-19 Tips and Tools | Living with Serious Illness | Get Palliative Care\" \/>\n<meta name=\"twitter:description\" content=\"COVID-19 Tips and Tools for people living with serious illness. Provides by VitalTalk and the National Patient Advocate Foundation (NPAF).\" \/>\n<meta name=\"twitter:image\" content=\"https:\/\/getpalliativecare.org\/wp-content\/uploads\/2020\/04\/THANK-YOU-FOR-BEING-A-CAREGIVER_150dpi_PWBH.png\" \/>\n<meta name=\"twitter:site\" content=\"@GetPalliative\" \/>\n<meta name=\"twitter:label1\" content=\"Tiempo de lectura\" \/>\n\t<meta name=\"twitter:data1\" content=\"5 minutos\" \/>\n<script type=\"application\/ld+json\" class=\"yoast-schema-graph\">{\"@context\":\"https:\/\/schema.org\",\"@graph\":[{\"@type\":\"WebPage\",\"@id\":\"https:\/\/getpalliativecare.org\/whatis\/disease-types\/covid-19-and-palliative-care\/covid-19-tips\/\",\"url\":\"https:\/\/getpalliativecare.org\/whatis\/disease-types\/covid-19-and-palliative-care\/covid-19-tips\/\",\"name\":\"COVID-19 Tips and Tools | Living with Serious Illness | Get Palliative Care\",\"isPartOf\":{\"@id\":\"https:\/\/getpalliativecare.org\/#website\"},\"primaryImageOfPage\":{\"@id\":\"https:\/\/getpalliativecare.org\/whatis\/disease-types\/covid-19-and-palliative-care\/covid-19-tips\/#primaryimage\"},\"image\":{\"@id\":\"https:\/\/getpalliativecare.org\/whatis\/disease-types\/covid-19-and-palliative-care\/covid-19-tips\/#primaryimage\"},\"thumbnailUrl\":\"https:\/\/getpalliativecare.org\/wp-content\/uploads\/2020\/04\/THANK-YOU-FOR-BEING-A-CAREGIVER_150dpi_PWBH.png\",\"datePublished\":\"2020-04-04T17:09:22+00:00\",\"dateModified\":\"2022-06-01T15:47:38+00:00\",\"description\":\"COVID-19 Tips and Tools for people living with serious illness. Provides by VitalTalk and the National Patient Advocate Foundation (NPAF).\",\"breadcrumb\":{\"@id\":\"https:\/\/getpalliativecare.org\/whatis\/disease-types\/covid-19-and-palliative-care\/covid-19-tips\/#breadcrumb\"},\"inLanguage\":\"es\",\"potentialAction\":[{\"@type\":\"ReadAction\",\"target\":[\"https:\/\/getpalliativecare.org\/whatis\/disease-types\/covid-19-and-palliative-care\/covid-19-tips\/\"]}]},{\"@type\":\"ImageObject\",\"inLanguage\":\"es\",\"@id\":\"https:\/\/getpalliativecare.org\/whatis\/disease-types\/covid-19-and-palliative-care\/covid-19-tips\/#primaryimage\",\"url\":\"https:\/\/getpalliativecare.org\/wp-content\/uploads\/2020\/04\/THANK-YOU-FOR-BEING-A-CAREGIVER_150dpi_PWBH.png\",\"contentUrl\":\"https:\/\/getpalliativecare.org\/wp-content\/uploads\/2020\/04\/THANK-YOU-FOR-BEING-A-CAREGIVER_150dpi_PWBH.png\"},{\"@type\":\"BreadcrumbList\",\"@id\":\"https:\/\/getpalliativecare.org\/whatis\/disease-types\/covid-19-and-palliative-care\/covid-19-tips\/#breadcrumb\",\"itemListElement\":[{\"@type\":\"ListItem\",\"position\":1,\"name\":\"What is Palliative Care?\",\"item\":\"https:\/\/getpalliativecare.org\/whatis\/\"},{\"@type\":\"ListItem\",\"position\":2,\"name\":\"Disease Types and Palliative Care\",\"item\":\"https:\/\/getpalliativecare.org\/whatis\/disease-types\/\"},{\"@type\":\"ListItem\",\"position\":3,\"name\":\"COVID-19\",\"item\":\"https:\/\/getpalliativecare.org\/whatis\/disease-types\/covid-19-and-palliative-care\/\"},{\"@type\":\"ListItem\",\"position\":4,\"name\":\"COVID-19 Tips and Tools\"}]},{\"@type\":\"WebSite\",\"@id\":\"https:\/\/getpalliativecare.org\/#website\",\"url\":\"https:\/\/getpalliativecare.org\/\",\"name\":\"Get Palliative Care\",\"description\":\"Palliative care is specialized care focused on the pain, symptoms and stress of serious illness.  Find a hospital or medical center in your area that has a palliative care program.\",\"potentialAction\":[{\"@type\":\"SearchAction\",\"target\":{\"@type\":\"EntryPoint\",\"urlTemplate\":\"https:\/\/getpalliativecare.org\/?s={search_term_string}\"},\"query-input\":{\"@type\":\"PropertyValueSpecification\",\"valueRequired\":true,\"valueName\":\"search_term_string\"}}],\"inLanguage\":\"es\"}]}<\/script>\n<!-- \/ Yoast SEO plugin. -->","yoast_head_json":{"title":"Consejos y herramientas para la COVID-19 | Vivir con una enfermedad grave | Recibir cuidados paliativos","description":"Consejos y herramientas sobre la COVID-19 para personas con enfermedades graves. Proporcionado por VitalTalk y la Fundaci\u00f3n Nacional para la Defensa del Paciente (NPAF).","robots":{"index":"index","follow":"follow","max-snippet":"max-snippet:-1","max-image-preview":"max-image-preview:large","max-video-preview":"max-video-preview:-1"},"canonical":"https:\/\/getpalliativecare.org\/es\/whatis\/disease-types\/covid-19-and-palliative-care\/covid-19-tips\/","twitter_card":"summary_large_image","twitter_title":"COVID-19 Tips and Tools | Living with Serious Illness | Get Palliative Care","twitter_description":"COVID-19 Tips and Tools for people living with serious illness. Provides by VitalTalk and the National Patient Advocate Foundation (NPAF).","twitter_image":"https:\/\/getpalliativecare.org\/wp-content\/uploads\/2020\/04\/THANK-YOU-FOR-BEING-A-CAREGIVER_150dpi_PWBH.png","twitter_site":"@GetPalliative","twitter_misc":{"Tiempo de lectura":"5 minutos"},"schema":{"@context":"https:\/\/schema.org","@graph":[{"@type":"WebPage","@id":"https:\/\/getpalliativecare.org\/whatis\/disease-types\/covid-19-and-palliative-care\/covid-19-tips\/","url":"https:\/\/getpalliativecare.org\/whatis\/disease-types\/covid-19-and-palliative-care\/covid-19-tips\/","name":"Consejos y herramientas para la COVID-19 | Vivir con una enfermedad grave | Recibir cuidados paliativos","isPartOf":{"@id":"https:\/\/getpalliativecare.org\/#website"},"primaryImageOfPage":{"@id":"https:\/\/getpalliativecare.org\/whatis\/disease-types\/covid-19-and-palliative-care\/covid-19-tips\/#primaryimage"},"image":{"@id":"https:\/\/getpalliativecare.org\/whatis\/disease-types\/covid-19-and-palliative-care\/covid-19-tips\/#primaryimage"},"thumbnailUrl":"https:\/\/getpalliativecare.org\/wp-content\/uploads\/2020\/04\/THANK-YOU-FOR-BEING-A-CAREGIVER_150dpi_PWBH.png","datePublished":"2020-04-04T17:09:22+00:00","dateModified":"2022-06-01T15:47:38+00:00","description":"Consejos y herramientas sobre la COVID-19 para personas con enfermedades graves. Proporcionado por VitalTalk y la Fundaci\u00f3n Nacional para la Defensa del Paciente (NPAF).","breadcrumb":{"@id":"https:\/\/getpalliativecare.org\/whatis\/disease-types\/covid-19-and-palliative-care\/covid-19-tips\/#breadcrumb"},"inLanguage":"es","potentialAction":[{"@type":"ReadAction","target":["https:\/\/getpalliativecare.org\/whatis\/disease-types\/covid-19-and-palliative-care\/covid-19-tips\/"]}]},{"@type":"ImageObject","inLanguage":"es","@id":"https:\/\/getpalliativecare.org\/whatis\/disease-types\/covid-19-and-palliative-care\/covid-19-tips\/#primaryimage","url":"https:\/\/getpalliativecare.org\/wp-content\/uploads\/2020\/04\/THANK-YOU-FOR-BEING-A-CAREGIVER_150dpi_PWBH.png","contentUrl":"https:\/\/getpalliativecare.org\/wp-content\/uploads\/2020\/04\/THANK-YOU-FOR-BEING-A-CAREGIVER_150dpi_PWBH.png"},{"@type":"BreadcrumbList","@id":"https:\/\/getpalliativecare.org\/whatis\/disease-types\/covid-19-and-palliative-care\/covid-19-tips\/#breadcrumb","itemListElement":[{"@type":"ListItem","position":1,"name":"What is Palliative Care?","item":"https:\/\/getpalliativecare.org\/whatis\/"},{"@type":"ListItem","position":2,"name":"Disease Types and Palliative Care","item":"https:\/\/getpalliativecare.org\/whatis\/disease-types\/"},{"@type":"ListItem","position":3,"name":"COVID-19","item":"https:\/\/getpalliativecare.org\/whatis\/disease-types\/covid-19-and-palliative-care\/"},{"@type":"ListItem","position":4,"name":"COVID-19 Tips and Tools"}]},{"@type":"WebSite","@id":"https:\/\/getpalliativecare.org\/#website","url":"https:\/\/getpalliativecare.org\/","name":"Obtenga cuidados paliativos","description":"Los cuidados paliativos son cuidados especializados centrados en el dolor, los s\u00edntomas y el estr\u00e9s de una enfermedad grave. Encuentre un hospital o centro m\u00e9dico en su \u00e1rea que tenga un programa de cuidados paliativos.","potentialAction":[{"@type":"SearchAction","target":{"@type":"EntryPoint","urlTemplate":"https:\/\/getpalliativecare.org\/?s={search_term_string}"},"query-input":{"@type":"PropertyValueSpecification","valueRequired":true,"valueName":"search_term_string"}}],"inLanguage":"es"}]}},"_links":{"self":[{"href":"https:\/\/getpalliativecare.org\/es\/wp-json\/wp\/v2\/pages\/61255","targetHints":{"allow":["GET"]}}],"collection":[{"href":"https:\/\/getpalliativecare.org\/es\/wp-json\/wp\/v2\/pages"}],"about":[{"href":"https:\/\/getpalliativecare.org\/es\/wp-json\/wp\/v2\/types\/page"}],"author":[{"embeddable":true,"href":"https:\/\/getpalliativecare.org\/es\/wp-json\/wp\/v2\/users\/12"}],"replies":[{"embeddable":true,"href":"https:\/\/getpalliativecare.org\/es\/wp-json\/wp\/v2\/comments?post=61255"}],"version-history":[{"count":0,"href":"https:\/\/getpalliativecare.org\/es\/wp-json\/wp\/v2\/pages\/61255\/revisions"}],"up":[{"embeddable":true,"href":"https:\/\/getpalliativecare.org\/es\/wp-json\/wp\/v2\/pages\/61237"}],"wp:attachment":[{"href":"https:\/\/getpalliativecare.org\/es\/wp-json\/wp\/v2\/media?parent=61255"}],"curies":[{"name":"gracias","href":"https:\/\/api.w.org\/{rel}","templated":true}]}}