{"id":61237,"date":"2020-03-31T16:38:12","date_gmt":"2020-03-31T20:38:12","guid":{"rendered":"https:\/\/getpalliativecare.org\/?page_id=61237"},"modified":"2020-07-02T01:44:37","modified_gmt":"2020-07-02T05:44:37","slug":"covid-19-and-palliative-care","status":"publish","type":"page","link":"https:\/\/getpalliativecare.org\/es\/whatis\/disease-types\/covid-19-and-palliative-care\/","title":{"rendered":"COVID-19"},"content":{"rendered":"<h2>Comprensi\u00f3n del COVID-19 y los cuidados paliativos<\/h2>\n<p>COVID-19 es una enfermedad nueva y hay informaci\u00f3n limitada sobre los factores de riesgo. Sobre la base de la informaci\u00f3n y los conocimientos actuales, <strong>adultos mayores y personas de cualquier edad que tengan afecciones m\u00e9dicas subyacentes graves\u00a0<\/strong>podr\u00edan tener un mayor riesgo de enfermarse gravemente a causa del COVID-19. Por eso los cuidados paliativos ayudan a los pacientes que tienen el virus, incluida la mayor\u00eda de los que sobrevivir\u00e1n a la enfermedad.<\/p>\n<p>Seg\u00fan estimaciones de la Kaiser Family Foundation, cuatro de cada diez adultos (41%) en EE.UU. (105,5 millones de personas) tienen un mayor riesgo de desarrollar una enfermedad grave si se infectan con el coronavirus.<\/p>\n<p>Seg\u00fan los CDC, las personas en <a href=\"https:\/\/www.cdc.gov\/coronavirus\/2019-ncov\/need-extra-precautions\/people-at-higher-risk.html?CDC_AA_refVal=https%3A%2F%2Fwww.cdc.gov%2Fcoronavirus%2F2019-ncov%2Fspecific-groups%2Fhigh-risk-complications.html\">alto riesgo de enfermedad grave por COVID-19<\/a> incluir:<\/p>\n<ul>\n<li><a href=\"https:\/\/www.cdc.gov\/coronavirus\/2019-ncov\/need-extra-precautions\/older-adults.html\">Personas de 65 a\u00f1os y m\u00e1s<\/a><\/li>\n<li>Personas que viven en un asilo de ancianos o en un centro de atenci\u00f3n a largo plazo.<\/li>\n<li>Otras condiciones de alto riesgo podr\u00edan incluir:\n<ul>\n<li>Personas con enfermedad pulmonar cr\u00f3nica o asma de moderada a grave.<\/li>\n<li>Personas que tienen enfermedades card\u00edacas graves.<\/li>\n<li>Personas inmunocomprometidas, incluidas aquellas que reciben tratamiento contra el c\u00e1ncer.<\/li>\n<li>Personas de cualquier edad con obesidad grave (\u00edndice de masa corporal [IMC]\u00a0<u>&gt;<\/u>40) o ciertas afecciones m\u00e9dicas subyacentes, especialmente si no se controlan bien, como aquellas con diabetes, insuficiencia renal o enfermedad hep\u00e1tica, tambi\u00e9n podr\u00edan estar en riesgo.<\/li>\n<\/ul>\n<\/li>\n<li>Las personas embarazadas deben ser monitoreadas ya que se sabe que corren riesgo de contraer una enfermedad viral grave; sin embargo, hasta la fecha los datos sobre COVID-19 no han mostrado un mayor riesgo.<\/li>\n<\/ul>\n<p>Muchas condiciones pueden hacer que una persona est\u00e9 inmunocomprometida. Estos incluyen el tratamiento del c\u00e1ncer, el tabaquismo, el trasplante de m\u00e9dula \u00f3sea o de \u00f3rganos, las deficiencias inmunitarias, el VIH o el SIDA mal controlados y el uso prolongado de corticosteroides y otros medicamentos que debilitan el sistema inmunol\u00f3gico.<\/p>\n<h2>C\u00f3mo los cuidados paliativos tratan el COVID-19<\/h2>\n<p>Los equipos de cuidados paliativos saben muy bien lo dif\u00edcil que es para los pacientes y sus familias afrontar resultados inciertos debido a una enfermedad grave. Los cuidados paliativos se especializan en el tratamiento de los s\u00edntomas y el estr\u00e9s de enfermedades graves. Las habilidades que los equipos de cuidados paliativos utilizan todos los d\u00edas junto a la cama (manejo de s\u00edntomas, escucha, curiosidad sobre lo que sienten las personas, apoyo compasivo para comprender las prioridades del paciente y una presencia tranquila) son las mismas habilidades que se necesitan para tratar a pacientes con COVID-19. 19.<\/p>\n<p>Por lo tanto, la experiencia de los especialistas en cuidados paliativos en el manejo y la comunicaci\u00f3n de los s\u00edntomas es esencial para reducir el sufrimiento de todos los pacientes con COVID-19.<\/p>\n<h2>Recursos para pacientes\/cuidadores<\/h2>\n<ul>\n<li>leer importante <a href=\"https:\/\/getpalliativecare.org\/es\/whatis\/disease-types\/covid-19-and-palliative-care\/covid-19-tips\/\">consejos<\/a>.<\/li>\n<li>leer importante <a href=\"https:\/\/getpalliativecare.org\/es\/whatis\/disease-types\/covid-19-and-palliative-care\/covid-19-faqs\/\">Preguntas frecuentes<\/a>.<\/li>\n<li>Mira esto \u00fatil <a href=\"https:\/\/acpdecisions.wistia.com\/medias\/rgbuphegzi\">video<\/a> sobre qu\u00e9 es y c\u00f3mo protegerse.<\/li>\n<li>Planifica tu <a href=\"https:\/\/prepareforyourcare.org\/covid-19\">cuidado.<\/a><\/li>\n<li>El <a href=\"https:\/\/www.cdc.gov\/coronavirus\/2019-ncov\/index.html\">Centros para el Control y la Prevenci\u00f3n de Enfermedades<\/a> tiene excelentes recursos para pacientes y familias, incluyendo <a href=\"https:\/\/www.cdc.gov\/coronavirus\/2019-ncov\/prevent-getting-sick\/prevention.html?CDC_AA_refVal=https%3A%2F%2Fwww.cdc.gov%2Fcoronavirus%2F2019-ncov%2Fprepare%2Fprevention.html\">c\u00f3mo protegerse a s\u00ed mismo y a los dem\u00e1s <\/a>y <a href=\"https:\/\/www.cdc.gov\/coronavirus\/2019-ncov\/if-you-are-sick\/steps-when-sick.html\">que hacer si estas enfermo<\/a>.<\/li>\n<li>O\u00edr de <a href=\"https:\/\/getpalliativecare.org\/es\/covid-19-answers-an-interview-with-dr-diane-meier\/\">Dra. Diane Meier<\/a>, director del Centro para Avances en Cuidados Paliativos.<\/li>\n<li>Consulta nuestro <a href=\"https:\/\/www.youtube.com\/user\/GetPalliativeCare\/playlists\">Obtener YouTube paliativo<\/a> canal, <a href=\"https:\/\/www.youtube.com\/watch?v=rzcJNiIYXtE&amp;list=PLIjsDla1RqFAyxxFTWfUWfw5VJBSFybkL\">Lista de reproducci\u00f3n de COVID-19<\/a>.<\/li>\n<li>Aprender m\u00e1s acerca de <a href=\"https:\/\/getpalliativecare.org\/es\/coronavirus-virtual-connection-through-telehealth\/\">telesalud<\/a>.<\/li>\n<\/ul>\n<p>Para obtener m\u00e1s recursos, visite nuestro <a href=\"https:\/\/getpalliativecare.org\/es\/whatis\/disease-types\/covid-19-and-palliative-care\/covid-19-tips\/\">Consejos y herramientas de COVID-19<\/a> p\u00e1gina.<\/p>\n<p>Fuentes de contenido:\u00a0 <a href=\"https:\/\/www.cdc.gov\/ncird\/index.html\">Centro Nacional de Inmunizaci\u00f3n y Enfermedades Respiratorias (NCIRD)<\/a>,\u00a0<a href=\"https:\/\/www.cdc.gov\/ncird\/dvd.html\">Divisi\u00f3n de Enfermedades Virales, <\/a>Consultado el 29 de marzo de 2020;\u00a0<a href=\"https:\/\/www.capc.org\/about\/press-media\/press-releases\/2020-3-23\/capc-statement-covid-9\/\">Centro para el avance de los cuidados paliativos<\/a>, 31 de marzo de 2020<\/p>","protected":false},"excerpt":{"rendered":"<p>Comprender la COVID-19 y los cuidados paliativos La COVID-19 es una enfermedad nueva y hay informaci\u00f3n limitada sobre los factores de riesgo. Seg\u00fan la informaci\u00f3n y la experiencia actuales, los adultos mayores y las personas de cualquier edad que tienen afecciones m\u00e9dicas subyacentes graves podr\u00edan tener un mayor riesgo de sufrir una enfermedad grave a causa del COVID-19. Por eso los cuidados paliativos ayudan a los pacientes que... <\/p>","protected":false},"author":12,"featured_media":0,"parent":46819,"menu_order":0,"comment_status":"closed","ping_status":"closed","template":"template-whatis.php","meta":{"_acf_changed":false,"footnotes":""},"class_list":["post-61237","page","type-page","status-publish","hentry"],"acf":[],"yoast_head":"<!-- This site is optimized with the Yoast SEO plugin v26.6 - https:\/\/yoast.com\/wordpress\/plugins\/seo\/ -->\n<title>COVID-19<\/title>\n<meta name=\"description\" content=\"Palliative care helps seriously ill patients with COVID-19\" \/>\n<meta name=\"robots\" content=\"index, follow, max-snippet:-1, max-image-preview:large, max-video-preview:-1\" \/>\n<link rel=\"canonical\" href=\"https:\/\/getpalliativecare.org\/es\/whatis\/disease-types\/covid-19-and-palliative-care\/\" \/>\n<meta name=\"twitter:card\" content=\"summary_large_image\" \/>\n<meta name=\"twitter:title\" content=\"COVID-19\" \/>\n<meta name=\"twitter:description\" content=\"Palliative care helps seriously ill patients with COVID-19\" \/>\n<meta name=\"twitter:site\" content=\"@GetPalliative\" \/>\n<meta name=\"twitter:label1\" content=\"Tiempo de lectura\" \/>\n\t<meta name=\"twitter:data1\" content=\"2 minutos\" \/>\n<script type=\"application\/ld+json\" class=\"yoast-schema-graph\">{\"@context\":\"https:\/\/schema.org\",\"@graph\":[{\"@type\":\"WebPage\",\"@id\":\"https:\/\/getpalliativecare.org\/whatis\/disease-types\/covid-19-and-palliative-care\/\",\"url\":\"https:\/\/getpalliativecare.org\/whatis\/disease-types\/covid-19-and-palliative-care\/\",\"name\":\"COVID-19\",\"isPartOf\":{\"@id\":\"https:\/\/getpalliativecare.org\/#website\"},\"datePublished\":\"2020-03-31T20:38:12+00:00\",\"dateModified\":\"2020-07-02T05:44:37+00:00\",\"description\":\"Palliative care helps seriously ill patients with COVID-19\",\"breadcrumb\":{\"@id\":\"https:\/\/getpalliativecare.org\/whatis\/disease-types\/covid-19-and-palliative-care\/#breadcrumb\"},\"inLanguage\":\"es\",\"potentialAction\":[{\"@type\":\"ReadAction\",\"target\":[\"https:\/\/getpalliativecare.org\/whatis\/disease-types\/covid-19-and-palliative-care\/\"]}]},{\"@type\":\"BreadcrumbList\",\"@id\":\"https:\/\/getpalliativecare.org\/whatis\/disease-types\/covid-19-and-palliative-care\/#breadcrumb\",\"itemListElement\":[{\"@type\":\"ListItem\",\"position\":1,\"name\":\"What is Palliative Care?\",\"item\":\"https:\/\/getpalliativecare.org\/whatis\/\"},{\"@type\":\"ListItem\",\"position\":2,\"name\":\"Disease Types and Palliative Care\",\"item\":\"https:\/\/getpalliativecare.org\/whatis\/disease-types\/\"},{\"@type\":\"ListItem\",\"position\":3,\"name\":\"COVID-19\"}]},{\"@type\":\"WebSite\",\"@id\":\"https:\/\/getpalliativecare.org\/#website\",\"url\":\"https:\/\/getpalliativecare.org\/\",\"name\":\"Get Palliative Care\",\"description\":\"Palliative care is specialized care focused on the pain, symptoms and stress of serious illness.  Find a hospital or medical center in your area that has a palliative care program.\",\"potentialAction\":[{\"@type\":\"SearchAction\",\"target\":{\"@type\":\"EntryPoint\",\"urlTemplate\":\"https:\/\/getpalliativecare.org\/?s={search_term_string}\"},\"query-input\":{\"@type\":\"PropertyValueSpecification\",\"valueRequired\":true,\"valueName\":\"search_term_string\"}}],\"inLanguage\":\"es\"}]}<\/script>\n<!-- \/ Yoast SEO plugin. -->","yoast_head_json":{"title":"COVID-19","description":"Los cuidados paliativos ayudan a los pacientes graves con COVID-19","robots":{"index":"index","follow":"follow","max-snippet":"max-snippet:-1","max-image-preview":"max-image-preview:large","max-video-preview":"max-video-preview:-1"},"canonical":"https:\/\/getpalliativecare.org\/es\/whatis\/disease-types\/covid-19-and-palliative-care\/","twitter_card":"summary_large_image","twitter_title":"COVID-19","twitter_description":"Palliative care helps seriously ill patients with COVID-19","twitter_site":"@GetPalliative","twitter_misc":{"Tiempo de lectura":"2 minutos"},"schema":{"@context":"https:\/\/schema.org","@graph":[{"@type":"WebPage","@id":"https:\/\/getpalliativecare.org\/whatis\/disease-types\/covid-19-and-palliative-care\/","url":"https:\/\/getpalliativecare.org\/whatis\/disease-types\/covid-19-and-palliative-care\/","name":"COVID-19","isPartOf":{"@id":"https:\/\/getpalliativecare.org\/#website"},"datePublished":"2020-03-31T20:38:12+00:00","dateModified":"2020-07-02T05:44:37+00:00","description":"Los cuidados paliativos ayudan a los pacientes graves con COVID-19","breadcrumb":{"@id":"https:\/\/getpalliativecare.org\/whatis\/disease-types\/covid-19-and-palliative-care\/#breadcrumb"},"inLanguage":"es","potentialAction":[{"@type":"ReadAction","target":["https:\/\/getpalliativecare.org\/whatis\/disease-types\/covid-19-and-palliative-care\/"]}]},{"@type":"BreadcrumbList","@id":"https:\/\/getpalliativecare.org\/whatis\/disease-types\/covid-19-and-palliative-care\/#breadcrumb","itemListElement":[{"@type":"ListItem","position":1,"name":"What is Palliative Care?","item":"https:\/\/getpalliativecare.org\/whatis\/"},{"@type":"ListItem","position":2,"name":"Disease Types and Palliative Care","item":"https:\/\/getpalliativecare.org\/whatis\/disease-types\/"},{"@type":"ListItem","position":3,"name":"COVID-19"}]},{"@type":"WebSite","@id":"https:\/\/getpalliativecare.org\/#website","url":"https:\/\/getpalliativecare.org\/","name":"Obtenga cuidados paliativos","description":"Los cuidados paliativos son cuidados especializados centrados en el dolor, los s\u00edntomas y el estr\u00e9s de una enfermedad grave. Encuentre un hospital o centro m\u00e9dico en su \u00e1rea que tenga un programa de cuidados paliativos.","potentialAction":[{"@type":"SearchAction","target":{"@type":"EntryPoint","urlTemplate":"https:\/\/getpalliativecare.org\/?s={search_term_string}"},"query-input":{"@type":"PropertyValueSpecification","valueRequired":true,"valueName":"search_term_string"}}],"inLanguage":"es"}]}},"_links":{"self":[{"href":"https:\/\/getpalliativecare.org\/es\/wp-json\/wp\/v2\/pages\/61237","targetHints":{"allow":["GET"]}}],"collection":[{"href":"https:\/\/getpalliativecare.org\/es\/wp-json\/wp\/v2\/pages"}],"about":[{"href":"https:\/\/getpalliativecare.org\/es\/wp-json\/wp\/v2\/types\/page"}],"author":[{"embeddable":true,"href":"https:\/\/getpalliativecare.org\/es\/wp-json\/wp\/v2\/users\/12"}],"replies":[{"embeddable":true,"href":"https:\/\/getpalliativecare.org\/es\/wp-json\/wp\/v2\/comments?post=61237"}],"version-history":[{"count":0,"href":"https:\/\/getpalliativecare.org\/es\/wp-json\/wp\/v2\/pages\/61237\/revisions"}],"up":[{"embeddable":true,"href":"https:\/\/getpalliativecare.org\/es\/wp-json\/wp\/v2\/pages\/46819"}],"wp:attachment":[{"href":"https:\/\/getpalliativecare.org\/es\/wp-json\/wp\/v2\/media?parent=61237"}],"curies":[{"name":"gracias","href":"https:\/\/api.w.org\/{rel}","templated":true}]}}