{"id":61003,"date":"2019-04-08T17:26:48","date_gmt":"2019-04-08T21:26:48","guid":{"rendered":"https:\/\/getpalliativecare.org\/?page_id=61003"},"modified":"2019-04-16T14:10:42","modified_gmt":"2019-04-16T18:10:42","slug":"types-of-care","status":"publish","type":"page","link":"https:\/\/getpalliativecare.org\/es\/resources\/types-of-care\/","title":{"rendered":"Tipos de atenci\u00f3n"},"content":{"rendered":"<p>Los cuidados paliativos son una atenci\u00f3n excelente para las personas que viven con una enfermedad grave. Pero existen otros modelos o tipos de atenci\u00f3n que pueden complementar los cuidados paliativos. Tambi\u00e9n pueden ser \u00fatiles y apropiados para usted. A continuaci\u00f3n se describen tipos de atenci\u00f3n que tienen buena reputaci\u00f3n y resultados comprobados:<\/p>\n<p><strong><a href=\"https:\/\/www.bettercareplaybook.org\/map?field_model_program_name_value%255B%255D=Community+Aging+in+Place+-Advancing+Better+Living+for+Elders+%2528CAPABLE%2529\" target=\"_blank\" rel=\"noopener noreferrer\">Envejecimiento comunitario en el lugar: promover una vida mejor para las personas mayores (CAPABLE)<\/a><\/strong><\/p>\n<p>Envejecimiento comunitario en el lugar: Advancing Better Living for Elders (CAPABLE) ayuda a los adultos mayores a permanecer en casa. Seg\u00fan la necesidad financiera, este programa ayuda a las personas que tienen dificultades para realizar las tareas diarias, como ba\u00f1arse o cocinar. El equipo de atenci\u00f3n CAPABLE incluye una enfermera, un terapeuta ocupacional y un personal de mantenimiento. Estos ayudantes visitan su hogar y se ocupan de sus necesidades individuales. El equipo CAPABLE trabaja estrechamente con usted para identificar sus objetivos. Te mantiene seguro y protegido en tu propia casa. CAPABLE est\u00e1 actualmente disponible en nueve estados.<\/p>\n<div class=\"panel\">\n<p><strong>\u00bfQui\u00e9n puede beneficiarse de CAPABLE?<\/strong><\/p>\n<ul>\n<li>Adultos mayores de 65 a\u00f1os con discapacidad<\/li>\n<li>Adultos mayores fr\u00e1giles<\/li>\n<li>Personas con m\u00faltiples enfermedades cr\u00f3nicas.<\/li>\n<\/ul>\n<\/div>\n<p><strong><a href=\"https:\/\/www.bettercareplaybook.org\/map?field_model_program_name_value%255B%255D=GRACE+Team+Care\" target=\"_blank\" rel=\"noopener noreferrer\">Recursos Geri\u00e1tricos para la Evaluaci\u00f3n y Cuidado de Personas Mayores (GRACE)<\/a><\/strong><\/p>\n<p>Recursos geri\u00e1tricos para la evaluaci\u00f3n y atenci\u00f3n de personas mayores (GRACE) proporciona a los adultos mayores un equipo de apoyo. El equipo incluye una enfermera y un trabajador social, que le brindan apoyo adicional a usted, a su(s) cuidador(es) y a su m\u00e9dico. El equipo acude a su domicilio para evaluar su estado. Luego desarrollan un plan de atenci\u00f3n individualizado para abordar sus necesidades individuales. Los equipos GRACE est\u00e1n actualmente disponibles en seis estados.<\/p>\n<div class=\"panel\">\n<p><strong>\u00bfQui\u00e9n puede beneficiarse de GRACIA?<\/strong><\/p>\n<ul>\n<li>Adultos mayores fr\u00e1giles<\/li>\n<li>Personas con m\u00faltiples enfermedades cr\u00f3nicas.<\/li>\n<\/ul>\n<\/div>\n<p><strong><a href=\"https:\/\/www.bettercareplaybook.org\/map?field_model_program_name_value%255B%255D=Guided+Care\" target=\"_blank\" rel=\"noopener noreferrer\">Atenci\u00f3n guiada\u00ae<\/a><\/strong><\/p>\n<p>Guided Care\u00ae trabaja con su m\u00e9dico de atenci\u00f3n primaria para brindar una capa adicional de apoyo a los adultos mayores con enfermedades cr\u00f3nicas. Este programa gira en torno a las enfermeras de Guided Care\u00ae. Las enfermeras lo visitan en su hogar y trabajan con sus m\u00e9dicos de atenci\u00f3n primaria para determinar sus necesidades. Los servicios adicionales incluyen apoyo para cuidadores e informaci\u00f3n sobre recursos comunitarios. Guided Care\u00ae est\u00e1 actualmente disponible en seis estados de EE. UU.<\/p>\n<div class=\"panel\">\n<p><strong>\u00bfQui\u00e9n puede beneficiarse de Guided Care\u00ae?<\/strong><\/p>\n<ul>\n<li>Adultos mayores de 65 a\u00f1os con discapacidad<\/li>\n<li>Adultos mayores fr\u00e1giles<\/li>\n<li>Personas con m\u00faltiples enfermedades cr\u00f3nicas.<\/li>\n<li>Personas con necesidades conductuales y sociales.<\/li>\n<li>Personas con una enfermedad grave.<\/li>\n<\/ul>\n<\/div>\n<p><strong><a href=\"https:\/\/www.bettercareplaybook.org\/map?field_model_program_name_value%255B%255D=Hospital+at+Home\" target=\"_blank\" rel=\"noopener noreferrer\">Hospital en casa\u00ae<\/a><\/strong><\/p>\n<p>Si tiene una enfermedad grave y necesita ser admitido en el hospital, Hospital at Home\u00ae le permite recibir el mismo tipo de atenci\u00f3n, pero desde la comodidad de su hogar. Para calificar para este programa, los m\u00e9dicos y enfermeras del departamento de emergencias deben decidir que sus s\u00edntomas pueden tratarse en casa. A los pacientes con una enfermedad grave que permanecen atendidos en casa les resulta m\u00e1s f\u00e1cil realizar las actividades cotidianas, como ba\u00f1arse, y los cuidadores se sienten menos estresados. Hospital en casa<strong>\u00ae<\/strong> Actualmente est\u00e1 disponible en diez estados.<\/p>\n<div class=\"panel\">\n<p><strong>\u00bfQui\u00e9n puede beneficiarse de Hospital at Home\u00ae?<\/strong><\/p>\n<ul>\n<li>Adultos mayores de 65 a\u00f1os con discapacidad<\/li>\n<li>Adultos mayores fr\u00e1giles<\/li>\n<li>Personas con m\u00faltiples enfermedades cr\u00f3nicas.<\/li>\n<li>Personas con necesidades conductuales y sociales.<\/li>\n<li>Personas con una enfermedad grave.<\/li>\n<\/ul>\n<\/div>\n<p><strong><a href=\"https:\/\/www.bettercareplaybook.org\/map?field_model_program_name_value%255B%255D=Program+of+All-inclusive+Care+for+the+Elderly+%2528PACE%2529\" target=\"_blank\" rel=\"noopener noreferrer\">Programa de Atenci\u00f3n Integral al Adulto Mayor (PACE)<\/a><\/strong><\/p>\n<p>El Programa de Atenci\u00f3n Integral para Personas Mayores (PACE) brinda atenci\u00f3n a adultos mayores. Este programa le permite permanecer en su hogar, en lugar de mudarse a un centro de enfermer\u00eda. Los servicios incluyen atenci\u00f3n diurna para adultos, pruebas de laboratorio para pacientes ambulatorios, transporte y apoyo para familiares y cuidadores. El equipo de atenci\u00f3n incluye m\u00e9dicos, enfermeras, trabajadores sociales, asistentes y terapeutas. Actualmente existen m\u00e1s de 100 programas PACE en los Estados Unidos. Para ser elegible para PACE, debe tener 55 a\u00f1os o m\u00e1s. Debe vivir en un \u00e1rea de servicio de PACE y debe estar certificado por el estado para necesitar el nivel de atenci\u00f3n de un hogar de ancianos. Las personas que utilizan los servicios PACE se sienten mejor acerca de su situaci\u00f3n de salud y satisfacen m\u00e1s sus necesidades. Para obtener m\u00e1s informaci\u00f3n o para localizar un programa PACE, visite el <a href=\"https:\/\/www.npaonline.org\/\" target=\"_blank\" rel=\"noopener noreferrer\">Asociaci\u00f3n Nacional PACE<\/a>.<\/p>\n<div class=\"panel\">\n<p><strong>\u00bfQui\u00e9n puede beneficiarse de PACE?<\/strong><\/p>\n<ul>\n<li>Adultos mayores de 65 a\u00f1os con discapacidad<\/li>\n<li>Adultos mayores fr\u00e1giles<\/li>\n<li>Personas con m\u00faltiples enfermedades cr\u00f3nicas.<\/li>\n<li>Personas con necesidades conductuales y sociales.<\/li>\n<li>Personas con una enfermedad grave.<\/li>\n<\/ul>\n<\/div>\n<p>La informaci\u00f3n en esta p\u00e1gina fue posible gracias al apoyo de la <a href=\"https:\/\/www.bettercareplaybook.org\/\" target=\"_blank\" rel=\"noopener noreferrer\">Manual de mejores cuidados<\/a>.<\/p>","protected":false},"excerpt":{"rendered":"<p>Los cuidados paliativos son una atenci\u00f3n excelente para las personas que viven con una enfermedad grave. Pero existen otros modelos o tipos de atenci\u00f3n que pueden complementar los cuidados paliativos. Tambi\u00e9n pueden ser \u00fatiles y apropiados para usted. A continuaci\u00f3n se describen tipos de atenci\u00f3n que tienen buena reputaci\u00f3n y resultados comprobados: Envejecimiento comunitario en el lugar: avanzando mejor... <\/p>","protected":false},"author":1,"featured_media":0,"parent":60402,"menu_order":0,"comment_status":"closed","ping_status":"closed","template":"template-resources.php","meta":{"_acf_changed":false,"footnotes":""},"class_list":["post-61003","page","type-page","status-publish","hentry"],"acf":[],"yoast_head":"<!-- This site is optimized with the Yoast SEO plugin v26.6 - https:\/\/yoast.com\/wordpress\/plugins\/seo\/ -->\n<title>Types of Care | Community Aging, Geriatric Resources, Guided Care<\/title>\n<meta name=\"description\" content=\"Descriptions of types of care including Community Aging in Place, Geriatric Resources, Guided Care, Hospital at Home and All-Inclusive Care for the Elderly.\" \/>\n<meta name=\"robots\" content=\"index, follow, max-snippet:-1, max-image-preview:large, max-video-preview:-1\" \/>\n<link rel=\"canonical\" href=\"https:\/\/getpalliativecare.org\/es\/resources\/types-of-care\/\" \/>\n<meta name=\"twitter:card\" content=\"summary_large_image\" \/>\n<meta name=\"twitter:title\" content=\"Types of Care | Community Aging, Geriatric Resources, Guided Care\" \/>\n<meta name=\"twitter:description\" content=\"Descriptions of types of care including Community Aging in Place, Geriatric Resources, Guided Care, Hospital at Home and All-Inclusive Care for the Elderly.\" \/>\n<meta name=\"twitter:site\" content=\"@GetPalliative\" \/>\n<meta name=\"twitter:label1\" content=\"Tiempo de lectura\" \/>\n\t<meta name=\"twitter:data1\" content=\"3 minutos\" \/>\n<script type=\"application\/ld+json\" class=\"yoast-schema-graph\">{\"@context\":\"https:\/\/schema.org\",\"@graph\":[{\"@type\":\"WebPage\",\"@id\":\"https:\/\/getpalliativecare.org\/resources\/types-of-care\/\",\"url\":\"https:\/\/getpalliativecare.org\/resources\/types-of-care\/\",\"name\":\"Types of Care | Community Aging, Geriatric Resources, Guided Care\",\"isPartOf\":{\"@id\":\"https:\/\/getpalliativecare.org\/#website\"},\"datePublished\":\"2019-04-08T21:26:48+00:00\",\"dateModified\":\"2019-04-16T18:10:42+00:00\",\"description\":\"Descriptions of types of care including Community Aging in Place, Geriatric Resources, Guided Care, Hospital at Home and All-Inclusive Care for the Elderly.\",\"breadcrumb\":{\"@id\":\"https:\/\/getpalliativecare.org\/resources\/types-of-care\/#breadcrumb\"},\"inLanguage\":\"es\",\"potentialAction\":[{\"@type\":\"ReadAction\",\"target\":[\"https:\/\/getpalliativecare.org\/resources\/types-of-care\/\"]}]},{\"@type\":\"BreadcrumbList\",\"@id\":\"https:\/\/getpalliativecare.org\/resources\/types-of-care\/#breadcrumb\",\"itemListElement\":[{\"@type\":\"ListItem\",\"position\":1,\"name\":\"Resources\",\"item\":\"https:\/\/getpalliativecare.org\/resources\/\"},{\"@type\":\"ListItem\",\"position\":2,\"name\":\"Types of Care\"}]},{\"@type\":\"WebSite\",\"@id\":\"https:\/\/getpalliativecare.org\/#website\",\"url\":\"https:\/\/getpalliativecare.org\/\",\"name\":\"Get Palliative Care\",\"description\":\"Palliative care is specialized care focused on the pain, symptoms and stress of serious illness.  Find a hospital or medical center in your area that has a palliative care program.\",\"potentialAction\":[{\"@type\":\"SearchAction\",\"target\":{\"@type\":\"EntryPoint\",\"urlTemplate\":\"https:\/\/getpalliativecare.org\/?s={search_term_string}\"},\"query-input\":{\"@type\":\"PropertyValueSpecification\",\"valueRequired\":true,\"valueName\":\"search_term_string\"}}],\"inLanguage\":\"es\"}]}<\/script>\n<!-- \/ Yoast SEO plugin. -->","yoast_head_json":{"title":"Tipos de atenci\u00f3n | Envejecimiento comunitario, Recursos geri\u00e1tricos, Atenci\u00f3n guiada","description":"Descripciones de tipos de atenci\u00f3n que incluyen envejecimiento comunitario en el lugar, recursos geri\u00e1tricos, atenci\u00f3n guiada, hospital en el hogar y atenci\u00f3n integral para personas mayores.","robots":{"index":"index","follow":"follow","max-snippet":"max-snippet:-1","max-image-preview":"max-image-preview:large","max-video-preview":"max-video-preview:-1"},"canonical":"https:\/\/getpalliativecare.org\/es\/resources\/types-of-care\/","twitter_card":"summary_large_image","twitter_title":"Types of Care | Community Aging, Geriatric Resources, Guided Care","twitter_description":"Descriptions of types of care including Community Aging in Place, Geriatric Resources, Guided Care, Hospital at Home and All-Inclusive Care for the Elderly.","twitter_site":"@GetPalliative","twitter_misc":{"Tiempo de lectura":"3 minutos"},"schema":{"@context":"https:\/\/schema.org","@graph":[{"@type":"WebPage","@id":"https:\/\/getpalliativecare.org\/resources\/types-of-care\/","url":"https:\/\/getpalliativecare.org\/resources\/types-of-care\/","name":"Tipos de atenci\u00f3n | Envejecimiento comunitario, Recursos geri\u00e1tricos, Atenci\u00f3n guiada","isPartOf":{"@id":"https:\/\/getpalliativecare.org\/#website"},"datePublished":"2019-04-08T21:26:48+00:00","dateModified":"2019-04-16T18:10:42+00:00","description":"Descripciones de tipos de atenci\u00f3n que incluyen envejecimiento comunitario en el lugar, recursos geri\u00e1tricos, atenci\u00f3n guiada, hospital en el hogar y atenci\u00f3n integral para personas mayores.","breadcrumb":{"@id":"https:\/\/getpalliativecare.org\/resources\/types-of-care\/#breadcrumb"},"inLanguage":"es","potentialAction":[{"@type":"ReadAction","target":["https:\/\/getpalliativecare.org\/resources\/types-of-care\/"]}]},{"@type":"BreadcrumbList","@id":"https:\/\/getpalliativecare.org\/resources\/types-of-care\/#breadcrumb","itemListElement":[{"@type":"ListItem","position":1,"name":"Resources","item":"https:\/\/getpalliativecare.org\/resources\/"},{"@type":"ListItem","position":2,"name":"Types of Care"}]},{"@type":"WebSite","@id":"https:\/\/getpalliativecare.org\/#website","url":"https:\/\/getpalliativecare.org\/","name":"Obtenga cuidados paliativos","description":"Los cuidados paliativos son cuidados especializados centrados en el dolor, los s\u00edntomas y el estr\u00e9s de una enfermedad grave. Encuentre un hospital o centro m\u00e9dico en su \u00e1rea que tenga un programa de cuidados paliativos.","potentialAction":[{"@type":"SearchAction","target":{"@type":"EntryPoint","urlTemplate":"https:\/\/getpalliativecare.org\/?s={search_term_string}"},"query-input":{"@type":"PropertyValueSpecification","valueRequired":true,"valueName":"search_term_string"}}],"inLanguage":"es"}]}},"_links":{"self":[{"href":"https:\/\/getpalliativecare.org\/es\/wp-json\/wp\/v2\/pages\/61003","targetHints":{"allow":["GET"]}}],"collection":[{"href":"https:\/\/getpalliativecare.org\/es\/wp-json\/wp\/v2\/pages"}],"about":[{"href":"https:\/\/getpalliativecare.org\/es\/wp-json\/wp\/v2\/types\/page"}],"author":[{"embeddable":true,"href":"https:\/\/getpalliativecare.org\/es\/wp-json\/wp\/v2\/users\/1"}],"replies":[{"embeddable":true,"href":"https:\/\/getpalliativecare.org\/es\/wp-json\/wp\/v2\/comments?post=61003"}],"version-history":[{"count":0,"href":"https:\/\/getpalliativecare.org\/es\/wp-json\/wp\/v2\/pages\/61003\/revisions"}],"up":[{"embeddable":true,"href":"https:\/\/getpalliativecare.org\/es\/wp-json\/wp\/v2\/pages\/60402"}],"wp:attachment":[{"href":"https:\/\/getpalliativecare.org\/es\/wp-json\/wp\/v2\/media?parent=61003"}],"curies":[{"name":"gracias","href":"https:\/\/api.w.org\/{rel}","templated":true}]}}