{"id":60402,"date":"2017-10-30T11:21:08","date_gmt":"2017-10-30T15:21:08","guid":{"rendered":"https:\/\/getpalliativecare.org\/?page_id=60402"},"modified":"2017-11-13T11:25:20","modified_gmt":"2017-11-13T16:25:20","slug":"resources","status":"publish","type":"page","link":"https:\/\/getpalliativecare.org\/es\/resources\/","title":{"rendered":"Recursos"},"content":{"rendered":"","protected":false},"excerpt":{"rendered":"","protected":false},"author":1,"featured_media":0,"parent":0,"menu_order":0,"comment_status":"closed","ping_status":"closed","template":"template-resources.php","meta":{"_acf_changed":false,"footnotes":""},"class_list":["post-60402","page","type-page","status-publish","hentry"],"acf":[],"yoast_head":"<!-- This site is optimized with the Yoast SEO plugin v26.6 - https:\/\/yoast.com\/wordpress\/plugins\/seo\/ -->\n<title>Palliative Care Resources | Patients &amp; Caregivers | Get Palliative Care<\/title>\n<meta name=\"description\" content=\"Palliative care resources for patients, caregivers and policymakers including articles, videos and podcasts from Get Palliative Care.\" \/>\n<meta name=\"robots\" content=\"index, follow, max-snippet:-1, max-image-preview:large, max-video-preview:-1\" \/>\n<link rel=\"canonical\" href=\"https:\/\/getpalliativecare.org\/es\/resources\/\" \/>\n<meta name=\"twitter:card\" content=\"summary_large_image\" \/>\n<meta name=\"twitter:title\" content=\"Palliative Care Resources | Patients &amp; Caregivers | Get Palliative Care\" \/>\n<meta name=\"twitter:description\" content=\"Palliative care resources for patients, caregivers and policymakers including articles, videos and podcasts from Get Palliative Care.\" \/>\n<meta name=\"twitter:site\" content=\"@GetPalliative\" \/>\n<script type=\"application\/ld+json\" class=\"yoast-schema-graph\">{\"@context\":\"https:\/\/schema.org\",\"@graph\":[{\"@type\":\"WebPage\",\"@id\":\"https:\/\/getpalliativecare.org\/resources\/\",\"url\":\"https:\/\/getpalliativecare.org\/resources\/\",\"name\":\"Palliative Care Resources | Patients & Caregivers | Get Palliative Care\",\"isPartOf\":{\"@id\":\"https:\/\/getpalliativecare.org\/#website\"},\"datePublished\":\"2017-10-30T15:21:08+00:00\",\"dateModified\":\"2017-11-13T16:25:20+00:00\",\"description\":\"Palliative care resources for patients, caregivers and policymakers including articles, videos and podcasts from Get Palliative Care.\",\"inLanguage\":\"es\",\"potentialAction\":[{\"@type\":\"ReadAction\",\"target\":[\"https:\/\/getpalliativecare.org\/resources\/\"]}]},{\"@type\":\"WebSite\",\"@id\":\"https:\/\/getpalliativecare.org\/#website\",\"url\":\"https:\/\/getpalliativecare.org\/\",\"name\":\"Get Palliative Care\",\"description\":\"Palliative care is specialized care focused on the pain, symptoms and stress of serious illness.  Find a hospital or medical center in your area that has a palliative care program.\",\"potentialAction\":[{\"@type\":\"SearchAction\",\"target\":{\"@type\":\"EntryPoint\",\"urlTemplate\":\"https:\/\/getpalliativecare.org\/?s={search_term_string}\"},\"query-input\":{\"@type\":\"PropertyValueSpecification\",\"valueRequired\":true,\"valueName\":\"search_term_string\"}}],\"inLanguage\":\"es\"}]}<\/script>\n<!-- \/ Yoast SEO plugin. -->","yoast_head_json":{"title":"Recursos de cuidados paliativos | Pacientes y cuidadores | Reciba cuidados paliativos","description":"Recursos de cuidados paliativos para pacientes, cuidadores y responsables de pol\u00edticas, incluidos art\u00edculos, v\u00eddeos y podcasts de Get Palliative Care.","robots":{"index":"index","follow":"follow","max-snippet":"max-snippet:-1","max-image-preview":"max-image-preview:large","max-video-preview":"max-video-preview:-1"},"canonical":"https:\/\/getpalliativecare.org\/es\/resources\/","twitter_card":"summary_large_image","twitter_title":"Palliative Care Resources | Patients & Caregivers | Get Palliative Care","twitter_description":"Palliative care resources for patients, caregivers and policymakers including articles, videos and podcasts from Get Palliative Care.","twitter_site":"@GetPalliative","schema":{"@context":"https:\/\/schema.org","@graph":[{"@type":"WebPage","@id":"https:\/\/getpalliativecare.org\/resources\/","url":"https:\/\/getpalliativecare.org\/resources\/","name":"Recursos de cuidados paliativos | Pacientes y cuidadores | Reciba cuidados paliativos","isPartOf":{"@id":"https:\/\/getpalliativecare.org\/#website"},"datePublished":"2017-10-30T15:21:08+00:00","dateModified":"2017-11-13T16:25:20+00:00","description":"Recursos de cuidados paliativos para pacientes, cuidadores y responsables de pol\u00edticas, incluidos art\u00edculos, v\u00eddeos y podcasts de Get Palliative Care.","inLanguage":"es","potentialAction":[{"@type":"ReadAction","target":["https:\/\/getpalliativecare.org\/resources\/"]}]},{"@type":"WebSite","@id":"https:\/\/getpalliativecare.org\/#website","url":"https:\/\/getpalliativecare.org\/","name":"Obtenga cuidados paliativos","description":"Los cuidados paliativos son cuidados especializados centrados en el dolor, los s\u00edntomas y el estr\u00e9s de una enfermedad grave. Encuentre un hospital o centro m\u00e9dico en su \u00e1rea que tenga un programa de cuidados paliativos.","potentialAction":[{"@type":"SearchAction","target":{"@type":"EntryPoint","urlTemplate":"https:\/\/getpalliativecare.org\/?s={search_term_string}"},"query-input":{"@type":"PropertyValueSpecification","valueRequired":true,"valueName":"search_term_string"}}],"inLanguage":"es"}]}},"_links":{"self":[{"href":"https:\/\/getpalliativecare.org\/es\/wp-json\/wp\/v2\/pages\/60402","targetHints":{"allow":["GET"]}}],"collection":[{"href":"https:\/\/getpalliativecare.org\/es\/wp-json\/wp\/v2\/pages"}],"about":[{"href":"https:\/\/getpalliativecare.org\/es\/wp-json\/wp\/v2\/types\/page"}],"author":[{"embeddable":true,"href":"https:\/\/getpalliativecare.org\/es\/wp-json\/wp\/v2\/users\/1"}],"replies":[{"embeddable":true,"href":"https:\/\/getpalliativecare.org\/es\/wp-json\/wp\/v2\/comments?post=60402"}],"version-history":[{"count":0,"href":"https:\/\/getpalliativecare.org\/es\/wp-json\/wp\/v2\/pages\/60402\/revisions"}],"wp:attachment":[{"href":"https:\/\/getpalliativecare.org\/es\/wp-json\/wp\/v2\/media?parent=60402"}],"curies":[{"name":"gracias","href":"https:\/\/api.w.org\/{rel}","templated":true}]}}