{"id":60210,"date":"2017-09-05T21:06:54","date_gmt":"2017-09-06T01:06:54","guid":{"rendered":"https:\/\/getpalliativecare.org\/?page_id=60210"},"modified":"2017-11-01T09:40:20","modified_gmt":"2017-11-01T13:40:20","slug":"search-results","status":"publish","type":"page","link":"https:\/\/getpalliativecare.org\/es\/provider-directory\/search-results\/","title":{"rendered":"Resultados de la b\u00fasqueda"},"content":{"rendered":"","protected":false},"excerpt":{"rendered":"","protected":false},"author":1,"featured_media":0,"parent":60208,"menu_order":0,"comment_status":"closed","ping_status":"closed","template":"template-provider-directory-search-results.php","meta":{"_acf_changed":false,"footnotes":""},"class_list":["post-60210","page","type-page","status-publish","hentry"],"acf":[],"yoast_head":"<!-- This site is optimized with the Yoast SEO plugin v26.6 - https:\/\/yoast.com\/wordpress\/plugins\/seo\/ -->\n<title>Search Results for getpalliativecare.org | Get Palliative Care<\/title>\n<meta name=\"description\" content=\"Search results for getpalliativecare.org. Search the site for information and resources about palliative care for patients, caregivers, clinicians and more.\" \/>\n<meta name=\"robots\" content=\"index, follow, max-snippet:-1, max-image-preview:large, max-video-preview:-1\" \/>\n<link rel=\"canonical\" href=\"https:\/\/getpalliativecare.org\/es\/provider-directory\/search-results\/\" \/>\n<meta name=\"twitter:card\" content=\"summary_large_image\" \/>\n<meta name=\"twitter:title\" content=\"Search Results for getpalliativecare.org | Get Palliative Care\" \/>\n<meta name=\"twitter:description\" content=\"Search results for getpalliativecare.org. Search the site for information and resources about palliative care for patients, caregivers, clinicians and more.\" \/>\n<meta name=\"twitter:site\" content=\"@GetPalliative\" \/>\n<script type=\"application\/ld+json\" class=\"yoast-schema-graph\">{\"@context\":\"https:\/\/schema.org\",\"@graph\":[{\"@type\":\"WebPage\",\"@id\":\"https:\/\/getpalliativecare.org\/provider-directory\/search-results\/\",\"url\":\"https:\/\/getpalliativecare.org\/provider-directory\/search-results\/\",\"name\":\"Search Results for getpalliativecare.org | Get Palliative Care\",\"isPartOf\":{\"@id\":\"https:\/\/getpalliativecare.org\/#website\"},\"datePublished\":\"2017-09-06T01:06:54+00:00\",\"dateModified\":\"2017-11-01T13:40:20+00:00\",\"description\":\"Search results for getpalliativecare.org. Search the site for information and resources about palliative care for patients, caregivers, clinicians and more.\",\"breadcrumb\":{\"@id\":\"https:\/\/getpalliativecare.org\/provider-directory\/search-results\/#breadcrumb\"},\"inLanguage\":\"es\",\"potentialAction\":[{\"@type\":\"ReadAction\",\"target\":[\"https:\/\/getpalliativecare.org\/provider-directory\/search-results\/\"]}]},{\"@type\":\"BreadcrumbList\",\"@id\":\"https:\/\/getpalliativecare.org\/provider-directory\/search-results\/#breadcrumb\",\"itemListElement\":[{\"@type\":\"ListItem\",\"position\":1,\"name\":\"Palliative Care Provider Directory\",\"item\":\"https:\/\/getpalliativecare.org\/provider-directory\/\"},{\"@type\":\"ListItem\",\"position\":2,\"name\":\"Search Results\"}]},{\"@type\":\"WebSite\",\"@id\":\"https:\/\/getpalliativecare.org\/#website\",\"url\":\"https:\/\/getpalliativecare.org\/\",\"name\":\"Get Palliative Care\",\"description\":\"Palliative care is specialized care focused on the pain, symptoms and stress of serious illness.  Find a hospital or medical center in your area that has a palliative care program.\",\"potentialAction\":[{\"@type\":\"SearchAction\",\"target\":{\"@type\":\"EntryPoint\",\"urlTemplate\":\"https:\/\/getpalliativecare.org\/?s={search_term_string}\"},\"query-input\":{\"@type\":\"PropertyValueSpecification\",\"valueRequired\":true,\"valueName\":\"search_term_string\"}}],\"inLanguage\":\"es\"}]}<\/script>\n<!-- \/ Yoast SEO plugin. -->","yoast_head_json":{"title":"Resultados de la b\u00fasqueda de getpalliativecare.org | Obtenga cuidados paliativos","description":"Resultados de la b\u00fasqueda en getpalliativecare.org. Busque en el sitio informaci\u00f3n y recursos sobre cuidados paliativos para pacientes, cuidadores, profesionales cl\u00ednicos y m\u00e1s.","robots":{"index":"index","follow":"follow","max-snippet":"max-snippet:-1","max-image-preview":"max-image-preview:large","max-video-preview":"max-video-preview:-1"},"canonical":"https:\/\/getpalliativecare.org\/es\/provider-directory\/search-results\/","twitter_card":"summary_large_image","twitter_title":"Search Results for getpalliativecare.org | Get Palliative Care","twitter_description":"Search results for getpalliativecare.org. Search the site for information and resources about palliative care for patients, caregivers, clinicians and more.","twitter_site":"@GetPalliative","schema":{"@context":"https:\/\/schema.org","@graph":[{"@type":"WebPage","@id":"https:\/\/getpalliativecare.org\/provider-directory\/search-results\/","url":"https:\/\/getpalliativecare.org\/provider-directory\/search-results\/","name":"Resultados de la b\u00fasqueda de getpalliativecare.org | Obtenga cuidados paliativos","isPartOf":{"@id":"https:\/\/getpalliativecare.org\/#website"},"datePublished":"2017-09-06T01:06:54+00:00","dateModified":"2017-11-01T13:40:20+00:00","description":"Resultados de la b\u00fasqueda en getpalliativecare.org. Busque en el sitio informaci\u00f3n y recursos sobre cuidados paliativos para pacientes, cuidadores, profesionales cl\u00ednicos y m\u00e1s.","breadcrumb":{"@id":"https:\/\/getpalliativecare.org\/provider-directory\/search-results\/#breadcrumb"},"inLanguage":"es","potentialAction":[{"@type":"ReadAction","target":["https:\/\/getpalliativecare.org\/provider-directory\/search-results\/"]}]},{"@type":"BreadcrumbList","@id":"https:\/\/getpalliativecare.org\/provider-directory\/search-results\/#breadcrumb","itemListElement":[{"@type":"ListItem","position":1,"name":"Palliative Care Provider Directory","item":"https:\/\/getpalliativecare.org\/provider-directory\/"},{"@type":"ListItem","position":2,"name":"Search Results"}]},{"@type":"WebSite","@id":"https:\/\/getpalliativecare.org\/#website","url":"https:\/\/getpalliativecare.org\/","name":"Obtenga cuidados paliativos","description":"Los cuidados paliativos son cuidados especializados centrados en el dolor, los s\u00edntomas y el estr\u00e9s de una enfermedad grave. Encuentre un hospital o centro m\u00e9dico en su \u00e1rea que tenga un programa de cuidados paliativos.","potentialAction":[{"@type":"SearchAction","target":{"@type":"EntryPoint","urlTemplate":"https:\/\/getpalliativecare.org\/?s={search_term_string}"},"query-input":{"@type":"PropertyValueSpecification","valueRequired":true,"valueName":"search_term_string"}}],"inLanguage":"es"}]}},"_links":{"self":[{"href":"https:\/\/getpalliativecare.org\/es\/wp-json\/wp\/v2\/pages\/60210","targetHints":{"allow":["GET"]}}],"collection":[{"href":"https:\/\/getpalliativecare.org\/es\/wp-json\/wp\/v2\/pages"}],"about":[{"href":"https:\/\/getpalliativecare.org\/es\/wp-json\/wp\/v2\/types\/page"}],"author":[{"embeddable":true,"href":"https:\/\/getpalliativecare.org\/es\/wp-json\/wp\/v2\/users\/1"}],"replies":[{"embeddable":true,"href":"https:\/\/getpalliativecare.org\/es\/wp-json\/wp\/v2\/comments?post=60210"}],"version-history":[{"count":0,"href":"https:\/\/getpalliativecare.org\/es\/wp-json\/wp\/v2\/pages\/60210\/revisions"}],"up":[{"embeddable":true,"href":"https:\/\/getpalliativecare.org\/es\/wp-json\/wp\/v2\/pages\/60208"}],"wp:attachment":[{"href":"https:\/\/getpalliativecare.org\/es\/wp-json\/wp\/v2\/media?parent=60210"}],"curies":[{"name":"gracias","href":"https:\/\/api.w.org\/{rel}","templated":true}]}}