{"id":59823,"date":"2017-04-25T10:40:03","date_gmt":"2017-04-25T14:40:03","guid":{"rendered":"https:\/\/getpalliativecare.org\/?page_id=59823"},"modified":"2020-07-02T01:35:30","modified_gmt":"2020-07-02T05:35:30","slug":"eosinophil-associated-disease-palliative-care","status":"publish","type":"page","link":"https:\/\/getpalliativecare.org\/es\/whatis\/disease-types\/eosinophil-associated-disease-palliative-care\/","title":{"rendered":"Enfermedad asociada a eosin\u00f3filos y cuidados paliativos"},"content":{"rendered":"<h2>Comprensi\u00f3n de la enfermedad asociada a eosin\u00f3filos (EAD)<\/h2>\n<p>Los gl\u00f3bulos blancos llamados eosin\u00f3filos (pronunciados \u201cee-oh-sin-oh-fills\u201d) son una parte importante de su sistema inmunol\u00f3gico que ayuda a combatir infecciones o enfermedades. Pero cuando aparecen en niveles m\u00e1s altos de lo normal sin un motivo conocido, pueden provocar enfermedades asociadas a los eosin\u00f3filos. Esto puede significar inflamaci\u00f3n y da\u00f1o a los tejidos en las \u00e1reas afectadas.<\/p>\n<p>Las enfermedades asociadas a los eosin\u00f3filos (EAD) son raras, pero son cr\u00f3nicas y los s\u00edntomas pueden ser debilitantes. EAD puede significar perder tiempo en la escuela y el trabajo. Pueden afectar enormemente la calidad de vida de una persona.<\/p>\n<p>Hay muchos tipos de EAD. El diagn\u00f3stico depende de la parte del cuerpo afectada. Estos pueden ser el sistema digestivo, los tejidos, los \u00f3rganos o la sangre. Los m\u00e1s comunes son los trastornos gastrointestinales eosinof\u00edlicos (EGID), que pueden afectar una o m\u00e1s partes del sistema digestivo. Los s\u00edntomas de EGID pueden incluir dificultad para comer, n\u00e1useas, diarrea, v\u00f3mitos, dolor abdominal y fatiga.<\/p>\n<h2>S\u00edntomas y tratamiento de la enfermedad asociada a eosin\u00f3filos (EAD): c\u00f3mo pueden ayudar los cuidados paliativos<\/h2>\n<p>Los cuidados paliativos (pronunciado pal-lee-uh-tiv) son atenci\u00f3n m\u00e9dica especializada para personas con una enfermedad grave como la EAD. Este tipo de atenci\u00f3n se centra en brindar alivio de los s\u00edntomas y el estr\u00e9s de una enfermedad grave. El objetivo es mejorar la calidad de vida tanto del paciente como de la familia.<\/p>\n<p>Los cuidados paliativos los brinda un equipo especialmente capacitado de m\u00e9dicos, enfermeras y otros especialistas que trabajan junto con sus otros m\u00e9dicos para brindarle un nivel adicional de apoyo. Es apropiado a cualquier edad y en cualquier etapa de una enfermedad grave y puede administrarse junto con un tratamiento curativo.<\/p>\n<p>Los s\u00edntomas de la EAD var\u00edan seg\u00fan la parte del cuerpo afectada. Por ejemplo, si los pulmones est\u00e1n afectados, es posible que tenga dificultad para respirar y toser. Cuando la vejiga se ve afectada puedes tener dolor al orinar y puedes sentir la necesidad de orinar con frecuencia. Los expertos dicen que debes entender tu enfermedad y tu historial m\u00e9dico porque cada caso es diferente.<\/p>\n<p>&quot;Todos los pacientes deben tener un historial que aborde la afectaci\u00f3n de \u00f3rganos, afecciones m\u00e9dicas, exposiciones, remedios de venta libre, viajes, alimentos, exposiciones ocupacionales y recreativas y recuentos previos de eosin\u00f3filos&quot;, dice el Dr. Andy Esch, especialista en cuidados paliativos que ha visto muchos pacientes con EAD.<\/p>\n<p>Una vez que usted y el equipo de cuidados paliativos comprendan completamente c\u00f3mo sus s\u00edntomas afectan su vida, estos especialistas lo ayudar\u00e1n a comprender sus opciones de tratamiento. Tambi\u00e9n lo ayudar\u00e1n a hablar con sus otros m\u00e9dicos sobre sus preguntas y decisiones. Le ayudar\u00e1n a elaborar un plan para su atenci\u00f3n.<\/p>\n<p>&quot;Los pacientes con EAD tambi\u00e9n suelen experimentar fiebre, p\u00e9rdida de peso, fatiga, sarpullido\/prurito, dificultad para respirar, s\u00edntomas gastrointestinales y dolor&quot;, dice el Dr. Esch. &quot;Los m\u00e9dicos de cuidados paliativos eval\u00faan las fuentes de sufrimiento en las personas con EAD y trabajan en estrecha colaboraci\u00f3n con ellos y sus familiares para tratar estos problemas&quot;.<\/p>\n<p>Los cuidados paliativos le ayudan a ganar fuerza para continuar con la vida diaria y mejoran su capacidad para tolerar los tratamientos m\u00e9dicos.<\/p>\n<h2>La historia de cuidados paliativos de Aly<\/h2>\n<p>Aly Becker, de veintitr\u00e9s a\u00f1os, es una estudiante universitaria que vive con EAD. Aly recibe cuidados paliativos para su dolor y malestar cr\u00f3nicos, as\u00ed como para su estr\u00e9s. Su equipo de cuidados paliativos la ayuda a fijarse metas (tanto a corto como a largo plazo) para que a\u00fan pueda participar en actividades sociales y asistir a marchas y presentaciones de bandas.<\/p>\n<p>\u201cSe trata de intentar encontrar formas de hacer que tu vida sea importante. Y los cuidados paliativos han sido fundamentales para hacerme ver esas partes de mi vida y lo importantes que son. Los cuidados paliativos me han ayudado a sentir que puedo recuperar el control de una situaci\u00f3n sobre la que no ten\u00eda control\u201d, dijo Aly.<\/p>\n<p>Servir de mediador entre diferentes especialistas es una funci\u00f3n com\u00fan de los equipos de cuidados paliativos, pero para Aly, cuyos diagn\u00f3sticos han cambiado a lo largo de los a\u00f1os, esto era esencial.<\/p>\n<p>\u201cCreo que los cuidados paliativos me dieron esa voz porque la necesitaba. Dije lo que dije, ellos me respaldaron\u201d, dijo Aly.<\/p>\n<p><iframe loading=\"lazy\" src=\"https:\/\/w.soundcloud.com\/player\/?url=https%3A\/\/api.soundcloud.com\/tracks\/275488367&amp;color=%23ff5500&amp;auto_play=false&amp;hide_related=false&amp;show_comments=true&amp;show_user=true&amp;show_reposts=false&amp;show_teaser=true\" width=\"100%\" height=\"166\" frameborder=\"no\" scrolling=\"no\"><\/iframe><\/p>\n<div style=\"font-size: 10px; color: #cccccc; line-break: anywhere; word-break: normal; overflow: hidden; white-space: nowrap; text-overflow: ellipsis; font-family: Interstate,Lucida Grande,Lucida Sans Unicode,Lucida Sans,Garuda,Verdana,Tahoma,sans-serif; font-weight: 100;\"><a style=\"color: #cccccc; text-decoration: none;\" title=\"Obtenga cuidados paliativos\" href=\"https:\/\/soundcloud.com\/get-palliative-care\" target=\"_blank\" rel=\"noopener noreferrer\">Obtenga cuidados paliativos<\/a> \u00b7 <a style=\"color: #cccccc; text-decoration: none;\" title=\"Una vida de calidad: la historia de cuidados paliativos de Aly\" href=\"https:\/\/soundcloud.com\/get-palliative-care\/aly-becker-a-quality-life-season-2-ep-1\" target=\"_blank\" rel=\"noopener noreferrer\">Una vida de calidad: la historia de cuidados paliativos de Aly<\/a><\/div>\n<h2>C\u00f3mo obtener cuidados paliativos<\/h2>\n<p>P\u00eddale una derivaci\u00f3n a su m\u00e9dico si usted o un ser querido tiene EAD. Puede recibir cuidados paliativos en el hospital y, a menudo, en la comunidad, incluso en casa. Los cuidados paliativos pueden aliviar muchas de las cargas de la enfermedad y ayudarle a lograr la mejor calidad de vida posible.<\/p>\n<p>Encontrar un equipo de cuidados paliativos en su \u00e1rea es f\u00e1cil. Solo ve a nuestro\u00a0<a href=\"https:\/\/getpalliativecare.org\/es\/providers\/\">Directorio de proveedores<\/a> para obtener una lista estado por estado. Para saber si los cuidados paliativos son adecuados para usted, consulte nuestro <a href=\"https:\/\/getpalliativecare.org\/es\/rightforyou\/\">prueba<\/a>.<\/p>\n<p>Para obtener m\u00e1s informaci\u00f3n sobre EAD, visite el <a href=\"http:\/\/apfed.org\/\" target=\"_blank\" rel=\"noopener noreferrer\">Asociaci\u00f3n Estadounidense para los Trastornos Eosinof\u00edlicos<\/a><\/p>","protected":false},"excerpt":{"rendered":"<p>Comprensi\u00f3n de la enfermedad asociada a los eosin\u00f3filos (EAD) Los gl\u00f3bulos blancos llamados eosin\u00f3filos (pronunciados \u201cee-oh-sin-oh-fills\u201d) son una parte importante de su sistema inmunol\u00f3gico que ayuda a combatir infecciones o enfermedades. Pero cuando aparecen en niveles m\u00e1s altos de lo normal sin un motivo conocido, pueden provocar enfermedades asociadas a los eosin\u00f3filos. Esto puede significar inflamaci\u00f3n y da\u00f1o a los tejidos de la zona afectada... <\/p>","protected":false},"author":3,"featured_media":0,"parent":46819,"menu_order":0,"comment_status":"closed","ping_status":"closed","template":"template-whatis.php","meta":{"_acf_changed":false,"footnotes":""},"class_list":["post-59823","page","type-page","status-publish","hentry"],"acf":[],"yoast_head":"<!-- This site is optimized with the Yoast SEO plugin v26.6 - https:\/\/yoast.com\/wordpress\/plugins\/seo\/ -->\n<title>Palliative Care and Eosinophil-Associated Disease | Get Palliative Care<\/title>\n<meta name=\"description\" content=\"Palliative care is a specialty in medicine focused on treating the symptoms, pain and stress that accompany Eosinophil-Associated Disease.\" \/>\n<meta name=\"robots\" content=\"index, follow, max-snippet:-1, max-image-preview:large, max-video-preview:-1\" \/>\n<link rel=\"canonical\" href=\"https:\/\/getpalliativecare.org\/es\/whatis\/disease-types\/eosinophil-associated-disease-palliative-care\/\" \/>\n<meta name=\"twitter:card\" content=\"summary_large_image\" \/>\n<meta name=\"twitter:title\" content=\"Palliative Care and Eosinophil-Associated Disease | Get Palliative Care\" \/>\n<meta name=\"twitter:description\" content=\"Palliative care is a specialty in medicine focused on treating the symptoms, pain and stress that accompany Eosinophil-Associated Disease.\" \/>\n<meta name=\"twitter:site\" content=\"@GetPalliative\" \/>\n<meta name=\"twitter:label1\" content=\"Tiempo de lectura\" \/>\n\t<meta name=\"twitter:data1\" content=\"4 minutos\" \/>\n<script type=\"application\/ld+json\" class=\"yoast-schema-graph\">{\"@context\":\"https:\/\/schema.org\",\"@graph\":[{\"@type\":\"WebPage\",\"@id\":\"https:\/\/getpalliativecare.org\/whatis\/disease-types\/eosinophil-associated-disease-palliative-care\/\",\"url\":\"https:\/\/getpalliativecare.org\/whatis\/disease-types\/eosinophil-associated-disease-palliative-care\/\",\"name\":\"Palliative Care and Eosinophil-Associated Disease | Get Palliative Care\",\"isPartOf\":{\"@id\":\"https:\/\/getpalliativecare.org\/#website\"},\"datePublished\":\"2017-04-25T14:40:03+00:00\",\"dateModified\":\"2020-07-02T05:35:30+00:00\",\"description\":\"Palliative care is a specialty in medicine focused on treating the symptoms, pain and stress that accompany Eosinophil-Associated Disease.\",\"breadcrumb\":{\"@id\":\"https:\/\/getpalliativecare.org\/whatis\/disease-types\/eosinophil-associated-disease-palliative-care\/#breadcrumb\"},\"inLanguage\":\"es\",\"potentialAction\":[{\"@type\":\"ReadAction\",\"target\":[\"https:\/\/getpalliativecare.org\/whatis\/disease-types\/eosinophil-associated-disease-palliative-care\/\"]}]},{\"@type\":\"BreadcrumbList\",\"@id\":\"https:\/\/getpalliativecare.org\/whatis\/disease-types\/eosinophil-associated-disease-palliative-care\/#breadcrumb\",\"itemListElement\":[{\"@type\":\"ListItem\",\"position\":1,\"name\":\"What is Palliative Care?\",\"item\":\"https:\/\/getpalliativecare.org\/whatis\/\"},{\"@type\":\"ListItem\",\"position\":2,\"name\":\"Disease Types and Palliative Care\",\"item\":\"https:\/\/getpalliativecare.org\/whatis\/disease-types\/\"},{\"@type\":\"ListItem\",\"position\":3,\"name\":\"Eosinophil-Associated Disease and Palliative Care\"}]},{\"@type\":\"WebSite\",\"@id\":\"https:\/\/getpalliativecare.org\/#website\",\"url\":\"https:\/\/getpalliativecare.org\/\",\"name\":\"Get Palliative Care\",\"description\":\"Palliative care is specialized care focused on the pain, symptoms and stress of serious illness.  Find a hospital or medical center in your area that has a palliative care program.\",\"potentialAction\":[{\"@type\":\"SearchAction\",\"target\":{\"@type\":\"EntryPoint\",\"urlTemplate\":\"https:\/\/getpalliativecare.org\/?s={search_term_string}\"},\"query-input\":{\"@type\":\"PropertyValueSpecification\",\"valueRequired\":true,\"valueName\":\"search_term_string\"}}],\"inLanguage\":\"es\"}]}<\/script>\n<!-- \/ Yoast SEO plugin. -->","yoast_head_json":{"title":"Cuidados paliativos y enfermedades asociadas a los eosin\u00f3filos | Reciba cuidados paliativos","description":"Los cuidados paliativos son una especialidad de la medicina centrada en el tratamiento de los s\u00edntomas, el dolor y el estr\u00e9s que acompa\u00f1an a la enfermedad asociada a los eosin\u00f3filos.","robots":{"index":"index","follow":"follow","max-snippet":"max-snippet:-1","max-image-preview":"max-image-preview:large","max-video-preview":"max-video-preview:-1"},"canonical":"https:\/\/getpalliativecare.org\/es\/whatis\/disease-types\/eosinophil-associated-disease-palliative-care\/","twitter_card":"summary_large_image","twitter_title":"Palliative Care and Eosinophil-Associated Disease | Get Palliative Care","twitter_description":"Palliative care is a specialty in medicine focused on treating the symptoms, pain and stress that accompany Eosinophil-Associated Disease.","twitter_site":"@GetPalliative","twitter_misc":{"Tiempo de lectura":"4 minutos"},"schema":{"@context":"https:\/\/schema.org","@graph":[{"@type":"WebPage","@id":"https:\/\/getpalliativecare.org\/whatis\/disease-types\/eosinophil-associated-disease-palliative-care\/","url":"https:\/\/getpalliativecare.org\/whatis\/disease-types\/eosinophil-associated-disease-palliative-care\/","name":"Cuidados paliativos y enfermedades asociadas a los eosin\u00f3filos | Reciba cuidados paliativos","isPartOf":{"@id":"https:\/\/getpalliativecare.org\/#website"},"datePublished":"2017-04-25T14:40:03+00:00","dateModified":"2020-07-02T05:35:30+00:00","description":"Los cuidados paliativos son una especialidad de la medicina centrada en el tratamiento de los s\u00edntomas, el dolor y el estr\u00e9s que acompa\u00f1an a la enfermedad asociada a los eosin\u00f3filos.","breadcrumb":{"@id":"https:\/\/getpalliativecare.org\/whatis\/disease-types\/eosinophil-associated-disease-palliative-care\/#breadcrumb"},"inLanguage":"es","potentialAction":[{"@type":"ReadAction","target":["https:\/\/getpalliativecare.org\/whatis\/disease-types\/eosinophil-associated-disease-palliative-care\/"]}]},{"@type":"BreadcrumbList","@id":"https:\/\/getpalliativecare.org\/whatis\/disease-types\/eosinophil-associated-disease-palliative-care\/#breadcrumb","itemListElement":[{"@type":"ListItem","position":1,"name":"What is Palliative Care?","item":"https:\/\/getpalliativecare.org\/whatis\/"},{"@type":"ListItem","position":2,"name":"Disease Types and Palliative Care","item":"https:\/\/getpalliativecare.org\/whatis\/disease-types\/"},{"@type":"ListItem","position":3,"name":"Eosinophil-Associated Disease and Palliative Care"}]},{"@type":"WebSite","@id":"https:\/\/getpalliativecare.org\/#website","url":"https:\/\/getpalliativecare.org\/","name":"Obtenga cuidados paliativos","description":"Los cuidados paliativos son cuidados especializados centrados en el dolor, los s\u00edntomas y el estr\u00e9s de una enfermedad grave. Encuentre un hospital o centro m\u00e9dico en su \u00e1rea que tenga un programa de cuidados paliativos.","potentialAction":[{"@type":"SearchAction","target":{"@type":"EntryPoint","urlTemplate":"https:\/\/getpalliativecare.org\/?s={search_term_string}"},"query-input":{"@type":"PropertyValueSpecification","valueRequired":true,"valueName":"search_term_string"}}],"inLanguage":"es"}]}},"_links":{"self":[{"href":"https:\/\/getpalliativecare.org\/es\/wp-json\/wp\/v2\/pages\/59823","targetHints":{"allow":["GET"]}}],"collection":[{"href":"https:\/\/getpalliativecare.org\/es\/wp-json\/wp\/v2\/pages"}],"about":[{"href":"https:\/\/getpalliativecare.org\/es\/wp-json\/wp\/v2\/types\/page"}],"author":[{"embeddable":true,"href":"https:\/\/getpalliativecare.org\/es\/wp-json\/wp\/v2\/users\/3"}],"replies":[{"embeddable":true,"href":"https:\/\/getpalliativecare.org\/es\/wp-json\/wp\/v2\/comments?post=59823"}],"version-history":[{"count":0,"href":"https:\/\/getpalliativecare.org\/es\/wp-json\/wp\/v2\/pages\/59823\/revisions"}],"up":[{"embeddable":true,"href":"https:\/\/getpalliativecare.org\/es\/wp-json\/wp\/v2\/pages\/46819"}],"wp:attachment":[{"href":"https:\/\/getpalliativecare.org\/es\/wp-json\/wp\/v2\/media?parent=59823"}],"curies":[{"name":"gracias","href":"https:\/\/api.w.org\/{rel}","templated":true}]}}