{"id":50113,"date":"2016-01-07T14:06:42","date_gmt":"2016-01-07T19:06:42","guid":{"rendered":"https:\/\/getpalliativecare.org\/?page_id=50113"},"modified":"2019-09-18T09:53:46","modified_gmt":"2019-09-18T13:53:46","slug":"multiple-sclerosis-and-palliative-care","status":"publish","type":"page","link":"https:\/\/getpalliativecare.org\/es\/whatis\/disease-types\/multiple-sclerosis-and-palliative-care\/","title":{"rendered":"Esclerosis m\u00faltiple y cuidados paliativos"},"content":{"rendered":"<h2>\u00bfQu\u00e9 es la esclerosis m\u00faltiple?<\/h2>\n<p>La esclerosis m\u00faltiple (EM) es una enfermedad del sistema nervioso central. Esto incluye el cerebro, la m\u00e9dula espinal y los nervios \u00f3pticos. La esclerosis m\u00faltiple ataca las fibras nerviosas, as\u00ed como las sustancias grasas que las rodean. La cicatrizaci\u00f3n de los nervios da\u00f1ados se llama \u201cesclerosis\u201d, de ah\u00ed el nombre de EM. Hay dos formas principales de la enfermedad. La EM &quot;recurrente&quot; aparece y desaparece en lo que los m\u00e9dicos llaman &quot;brotes&quot;. La EM &quot;progresiva&quot; es m\u00e1s estable y empeora con el tiempo. Los m\u00e9dicos creen que las causas de la EM son tanto ambientales como gen\u00e9ticas. Pero se desconoce la verdadera causa.<\/p>\n<h2>Comprender los cuidados paliativos<\/h2>\n<p>Los cuidados paliativos (pronunciados \u201cpal-lee-uh-tiv\u201d) son atenci\u00f3n m\u00e9dica especializada para personas con enfermedades graves. El objetivo de los cuidados paliativos es mejorar la calidad de vida tanto del paciente como de la familia. Lo hace proporcionando alivio de los s\u00edntomas y el estr\u00e9s de una enfermedad grave como la esclerosis m\u00faltiple.<\/p>\n<p>Los cuidados paliativos los brinda un equipo de m\u00e9dicos, enfermeras y trabajadores sociales de cuidados paliativos que trabajan junto con sus otros m\u00e9dicos para brindar un nivel adicional de apoyo. Es apropiado a cualquier edad y en cualquier etapa de una enfermedad grave. Los cuidados paliativos funcionan de la mano de todos los dem\u00e1s tratamientos para la enfermedad.<\/p>\n<h2>S\u00edntomas y tratamiento de la esclerosis m\u00faltiple: c\u00f3mo pueden ayudar los cuidados paliativos<\/h2>\n<p>La EM es impredecible y dif\u00edcil de diagnosticar. Los s\u00edntomas de la EM var\u00edan de persona a persona. Y los s\u00edntomas pueden cambiar con el tiempo. Con cada brote de EM, los s\u00edntomas pueden empeorar y volverse cr\u00f3nicos.<\/p>\n<p>Los s\u00edntomas comunes incluyen, entre otros:<\/p>\n<ul>\n<li>Problemas de visi\u00f3n, incluyendo visi\u00f3n borrosa y dolor en los ojos.<\/li>\n<li>Movimientos que no puedes controlar, especialmente en tus piernas.<\/li>\n<li>Sensaciones de entumecimiento u hormigueo.<\/li>\n<li>dificultad para caminar<\/li>\n<li>Depresi\u00f3n<\/li>\n<li>\u00dalceras o co\u00e1gulos de sangre para quienes est\u00e1n postrados en cama.<\/li>\n<\/ul>\n<p>Si bien vivir con esclerosis m\u00faltiple es un desaf\u00edo, los cuidados paliativos pueden marcar una gran diferencia. Algunos tratamientos de cuidados paliativos para la EM incluyen medicamentos y t\u00e9cnicas que alivian los espasmos musculares, calman los nervios, alivian la depresi\u00f3n y controlan el dolor. Los equipos de cuidados paliativos tratan sus s\u00edntomas espec\u00edficos, sean cuales sean.<\/p>\n<p>Experimentar un diagn\u00f3stico de esclerosis m\u00faltiple puede resultar muy impactante. Y adaptarse a un diagn\u00f3stico de EM tambi\u00e9n puede ser muy dif\u00edcil, no s\u00f3lo para usted sino tambi\u00e9n para su familia.<\/p>\n<p>Pero los especialistas en cuidados paliativos son expertos en el tratamiento de los s\u00edntomas de la esclerosis m\u00faltiple. Es importante recordar que su equipo de cuidados paliativos est\u00e1 100 por ciento a su disposici\u00f3n y puede ayudarlo a usted y a su familia de muchas maneras. Le ayudar\u00e1n a adaptarse a su diagn\u00f3stico. Le ayudar\u00e1n a comprender informaci\u00f3n m\u00e9dica compleja. Y lo ayudar\u00e1n a adaptar sus opciones de tratamiento a sus necesidades y objetivos personales.<\/p>\n<p>El equipo de cuidados paliativos est\u00e1 a su disposici\u00f3n al 100 por ciento. Le ayudar\u00e1n a afrontar los desaf\u00edos reales de la esclerosis m\u00faltiple.<\/p>\n<h2>Podcast: La historia de la esclerosis m\u00faltiple de Toby<iframe loading=\"lazy\" src=\"https:\/\/w.soundcloud.com\/player\/?url=https%3A\/\/api.soundcloud.com\/tracks\/341495258&amp;color=%23ff5500&amp;auto_play=false&amp;hide_related=false&amp;show_comments=true&amp;show_user=true&amp;show_reposts=false&amp;show_teaser=true&amp;visual=true\" width=\"100%\" height=\"300\" frameborder=\"no\" scrolling=\"no\"><\/iframe><\/h2>\n<h2>C\u00f3mo obtener cuidados paliativos<\/h2>\n<p>Si usted o un ser querido padece EM, p\u00eddale a su m\u00e9dico que lo derive a cuidados paliativos; cuanto antes, mejor. Puede recibir cuidados paliativos en el hospital, en una cl\u00ednica ambulatoria y, a veces, en casa.<\/p>\n<p>Aunque vivir con esclerosis m\u00faltiple es un camino dif\u00edcil, los cuidados paliativos pueden aliviar su carga y ayudarlo a lograr la mejor calidad de vida posible. Para m\u00e1s informaci\u00f3n, explora <a href=\"http:\/\/getpalliativecare.org\/es\/\">ObtengaCuidadosPaliativos.org<\/a>. <a href=\"https:\/\/getpalliativecare.org\/es\/rightforyou\/\">Haz la prueba<\/a> para saber si los cuidados paliativos son adecuados para usted. Y encuentre proveedores en su \u00e1rea visitando el <a href=\"https:\/\/getpalliativecare.org\/es\/providers\/\">Directorio de proveedores de cuidados paliativos<\/a>.<\/p>","protected":false},"excerpt":{"rendered":"<p>\u00bfQu\u00e9 es la esclerosis m\u00faltiple? La esclerosis m\u00faltiple (EM) es una enfermedad del sistema nervioso central. Esto incluye el cerebro, la m\u00e9dula espinal y los nervios \u00f3pticos. La esclerosis m\u00faltiple ataca las fibras nerviosas, as\u00ed como las sustancias grasas que las rodean. La cicatrizaci\u00f3n de los nervios da\u00f1ados se llama \u201cesclerosis\u201d, de ah\u00ed el nombre de EM. Hay dos formas principales... <\/p>","protected":false},"author":1,"featured_media":0,"parent":46819,"menu_order":0,"comment_status":"closed","ping_status":"closed","template":"template-whatis.php","meta":{"_acf_changed":false,"footnotes":""},"class_list":["post-50113","page","type-page","status-publish","hentry"],"acf":[],"yoast_head":"<!-- This site is optimized with the Yoast SEO plugin v26.6 - https:\/\/yoast.com\/wordpress\/plugins\/seo\/ -->\n<title>Palliative Care and Multiple Sclerosis | Get Palliative Care<\/title>\n<meta name=\"description\" content=\"Palliative care is a specialty in medicine focused on treating the symptoms, pain and stress that accompany multiple sclerosis.\" \/>\n<meta name=\"robots\" content=\"index, follow, max-snippet:-1, max-image-preview:large, max-video-preview:-1\" \/>\n<link rel=\"canonical\" href=\"https:\/\/getpalliativecare.org\/es\/whatis\/disease-types\/multiple-sclerosis-and-palliative-care\/\" \/>\n<meta name=\"twitter:card\" content=\"summary_large_image\" \/>\n<meta name=\"twitter:title\" content=\"Palliative Care and Multiple Sclerosis | Get Palliative Care\" \/>\n<meta name=\"twitter:description\" content=\"Palliative care is a specialty in medicine focused on treating the symptoms, pain and stress that accompany multiple sclerosis.\" \/>\n<meta name=\"twitter:site\" content=\"@GetPalliative\" \/>\n<meta name=\"twitter:label1\" content=\"Tiempo de lectura\" \/>\n\t<meta name=\"twitter:data1\" content=\"3 minutos\" \/>\n<script type=\"application\/ld+json\" class=\"yoast-schema-graph\">{\"@context\":\"https:\/\/schema.org\",\"@graph\":[{\"@type\":\"WebPage\",\"@id\":\"https:\/\/getpalliativecare.org\/whatis\/disease-types\/multiple-sclerosis-and-palliative-care\/\",\"url\":\"https:\/\/getpalliativecare.org\/whatis\/disease-types\/multiple-sclerosis-and-palliative-care\/\",\"name\":\"Palliative Care and Multiple Sclerosis | Get Palliative Care\",\"isPartOf\":{\"@id\":\"https:\/\/getpalliativecare.org\/#website\"},\"datePublished\":\"2016-01-07T19:06:42+00:00\",\"dateModified\":\"2019-09-18T13:53:46+00:00\",\"description\":\"Palliative care is a specialty in medicine focused on treating the symptoms, pain and stress that accompany multiple sclerosis.\",\"breadcrumb\":{\"@id\":\"https:\/\/getpalliativecare.org\/whatis\/disease-types\/multiple-sclerosis-and-palliative-care\/#breadcrumb\"},\"inLanguage\":\"es\",\"potentialAction\":[{\"@type\":\"ReadAction\",\"target\":[\"https:\/\/getpalliativecare.org\/whatis\/disease-types\/multiple-sclerosis-and-palliative-care\/\"]}]},{\"@type\":\"BreadcrumbList\",\"@id\":\"https:\/\/getpalliativecare.org\/whatis\/disease-types\/multiple-sclerosis-and-palliative-care\/#breadcrumb\",\"itemListElement\":[{\"@type\":\"ListItem\",\"position\":1,\"name\":\"What is Palliative Care?\",\"item\":\"https:\/\/getpalliativecare.org\/whatis\/\"},{\"@type\":\"ListItem\",\"position\":2,\"name\":\"Disease Types and Palliative Care\",\"item\":\"https:\/\/getpalliativecare.org\/whatis\/disease-types\/\"},{\"@type\":\"ListItem\",\"position\":3,\"name\":\"Multiple Sclerosis and Palliative Care\"}]},{\"@type\":\"WebSite\",\"@id\":\"https:\/\/getpalliativecare.org\/#website\",\"url\":\"https:\/\/getpalliativecare.org\/\",\"name\":\"Get Palliative Care\",\"description\":\"Palliative care is specialized care focused on the pain, symptoms and stress of serious illness.  Find a hospital or medical center in your area that has a palliative care program.\",\"potentialAction\":[{\"@type\":\"SearchAction\",\"target\":{\"@type\":\"EntryPoint\",\"urlTemplate\":\"https:\/\/getpalliativecare.org\/?s={search_term_string}\"},\"query-input\":{\"@type\":\"PropertyValueSpecification\",\"valueRequired\":true,\"valueName\":\"search_term_string\"}}],\"inLanguage\":\"es\"}]}<\/script>\n<!-- \/ Yoast SEO plugin. -->","yoast_head_json":{"title":"Cuidados paliativos y esclerosis m\u00faltiple | Reciba cuidados paliativos","description":"Los cuidados paliativos son una especialidad de la medicina centrada en el tratamiento de los s\u00edntomas, el dolor y el estr\u00e9s que acompa\u00f1an a la esclerosis m\u00faltiple.","robots":{"index":"index","follow":"follow","max-snippet":"max-snippet:-1","max-image-preview":"max-image-preview:large","max-video-preview":"max-video-preview:-1"},"canonical":"https:\/\/getpalliativecare.org\/es\/whatis\/disease-types\/multiple-sclerosis-and-palliative-care\/","twitter_card":"summary_large_image","twitter_title":"Palliative Care and Multiple Sclerosis | Get Palliative Care","twitter_description":"Palliative care is a specialty in medicine focused on treating the symptoms, pain and stress that accompany multiple sclerosis.","twitter_site":"@GetPalliative","twitter_misc":{"Tiempo de lectura":"3 minutos"},"schema":{"@context":"https:\/\/schema.org","@graph":[{"@type":"WebPage","@id":"https:\/\/getpalliativecare.org\/whatis\/disease-types\/multiple-sclerosis-and-palliative-care\/","url":"https:\/\/getpalliativecare.org\/whatis\/disease-types\/multiple-sclerosis-and-palliative-care\/","name":"Cuidados paliativos y esclerosis m\u00faltiple | Reciba cuidados paliativos","isPartOf":{"@id":"https:\/\/getpalliativecare.org\/#website"},"datePublished":"2016-01-07T19:06:42+00:00","dateModified":"2019-09-18T13:53:46+00:00","description":"Los cuidados paliativos son una especialidad de la medicina centrada en el tratamiento de los s\u00edntomas, el dolor y el estr\u00e9s que acompa\u00f1an a la esclerosis m\u00faltiple.","breadcrumb":{"@id":"https:\/\/getpalliativecare.org\/whatis\/disease-types\/multiple-sclerosis-and-palliative-care\/#breadcrumb"},"inLanguage":"es","potentialAction":[{"@type":"ReadAction","target":["https:\/\/getpalliativecare.org\/whatis\/disease-types\/multiple-sclerosis-and-palliative-care\/"]}]},{"@type":"BreadcrumbList","@id":"https:\/\/getpalliativecare.org\/whatis\/disease-types\/multiple-sclerosis-and-palliative-care\/#breadcrumb","itemListElement":[{"@type":"ListItem","position":1,"name":"What is Palliative Care?","item":"https:\/\/getpalliativecare.org\/whatis\/"},{"@type":"ListItem","position":2,"name":"Disease Types and Palliative Care","item":"https:\/\/getpalliativecare.org\/whatis\/disease-types\/"},{"@type":"ListItem","position":3,"name":"Multiple Sclerosis and Palliative Care"}]},{"@type":"WebSite","@id":"https:\/\/getpalliativecare.org\/#website","url":"https:\/\/getpalliativecare.org\/","name":"Obtenga cuidados paliativos","description":"Los cuidados paliativos son cuidados especializados centrados en el dolor, los s\u00edntomas y el estr\u00e9s de una enfermedad grave. Encuentre un hospital o centro m\u00e9dico en su \u00e1rea que tenga un programa de cuidados paliativos.","potentialAction":[{"@type":"SearchAction","target":{"@type":"EntryPoint","urlTemplate":"https:\/\/getpalliativecare.org\/?s={search_term_string}"},"query-input":{"@type":"PropertyValueSpecification","valueRequired":true,"valueName":"search_term_string"}}],"inLanguage":"es"}]}},"_links":{"self":[{"href":"https:\/\/getpalliativecare.org\/es\/wp-json\/wp\/v2\/pages\/50113","targetHints":{"allow":["GET"]}}],"collection":[{"href":"https:\/\/getpalliativecare.org\/es\/wp-json\/wp\/v2\/pages"}],"about":[{"href":"https:\/\/getpalliativecare.org\/es\/wp-json\/wp\/v2\/types\/page"}],"author":[{"embeddable":true,"href":"https:\/\/getpalliativecare.org\/es\/wp-json\/wp\/v2\/users\/1"}],"replies":[{"embeddable":true,"href":"https:\/\/getpalliativecare.org\/es\/wp-json\/wp\/v2\/comments?post=50113"}],"version-history":[{"count":0,"href":"https:\/\/getpalliativecare.org\/es\/wp-json\/wp\/v2\/pages\/50113\/revisions"}],"up":[{"embeddable":true,"href":"https:\/\/getpalliativecare.org\/es\/wp-json\/wp\/v2\/pages\/46819"}],"wp:attachment":[{"href":"https:\/\/getpalliativecare.org\/es\/wp-json\/wp\/v2\/media?parent=50113"}],"curies":[{"name":"gracias","href":"https:\/\/api.w.org\/{rel}","templated":true}]}}