{"id":50110,"date":"2016-01-07T14:04:38","date_gmt":"2016-01-07T19:04:38","guid":{"rendered":"https:\/\/getpalliativecare.org\/?page_id=50110"},"modified":"2017-11-01T14:05:23","modified_gmt":"2017-11-01T18:05:23","slug":"pulmonary-fibrosis-and-palliative-care","status":"publish","type":"page","link":"https:\/\/getpalliativecare.org\/es\/whatis\/disease-types\/pulmonary-fibrosis-and-palliative-care\/","title":{"rendered":"Fibrosis pulmonar y cuidados paliativos"},"content":{"rendered":"<h2>\u00bfQu\u00e9 es la fibrosis pulmonar?<\/h2>\n<p>La fibrosis pulmonar es una enfermedad de los pulmones. El nombre significa &quot;cicatriz pulmonar&quot;, y describe lo que les sucede a las personas que la padecen. Cuanto m\u00e1s cicatrices quedan en los pulmones, m\u00e1s dif\u00edcil les resulta funcionar correctamente. Esto provoca dificultad para respirar. Los m\u00e9dicos no saben qu\u00e9 lo causa.<\/p>\n<h2>Comprender los cuidados paliativos<\/h2>\n<p>Los cuidados paliativos (pronunciados \u201cpal-lee-uh-tiv\u201d) son atenci\u00f3n m\u00e9dica especializada para personas con enfermedades graves. El objetivo de los cuidados paliativos es mejorar la calidad de vida tanto del paciente como de la familia. Lo hace proporcionando alivio de los s\u00edntomas y el estr\u00e9s de una enfermedad grave como la fibrosis pulmonar.<\/p>\n<p>Los cuidados paliativos son proporcionados por un equipo de especialistas en cuidados paliativos que incluye m\u00e9dicos, enfermeras y trabajadores sociales. El equipo trabaja junto con sus otros m\u00e9dicos para brindarle un nivel adicional de apoyo. Es apropiado a cualquier edad y en cualquier etapa de una enfermedad grave. Los cuidados paliativos van de la mano del tratamiento curativo.<\/p>\n<h2>Tratamiento y s\u00edntomas de la fibrosis pulmonar: c\u00f3mo pueden ayudar los cuidados paliativos<\/h2>\n<p>Los s\u00edntomas comunes de la fibrosis pulmonar pueden incluir:<\/p>\n<ul>\n<li>Dificultad para respirar<\/li>\n<li>Tos seca o cr\u00f3nica.<\/li>\n<li>Fatiga<\/li>\n<li>P\u00e9rdida de peso inexplicable<\/li>\n<li>Dolor en m\u00fasculos o articulaciones<\/li>\n<\/ul>\n<p>Si bien vivir con fibrosis pulmonar puede ser un gran desaf\u00edo, los cuidados paliativos pueden marcar una gran diferencia. Algunos tratamientos de cuidados paliativos para la fibrosis pulmonar incluyen medicamentos que alivian s\u00edntomas como la dificultad para respirar. La oxigenoterapia puede facilitar la respiraci\u00f3n y el sue\u00f1o. Otros medicamentos y t\u00e9cnicas pueden calmar el nerviosismo, aliviar la depresi\u00f3n y controlar el dolor.<\/p>\n<p>Experimentar un diagn\u00f3stico de fibrosis pulmonar puede resultar muy impactante, no s\u00f3lo para ti sino tambi\u00e9n para tu familia. Pero los especialistas en cuidados paliativos son expertos en el tratamiento de los s\u00edntomas de la fibrosis pulmonar y los efectos secundarios del tratamiento. Pueden ayudarle a comprender informaci\u00f3n m\u00e9dica compleja y pueden ayudarle a adaptar sus opciones de tratamiento a sus necesidades y objetivos personales.<\/p>\n<p>Es importante recordar que su equipo de cuidados paliativos est\u00e1 a su disposici\u00f3n al 100 por ciento. Usted y su familia pueden acudir a su equipo de cuidados paliativos para obtener orientaci\u00f3n sobre todas y cada una de las preguntas m\u00e9dicas dif\u00edciles y las decisiones importantes que se avecinan.<\/p>\n<h2>C\u00f3mo obtener cuidados paliativos<\/h2>\n<p>Si usted o un ser querido padece fibrosis pulmonar, p\u00eddale a su m\u00e9dico que lo derive a cuidados paliativos; cuanto antes, mejor. Puede recibir cuidados paliativos en el hospital, en una cl\u00ednica ambulatoria y, a veces, en casa.<\/p>\n<p>Aunque vivir con fibrosis pulmonar es un camino dif\u00edcil, los cuidados paliativos pueden aliviar su carga y ayudarlo a lograr la mejor calidad de vida posible. Para m\u00e1s informaci\u00f3n, explora <a href=\"http:\/\/getpalliativecare.org\/es\/\">ObtengaCuidadosPaliativos.org<\/a>. <a href=\"https:\/\/getpalliativecare.org\/es\/rightforyou\/\">Haz la prueba<\/a> para saber si los cuidados paliativos son adecuados para usted. Y encuentre proveedores en su \u00e1rea visitando el <a href=\"https:\/\/getpalliativecare.org\/es\/providers\/\">Directorio de proveedores de cuidados paliativos<\/a>.<\/p>","protected":false},"excerpt":{"rendered":"<p>\u00bfQu\u00e9 es la fibrosis pulmonar? La fibrosis pulmonar es una enfermedad de los pulmones. El nombre significa &quot;cicatriz pulmonar&quot;, y describe lo que les sucede a las personas que la padecen. Cuanto m\u00e1s cicatrices quedan en los pulmones, m\u00e1s dif\u00edcil les resulta funcionar correctamente. Esto provoca dificultad para respirar. Los m\u00e9dicos no saben qu\u00e9 lo causa. Entendiendo los paliativos... <\/p>","protected":false},"author":1,"featured_media":0,"parent":46819,"menu_order":0,"comment_status":"closed","ping_status":"closed","template":"template-whatis.php","meta":{"_acf_changed":false,"footnotes":""},"class_list":["post-50110","page","type-page","status-publish","hentry"],"acf":[],"yoast_head":"<!-- This site is optimized with the Yoast SEO plugin v26.6 - https:\/\/yoast.com\/wordpress\/plugins\/seo\/ -->\n<title>Palliative Care and Pulmonary Fibrosis | Get Palliative Care<\/title>\n<meta name=\"description\" content=\"Palliative care is a specialty in medicine focused on treating the symptoms, pain and stress that accompany pulmonary fibrosis.\" \/>\n<meta name=\"robots\" content=\"index, follow, max-snippet:-1, max-image-preview:large, max-video-preview:-1\" \/>\n<link rel=\"canonical\" href=\"https:\/\/getpalliativecare.org\/es\/whatis\/disease-types\/pulmonary-fibrosis-and-palliative-care\/\" \/>\n<meta name=\"twitter:card\" content=\"summary_large_image\" \/>\n<meta name=\"twitter:title\" content=\"Palliative Care and Pulmonary Fibrosis | Get Palliative Care\" \/>\n<meta name=\"twitter:description\" content=\"Palliative care is a specialty in medicine focused on treating the symptoms, pain and stress that accompany pulmonary fibrosis.\" \/>\n<meta name=\"twitter:site\" content=\"@GetPalliative\" \/>\n<meta name=\"twitter:label1\" content=\"Tiempo de lectura\" \/>\n\t<meta name=\"twitter:data1\" content=\"2 minutos\" \/>\n<script type=\"application\/ld+json\" class=\"yoast-schema-graph\">{\"@context\":\"https:\/\/schema.org\",\"@graph\":[{\"@type\":\"WebPage\",\"@id\":\"https:\/\/getpalliativecare.org\/whatis\/disease-types\/pulmonary-fibrosis-and-palliative-care\/\",\"url\":\"https:\/\/getpalliativecare.org\/whatis\/disease-types\/pulmonary-fibrosis-and-palliative-care\/\",\"name\":\"Palliative Care and Pulmonary Fibrosis | Get Palliative Care\",\"isPartOf\":{\"@id\":\"https:\/\/getpalliativecare.org\/#website\"},\"datePublished\":\"2016-01-07T19:04:38+00:00\",\"dateModified\":\"2017-11-01T18:05:23+00:00\",\"description\":\"Palliative care is a specialty in medicine focused on treating the symptoms, pain and stress that accompany pulmonary fibrosis.\",\"breadcrumb\":{\"@id\":\"https:\/\/getpalliativecare.org\/whatis\/disease-types\/pulmonary-fibrosis-and-palliative-care\/#breadcrumb\"},\"inLanguage\":\"es\",\"potentialAction\":[{\"@type\":\"ReadAction\",\"target\":[\"https:\/\/getpalliativecare.org\/whatis\/disease-types\/pulmonary-fibrosis-and-palliative-care\/\"]}]},{\"@type\":\"BreadcrumbList\",\"@id\":\"https:\/\/getpalliativecare.org\/whatis\/disease-types\/pulmonary-fibrosis-and-palliative-care\/#breadcrumb\",\"itemListElement\":[{\"@type\":\"ListItem\",\"position\":1,\"name\":\"What is Palliative Care?\",\"item\":\"https:\/\/getpalliativecare.org\/whatis\/\"},{\"@type\":\"ListItem\",\"position\":2,\"name\":\"Disease Types and Palliative Care\",\"item\":\"https:\/\/getpalliativecare.org\/whatis\/disease-types\/\"},{\"@type\":\"ListItem\",\"position\":3,\"name\":\"Pulmonary Fibrosis and Palliative Care\"}]},{\"@type\":\"WebSite\",\"@id\":\"https:\/\/getpalliativecare.org\/#website\",\"url\":\"https:\/\/getpalliativecare.org\/\",\"name\":\"Get Palliative Care\",\"description\":\"Palliative care is specialized care focused on the pain, symptoms and stress of serious illness.  Find a hospital or medical center in your area that has a palliative care program.\",\"potentialAction\":[{\"@type\":\"SearchAction\",\"target\":{\"@type\":\"EntryPoint\",\"urlTemplate\":\"https:\/\/getpalliativecare.org\/?s={search_term_string}\"},\"query-input\":{\"@type\":\"PropertyValueSpecification\",\"valueRequired\":true,\"valueName\":\"search_term_string\"}}],\"inLanguage\":\"es\"}]}<\/script>\n<!-- \/ Yoast SEO plugin. -->","yoast_head_json":{"title":"Cuidados paliativos y fibrosis pulmonar | Reciba cuidados paliativos","description":"Los cuidados paliativos son una especialidad de la medicina centrada en el tratamiento de los s\u00edntomas, el dolor y el estr\u00e9s que acompa\u00f1an a la fibrosis pulmonar.","robots":{"index":"index","follow":"follow","max-snippet":"max-snippet:-1","max-image-preview":"max-image-preview:large","max-video-preview":"max-video-preview:-1"},"canonical":"https:\/\/getpalliativecare.org\/es\/whatis\/disease-types\/pulmonary-fibrosis-and-palliative-care\/","twitter_card":"summary_large_image","twitter_title":"Palliative Care and Pulmonary Fibrosis | Get Palliative Care","twitter_description":"Palliative care is a specialty in medicine focused on treating the symptoms, pain and stress that accompany pulmonary fibrosis.","twitter_site":"@GetPalliative","twitter_misc":{"Tiempo de lectura":"2 minutos"},"schema":{"@context":"https:\/\/schema.org","@graph":[{"@type":"WebPage","@id":"https:\/\/getpalliativecare.org\/whatis\/disease-types\/pulmonary-fibrosis-and-palliative-care\/","url":"https:\/\/getpalliativecare.org\/whatis\/disease-types\/pulmonary-fibrosis-and-palliative-care\/","name":"Cuidados paliativos y fibrosis pulmonar | Reciba cuidados paliativos","isPartOf":{"@id":"https:\/\/getpalliativecare.org\/#website"},"datePublished":"2016-01-07T19:04:38+00:00","dateModified":"2017-11-01T18:05:23+00:00","description":"Los cuidados paliativos son una especialidad de la medicina centrada en el tratamiento de los s\u00edntomas, el dolor y el estr\u00e9s que acompa\u00f1an a la fibrosis pulmonar.","breadcrumb":{"@id":"https:\/\/getpalliativecare.org\/whatis\/disease-types\/pulmonary-fibrosis-and-palliative-care\/#breadcrumb"},"inLanguage":"es","potentialAction":[{"@type":"ReadAction","target":["https:\/\/getpalliativecare.org\/whatis\/disease-types\/pulmonary-fibrosis-and-palliative-care\/"]}]},{"@type":"BreadcrumbList","@id":"https:\/\/getpalliativecare.org\/whatis\/disease-types\/pulmonary-fibrosis-and-palliative-care\/#breadcrumb","itemListElement":[{"@type":"ListItem","position":1,"name":"What is Palliative Care?","item":"https:\/\/getpalliativecare.org\/whatis\/"},{"@type":"ListItem","position":2,"name":"Disease Types and Palliative Care","item":"https:\/\/getpalliativecare.org\/whatis\/disease-types\/"},{"@type":"ListItem","position":3,"name":"Pulmonary Fibrosis and Palliative Care"}]},{"@type":"WebSite","@id":"https:\/\/getpalliativecare.org\/#website","url":"https:\/\/getpalliativecare.org\/","name":"Obtenga cuidados paliativos","description":"Los cuidados paliativos son cuidados especializados centrados en el dolor, los s\u00edntomas y el estr\u00e9s de una enfermedad grave. Encuentre un hospital o centro m\u00e9dico en su \u00e1rea que tenga un programa de cuidados paliativos.","potentialAction":[{"@type":"SearchAction","target":{"@type":"EntryPoint","urlTemplate":"https:\/\/getpalliativecare.org\/?s={search_term_string}"},"query-input":{"@type":"PropertyValueSpecification","valueRequired":true,"valueName":"search_term_string"}}],"inLanguage":"es"}]}},"_links":{"self":[{"href":"https:\/\/getpalliativecare.org\/es\/wp-json\/wp\/v2\/pages\/50110","targetHints":{"allow":["GET"]}}],"collection":[{"href":"https:\/\/getpalliativecare.org\/es\/wp-json\/wp\/v2\/pages"}],"about":[{"href":"https:\/\/getpalliativecare.org\/es\/wp-json\/wp\/v2\/types\/page"}],"author":[{"embeddable":true,"href":"https:\/\/getpalliativecare.org\/es\/wp-json\/wp\/v2\/users\/1"}],"replies":[{"embeddable":true,"href":"https:\/\/getpalliativecare.org\/es\/wp-json\/wp\/v2\/comments?post=50110"}],"version-history":[{"count":0,"href":"https:\/\/getpalliativecare.org\/es\/wp-json\/wp\/v2\/pages\/50110\/revisions"}],"up":[{"embeddable":true,"href":"https:\/\/getpalliativecare.org\/es\/wp-json\/wp\/v2\/pages\/46819"}],"wp:attachment":[{"href":"https:\/\/getpalliativecare.org\/es\/wp-json\/wp\/v2\/media?parent=50110"}],"curies":[{"name":"gracias","href":"https:\/\/api.w.org\/{rel}","templated":true}]}}