{"id":50107,"date":"2016-01-07T14:03:19","date_gmt":"2016-01-07T19:03:19","guid":{"rendered":"https:\/\/getpalliativecare.org\/?page_id=50107"},"modified":"2018-12-27T10:13:03","modified_gmt":"2018-12-27T15:13:03","slug":"bone-marrow-transplant-and-palliative-care","status":"publish","type":"page","link":"https:\/\/getpalliativecare.org\/es\/whatis\/disease-types\/bone-marrow-transplant-and-palliative-care\/","title":{"rendered":"Trasplante de m\u00e9dula \u00f3sea y cuidados paliativos"},"content":{"rendered":"<h2>\u00bfQu\u00e9 es el trasplante de m\u00e9dula \u00f3sea?<\/h2>\n<p>El trasplante de m\u00e9dula \u00f3sea es un tratamiento m\u00e9dico. No es una condici\u00f3n o trastorno m\u00e9dico. Los trasplantes de m\u00e9dula \u00f3sea se utilizan para tratar afecciones sangu\u00edneas como leucemia, linfoma y mieloma m\u00faltiple. Los trasplantes de m\u00e9dula \u00f3sea tambi\u00e9n se utilizan para tratar otros tipos de trastornos m\u00e9dicos agresivos.<\/p>\n<h2>Comprender los cuidados paliativos<\/h2>\n<p>Los cuidados paliativos (pronunciados \u201cpal-lee-uh-tiv\u201d) son atenci\u00f3n m\u00e9dica especializada para personas que viven con una enfermedad grave. El objetivo de los cuidados paliativos es mejorar la calidad de vida tanto del paciente como de la familia. Para ello, proporciona alivio de los s\u00edntomas y el estr\u00e9s de una enfermedad grave o de un tratamiento m\u00e9dico grave, como un trasplante de m\u00e9dula \u00f3sea.<\/p>\n<p>Los cuidados paliativos los brinda un equipo de especialistas en cuidados paliativos, que incluye m\u00e9dicos, enfermeras y trabajadores sociales. El equipo trabaja junto con sus otros m\u00e9dicos para brindarle un nivel adicional de apoyo.<\/p>\n<p>Los cuidados paliativos son apropiados a cualquier edad y en cualquier etapa de una enfermedad grave. Funciona de la mano del tratamiento curativo.<\/p>\n<h2>S\u00edntomas y tratamiento del trasplante de m\u00e9dula \u00f3sea: c\u00f3mo pueden ayudar los cuidados paliativos<\/h2>\n<p>Los trasplantes de m\u00e9dula \u00f3sea generalmente comienzan con una dosis alta de quimioterapia, radiaci\u00f3n o ambas. Este tratamiento mata las c\u00e9lulas cancerosas. Tambi\u00e9n mata todas las c\u00e9lulas sanas restantes de la m\u00e9dula \u00f3sea. El objetivo del trasplante de m\u00e9dula \u00f3sea es sustituir todas las c\u00e9lulas destruidas por c\u00e9lulas sanas.<\/p>\n<p>Algunas personas tienen pocos o leves efectos secundarios debido al trasplante de m\u00e9dula \u00f3sea. Pero otros pueden experimentar una amplia variedad de s\u00edntomas f\u00edsicos. Estos pueden incluir:<\/p>\n<ul>\n<li>Infecci\u00f3n<\/li>\n<li>Sangrado<\/li>\n<li>Dolor<\/li>\n<li>Debilidad<\/li>\n<li>Fatiga<\/li>\n<li>N\u00e1useas<\/li>\n<li>Insomnio<\/li>\n<li>Dificultad para respirar<\/li>\n<li>Ansiedad<\/li>\n<li>Depresi\u00f3n<\/li>\n<\/ul>\n<p>Una vez completado un trasplante de m\u00e9dula \u00f3sea, algunas personas experimentan una afecci\u00f3n llamada &quot;enfermedad de injerto contra hu\u00e9sped&quot;. Se trata de una afecci\u00f3n grave que provoca su propio conjunto de s\u00edntomas, y los cuidados paliativos tambi\u00e9n pueden ayudar.<\/p>\n<p>Nunca es f\u00e1cil pasar por un trasplante de m\u00e9dula \u00f3sea. Pero los cuidados paliativos est\u00e1n ah\u00ed para ayudarle incluso antes de que comience el proceso de trasplante de m\u00e9dula \u00f3sea. Algunos tratamientos de cuidados paliativos para trasplantes incluyen medicamentos que alivian el dolor, lo ayudan a dormir, controlan la dificultad para respirar y lo ayudan a relajarse.<\/p>\n<p>Los cuidados paliativos tambi\u00e9n tratan sus emociones ense\u00f1\u00e1ndole habilidades de afrontamiento y ayud\u00e1ndole a controlar su miedo o ansiedad. Est\u00e1 demostrado que los cuidados paliativos marcan una gran diferencia positiva en c\u00f3mo se siente.<\/p>\n<p>Enterarse de que necesita un trasplante de m\u00e9dula \u00f3sea puede resultar muy impactante. Y adaptarse a la idea tanto del tratamiento como de su afecci\u00f3n subyacente tambi\u00e9n puede resultar muy dif\u00edcil. Esto es cierto no s\u00f3lo para usted, sino tambi\u00e9n para su familia.<\/p>\n<p>Pero los especialistas en cuidados paliativos son expertos en el tratamiento de los s\u00edntomas del trasplante de m\u00e9dula \u00f3sea, as\u00ed como de los s\u00edntomas de su enfermedad o afecci\u00f3n. Por eso, su equipo de cuidados paliativos puede ayudarlo a usted y a su familia de muchas maneras. Pueden ayudarle a adaptarse a su diagn\u00f3stico. Pueden ayudarle a comprender informaci\u00f3n m\u00e9dica compleja. Y pueden ayudarle a adaptar sus opciones de tratamiento a sus necesidades y objetivos personales.<\/p>\n<p>Es importante recordar que su equipo de cuidados paliativos est\u00e1 a su disposici\u00f3n al 100 por ciento. Debido a que su equipo de cuidados paliativos estar\u00e1 con usted en cada paso del camino, lo ayudar\u00e1n a enfrentar los desaf\u00edos de someterse a un trasplante de m\u00e9dula \u00f3sea.<\/p>\n<h2>C\u00f3mo obtener cuidados paliativos<\/h2>\n<p>Si usted o un ser querido necesita un trasplante de m\u00e9dula \u00f3sea, p\u00eddale a su m\u00e9dico que lo derive a cuidados paliativos; cuanto antes, mejor. Puede recibir cuidados paliativos en el hospital, en una cl\u00ednica ambulatoria y, a veces, en casa.<\/p>\n<p>Los cuidados paliativos pueden aliviar la carga de pasar por un trasplante de m\u00e9dula \u00f3sea y pueden ayudarle a lograr la mejor calidad de vida posible. Para obtener m\u00e1s informaci\u00f3n, explore nuestro sitio,\u00a0<a href=\"http:\/\/getpalliativecare.org\/es\/\">ObtengaCuidadosPaliativos.org<\/a>. <a href=\"https:\/\/getpalliativecare.org\/es\/rightforyou\/\">Haz la prueba<\/a> para saber si los cuidados paliativos son adecuados para usted. Y encuentre proveedores en su \u00e1rea visitando nuestro\u00a0<a href=\"https:\/\/getpalliativecare.org\/es\/providers\/\">Directorio de proveedores de cuidados paliativos<\/a>.<\/p>","protected":false},"excerpt":{"rendered":"<p>\u00bfQu\u00e9 es el trasplante de m\u00e9dula \u00f3sea? El trasplante de m\u00e9dula \u00f3sea es un tratamiento m\u00e9dico. No es una condici\u00f3n o trastorno m\u00e9dico. Los trasplantes de m\u00e9dula \u00f3sea se utilizan para tratar afecciones sangu\u00edneas como leucemia, linfoma y mieloma m\u00faltiple. Los trasplantes de m\u00e9dula \u00f3sea tambi\u00e9n se utilizan para tratar otros tipos de trastornos m\u00e9dicos agresivos. Comprensi\u00f3n de los cuidados paliativos Paliativos (pronunciado \u201cpal-lee-uh-tiv\u201d)... <\/p>","protected":false},"author":1,"featured_media":0,"parent":46819,"menu_order":0,"comment_status":"closed","ping_status":"closed","template":"template-whatis.php","meta":{"_acf_changed":false,"footnotes":""},"class_list":["post-50107","page","type-page","status-publish","hentry"],"acf":[],"yoast_head":"<!-- This site is optimized with the Yoast SEO plugin v26.6 - https:\/\/yoast.com\/wordpress\/plugins\/seo\/ -->\n<title>Palliative Care and Bone Marrow Transplant | Get Palliative Care<\/title>\n<meta name=\"description\" content=\"Palliative care provides relief from the symptoms and stress of a serious medical treatment like Bone Marrow Transplant. Learn more at Get Palliative Care.\" \/>\n<meta name=\"robots\" content=\"index, follow, max-snippet:-1, max-image-preview:large, max-video-preview:-1\" \/>\n<link rel=\"canonical\" href=\"https:\/\/getpalliativecare.org\/es\/whatis\/disease-types\/bone-marrow-transplant-and-palliative-care\/\" \/>\n<meta name=\"twitter:card\" content=\"summary_large_image\" \/>\n<meta name=\"twitter:title\" content=\"Palliative Care and Bone Marrow Transplant | Get Palliative Care\" \/>\n<meta name=\"twitter:description\" content=\"Palliative care provides relief from the symptoms and stress of a serious medical treatment like Bone Marrow Transplant. Learn more at Get Palliative Care.\" \/>\n<meta name=\"twitter:site\" content=\"@GetPalliative\" \/>\n<meta name=\"twitter:label1\" content=\"Tiempo de lectura\" \/>\n\t<meta name=\"twitter:data1\" content=\"3 minutos\" \/>\n<script type=\"application\/ld+json\" class=\"yoast-schema-graph\">{\"@context\":\"https:\/\/schema.org\",\"@graph\":[{\"@type\":\"WebPage\",\"@id\":\"https:\/\/getpalliativecare.org\/whatis\/disease-types\/bone-marrow-transplant-and-palliative-care\/\",\"url\":\"https:\/\/getpalliativecare.org\/whatis\/disease-types\/bone-marrow-transplant-and-palliative-care\/\",\"name\":\"Palliative Care and Bone Marrow Transplant | Get Palliative Care\",\"isPartOf\":{\"@id\":\"https:\/\/getpalliativecare.org\/#website\"},\"datePublished\":\"2016-01-07T19:03:19+00:00\",\"dateModified\":\"2018-12-27T15:13:03+00:00\",\"description\":\"Palliative care provides relief from the symptoms and stress of a serious medical treatment like Bone Marrow Transplant. Learn more at Get Palliative Care.\",\"breadcrumb\":{\"@id\":\"https:\/\/getpalliativecare.org\/whatis\/disease-types\/bone-marrow-transplant-and-palliative-care\/#breadcrumb\"},\"inLanguage\":\"es\",\"potentialAction\":[{\"@type\":\"ReadAction\",\"target\":[\"https:\/\/getpalliativecare.org\/whatis\/disease-types\/bone-marrow-transplant-and-palliative-care\/\"]}]},{\"@type\":\"BreadcrumbList\",\"@id\":\"https:\/\/getpalliativecare.org\/whatis\/disease-types\/bone-marrow-transplant-and-palliative-care\/#breadcrumb\",\"itemListElement\":[{\"@type\":\"ListItem\",\"position\":1,\"name\":\"What is Palliative Care?\",\"item\":\"https:\/\/getpalliativecare.org\/whatis\/\"},{\"@type\":\"ListItem\",\"position\":2,\"name\":\"Disease Types and Palliative Care\",\"item\":\"https:\/\/getpalliativecare.org\/whatis\/disease-types\/\"},{\"@type\":\"ListItem\",\"position\":3,\"name\":\"Bone Marrow Transplant and Palliative Care\"}]},{\"@type\":\"WebSite\",\"@id\":\"https:\/\/getpalliativecare.org\/#website\",\"url\":\"https:\/\/getpalliativecare.org\/\",\"name\":\"Get Palliative Care\",\"description\":\"Palliative care is specialized care focused on the pain, symptoms and stress of serious illness.  Find a hospital or medical center in your area that has a palliative care program.\",\"potentialAction\":[{\"@type\":\"SearchAction\",\"target\":{\"@type\":\"EntryPoint\",\"urlTemplate\":\"https:\/\/getpalliativecare.org\/?s={search_term_string}\"},\"query-input\":{\"@type\":\"PropertyValueSpecification\",\"valueRequired\":true,\"valueName\":\"search_term_string\"}}],\"inLanguage\":\"es\"}]}<\/script>\n<!-- \/ Yoast SEO plugin. -->","yoast_head_json":{"title":"Cuidados paliativos y trasplante de m\u00e9dula \u00f3sea | Reciba cuidados paliativos","description":"Los cuidados paliativos alivian los s\u00edntomas y el estr\u00e9s de un tratamiento m\u00e9dico serio como un trasplante de m\u00e9dula \u00f3sea. Obtenga m\u00e1s informaci\u00f3n en Cuidados Paliativos.","robots":{"index":"index","follow":"follow","max-snippet":"max-snippet:-1","max-image-preview":"max-image-preview:large","max-video-preview":"max-video-preview:-1"},"canonical":"https:\/\/getpalliativecare.org\/es\/whatis\/disease-types\/bone-marrow-transplant-and-palliative-care\/","twitter_card":"summary_large_image","twitter_title":"Palliative Care and Bone Marrow Transplant | Get Palliative Care","twitter_description":"Palliative care provides relief from the symptoms and stress of a serious medical treatment like Bone Marrow Transplant. Learn more at Get Palliative Care.","twitter_site":"@GetPalliative","twitter_misc":{"Tiempo de lectura":"3 minutos"},"schema":{"@context":"https:\/\/schema.org","@graph":[{"@type":"WebPage","@id":"https:\/\/getpalliativecare.org\/whatis\/disease-types\/bone-marrow-transplant-and-palliative-care\/","url":"https:\/\/getpalliativecare.org\/whatis\/disease-types\/bone-marrow-transplant-and-palliative-care\/","name":"Cuidados paliativos y trasplante de m\u00e9dula \u00f3sea | Reciba cuidados paliativos","isPartOf":{"@id":"https:\/\/getpalliativecare.org\/#website"},"datePublished":"2016-01-07T19:03:19+00:00","dateModified":"2018-12-27T15:13:03+00:00","description":"Los cuidados paliativos alivian los s\u00edntomas y el estr\u00e9s de un tratamiento m\u00e9dico serio como un trasplante de m\u00e9dula \u00f3sea. Obtenga m\u00e1s informaci\u00f3n en Cuidados Paliativos.","breadcrumb":{"@id":"https:\/\/getpalliativecare.org\/whatis\/disease-types\/bone-marrow-transplant-and-palliative-care\/#breadcrumb"},"inLanguage":"es","potentialAction":[{"@type":"ReadAction","target":["https:\/\/getpalliativecare.org\/whatis\/disease-types\/bone-marrow-transplant-and-palliative-care\/"]}]},{"@type":"BreadcrumbList","@id":"https:\/\/getpalliativecare.org\/whatis\/disease-types\/bone-marrow-transplant-and-palliative-care\/#breadcrumb","itemListElement":[{"@type":"ListItem","position":1,"name":"What is Palliative Care?","item":"https:\/\/getpalliativecare.org\/whatis\/"},{"@type":"ListItem","position":2,"name":"Disease Types and Palliative Care","item":"https:\/\/getpalliativecare.org\/whatis\/disease-types\/"},{"@type":"ListItem","position":3,"name":"Bone Marrow Transplant and Palliative Care"}]},{"@type":"WebSite","@id":"https:\/\/getpalliativecare.org\/#website","url":"https:\/\/getpalliativecare.org\/","name":"Obtenga cuidados paliativos","description":"Los cuidados paliativos son cuidados especializados centrados en el dolor, los s\u00edntomas y el estr\u00e9s de una enfermedad grave. Encuentre un hospital o centro m\u00e9dico en su \u00e1rea que tenga un programa de cuidados paliativos.","potentialAction":[{"@type":"SearchAction","target":{"@type":"EntryPoint","urlTemplate":"https:\/\/getpalliativecare.org\/?s={search_term_string}"},"query-input":{"@type":"PropertyValueSpecification","valueRequired":true,"valueName":"search_term_string"}}],"inLanguage":"es"}]}},"_links":{"self":[{"href":"https:\/\/getpalliativecare.org\/es\/wp-json\/wp\/v2\/pages\/50107","targetHints":{"allow":["GET"]}}],"collection":[{"href":"https:\/\/getpalliativecare.org\/es\/wp-json\/wp\/v2\/pages"}],"about":[{"href":"https:\/\/getpalliativecare.org\/es\/wp-json\/wp\/v2\/types\/page"}],"author":[{"embeddable":true,"href":"https:\/\/getpalliativecare.org\/es\/wp-json\/wp\/v2\/users\/1"}],"replies":[{"embeddable":true,"href":"https:\/\/getpalliativecare.org\/es\/wp-json\/wp\/v2\/comments?post=50107"}],"version-history":[{"count":0,"href":"https:\/\/getpalliativecare.org\/es\/wp-json\/wp\/v2\/pages\/50107\/revisions"}],"up":[{"embeddable":true,"href":"https:\/\/getpalliativecare.org\/es\/wp-json\/wp\/v2\/pages\/46819"}],"wp:attachment":[{"href":"https:\/\/getpalliativecare.org\/es\/wp-json\/wp\/v2\/media?parent=50107"}],"curies":[{"name":"gracias","href":"https:\/\/api.w.org\/{rel}","templated":true}]}}