{"id":50105,"date":"2016-01-07T13:59:09","date_gmt":"2016-01-07T18:59:09","guid":{"rendered":"https:\/\/getpalliativecare.org\/?page_id=50105"},"modified":"2018-12-31T13:00:48","modified_gmt":"2018-12-31T18:00:48","slug":"huntingtons-disease-and-palliative-care","status":"publish","type":"page","link":"https:\/\/getpalliativecare.org\/es\/whatis\/disease-types\/huntingtons-disease-and-palliative-care\/","title":{"rendered":"Enfermedad de Huntington y cuidados paliativos"},"content":{"rendered":"<h2>\u00bfQu\u00e9 es la enfermedad de Huntington?<\/h2>\n<p>La enfermedad de Huntington es una enfermedad del sistema nervioso y del cerebro. A la enfermedad de Huntington a menudo se la llama la \u201cenfermedad familiar\u201d. Cada hijo de un padre con la enfermedad tiene una probabilidad del 50\/50 de contraerla. No hay forma de evitarlo.<\/p>\n<h2>Comprender los cuidados paliativos<\/h2>\n<p>Los cuidados paliativos (pronunciados \u201cpal-lee-uh-tiv\u201d) son atenci\u00f3n m\u00e9dica especializada para personas con una enfermedad grave como la enfermedad de Huntington. El objetivo de los cuidados paliativos es mejorar la calidad de vida tanto del paciente como de su familia. Lo hace proporcionando alivio de los s\u00edntomas y el estr\u00e9s de una enfermedad grave como la enfermedad de Huntington.<\/p>\n<p>Los cuidados paliativos los brinda un equipo de especialistas en cuidados paliativos, que incluye m\u00e9dicos, enfermeras y trabajadores sociales. El equipo trabaja junto con sus otros m\u00e9dicos para brindarle un nivel adicional de apoyo. Es apropiado a cualquier edad y en cualquier etapa de su enfermedad y puede recibirlo con todos los dem\u00e1s tratamientos.<\/p>\n<h2>S\u00edntomas y tratamiento de la enfermedad de Huntington: c\u00f3mo pueden ayudar los cuidados paliativos<\/h2>\n<p>Los s\u00edntomas de la enfermedad de Huntington pueden empeorar con el tiempo a medida que envejece. Los s\u00edntomas f\u00edsicos pueden incluir:<\/p>\n<ul>\n<li>Falta de cordinacion<\/li>\n<li>Movimientos en tus brazos, piernas o cuerpo que no puedes controlar.<\/li>\n<li>Sacudidas musculares dolorosas<\/li>\n<li>Problemas para tragar o respirar.<\/li>\n<\/ul>\n<p>La enfermedad de Huntington tambi\u00e9n puede causar trastornos mentales. Estos pueden incluir:<\/p>\n<ul>\n<li>Cambios de personalidad<\/li>\n<li>Cambios de humor<\/li>\n<li>Nerviosismo<\/li>\n<li>Demencia<\/li>\n<\/ul>\n<p>Los cuidados paliativos pueden marcar una gran diferencia. El equipo de cuidados paliativos puede controlar los s\u00edntomas y los efectos secundarios del tratamiento. Pueden proporcionarle medicamentos para aliviar los espasmos musculares, calmar el nerviosismo y controlar la dificultad para respirar. A veces, las sondas de alimentaci\u00f3n son necesarias para la nutrici\u00f3n si se dificulta la degluci\u00f3n.<\/p>\n<p>Los especialistas en cuidados paliativos son expertos en el tratamiento de los s\u00edntomas de la enfermedad de Huntington y los efectos secundarios de los tratamientos. Pueden ayudarlo a adaptarse, comprender informaci\u00f3n m\u00e9dica compleja y ayudarlo a adaptar sus opciones de tratamiento a sus necesidades y objetivos. Y dedicar\u00e1n todo el tiempo que sea necesario. Es importante recordar que su equipo de cuidados paliativos est\u00e1 disponible al 100 por ciento para usted y su familia.<\/p>\n<h2>C\u00f3mo obtener cuidados paliativos<\/h2>\n<p>P\u00eddale a su m\u00e9dico que lo derive a cuidados paliativos si usted o un ser querido padece la enfermedad de Huntington. Puede recibir cuidados paliativos en el hospital, en una cl\u00ednica ambulatoria y, a veces, en casa.<\/p>\n<p>Los cuidados paliativos pueden aliviar su carga y mejorar su calidad de vida. Para m\u00e1s informaci\u00f3n, explora <a href=\"http:\/\/getpalliativecare.org\/es\/\">ObtengaCuidadosPaliativos.org<\/a>. <a href=\"https:\/\/getpalliativecare.org\/es\/rightforyou\/\">Haz la prueba<\/a> para saber si los cuidados paliativos son adecuados para usted. Y encuentre proveedores en su \u00e1rea visitando el <a href=\"https:\/\/getpalliativecare.org\/es\/providers\/\">Directorio de proveedores de cuidados paliativos<\/a>.<\/p>","protected":false},"excerpt":{"rendered":"<p>\u00bfQu\u00e9 es la enfermedad de Huntington? La enfermedad de Huntington es una enfermedad del sistema nervioso y del cerebro. A la enfermedad de Huntington a menudo se la llama la \u201cenfermedad familiar\u201d. Cada hijo de un padre con la enfermedad tiene una probabilidad del 50\/50 de contraerla. No hay forma de evitarlo. Comprensi\u00f3n de los cuidados paliativos Los cuidados paliativos (pronunciados \u201cpal-lee-uh-tiv\u201d) son m\u00e9dicos especializados... <\/p>","protected":false},"author":1,"featured_media":0,"parent":46819,"menu_order":0,"comment_status":"closed","ping_status":"closed","template":"template-whatis.php","meta":{"_acf_changed":false,"footnotes":""},"class_list":["post-50105","page","type-page","status-publish","hentry"],"acf":[],"yoast_head":"<!-- This site is optimized with the Yoast SEO plugin v26.6 - https:\/\/yoast.com\/wordpress\/plugins\/seo\/ -->\n<title>Palliative Care and Huntington\u2019s Disease | Get Palliative Care<\/title>\n<meta name=\"description\" content=\"Palliative care is a specialty in medicine focused on treating the symptoms, pain and stress that accompany Huntington\u2019s Disease.\" \/>\n<meta name=\"robots\" content=\"index, follow, max-snippet:-1, max-image-preview:large, max-video-preview:-1\" \/>\n<link rel=\"canonical\" href=\"https:\/\/getpalliativecare.org\/es\/whatis\/disease-types\/huntingtons-disease-and-palliative-care\/\" \/>\n<meta name=\"twitter:card\" content=\"summary_large_image\" \/>\n<meta name=\"twitter:title\" content=\"Palliative Care and Huntington\u2019s Disease | Get Palliative Care\" \/>\n<meta name=\"twitter:description\" content=\"Palliative care is a specialty in medicine focused on treating the symptoms, pain and stress that accompany Huntington\u2019s Disease.\" \/>\n<meta name=\"twitter:site\" content=\"@GetPalliative\" \/>\n<meta name=\"twitter:label1\" content=\"Tiempo de lectura\" \/>\n\t<meta name=\"twitter:data1\" content=\"2 minutos\" \/>\n<script type=\"application\/ld+json\" class=\"yoast-schema-graph\">{\"@context\":\"https:\/\/schema.org\",\"@graph\":[{\"@type\":\"WebPage\",\"@id\":\"https:\/\/getpalliativecare.org\/whatis\/disease-types\/huntingtons-disease-and-palliative-care\/\",\"url\":\"https:\/\/getpalliativecare.org\/whatis\/disease-types\/huntingtons-disease-and-palliative-care\/\",\"name\":\"Palliative Care and Huntington\u2019s Disease | Get Palliative Care\",\"isPartOf\":{\"@id\":\"https:\/\/getpalliativecare.org\/#website\"},\"datePublished\":\"2016-01-07T18:59:09+00:00\",\"dateModified\":\"2018-12-31T18:00:48+00:00\",\"description\":\"Palliative care is a specialty in medicine focused on treating the symptoms, pain and stress that accompany Huntington\u2019s Disease.\",\"breadcrumb\":{\"@id\":\"https:\/\/getpalliativecare.org\/whatis\/disease-types\/huntingtons-disease-and-palliative-care\/#breadcrumb\"},\"inLanguage\":\"es\",\"potentialAction\":[{\"@type\":\"ReadAction\",\"target\":[\"https:\/\/getpalliativecare.org\/whatis\/disease-types\/huntingtons-disease-and-palliative-care\/\"]}]},{\"@type\":\"BreadcrumbList\",\"@id\":\"https:\/\/getpalliativecare.org\/whatis\/disease-types\/huntingtons-disease-and-palliative-care\/#breadcrumb\",\"itemListElement\":[{\"@type\":\"ListItem\",\"position\":1,\"name\":\"What is Palliative Care?\",\"item\":\"https:\/\/getpalliativecare.org\/whatis\/\"},{\"@type\":\"ListItem\",\"position\":2,\"name\":\"Disease Types and Palliative Care\",\"item\":\"https:\/\/getpalliativecare.org\/whatis\/disease-types\/\"},{\"@type\":\"ListItem\",\"position\":3,\"name\":\"Huntington\u2019s Disease and Palliative Care\"}]},{\"@type\":\"WebSite\",\"@id\":\"https:\/\/getpalliativecare.org\/#website\",\"url\":\"https:\/\/getpalliativecare.org\/\",\"name\":\"Get Palliative Care\",\"description\":\"Palliative care is specialized care focused on the pain, symptoms and stress of serious illness.  Find a hospital or medical center in your area that has a palliative care program.\",\"potentialAction\":[{\"@type\":\"SearchAction\",\"target\":{\"@type\":\"EntryPoint\",\"urlTemplate\":\"https:\/\/getpalliativecare.org\/?s={search_term_string}\"},\"query-input\":{\"@type\":\"PropertyValueSpecification\",\"valueRequired\":true,\"valueName\":\"search_term_string\"}}],\"inLanguage\":\"es\"}]}<\/script>\n<!-- \/ Yoast SEO plugin. -->","yoast_head_json":{"title":"Cuidados paliativos y enfermedad de Huntington | Reciba cuidados paliativos","description":"Los cuidados paliativos son una especialidad de la medicina centrada en el tratamiento de los s\u00edntomas, el dolor y el estr\u00e9s que acompa\u00f1an a la enfermedad de Huntington.","robots":{"index":"index","follow":"follow","max-snippet":"max-snippet:-1","max-image-preview":"max-image-preview:large","max-video-preview":"max-video-preview:-1"},"canonical":"https:\/\/getpalliativecare.org\/es\/whatis\/disease-types\/huntingtons-disease-and-palliative-care\/","twitter_card":"summary_large_image","twitter_title":"Palliative Care and Huntington\u2019s Disease | Get Palliative Care","twitter_description":"Palliative care is a specialty in medicine focused on treating the symptoms, pain and stress that accompany Huntington\u2019s Disease.","twitter_site":"@GetPalliative","twitter_misc":{"Tiempo de lectura":"2 minutos"},"schema":{"@context":"https:\/\/schema.org","@graph":[{"@type":"WebPage","@id":"https:\/\/getpalliativecare.org\/whatis\/disease-types\/huntingtons-disease-and-palliative-care\/","url":"https:\/\/getpalliativecare.org\/whatis\/disease-types\/huntingtons-disease-and-palliative-care\/","name":"Cuidados paliativos y enfermedad de Huntington | Reciba cuidados paliativos","isPartOf":{"@id":"https:\/\/getpalliativecare.org\/#website"},"datePublished":"2016-01-07T18:59:09+00:00","dateModified":"2018-12-31T18:00:48+00:00","description":"Los cuidados paliativos son una especialidad de la medicina centrada en el tratamiento de los s\u00edntomas, el dolor y el estr\u00e9s que acompa\u00f1an a la enfermedad de Huntington.","breadcrumb":{"@id":"https:\/\/getpalliativecare.org\/whatis\/disease-types\/huntingtons-disease-and-palliative-care\/#breadcrumb"},"inLanguage":"es","potentialAction":[{"@type":"ReadAction","target":["https:\/\/getpalliativecare.org\/whatis\/disease-types\/huntingtons-disease-and-palliative-care\/"]}]},{"@type":"BreadcrumbList","@id":"https:\/\/getpalliativecare.org\/whatis\/disease-types\/huntingtons-disease-and-palliative-care\/#breadcrumb","itemListElement":[{"@type":"ListItem","position":1,"name":"What is Palliative Care?","item":"https:\/\/getpalliativecare.org\/whatis\/"},{"@type":"ListItem","position":2,"name":"Disease Types and Palliative Care","item":"https:\/\/getpalliativecare.org\/whatis\/disease-types\/"},{"@type":"ListItem","position":3,"name":"Huntington\u2019s Disease and Palliative Care"}]},{"@type":"WebSite","@id":"https:\/\/getpalliativecare.org\/#website","url":"https:\/\/getpalliativecare.org\/","name":"Obtenga cuidados paliativos","description":"Los cuidados paliativos son cuidados especializados centrados en el dolor, los s\u00edntomas y el estr\u00e9s de una enfermedad grave. Encuentre un hospital o centro m\u00e9dico en su \u00e1rea que tenga un programa de cuidados paliativos.","potentialAction":[{"@type":"SearchAction","target":{"@type":"EntryPoint","urlTemplate":"https:\/\/getpalliativecare.org\/?s={search_term_string}"},"query-input":{"@type":"PropertyValueSpecification","valueRequired":true,"valueName":"search_term_string"}}],"inLanguage":"es"}]}},"_links":{"self":[{"href":"https:\/\/getpalliativecare.org\/es\/wp-json\/wp\/v2\/pages\/50105","targetHints":{"allow":["GET"]}}],"collection":[{"href":"https:\/\/getpalliativecare.org\/es\/wp-json\/wp\/v2\/pages"}],"about":[{"href":"https:\/\/getpalliativecare.org\/es\/wp-json\/wp\/v2\/types\/page"}],"author":[{"embeddable":true,"href":"https:\/\/getpalliativecare.org\/es\/wp-json\/wp\/v2\/users\/1"}],"replies":[{"embeddable":true,"href":"https:\/\/getpalliativecare.org\/es\/wp-json\/wp\/v2\/comments?post=50105"}],"version-history":[{"count":0,"href":"https:\/\/getpalliativecare.org\/es\/wp-json\/wp\/v2\/pages\/50105\/revisions"}],"up":[{"embeddable":true,"href":"https:\/\/getpalliativecare.org\/es\/wp-json\/wp\/v2\/pages\/46819"}],"wp:attachment":[{"href":"https:\/\/getpalliativecare.org\/es\/wp-json\/wp\/v2\/media?parent=50105"}],"curies":[{"name":"gracias","href":"https:\/\/api.w.org\/{rel}","templated":true}]}}