{"id":50102,"date":"2016-01-07T13:57:26","date_gmt":"2016-01-07T18:57:26","guid":{"rendered":"https:\/\/getpalliativecare.org\/?page_id=50102"},"modified":"2017-11-01T14:06:58","modified_gmt":"2017-11-01T18:06:58","slug":"sickle-cell-anemia-and-palliative-care","status":"publish","type":"page","link":"https:\/\/getpalliativecare.org\/es\/whatis\/disease-types\/sickle-cell-anemia-and-palliative-care\/","title":{"rendered":"Anemia falciforme y cuidados paliativos"},"content":{"rendered":"<h2>\u00bfQu\u00e9 es la anemia falciforme?<\/h2>\n<p>La anemia de c\u00e9lulas falciformes es una afecci\u00f3n sangu\u00ednea que afecta a los gl\u00f3bulos rojos. As\u00ed es como funciona:<\/p>\n<ul>\n<li>Los gl\u00f3bulos rojos contienen hemoglobina. La funci\u00f3n de la hemoglobina es transportar ox\u00edgeno por todo el cuerpo.<\/li>\n<li>Los gl\u00f3bulos rojos sanos son redondos, como una rosquilla. Pero los gl\u00f3bulos rojos de las personas con anemia falciforme pueden ser irregulares, a veces con forma de \u201choz\u201d o media luna.<\/li>\n<li>Las c\u00e9lulas falciformes impiden que el ox\u00edgeno fluya correctamente por todo el cuerpo. El flujo sangu\u00edneo deficiente provoca inflamaci\u00f3n y dolor.<\/li>\n<\/ul>\n<p>La anemia falciforme la transmiten tus padres. Ambos padres de una persona con anemia falciforme son portadores del gen que la causa. Pero es posible que ninguno de los padres padezca la enfermedad. La anemia falciforme es mucho m\u00e1s com\u00fan entre los afroamericanos. No hay forma de evitarlo.<\/p>\n<h2>Comprender los cuidados paliativos<\/h2>\n<p>Los cuidados paliativos (pronunciados \u201cpal-lee-uh-tiv\u201d) son atenci\u00f3n m\u00e9dica especializada para personas con enfermedades graves. El objetivo de los cuidados paliativos es mejorar la calidad de vida tanto del paciente como de su familia. Para ello, proporciona alivio de los s\u00edntomas, el dolor y el estr\u00e9s de una enfermedad grave como la anemia falciforme.<\/p>\n<p>Los cuidados paliativos los brinda un equipo de especialistas en cuidados paliativos, que incluye m\u00e9dicos, enfermeras y trabajadores sociales que trabajan junto con sus otros m\u00e9dicos para brindar un nivel adicional de apoyo. Es apropiado a cualquier edad y en cualquier etapa de una enfermedad grave. Los cuidados paliativos van de la mano del tratamiento curativo.<\/p>\n<h2>S\u00edntomas y tratamiento de la anemia falciforme: c\u00f3mo pueden ayudar los cuidados paliativos<\/h2>\n<p>La anemia de c\u00e9lulas falciformes generalmente comienza a mostrar s\u00edntomas en la ni\u00f1ez, generalmente entre las edades de cinco y 15 a\u00f1os. La mayor\u00eda de los pacientes no son diagnosticados hasta que comienzan a tener s\u00edntomas como dolor. La mayor\u00eda de las personas comienzan a sentir dolor en el abdomen, las caderas, las rodillas y los codos.<\/p>\n<p>A veces, los s\u00edntomas de dolor de la anemia falciforme aparecen lentamente. Pero normalmente aparecen de repente. Cuando lo hacen, los m\u00e9dicos lo llaman &quot;crisis de dolor&quot;. Una crisis de dolor grave puede requerir hospitalizaci\u00f3n hasta que el dolor est\u00e9 bajo control.<\/p>\n<p>No es f\u00e1cil lidiar con la anemia falciforme. Pero los cuidados paliativos est\u00e1n ah\u00ed para ayudar. Algunos tratamientos de cuidados paliativos para la anemia falciforme incluyen medicamentos, t\u00e9cnicas y cambios en el estilo de vida que pueden aliviar el dolor, ayudarle a dormir y relajarse. Est\u00e1 demostrado que los cuidados paliativos marcan una gran diferencia positiva en c\u00f3mo se siente.<\/p>\n<p>Debido a que la enfermedad comienza en la ni\u00f1ez, saber que usted o su hijo tienen anemia falciforme puede ser muy impactante. Y adaptarse a la idea de vivir con una enfermedad cr\u00f3nica tambi\u00e9n puede resultar muy dif\u00edcil.<\/p>\n<p>Pero los especialistas en cuidados paliativos son expertos en el tratamiento de los s\u00edntomas de afecciones como la anemia falciforme y los efectos secundarios del tratamiento. Pero tambi\u00e9n pueden ayudarle a adaptarse a su condici\u00f3n. Pueden ayudarle a comprender informaci\u00f3n m\u00e9dica complicada. Pueden ayudarle a adaptar las opciones de tratamiento a sus necesidades y objetivos personales. Pueden ayudarle a controlar su miedo y ansiedad. Y pueden ayudarle a usted y a su familia a aprender c\u00f3mo vivir una vida \u201cnormal\u201d, ya sea en el patio de la escuela, en el trabajo, en el hogar o en las relaciones. Es importante recordar que su equipo de cuidados paliativos est\u00e1 a su disposici\u00f3n al 100 por ciento.<\/p>\n<h2>C\u00f3mo obtener cuidados paliativos<\/h2>\n<p>Si usted o un ser querido tiene anemia falciforme, p\u00eddale a su m\u00e9dico que lo derive a cuidados paliativos; cuanto antes, mejor. Puede recibir cuidados paliativos en el hospital, en una cl\u00ednica ambulatoria y, a veces, en casa.<\/p>\n<p>Aunque vivir con anemia falciforme es un camino dif\u00edcil, los cuidados paliativos pueden aliviar su carga y ayudarle a lograr la mejor calidad de vida posible. Para m\u00e1s informaci\u00f3n, explora <a href=\"http:\/\/getpalliativecare.org\/es\/\">ObtengaCuidadosPaliativos.org<\/a>. <a href=\"https:\/\/getpalliativecare.org\/es\/rightforyou\/\">Haz la prueba<\/a> para saber si los cuidados paliativos son adecuados para usted. Y encuentre proveedores en su \u00e1rea visitando el <a href=\"https:\/\/getpalliativecare.org\/es\/providers\/\">Directorio de proveedores de cuidados paliativos<\/a>.<\/p>","protected":false},"excerpt":{"rendered":"<p>\u00bfQu\u00e9 es la anemia falciforme? La anemia de c\u00e9lulas falciformes es una afecci\u00f3n sangu\u00ednea que afecta a los gl\u00f3bulos rojos. As\u00ed es como funciona: los gl\u00f3bulos rojos contienen hemoglobina. La funci\u00f3n de la hemoglobina es transportar ox\u00edgeno por todo el cuerpo. Los gl\u00f3bulos rojos sanos son redondos, como una rosquilla. Pero los gl\u00f3bulos rojos de las personas con anemia falciforme... <\/p>","protected":false},"author":1,"featured_media":0,"parent":46819,"menu_order":0,"comment_status":"closed","ping_status":"closed","template":"template-whatis.php","meta":{"_acf_changed":false,"footnotes":""},"class_list":["post-50102","page","type-page","status-publish","hentry"],"acf":[],"yoast_head":"<!-- This site is optimized with the Yoast SEO plugin v26.6 - https:\/\/yoast.com\/wordpress\/plugins\/seo\/ -->\n<title>Palliative Care and Sickle Cell Anemia | Get Palliative Care<\/title>\n<meta name=\"description\" content=\"Palliative care is a specialty in medicine focused on treating the symptoms, pain and stress that accompany sickle cell anemia.\" \/>\n<meta name=\"robots\" content=\"index, follow, max-snippet:-1, max-image-preview:large, max-video-preview:-1\" \/>\n<link rel=\"canonical\" href=\"https:\/\/getpalliativecare.org\/es\/whatis\/disease-types\/sickle-cell-anemia-and-palliative-care\/\" \/>\n<meta name=\"twitter:card\" content=\"summary_large_image\" \/>\n<meta name=\"twitter:title\" content=\"Palliative Care and Sickle Cell Anemia | Get Palliative Care\" \/>\n<meta name=\"twitter:description\" content=\"Palliative care is a specialty in medicine focused on treating the symptoms, pain and stress that accompany sickle cell anemia.\" \/>\n<meta name=\"twitter:site\" content=\"@GetPalliative\" \/>\n<meta name=\"twitter:label1\" content=\"Tiempo de lectura\" \/>\n\t<meta name=\"twitter:data1\" content=\"3 minutos\" \/>\n<script type=\"application\/ld+json\" class=\"yoast-schema-graph\">{\"@context\":\"https:\/\/schema.org\",\"@graph\":[{\"@type\":\"WebPage\",\"@id\":\"https:\/\/getpalliativecare.org\/whatis\/disease-types\/sickle-cell-anemia-and-palliative-care\/\",\"url\":\"https:\/\/getpalliativecare.org\/whatis\/disease-types\/sickle-cell-anemia-and-palliative-care\/\",\"name\":\"Palliative Care and Sickle Cell Anemia | Get Palliative Care\",\"isPartOf\":{\"@id\":\"https:\/\/getpalliativecare.org\/#website\"},\"datePublished\":\"2016-01-07T18:57:26+00:00\",\"dateModified\":\"2017-11-01T18:06:58+00:00\",\"description\":\"Palliative care is a specialty in medicine focused on treating the symptoms, pain and stress that accompany sickle cell anemia.\",\"breadcrumb\":{\"@id\":\"https:\/\/getpalliativecare.org\/whatis\/disease-types\/sickle-cell-anemia-and-palliative-care\/#breadcrumb\"},\"inLanguage\":\"es\",\"potentialAction\":[{\"@type\":\"ReadAction\",\"target\":[\"https:\/\/getpalliativecare.org\/whatis\/disease-types\/sickle-cell-anemia-and-palliative-care\/\"]}]},{\"@type\":\"BreadcrumbList\",\"@id\":\"https:\/\/getpalliativecare.org\/whatis\/disease-types\/sickle-cell-anemia-and-palliative-care\/#breadcrumb\",\"itemListElement\":[{\"@type\":\"ListItem\",\"position\":1,\"name\":\"What is Palliative Care?\",\"item\":\"https:\/\/getpalliativecare.org\/whatis\/\"},{\"@type\":\"ListItem\",\"position\":2,\"name\":\"Disease Types and Palliative Care\",\"item\":\"https:\/\/getpalliativecare.org\/whatis\/disease-types\/\"},{\"@type\":\"ListItem\",\"position\":3,\"name\":\"Sickle Cell Anemia and Palliative Care\"}]},{\"@type\":\"WebSite\",\"@id\":\"https:\/\/getpalliativecare.org\/#website\",\"url\":\"https:\/\/getpalliativecare.org\/\",\"name\":\"Get Palliative Care\",\"description\":\"Palliative care is specialized care focused on the pain, symptoms and stress of serious illness.  Find a hospital or medical center in your area that has a palliative care program.\",\"potentialAction\":[{\"@type\":\"SearchAction\",\"target\":{\"@type\":\"EntryPoint\",\"urlTemplate\":\"https:\/\/getpalliativecare.org\/?s={search_term_string}\"},\"query-input\":{\"@type\":\"PropertyValueSpecification\",\"valueRequired\":true,\"valueName\":\"search_term_string\"}}],\"inLanguage\":\"es\"}]}<\/script>\n<!-- \/ Yoast SEO plugin. -->","yoast_head_json":{"title":"Cuidados paliativos y anemia de c\u00e9lulas falciformes | Reciba cuidados paliativos","description":"Los cuidados paliativos son una especialidad de la medicina centrada en el tratamiento de los s\u00edntomas, el dolor y el estr\u00e9s que acompa\u00f1an a la anemia de c\u00e9lulas falciformes.","robots":{"index":"index","follow":"follow","max-snippet":"max-snippet:-1","max-image-preview":"max-image-preview:large","max-video-preview":"max-video-preview:-1"},"canonical":"https:\/\/getpalliativecare.org\/es\/whatis\/disease-types\/sickle-cell-anemia-and-palliative-care\/","twitter_card":"summary_large_image","twitter_title":"Palliative Care and Sickle Cell Anemia | Get Palliative Care","twitter_description":"Palliative care is a specialty in medicine focused on treating the symptoms, pain and stress that accompany sickle cell anemia.","twitter_site":"@GetPalliative","twitter_misc":{"Tiempo de lectura":"3 minutos"},"schema":{"@context":"https:\/\/schema.org","@graph":[{"@type":"WebPage","@id":"https:\/\/getpalliativecare.org\/whatis\/disease-types\/sickle-cell-anemia-and-palliative-care\/","url":"https:\/\/getpalliativecare.org\/whatis\/disease-types\/sickle-cell-anemia-and-palliative-care\/","name":"Cuidados paliativos y anemia de c\u00e9lulas falciformes | Reciba cuidados paliativos","isPartOf":{"@id":"https:\/\/getpalliativecare.org\/#website"},"datePublished":"2016-01-07T18:57:26+00:00","dateModified":"2017-11-01T18:06:58+00:00","description":"Los cuidados paliativos son una especialidad de la medicina centrada en el tratamiento de los s\u00edntomas, el dolor y el estr\u00e9s que acompa\u00f1an a la anemia de c\u00e9lulas falciformes.","breadcrumb":{"@id":"https:\/\/getpalliativecare.org\/whatis\/disease-types\/sickle-cell-anemia-and-palliative-care\/#breadcrumb"},"inLanguage":"es","potentialAction":[{"@type":"ReadAction","target":["https:\/\/getpalliativecare.org\/whatis\/disease-types\/sickle-cell-anemia-and-palliative-care\/"]}]},{"@type":"BreadcrumbList","@id":"https:\/\/getpalliativecare.org\/whatis\/disease-types\/sickle-cell-anemia-and-palliative-care\/#breadcrumb","itemListElement":[{"@type":"ListItem","position":1,"name":"What is Palliative Care?","item":"https:\/\/getpalliativecare.org\/whatis\/"},{"@type":"ListItem","position":2,"name":"Disease Types and Palliative Care","item":"https:\/\/getpalliativecare.org\/whatis\/disease-types\/"},{"@type":"ListItem","position":3,"name":"Sickle Cell Anemia and Palliative Care"}]},{"@type":"WebSite","@id":"https:\/\/getpalliativecare.org\/#website","url":"https:\/\/getpalliativecare.org\/","name":"Obtenga cuidados paliativos","description":"Los cuidados paliativos son cuidados especializados centrados en el dolor, los s\u00edntomas y el estr\u00e9s de una enfermedad grave. Encuentre un hospital o centro m\u00e9dico en su \u00e1rea que tenga un programa de cuidados paliativos.","potentialAction":[{"@type":"SearchAction","target":{"@type":"EntryPoint","urlTemplate":"https:\/\/getpalliativecare.org\/?s={search_term_string}"},"query-input":{"@type":"PropertyValueSpecification","valueRequired":true,"valueName":"search_term_string"}}],"inLanguage":"es"}]}},"_links":{"self":[{"href":"https:\/\/getpalliativecare.org\/es\/wp-json\/wp\/v2\/pages\/50102","targetHints":{"allow":["GET"]}}],"collection":[{"href":"https:\/\/getpalliativecare.org\/es\/wp-json\/wp\/v2\/pages"}],"about":[{"href":"https:\/\/getpalliativecare.org\/es\/wp-json\/wp\/v2\/types\/page"}],"author":[{"embeddable":true,"href":"https:\/\/getpalliativecare.org\/es\/wp-json\/wp\/v2\/users\/1"}],"replies":[{"embeddable":true,"href":"https:\/\/getpalliativecare.org\/es\/wp-json\/wp\/v2\/comments?post=50102"}],"version-history":[{"count":0,"href":"https:\/\/getpalliativecare.org\/es\/wp-json\/wp\/v2\/pages\/50102\/revisions"}],"up":[{"embeddable":true,"href":"https:\/\/getpalliativecare.org\/es\/wp-json\/wp\/v2\/pages\/46819"}],"wp:attachment":[{"href":"https:\/\/getpalliativecare.org\/es\/wp-json\/wp\/v2\/media?parent=50102"}],"curies":[{"name":"gracias","href":"https:\/\/api.w.org\/{rel}","templated":true}]}}