{"id":47075,"date":"2014-10-30T11:19:13","date_gmt":"2014-10-30T15:19:13","guid":{"rendered":"http:\/\/getpalliativecare.org\/?page_id=47075"},"modified":"2018-04-30T14:31:29","modified_gmt":"2018-04-30T18:31:29","slug":"find-a-palliative-care-team","status":"publish","type":"page","link":"https:\/\/getpalliativecare.org\/es\/howtoget\/find-a-palliative-care-team\/","title":{"rendered":"Directorio de proveedores de cuidados paliativos"},"content":{"rendered":"<p>El Directorio de proveedores de cuidados paliativos es un recurso para ayudarle a usted o a un ser querido a localizar cuidados paliativos en su \u00e1rea. Incluye todos los programas que se han incluido con nosotros. Comun\u00edquese directamente con el programa de cuidados paliativos para confirmar la elegibilidad.<\/p>","protected":false},"excerpt":{"rendered":"<p>El Directorio de proveedores de cuidados paliativos es un recurso para ayudarle a usted o a un ser querido a localizar cuidados paliativos en su \u00e1rea. Incluye todos los programas que se han incluido con nosotros. Comun\u00edquese directamente con el programa de cuidados paliativos para confirmar la elegibilidad.<\/p>","protected":false},"author":1,"featured_media":0,"parent":43540,"menu_order":0,"comment_status":"closed","ping_status":"closed","template":"template-howtoget.php","meta":{"_acf_changed":false,"footnotes":""},"class_list":["post-47075","page","type-page","status-publish","hentry"],"acf":[],"yoast_head":"<!-- This site is optimized with the Yoast SEO plugin v26.6 - https:\/\/yoast.com\/wordpress\/plugins\/seo\/ -->\n<title>Palliative Care Provider Directory | Get Palliative Care<\/title>\n<meta name=\"description\" content=\"The Palliative Care Provider Directory is a resource to help you or a loved one locate a hospital in your area that provides a palliative care team.\" \/>\n<meta name=\"robots\" content=\"index, follow, max-snippet:-1, max-image-preview:large, max-video-preview:-1\" \/>\n<link rel=\"canonical\" href=\"https:\/\/getpalliativecare.org\/es\/howtoget\/find-a-palliative-care-team\/\" \/>\n<meta name=\"twitter:card\" content=\"summary_large_image\" \/>\n<meta name=\"twitter:title\" content=\"Palliative Care Provider Directory | Get Palliative Care\" \/>\n<meta name=\"twitter:description\" content=\"The Palliative Care Provider Directory is a resource to help you or a loved one locate a hospital in your area that provides a palliative care team.\" \/>\n<meta name=\"twitter:site\" content=\"@GetPalliative\" \/>\n<script type=\"application\/ld+json\" class=\"yoast-schema-graph\">{\"@context\":\"https:\/\/schema.org\",\"@graph\":[{\"@type\":\"WebPage\",\"@id\":\"https:\/\/getpalliativecare.org\/howtoget\/find-a-palliative-care-team\/\",\"url\":\"https:\/\/getpalliativecare.org\/howtoget\/find-a-palliative-care-team\/\",\"name\":\"Palliative Care Provider Directory | Get Palliative Care\",\"isPartOf\":{\"@id\":\"https:\/\/getpalliativecare.org\/#website\"},\"datePublished\":\"2014-10-30T15:19:13+00:00\",\"dateModified\":\"2018-04-30T18:31:29+00:00\",\"description\":\"The Palliative Care Provider Directory is a resource to help you or a loved one locate a hospital in your area that provides a palliative care team.\",\"breadcrumb\":{\"@id\":\"https:\/\/getpalliativecare.org\/howtoget\/find-a-palliative-care-team\/#breadcrumb\"},\"inLanguage\":\"es\",\"potentialAction\":[{\"@type\":\"ReadAction\",\"target\":[\"https:\/\/getpalliativecare.org\/howtoget\/find-a-palliative-care-team\/\"]}]},{\"@type\":\"BreadcrumbList\",\"@id\":\"https:\/\/getpalliativecare.org\/howtoget\/find-a-palliative-care-team\/#breadcrumb\",\"itemListElement\":[{\"@type\":\"ListItem\",\"position\":1,\"name\":\"How to Get Palliative Care?\",\"item\":\"https:\/\/getpalliativecare.org\/howtoget\/\"},{\"@type\":\"ListItem\",\"position\":2,\"name\":\"Palliative Care Provider Directory\"}]},{\"@type\":\"WebSite\",\"@id\":\"https:\/\/getpalliativecare.org\/#website\",\"url\":\"https:\/\/getpalliativecare.org\/\",\"name\":\"Get Palliative Care\",\"description\":\"Palliative care is specialized care focused on the pain, symptoms and stress of serious illness.  Find a hospital or medical center in your area that has a palliative care program.\",\"potentialAction\":[{\"@type\":\"SearchAction\",\"target\":{\"@type\":\"EntryPoint\",\"urlTemplate\":\"https:\/\/getpalliativecare.org\/?s={search_term_string}\"},\"query-input\":{\"@type\":\"PropertyValueSpecification\",\"valueRequired\":true,\"valueName\":\"search_term_string\"}}],\"inLanguage\":\"es\"}]}<\/script>\n<!-- \/ Yoast SEO plugin. -->","yoast_head_json":{"title":"Directorio de proveedores de cuidados paliativos | Obtenga cuidados paliativos","description":"El Directorio de proveedores de cuidados paliativos es un recurso para ayudarlo a usted o a un ser querido a localizar un hospital en su \u00e1rea que brinde un equipo de cuidados paliativos.","robots":{"index":"index","follow":"follow","max-snippet":"max-snippet:-1","max-image-preview":"max-image-preview:large","max-video-preview":"max-video-preview:-1"},"canonical":"https:\/\/getpalliativecare.org\/es\/howtoget\/find-a-palliative-care-team\/","twitter_card":"summary_large_image","twitter_title":"Palliative Care Provider Directory | Get Palliative Care","twitter_description":"The Palliative Care Provider Directory is a resource to help you or a loved one locate a hospital in your area that provides a palliative care team.","twitter_site":"@GetPalliative","schema":{"@context":"https:\/\/schema.org","@graph":[{"@type":"WebPage","@id":"https:\/\/getpalliativecare.org\/howtoget\/find-a-palliative-care-team\/","url":"https:\/\/getpalliativecare.org\/howtoget\/find-a-palliative-care-team\/","name":"Directorio de proveedores de cuidados paliativos | Obtenga cuidados paliativos","isPartOf":{"@id":"https:\/\/getpalliativecare.org\/#website"},"datePublished":"2014-10-30T15:19:13+00:00","dateModified":"2018-04-30T18:31:29+00:00","description":"El Directorio de proveedores de cuidados paliativos es un recurso para ayudarlo a usted o a un ser querido a localizar un hospital en su \u00e1rea que brinde un equipo de cuidados paliativos.","breadcrumb":{"@id":"https:\/\/getpalliativecare.org\/howtoget\/find-a-palliative-care-team\/#breadcrumb"},"inLanguage":"es","potentialAction":[{"@type":"ReadAction","target":["https:\/\/getpalliativecare.org\/howtoget\/find-a-palliative-care-team\/"]}]},{"@type":"BreadcrumbList","@id":"https:\/\/getpalliativecare.org\/howtoget\/find-a-palliative-care-team\/#breadcrumb","itemListElement":[{"@type":"ListItem","position":1,"name":"How to Get Palliative Care?","item":"https:\/\/getpalliativecare.org\/howtoget\/"},{"@type":"ListItem","position":2,"name":"Palliative Care Provider Directory"}]},{"@type":"WebSite","@id":"https:\/\/getpalliativecare.org\/#website","url":"https:\/\/getpalliativecare.org\/","name":"Obtenga cuidados paliativos","description":"Los cuidados paliativos son cuidados especializados centrados en el dolor, los s\u00edntomas y el estr\u00e9s de una enfermedad grave. Encuentre un hospital o centro m\u00e9dico en su \u00e1rea que tenga un programa de cuidados paliativos.","potentialAction":[{"@type":"SearchAction","target":{"@type":"EntryPoint","urlTemplate":"https:\/\/getpalliativecare.org\/?s={search_term_string}"},"query-input":{"@type":"PropertyValueSpecification","valueRequired":true,"valueName":"search_term_string"}}],"inLanguage":"es"}]}},"_links":{"self":[{"href":"https:\/\/getpalliativecare.org\/es\/wp-json\/wp\/v2\/pages\/47075","targetHints":{"allow":["GET"]}}],"collection":[{"href":"https:\/\/getpalliativecare.org\/es\/wp-json\/wp\/v2\/pages"}],"about":[{"href":"https:\/\/getpalliativecare.org\/es\/wp-json\/wp\/v2\/types\/page"}],"author":[{"embeddable":true,"href":"https:\/\/getpalliativecare.org\/es\/wp-json\/wp\/v2\/users\/1"}],"replies":[{"embeddable":true,"href":"https:\/\/getpalliativecare.org\/es\/wp-json\/wp\/v2\/comments?post=47075"}],"version-history":[{"count":0,"href":"https:\/\/getpalliativecare.org\/es\/wp-json\/wp\/v2\/pages\/47075\/revisions"}],"up":[{"embeddable":true,"href":"https:\/\/getpalliativecare.org\/es\/wp-json\/wp\/v2\/pages\/43540"}],"wp:attachment":[{"href":"https:\/\/getpalliativecare.org\/es\/wp-json\/wp\/v2\/media?parent=47075"}],"curies":[{"name":"gracias","href":"https:\/\/api.w.org\/{rel}","templated":true}]}}