{"id":47063,"date":"2014-10-15T17:10:10","date_gmt":"2014-10-15T21:10:10","guid":{"rendered":"http:\/\/getpalliativecare.org\/?page_id=47063"},"modified":"2023-11-21T13:01:23","modified_gmt":"2023-11-21T18:01:23","slug":"capc-privacy-policy","status":"publish","type":"page","link":"https:\/\/getpalliativecare.org\/es\/capc-privacy-policy\/","title":{"rendered":"Pol\u00edtica de privacidad de CAPC"},"content":{"rendered":"<p>El Center to Advance Palliative Care (CAPC) se compromete a respetar la privacidad y seguridad de todos los visitantes del sitio web www.getpalliativecare.org. Reconocemos que cuando elige proporcionarnos informaci\u00f3n sobre usted y su instituci\u00f3n, conf\u00eda en nosotros para proteger su privacidad. Al utilizar los sitios web de CAPC, incluidos <a href=\"https:\/\/getpalliativecare.org\/es\/\">www.getpalliativecare.org<\/a>, usted acepta el uso de la informaci\u00f3n que proporciona, como se describe a continuaci\u00f3n.<\/p>\n<p><strong>Tipos de informaci\u00f3n solicitada<\/strong><\/p>\n<p>Al registrarse en nuestro blog u otras comunicaciones electr\u00f3nicas, se recopilar\u00e1 su direcci\u00f3n de correo electr\u00f3nico.<\/p>\n<p><strong>C\u00f3mo se utiliza su informaci\u00f3n<\/strong><\/p>\n<p>CAPC utilizar\u00e1 las direcciones de correo electr\u00f3nico proporcionadas por los solicitantes para notificarles sobre noticias, actualizaciones o pr\u00f3ximos eventos. Los solicitantes que no deseen recibir dichas notificaciones por correo electr\u00f3nico pueden optar por no recibir dicha informaci\u00f3n cancelando su suscripci\u00f3n al blog, o pueden comunicarse con CAPC en\u00a0<a href=\"mailto:capc@mssm.edu\"><strong>capc@mssm.edu<\/strong><\/a>. Las direcciones de correo electr\u00f3nico no se comparten. Los datos de visitantes no identificables pueden usarse en conjunto para ayudar a dar forma a la estrategia, dise\u00f1ar contenido y evaluar la efectividad de CAPC.<\/p>\n<p><strong>Galletas<\/strong><\/p>\n<p>Utilizamos cookies en nuestro sitio para respaldar nuestros m\u00faltiples niveles de acceso al sitio web de CAPC. Tambi\u00e9n utilizamos cookies para comprender mejor c\u00f3mo nuestros visitantes utilizan el sitio. Una &quot;cookie&quot; es un archivo de texto almacenado en el disco duro del usuario que contiene informaci\u00f3n sobre el usuario. Esta informaci\u00f3n nos ayuda a controlar estad\u00edsticamente cu\u00e1ntas personas utilizan nuestro sitio y con qu\u00e9 prop\u00f3sito.<\/p>\n<p><strong>Correo electr\u00f3nico<\/strong><\/p>\n<p>Es posible que los mensajes que nos env\u00ede por correo electr\u00f3nico no sean seguros. CAPC sugiere que no nos env\u00ede ninguna informaci\u00f3n confidencial por correo electr\u00f3nico. Si elige enviarnos informaci\u00f3n confidencial por correo electr\u00f3nico, acepta el riesgo de que un tercero pueda interceptar su informaci\u00f3n.<\/p>\n<p><strong>Enlaces<\/strong><\/p>\n<p>Los sitios web de CAPC contienen enlaces a otros sitios. Tenga en cuenta que no somos responsables de las pr\u00e1cticas de privacidad o el contenido de otros sitios. Alentamos a los usuarios cuando abandonan nuestro sitio a leer las declaraciones de privacidad de cada sitio web que recopila informaci\u00f3n de identificaci\u00f3n personal.<\/p>\n<p>Si tiene alguna pregunta y\/o inquietud sobre lo que se hace con la informaci\u00f3n proporcionada a trav\u00e9s de este sitio, complete el formulario <a href=\"https:\/\/www.capc.org\/about\/contact-us\/\">Formulario de contacto<\/a>.<\/p>","protected":false},"excerpt":{"rendered":"<p>El Center to Advance Palliative Care (CAPC) se compromete a respetar la privacidad y seguridad de todos los visitantes del sitio web www.getpalliativecare.org. Reconocemos que cuando elige proporcionarnos informaci\u00f3n sobre usted y su instituci\u00f3n, conf\u00eda en nosotros para proteger su privacidad. Al utilizar los sitios web de CAPC, incluido www.getpalliativecare.org, usted acepta... <\/p>","protected":false},"author":12,"featured_media":0,"parent":0,"menu_order":0,"comment_status":"closed","ping_status":"closed","template":"","meta":{"_acf_changed":false,"footnotes":""},"class_list":["post-47063","page","type-page","status-publish","hentry"],"acf":[],"yoast_head":"<!-- This site is optimized with the Yoast SEO plugin v26.6 - https:\/\/yoast.com\/wordpress\/plugins\/seo\/ -->\n<title>CAPC Privacy Policy | getpalliativecare.org | Get Palliative Care<\/title>\n<meta name=\"description\" content=\"The Center to Advance Palliative Care (CAPC) is committed to respecting the privacy and security of all visitors to the www.getpalliativecare.org.\" \/>\n<meta name=\"robots\" content=\"index, follow, max-snippet:-1, max-image-preview:large, max-video-preview:-1\" \/>\n<link rel=\"canonical\" href=\"https:\/\/getpalliativecare.org\/es\/capc-privacy-policy\/\" \/>\n<meta name=\"twitter:card\" content=\"summary_large_image\" \/>\n<meta name=\"twitter:title\" content=\"CAPC Privacy Policy | getpalliativecare.org | Get Palliative Care\" \/>\n<meta name=\"twitter:description\" content=\"The Center to Advance Palliative Care (CAPC) is committed to respecting the privacy and security of all visitors to the www.getpalliativecare.org.\" \/>\n<meta name=\"twitter:site\" content=\"@GetPalliative\" \/>\n<meta name=\"twitter:label1\" content=\"Tiempo de lectura\" \/>\n\t<meta name=\"twitter:data1\" content=\"2 minutos\" \/>\n<script type=\"application\/ld+json\" class=\"yoast-schema-graph\">{\"@context\":\"https:\/\/schema.org\",\"@graph\":[{\"@type\":\"WebPage\",\"@id\":\"https:\/\/getpalliativecare.org\/capc-privacy-policy\/\",\"url\":\"https:\/\/getpalliativecare.org\/capc-privacy-policy\/\",\"name\":\"CAPC Privacy Policy | getpalliativecare.org | Get Palliative Care\",\"isPartOf\":{\"@id\":\"https:\/\/getpalliativecare.org\/#website\"},\"datePublished\":\"2014-10-15T21:10:10+00:00\",\"dateModified\":\"2023-11-21T18:01:23+00:00\",\"description\":\"The Center to Advance Palliative Care (CAPC) is committed to respecting the privacy and security of all visitors to the www.getpalliativecare.org.\",\"inLanguage\":\"es\",\"potentialAction\":[{\"@type\":\"ReadAction\",\"target\":[\"https:\/\/getpalliativecare.org\/capc-privacy-policy\/\"]}]},{\"@type\":\"WebSite\",\"@id\":\"https:\/\/getpalliativecare.org\/#website\",\"url\":\"https:\/\/getpalliativecare.org\/\",\"name\":\"Get Palliative Care\",\"description\":\"Palliative care is specialized care focused on the pain, symptoms and stress of serious illness.  Find a hospital or medical center in your area that has a palliative care program.\",\"potentialAction\":[{\"@type\":\"SearchAction\",\"target\":{\"@type\":\"EntryPoint\",\"urlTemplate\":\"https:\/\/getpalliativecare.org\/?s={search_term_string}\"},\"query-input\":{\"@type\":\"PropertyValueSpecification\",\"valueRequired\":true,\"valueName\":\"search_term_string\"}}],\"inLanguage\":\"es\"}]}<\/script>\n<!-- \/ Yoast SEO plugin. -->","yoast_head_json":{"title":"Pol\u00edtica de privacidad de CAPC | getpalliativecare.org | Obtenga cuidados paliativos","description":"El Centro para el Avance de los Cuidados Paliativos (CAPC) se compromete a respetar la privacidad y la seguridad de todos los visitantes del sitio www.getpalliativecare.org.","robots":{"index":"index","follow":"follow","max-snippet":"max-snippet:-1","max-image-preview":"max-image-preview:large","max-video-preview":"max-video-preview:-1"},"canonical":"https:\/\/getpalliativecare.org\/es\/capc-privacy-policy\/","twitter_card":"summary_large_image","twitter_title":"CAPC Privacy Policy | getpalliativecare.org | Get Palliative Care","twitter_description":"The Center to Advance Palliative Care (CAPC) is committed to respecting the privacy and security of all visitors to the www.getpalliativecare.org.","twitter_site":"@GetPalliative","twitter_misc":{"Tiempo de lectura":"2 minutos"},"schema":{"@context":"https:\/\/schema.org","@graph":[{"@type":"WebPage","@id":"https:\/\/getpalliativecare.org\/capc-privacy-policy\/","url":"https:\/\/getpalliativecare.org\/capc-privacy-policy\/","name":"Pol\u00edtica de privacidad de CAPC | getpalliativecare.org | Obtenga cuidados paliativos","isPartOf":{"@id":"https:\/\/getpalliativecare.org\/#website"},"datePublished":"2014-10-15T21:10:10+00:00","dateModified":"2023-11-21T18:01:23+00:00","description":"El Centro para el Avance de los Cuidados Paliativos (CAPC) se compromete a respetar la privacidad y la seguridad de todos los visitantes del sitio www.getpalliativecare.org.","inLanguage":"es","potentialAction":[{"@type":"ReadAction","target":["https:\/\/getpalliativecare.org\/capc-privacy-policy\/"]}]},{"@type":"WebSite","@id":"https:\/\/getpalliativecare.org\/#website","url":"https:\/\/getpalliativecare.org\/","name":"Obtenga cuidados paliativos","description":"Los cuidados paliativos son cuidados especializados centrados en el dolor, los s\u00edntomas y el estr\u00e9s de una enfermedad grave. Encuentre un hospital o centro m\u00e9dico en su \u00e1rea que tenga un programa de cuidados paliativos.","potentialAction":[{"@type":"SearchAction","target":{"@type":"EntryPoint","urlTemplate":"https:\/\/getpalliativecare.org\/?s={search_term_string}"},"query-input":{"@type":"PropertyValueSpecification","valueRequired":true,"valueName":"search_term_string"}}],"inLanguage":"es"}]}},"_links":{"self":[{"href":"https:\/\/getpalliativecare.org\/es\/wp-json\/wp\/v2\/pages\/47063","targetHints":{"allow":["GET"]}}],"collection":[{"href":"https:\/\/getpalliativecare.org\/es\/wp-json\/wp\/v2\/pages"}],"about":[{"href":"https:\/\/getpalliativecare.org\/es\/wp-json\/wp\/v2\/types\/page"}],"author":[{"embeddable":true,"href":"https:\/\/getpalliativecare.org\/es\/wp-json\/wp\/v2\/users\/12"}],"replies":[{"embeddable":true,"href":"https:\/\/getpalliativecare.org\/es\/wp-json\/wp\/v2\/comments?post=47063"}],"version-history":[{"count":0,"href":"https:\/\/getpalliativecare.org\/es\/wp-json\/wp\/v2\/pages\/47063\/revisions"}],"wp:attachment":[{"href":"https:\/\/getpalliativecare.org\/es\/wp-json\/wp\/v2\/media?parent=47063"}],"curies":[{"name":"gracias","href":"https:\/\/api.w.org\/{rel}","templated":true}]}}