{"id":46983,"date":"2014-08-15T14:13:46","date_gmt":"2014-08-15T18:13:46","guid":{"rendered":"http:\/\/getpalliativecare.org\/?page_id=46983"},"modified":"2019-10-02T09:50:19","modified_gmt":"2019-10-02T13:50:19","slug":"leukemia-lymphoma-palliative-care","status":"publish","type":"page","link":"https:\/\/getpalliativecare.org\/es\/whatis\/disease-types\/leukemia-lymphoma-palliative-care\/","title":{"rendered":"Leucemia, linfoma y cuidados paliativos"},"content":{"rendered":"<h2>Comprender la leucemia y el linfoma<\/h2>\n<p>La leucemia y el linfoma son dos tipos de c\u00e1ncer que comienzan en el sistema sangu\u00edneo y los ganglios linf\u00e1ticos. De hecho, los t\u00e9rminos leucemia y linfoma pueden usarse para describir una serie de enfermedades que involucran las c\u00e9lulas sangu\u00edneas que el cuerpo usa para combatir las infecciones.<\/p>\n<p>Tanto la leucemia como el linfoma implican la propagaci\u00f3n de c\u00e9lulas cancerosas anormales. Estas c\u00e9lulas ingresan al torrente sangu\u00edneo o al sistema linf\u00e1tico e interfieren con el trabajo cr\u00edtico de esos sistemas.<\/p>\n<p>La leucemia se refiere a c\u00e1nceres que comienzan en los tejidos formadores de sangre, como la m\u00e9dula \u00f3sea. Hay formas agudas y cr\u00f3nicas de leucemia. Agudo significa que act\u00faa m\u00e1s r\u00e1pido, mientras que cr\u00f3nico se refiere a un c\u00e1ncer de evoluci\u00f3n m\u00e1s lenta que a veces puede controlarse con una actitud expectante (monitoreando el c\u00e1ncer con chequeos regulares).<\/p>\n<p>El linfoma es un c\u00e1ncer que comienza en el sistema linf\u00e1tico, que ayuda al cuerpo a combatir las infecciones. Hay dos tipos principales: el linfoma de Hodgkin es una forma relativamente curable de la enfermedad. El linfoma no Hodgkin se refiere a otras 30 variedades de esta enfermedad.<\/p>\n<p>Aunque la leucemia y el linfoma son c\u00e1nceres diferentes, generalmente tienen s\u00edntomas, tratamientos y efectos secundarios similares. Los cuidados paliativos son similares para las personas que enfrentan cualquier tipo de c\u00e1ncer.<\/p>\n<h2>Comprender los cuidados paliativos<\/h2>\n<p>Los cuidados paliativos (pronunciados \u201cpal-lee-uh-tiv\u201d) son atenci\u00f3n m\u00e9dica especializada para personas que enfrentan enfermedades graves. El equipo de cuidados paliativos alivia los s\u00edntomas, el dolor y el estr\u00e9s de una enfermedad grave como la leucemia o el linfoma. El objetivo es mejorar la calidad de vida tanto para usted como para su familia.<\/p>\n<p>Los cuidados paliativos los brinda un equipo especialmente capacitado de m\u00e9dicos, enfermeras y otros especialistas que trabajan junto con sus otros m\u00e9dicos para brindarle un nivel adicional de apoyo. Es apropiado a cualquier edad y en cualquier etapa de su enfermedad. Puedes tenerlo junto con un tratamiento curativo.<\/p>\n<p>Los cuidados paliativos no s\u00f3lo ayudan a aliviar sus s\u00edntomas, sino que los especialistas en cuidados paliativos tambi\u00e9n le ayudan a comprender informaci\u00f3n m\u00e9dica compleja. Pasan tiempo con usted para ayudarlo a adaptar sus opciones de tratamiento a sus necesidades y objetivos. En todos los sentidos, su equipo de cuidados paliativos le ayudar\u00e1 a afrontar mejor los desaf\u00edos de la leucemia o el linfoma.<\/p>\n<h2>Tratamiento de la leucemia y el linfoma: c\u00f3mo pueden ayudar los cuidados paliativos<\/h2>\n<p>Los s\u00edntomas de leucemia y linfoma pueden incluir fatiga o falta de energ\u00eda, cortes y moretones que tardan mucho en sanar, sangrado de heridas menores, hemorragias nasales frecuentes, fiebre o sudores nocturnos, infecciones frecuentes que son dif\u00edciles de combatir, p\u00e9rdida de peso inexplicable o huesos y articulaciones doloridos. Tanto los s\u00edntomas de leucemia como los de linfoma tambi\u00e9n pueden incluir depresi\u00f3n y ansiedad.<\/p>\n<p>Las formas agudas de leucemia pueden aparecer repentinamente y requerir decisiones urgentes sobre si seguir adelante o no con el tratamiento. Tomar este tipo de decisiones sobre el tratamiento de la leucemia y el linfoma bajo presi\u00f3n de tiempo puede ser estresante tanto para usted como para su familia. Trabajando en estrecha colaboraci\u00f3n con su m\u00e9dico de atenci\u00f3n primaria, su equipo de cuidados paliativos puede ayudarlo a resolver preguntas m\u00e9dicas actuales e inquietudes pr\u00e1cticas, as\u00ed como las decisiones dif\u00edciles que le esperan.<\/p>\n<p>A veces se necesitan medicamentos potentes para destruir las c\u00e9lulas cancerosas, pero pueden provocar efectos secundarios en todo el cuerpo. La quimioterapia, especialmente las formas agresivas utilizadas para combatir la leucemia aguda y el linfoma, puede tener muchos efectos negativos. Son frecuentes las n\u00e1useas y los v\u00f3mitos, la ca\u00edda del cabello, la fatiga y el malestar general.<\/p>\n<p>Estos tratamientos m\u00e9dicos agresivos requieren cuidados paliativos igualmente agresivos. Los tratamientos proporcionados por su equipo de cuidados paliativos pueden ayudarlo a tolerar los efectos secundarios del tratamiento de la leucemia y el linfoma.<\/p>\n<p>Bajar de peso es otro s\u00edntoma com\u00fan de leucemia y linfoma, pero su equipo de cuidados paliativos sabe qu\u00e9 hacer. Su equipo de cuidados paliativos tambi\u00e9n lo ayudar\u00e1 a lidiar con otras complicaciones como sangrado e infecci\u00f3n.<\/p>\n<h2>Ayudando ni\u00f1os<\/h2>\n<p>Para los ni\u00f1os con leucemia, comprender simplemente por qu\u00e9 sucede esto puede resultar dif\u00edcil para todos los involucrados. La necesidad de apoyo puede ser a\u00fan mayor.<\/p>\n<p>Los pacientes m\u00e1s j\u00f3venes tienen diferentes conjuntos de expectativas. La enfermedad puede tener un mayor impacto en sus familias. El trabajador social de un equipo de cuidados paliativos dedicar\u00e1 un tiempo considerable a hablar con el paciente joven y a ense\u00f1ar a los padres c\u00f3mo hablar con su hijo sobre esta enfermedad.<\/p>\n<p>Su equipo de cuidados paliativos puede ayudarle con todo esto y m\u00e1s. El equipo ser\u00e1 su caja de resonancia y su primera l\u00ednea de defensa contra cualquier s\u00edntoma de dolor, malestar, depresi\u00f3n o ansiedad.<\/p>\n<p>Los especialistas del equipo lo ayudar\u00e1n a usted y a sus seres queridos a tomar decisiones grandes y peque\u00f1as. Mejorar\u00e1n la comunicaci\u00f3n entre usted, su familia y sus otros m\u00e9dicos, y le ayudar\u00e1n a aclarar sus objetivos de atenci\u00f3n.<\/p>\n<h2>C\u00f3mo obtener cuidados paliativos<\/h2>\n<p>Si usted o un ser querido padece leucemia o linfoma, p\u00eddale a su m\u00e9dico que lo derive a cuidados paliativos; cuanto antes, mejor. Puede recibir cuidados paliativos en el hospital, en una cl\u00ednica ambulatoria y, a veces, en casa.<\/p>\n<p>Aunque vivir con leucemia o linfoma es un viaje dif\u00edcil, su carga puede aliviarse y lograr la mejor calidad de vida posible cuando se trata de cuidados paliativos.<\/p>\n<p>Para m\u00e1s informaci\u00f3n visite <a href=\"https:\/\/getpalliativecare.org\/es\/\">ObtengaCuidadosPaliativos.org<\/a>. <a href=\"http:\/\/getpalliativecare.org\/es\/rightforyou\/\">Haz nuestro cuestionario<\/a> para saber si los cuidados paliativos son adecuados para usted. Encuentre proveedores en su \u00e1rea visitando nuestro <a href=\"http:\/\/getpalliativecare.org\/es\/providers\/\">Directorio de proveedores de cuidados paliativos<\/a>.<\/p>\n<h2>Podcast: La historia del linfoma no Hodgkins de JoAnn<\/h2>\n<p><iframe loading=\"lazy\" width=\"100%\" height=\"166\" scrolling=\"no\" frameborder=\"no\" allow=\"autoplay\" src=\"https:\/\/w.soundcloud.com\/player\/?url=https%3A\/\/api.soundcloud.com\/tracks\/647990815&#038;color=%23ff5500&#038;auto_play=false&#038;hide_related=false&#038;show_comments=true&#038;show_user=true&#038;show_reposts=false&#038;show_teaser=true\"><\/iframe><\/p>","protected":false},"excerpt":{"rendered":"<p>Comprender la leucemia y el linfoma La leucemia y el linfoma son dos tipos de c\u00e1ncer que comienzan en el sistema sangu\u00edneo y los ganglios linf\u00e1ticos. De hecho, los t\u00e9rminos leucemia y linfoma pueden usarse para describir una serie de enfermedades que involucran las c\u00e9lulas sangu\u00edneas que el cuerpo usa para combatir las infecciones. Tanto la leucemia como el linfoma implican la propagaci\u00f3n... <\/p>","protected":false},"author":12,"featured_media":0,"parent":46819,"menu_order":0,"comment_status":"closed","ping_status":"closed","template":"template-whatis.php","meta":{"_acf_changed":false,"footnotes":""},"class_list":["post-46983","page","type-page","status-publish","hentry"],"acf":[],"yoast_head":"<!-- This site is optimized with the Yoast SEO plugin v26.6 - https:\/\/yoast.com\/wordpress\/plugins\/seo\/ -->\n<title>Palliative Care and Leukemia | Lymphoma | Get Palliative Care<\/title>\n<meta name=\"description\" content=\"Palliative care is a specialty in medicine focused on treating the symptoms, pain and stress that accompany Leukemia and Lymphoma.\" \/>\n<meta name=\"robots\" content=\"index, follow, max-snippet:-1, max-image-preview:large, max-video-preview:-1\" \/>\n<link rel=\"canonical\" href=\"https:\/\/getpalliativecare.org\/es\/whatis\/disease-types\/leukemia-lymphoma-palliative-care\/\" \/>\n<meta name=\"twitter:card\" content=\"summary_large_image\" \/>\n<meta name=\"twitter:title\" content=\"Palliative Care and Leukemia | Lymphoma | Get Palliative Care\" \/>\n<meta name=\"twitter:description\" content=\"Palliative care is a specialty in medicine focused on treating the symptoms, pain and stress that accompany Leukemia and Lymphoma.\" \/>\n<meta name=\"twitter:site\" content=\"@GetPalliative\" \/>\n<meta name=\"twitter:label1\" content=\"Tiempo de lectura\" \/>\n\t<meta name=\"twitter:data1\" content=\"4 minutos\" \/>\n<script type=\"application\/ld+json\" class=\"yoast-schema-graph\">{\"@context\":\"https:\/\/schema.org\",\"@graph\":[{\"@type\":\"WebPage\",\"@id\":\"https:\/\/getpalliativecare.org\/whatis\/disease-types\/leukemia-lymphoma-palliative-care\/\",\"url\":\"https:\/\/getpalliativecare.org\/whatis\/disease-types\/leukemia-lymphoma-palliative-care\/\",\"name\":\"Palliative Care and Leukemia | Lymphoma | Get Palliative Care\",\"isPartOf\":{\"@id\":\"https:\/\/getpalliativecare.org\/#website\"},\"datePublished\":\"2014-08-15T18:13:46+00:00\",\"dateModified\":\"2019-10-02T13:50:19+00:00\",\"description\":\"Palliative care is a specialty in medicine focused on treating the symptoms, pain and stress that accompany Leukemia and Lymphoma.\",\"breadcrumb\":{\"@id\":\"https:\/\/getpalliativecare.org\/whatis\/disease-types\/leukemia-lymphoma-palliative-care\/#breadcrumb\"},\"inLanguage\":\"es\",\"potentialAction\":[{\"@type\":\"ReadAction\",\"target\":[\"https:\/\/getpalliativecare.org\/whatis\/disease-types\/leukemia-lymphoma-palliative-care\/\"]}]},{\"@type\":\"BreadcrumbList\",\"@id\":\"https:\/\/getpalliativecare.org\/whatis\/disease-types\/leukemia-lymphoma-palliative-care\/#breadcrumb\",\"itemListElement\":[{\"@type\":\"ListItem\",\"position\":1,\"name\":\"What is Palliative Care?\",\"item\":\"https:\/\/getpalliativecare.org\/whatis\/\"},{\"@type\":\"ListItem\",\"position\":2,\"name\":\"Disease Types and Palliative Care\",\"item\":\"https:\/\/getpalliativecare.org\/whatis\/disease-types\/\"},{\"@type\":\"ListItem\",\"position\":3,\"name\":\"Leukemia, Lymphoma and Palliative Care\"}]},{\"@type\":\"WebSite\",\"@id\":\"https:\/\/getpalliativecare.org\/#website\",\"url\":\"https:\/\/getpalliativecare.org\/\",\"name\":\"Get Palliative Care\",\"description\":\"Palliative care is specialized care focused on the pain, symptoms and stress of serious illness.  Find a hospital or medical center in your area that has a palliative care program.\",\"potentialAction\":[{\"@type\":\"SearchAction\",\"target\":{\"@type\":\"EntryPoint\",\"urlTemplate\":\"https:\/\/getpalliativecare.org\/?s={search_term_string}\"},\"query-input\":{\"@type\":\"PropertyValueSpecification\",\"valueRequired\":true,\"valueName\":\"search_term_string\"}}],\"inLanguage\":\"es\"}]}<\/script>\n<!-- \/ Yoast SEO plugin. -->","yoast_head_json":{"title":"Cuidados paliativos y leucemia | Linfoma | Reciba cuidados paliativos","description":"Los cuidados paliativos son una especialidad de la medicina centrada en el tratamiento de los s\u00edntomas, el dolor y el estr\u00e9s que acompa\u00f1an a la leucemia y el linfoma.","robots":{"index":"index","follow":"follow","max-snippet":"max-snippet:-1","max-image-preview":"max-image-preview:large","max-video-preview":"max-video-preview:-1"},"canonical":"https:\/\/getpalliativecare.org\/es\/whatis\/disease-types\/leukemia-lymphoma-palliative-care\/","twitter_card":"summary_large_image","twitter_title":"Palliative Care and Leukemia | Lymphoma | Get Palliative Care","twitter_description":"Palliative care is a specialty in medicine focused on treating the symptoms, pain and stress that accompany Leukemia and Lymphoma.","twitter_site":"@GetPalliative","twitter_misc":{"Tiempo de lectura":"4 minutos"},"schema":{"@context":"https:\/\/schema.org","@graph":[{"@type":"WebPage","@id":"https:\/\/getpalliativecare.org\/whatis\/disease-types\/leukemia-lymphoma-palliative-care\/","url":"https:\/\/getpalliativecare.org\/whatis\/disease-types\/leukemia-lymphoma-palliative-care\/","name":"Cuidados paliativos y leucemia | Linfoma | Reciba cuidados paliativos","isPartOf":{"@id":"https:\/\/getpalliativecare.org\/#website"},"datePublished":"2014-08-15T18:13:46+00:00","dateModified":"2019-10-02T13:50:19+00:00","description":"Los cuidados paliativos son una especialidad de la medicina centrada en el tratamiento de los s\u00edntomas, el dolor y el estr\u00e9s que acompa\u00f1an a la leucemia y el linfoma.","breadcrumb":{"@id":"https:\/\/getpalliativecare.org\/whatis\/disease-types\/leukemia-lymphoma-palliative-care\/#breadcrumb"},"inLanguage":"es","potentialAction":[{"@type":"ReadAction","target":["https:\/\/getpalliativecare.org\/whatis\/disease-types\/leukemia-lymphoma-palliative-care\/"]}]},{"@type":"BreadcrumbList","@id":"https:\/\/getpalliativecare.org\/whatis\/disease-types\/leukemia-lymphoma-palliative-care\/#breadcrumb","itemListElement":[{"@type":"ListItem","position":1,"name":"What is Palliative Care?","item":"https:\/\/getpalliativecare.org\/whatis\/"},{"@type":"ListItem","position":2,"name":"Disease Types and Palliative Care","item":"https:\/\/getpalliativecare.org\/whatis\/disease-types\/"},{"@type":"ListItem","position":3,"name":"Leukemia, Lymphoma and Palliative Care"}]},{"@type":"WebSite","@id":"https:\/\/getpalliativecare.org\/#website","url":"https:\/\/getpalliativecare.org\/","name":"Obtenga cuidados paliativos","description":"Los cuidados paliativos son cuidados especializados centrados en el dolor, los s\u00edntomas y el estr\u00e9s de una enfermedad grave. Encuentre un hospital o centro m\u00e9dico en su \u00e1rea que tenga un programa de cuidados paliativos.","potentialAction":[{"@type":"SearchAction","target":{"@type":"EntryPoint","urlTemplate":"https:\/\/getpalliativecare.org\/?s={search_term_string}"},"query-input":{"@type":"PropertyValueSpecification","valueRequired":true,"valueName":"search_term_string"}}],"inLanguage":"es"}]}},"_links":{"self":[{"href":"https:\/\/getpalliativecare.org\/es\/wp-json\/wp\/v2\/pages\/46983","targetHints":{"allow":["GET"]}}],"collection":[{"href":"https:\/\/getpalliativecare.org\/es\/wp-json\/wp\/v2\/pages"}],"about":[{"href":"https:\/\/getpalliativecare.org\/es\/wp-json\/wp\/v2\/types\/page"}],"author":[{"embeddable":true,"href":"https:\/\/getpalliativecare.org\/es\/wp-json\/wp\/v2\/users\/12"}],"replies":[{"embeddable":true,"href":"https:\/\/getpalliativecare.org\/es\/wp-json\/wp\/v2\/comments?post=46983"}],"version-history":[{"count":0,"href":"https:\/\/getpalliativecare.org\/es\/wp-json\/wp\/v2\/pages\/46983\/revisions"}],"up":[{"embeddable":true,"href":"https:\/\/getpalliativecare.org\/es\/wp-json\/wp\/v2\/pages\/46819"}],"wp:attachment":[{"href":"https:\/\/getpalliativecare.org\/es\/wp-json\/wp\/v2\/media?parent=46983"}],"curies":[{"name":"gracias","href":"https:\/\/api.w.org\/{rel}","templated":true}]}}