{"id":46981,"date":"2014-08-15T14:01:44","date_gmt":"2014-08-15T18:01:44","guid":{"rendered":"http:\/\/getpalliativecare.org\/?page_id=46981"},"modified":"2018-12-31T11:19:19","modified_gmt":"2018-12-31T16:19:19","slug":"head-neck-cancer-palliative-care","status":"publish","type":"page","link":"https:\/\/getpalliativecare.org\/es\/whatis\/disease-types\/head-neck-cancer-palliative-care\/","title":{"rendered":"C\u00e1ncer de cabeza y cuello y cuidados paliativos"},"content":{"rendered":"<h2>Comprender el c\u00e1ncer de cabeza y cuello<\/h2>\n<p>El c\u00e1ncer de cabeza y cuello incluye varios tipos diferentes de c\u00e1ncer. Los c\u00e1nceres de cabeza y cuello representan alrededor del 3 por ciento de los c\u00e1nceres en los Estados Unidos. Son aproximadamente el doble de comunes entre los hombres que entre las mujeres.<\/p>\n<p>La mayor\u00eda de los c\u00e1nceres de cabeza y cuello crecen en las capas superiores de las membranas mucosas del interior de la cabeza y el cuello. Pueden afectar la boca, la lengua, las fosas nasales, las gl\u00e1ndulas salivales, la laringe, la faringe y la garganta.<\/p>\n<p>La mayor\u00eda de los c\u00e1nceres de cabeza y cuello est\u00e1n relacionados con el abuso de sustancias como fumar, mascar tabaco y beber alcohol. Otros factores de riesgo incluyen el VPH (virus del papiloma humano), la radiaci\u00f3n en la cabeza y el cuello, el consumo de ciertos conservantes o alimentos salados durante la infancia, la infecci\u00f3n por el virus de Epstein-Barr, la mala higiene bucal o la falta de dientes y la exposici\u00f3n al polvo de madera.<\/p>\n<h2>Comprender los cuidados paliativos<\/h2>\n<p>Los cuidados paliativos (pronunciados \u201cpal-lee-uh-tiv\u201d) son atenci\u00f3n m\u00e9dica especializada para personas con enfermedades graves, como c\u00e1ncer de cabeza y cuello. Se centra en brindarle alivio de los s\u00edntomas, el dolor y el estr\u00e9s de una enfermedad grave. El objetivo es mejorar la calidad de vida tanto para usted como para su familia.<\/p>\n<p>Los cuidados paliativos los brinda un equipo de m\u00e9dicos, enfermeras y otros especialistas que trabajan junto con sus otros m\u00e9dicos para brindarle un nivel adicional de apoyo. Los cuidados paliativos son apropiados a cualquier edad y en cualquier etapa de la enfermedad. Se basa en la necesidad, no en el pron\u00f3stico, y se puede realizar junto con un tratamiento curativo.<\/p>\n<h2>Tratamiento de los s\u00edntomas del c\u00e1ncer de cabeza y cuello: c\u00f3mo pueden ayudar los cuidados paliativos<\/h2>\n<p>Sus s\u00edntomas espec\u00edficos dependen del tipo y la ubicaci\u00f3n de su c\u00e1ncer. Los s\u00edntomas generales pueden incluir un cambio en la voz, dificultad para tragar, una llaga que no mejora o un bulto que no desaparece.<\/p>\n<p>Cada tipo de tratamiento para el c\u00e1ncer de cabeza y cuello puede implicar una combinaci\u00f3n de radiaci\u00f3n, cirug\u00eda y quimioterapia. El tratamiento espec\u00edfico contra el c\u00e1ncer depende del tipo de c\u00e1ncer que tenga, su ubicaci\u00f3n y si se ha diseminado (el estadio del c\u00e1ncer).<\/p>\n<p>Sus especialistas en cuidados paliativos pasar\u00e1n tiempo con usted para asegurarse de que usted y su familia puedan adaptar plenamente sus opciones de tratamiento a sus necesidades y objetivos personales.<\/p>\n<p>Sus tratamientos tambi\u00e9n pueden tener efectos secundarios. Estos incluyen dolor, n\u00e1useas, fatiga (sensaci\u00f3n de debilidad o cansancio) y v\u00f3mitos. Un efecto secundario com\u00fan es el da\u00f1o a las gl\u00e1ndulas salivales, lo que provoca sequedad de boca. Los m\u00e9dicos de cuidados paliativos pueden brindarle alivio con medicamentos que estimulan las gl\u00e1ndulas salivales.<\/p>\n<p>Tambi\u00e9n es posible que tenga cicatrices causadas por la cirug\u00eda. Adem\u00e1s de darle medicamentos para el dolor, sus especialistas en cuidados paliativos lo ayudar\u00e1n a usted y a sus seres queridos a lidiar con cualquier trauma emocional causado por la cirug\u00eda.<\/p>\n<p>Si su c\u00e1ncer est\u00e1 en la garganta o en la laringe, es posible que haya p\u00e9rdida de la voz. Es posible que tenga problemas para respirar, comer, masticar y beber. Es posible que necesite una sonda G (que introduce nutrientes en el est\u00f3mago) o una traqueotom\u00eda (que crea un orificio para respirar en el cuello).<\/p>\n<h2><strong>Los beneficios de los cuidados paliativos<\/strong><\/h2>\n<p>Los equipos de cuidados paliativos son expertos en el tratamiento de los s\u00edntomas del c\u00e1ncer de cabeza y cuello. Le permiten gestionar los tratamientos agresivos que le ayudan a combatir su enfermedad.<\/p>\n<p>El equipo trabaja junto con sus otros m\u00e9dicos, as\u00ed como con fisioterapeutas, logopedas, dietistas y trabajadores sociales. El equipo tambi\u00e9n trata su ansiedad, depresi\u00f3n y otros efectos secundarios emocionales que pueden resultar de sus tratamientos.<\/p>\n<p>Puede acudir al equipo de cuidados paliativos en cualquier momento despu\u00e9s del diagn\u00f3stico, pero cuanto antes, mejor. Los especialistas en cuidados paliativos lo ayudan a usted y a su familia a vivir con los desaf\u00edos del c\u00e1ncer de cabeza y cuello, desde los efectos secundarios del tratamiento m\u00e9dico hasta el estr\u00e9s del cuidador familiar.<\/p>\n<p>El equipo ser\u00e1 su caja de resonancia y su primera l\u00ednea de defensa contra cualquier s\u00edntoma de dolor, malestar, depresi\u00f3n o ansiedad. Le ayudar\u00e1n a usted y a sus seres queridos a tomar decisiones grandes y peque\u00f1as, mejorar\u00e1n la comunicaci\u00f3n entre usted, su familia y sus otros m\u00e9dicos, y le ayudar\u00e1n a aclarar sus objetivos de atenci\u00f3n.<\/p>\n<p>El equipo de cuidados paliativos siempre se centrar\u00e1 en su calidad de vida.<\/p>\n<h2>C\u00f3mo obtener cuidados paliativos<\/h2>\n<p>Si usted o un ser querido necesita cuidados paliativos, solicite una derivaci\u00f3n a su m\u00e9dico.<\/p>\n<p>Encontrar un hospital en su \u00e1rea con un equipo de cuidados paliativos es f\u00e1cil. S\u00f3lo ve al <a href=\"https:\/\/getpalliativecare.org\/es\/provider-directory\/\">Directorio de proveedores de cuidados paliativos<\/a>\u00a0para obtener una lista estado por estado. Para saber si los cuidados paliativos son adecuados para usted, <a href=\"http:\/\/getpalliativecare.org\/es\/rightforyou\/\">toma nuestra prueba<\/a>.<\/p>","protected":false},"excerpt":{"rendered":"<p>Comprensi\u00f3n del c\u00e1ncer de cabeza y cuello El c\u00e1ncer de cabeza y cuello incluye varios tipos diferentes de c\u00e1nceres. Los c\u00e1nceres de cabeza y cuello representan alrededor del 3 por ciento de los c\u00e1nceres en los Estados Unidos. Son aproximadamente el doble de comunes entre los hombres que entre las mujeres. La mayor\u00eda de los c\u00e1nceres de cabeza y cuello crecen en las capas superiores de... <\/p>","protected":false},"author":12,"featured_media":0,"parent":46819,"menu_order":0,"comment_status":"closed","ping_status":"closed","template":"template-whatis.php","meta":{"_acf_changed":false,"footnotes":""},"class_list":["post-46981","page","type-page","status-publish","hentry"],"acf":[],"yoast_head":"<!-- This site is optimized with the Yoast SEO plugin v26.6 - https:\/\/yoast.com\/wordpress\/plugins\/seo\/ -->\n<title>Palliative Care and Head and Neck Cancer | Get Palliative Care<\/title>\n<meta name=\"description\" content=\"Palliative care is a specialty in medicine focused on treating the symptoms, pain and stress that accompany Head and Neck Cancer.\" \/>\n<meta name=\"robots\" content=\"index, follow, max-snippet:-1, max-image-preview:large, max-video-preview:-1\" \/>\n<link rel=\"canonical\" href=\"https:\/\/getpalliativecare.org\/es\/whatis\/disease-types\/head-neck-cancer-palliative-care\/\" \/>\n<meta name=\"twitter:card\" content=\"summary_large_image\" \/>\n<meta name=\"twitter:title\" content=\"Palliative Care and Head and Neck Cancer | Get Palliative Care\" \/>\n<meta name=\"twitter:description\" content=\"Palliative care is a specialty in medicine focused on treating the symptoms, pain and stress that accompany Head and Neck Cancer.\" \/>\n<meta name=\"twitter:site\" content=\"@GetPalliative\" \/>\n<meta name=\"twitter:label1\" content=\"Tiempo de lectura\" \/>\n\t<meta name=\"twitter:data1\" content=\"4 minutos\" \/>\n<script type=\"application\/ld+json\" class=\"yoast-schema-graph\">{\"@context\":\"https:\/\/schema.org\",\"@graph\":[{\"@type\":\"WebPage\",\"@id\":\"https:\/\/getpalliativecare.org\/whatis\/disease-types\/head-neck-cancer-palliative-care\/\",\"url\":\"https:\/\/getpalliativecare.org\/whatis\/disease-types\/head-neck-cancer-palliative-care\/\",\"name\":\"Palliative Care and Head and Neck Cancer | Get Palliative Care\",\"isPartOf\":{\"@id\":\"https:\/\/getpalliativecare.org\/#website\"},\"datePublished\":\"2014-08-15T18:01:44+00:00\",\"dateModified\":\"2018-12-31T16:19:19+00:00\",\"description\":\"Palliative care is a specialty in medicine focused on treating the symptoms, pain and stress that accompany Head and Neck Cancer.\",\"breadcrumb\":{\"@id\":\"https:\/\/getpalliativecare.org\/whatis\/disease-types\/head-neck-cancer-palliative-care\/#breadcrumb\"},\"inLanguage\":\"es\",\"potentialAction\":[{\"@type\":\"ReadAction\",\"target\":[\"https:\/\/getpalliativecare.org\/whatis\/disease-types\/head-neck-cancer-palliative-care\/\"]}]},{\"@type\":\"BreadcrumbList\",\"@id\":\"https:\/\/getpalliativecare.org\/whatis\/disease-types\/head-neck-cancer-palliative-care\/#breadcrumb\",\"itemListElement\":[{\"@type\":\"ListItem\",\"position\":1,\"name\":\"What is Palliative Care?\",\"item\":\"https:\/\/getpalliativecare.org\/whatis\/\"},{\"@type\":\"ListItem\",\"position\":2,\"name\":\"Disease Types and Palliative Care\",\"item\":\"https:\/\/getpalliativecare.org\/whatis\/disease-types\/\"},{\"@type\":\"ListItem\",\"position\":3,\"name\":\"Head and Neck Cancer and Palliative Care\"}]},{\"@type\":\"WebSite\",\"@id\":\"https:\/\/getpalliativecare.org\/#website\",\"url\":\"https:\/\/getpalliativecare.org\/\",\"name\":\"Get Palliative Care\",\"description\":\"Palliative care is specialized care focused on the pain, symptoms and stress of serious illness.  Find a hospital or medical center in your area that has a palliative care program.\",\"potentialAction\":[{\"@type\":\"SearchAction\",\"target\":{\"@type\":\"EntryPoint\",\"urlTemplate\":\"https:\/\/getpalliativecare.org\/?s={search_term_string}\"},\"query-input\":{\"@type\":\"PropertyValueSpecification\",\"valueRequired\":true,\"valueName\":\"search_term_string\"}}],\"inLanguage\":\"es\"}]}<\/script>\n<!-- \/ Yoast SEO plugin. -->","yoast_head_json":{"title":"Cuidados paliativos y c\u00e1ncer de cabeza y cuello | Reciba cuidados paliativos","description":"Los cuidados paliativos son una especialidad de la medicina centrada en el tratamiento de los s\u00edntomas, el dolor y el estr\u00e9s que acompa\u00f1an al c\u00e1ncer de cabeza y cuello.","robots":{"index":"index","follow":"follow","max-snippet":"max-snippet:-1","max-image-preview":"max-image-preview:large","max-video-preview":"max-video-preview:-1"},"canonical":"https:\/\/getpalliativecare.org\/es\/whatis\/disease-types\/head-neck-cancer-palliative-care\/","twitter_card":"summary_large_image","twitter_title":"Palliative Care and Head and Neck Cancer | Get Palliative Care","twitter_description":"Palliative care is a specialty in medicine focused on treating the symptoms, pain and stress that accompany Head and Neck Cancer.","twitter_site":"@GetPalliative","twitter_misc":{"Tiempo de lectura":"4 minutos"},"schema":{"@context":"https:\/\/schema.org","@graph":[{"@type":"WebPage","@id":"https:\/\/getpalliativecare.org\/whatis\/disease-types\/head-neck-cancer-palliative-care\/","url":"https:\/\/getpalliativecare.org\/whatis\/disease-types\/head-neck-cancer-palliative-care\/","name":"Cuidados paliativos y c\u00e1ncer de cabeza y cuello | Reciba cuidados paliativos","isPartOf":{"@id":"https:\/\/getpalliativecare.org\/#website"},"datePublished":"2014-08-15T18:01:44+00:00","dateModified":"2018-12-31T16:19:19+00:00","description":"Los cuidados paliativos son una especialidad de la medicina centrada en el tratamiento de los s\u00edntomas, el dolor y el estr\u00e9s que acompa\u00f1an al c\u00e1ncer de cabeza y cuello.","breadcrumb":{"@id":"https:\/\/getpalliativecare.org\/whatis\/disease-types\/head-neck-cancer-palliative-care\/#breadcrumb"},"inLanguage":"es","potentialAction":[{"@type":"ReadAction","target":["https:\/\/getpalliativecare.org\/whatis\/disease-types\/head-neck-cancer-palliative-care\/"]}]},{"@type":"BreadcrumbList","@id":"https:\/\/getpalliativecare.org\/whatis\/disease-types\/head-neck-cancer-palliative-care\/#breadcrumb","itemListElement":[{"@type":"ListItem","position":1,"name":"What is Palliative Care?","item":"https:\/\/getpalliativecare.org\/whatis\/"},{"@type":"ListItem","position":2,"name":"Disease Types and Palliative Care","item":"https:\/\/getpalliativecare.org\/whatis\/disease-types\/"},{"@type":"ListItem","position":3,"name":"Head and Neck Cancer and Palliative Care"}]},{"@type":"WebSite","@id":"https:\/\/getpalliativecare.org\/#website","url":"https:\/\/getpalliativecare.org\/","name":"Obtenga cuidados paliativos","description":"Los cuidados paliativos son cuidados especializados centrados en el dolor, los s\u00edntomas y el estr\u00e9s de una enfermedad grave. Encuentre un hospital o centro m\u00e9dico en su \u00e1rea que tenga un programa de cuidados paliativos.","potentialAction":[{"@type":"SearchAction","target":{"@type":"EntryPoint","urlTemplate":"https:\/\/getpalliativecare.org\/?s={search_term_string}"},"query-input":{"@type":"PropertyValueSpecification","valueRequired":true,"valueName":"search_term_string"}}],"inLanguage":"es"}]}},"_links":{"self":[{"href":"https:\/\/getpalliativecare.org\/es\/wp-json\/wp\/v2\/pages\/46981","targetHints":{"allow":["GET"]}}],"collection":[{"href":"https:\/\/getpalliativecare.org\/es\/wp-json\/wp\/v2\/pages"}],"about":[{"href":"https:\/\/getpalliativecare.org\/es\/wp-json\/wp\/v2\/types\/page"}],"author":[{"embeddable":true,"href":"https:\/\/getpalliativecare.org\/es\/wp-json\/wp\/v2\/users\/12"}],"replies":[{"embeddable":true,"href":"https:\/\/getpalliativecare.org\/es\/wp-json\/wp\/v2\/comments?post=46981"}],"version-history":[{"count":0,"href":"https:\/\/getpalliativecare.org\/es\/wp-json\/wp\/v2\/pages\/46981\/revisions"}],"up":[{"embeddable":true,"href":"https:\/\/getpalliativecare.org\/es\/wp-json\/wp\/v2\/pages\/46819"}],"wp:attachment":[{"href":"https:\/\/getpalliativecare.org\/es\/wp-json\/wp\/v2\/media?parent=46981"}],"curies":[{"name":"gracias","href":"https:\/\/api.w.org\/{rel}","templated":true}]}}