{"id":46979,"date":"2014-08-15T13:56:00","date_gmt":"2014-08-15T17:56:00","guid":{"rendered":"http:\/\/getpalliativecare.org\/?page_id=46979"},"modified":"2022-05-02T17:39:20","modified_gmt":"2022-05-02T21:39:20","slug":"pancreatic-cancer-palliative-care","status":"publish","type":"page","link":"https:\/\/getpalliativecare.org\/es\/whatis\/disease-types\/pancreatic-cancer-palliative-care\/","title":{"rendered":"C\u00e1ncer de p\u00e1ncreas y cuidados paliativos"},"content":{"rendered":"<h2>Comprender el c\u00e1ncer de p\u00e1ncreas<\/h2>\n<p>El c\u00e1ncer de p\u00e1ncreas es un c\u00e1ncer de la gl\u00e1ndula p\u00e1ncreas. Existen diferentes tipos de c\u00e1ncer de p\u00e1ncreas. El tipo m\u00e1s com\u00fan de c\u00e1ncer de p\u00e1ncreas se produce en los conductos que transportan los jugos pancre\u00e1ticos. Esto se llama c\u00e1ncer de p\u00e1ncreas exocrino. Un tipo m\u00e1s raro de c\u00e1ncer de p\u00e1ncreas se produce en las c\u00e9lulas que producen hormonas. Esto se llama c\u00e1ncer de p\u00e1ncreas endocrino o de c\u00e9lulas de los islotes.<\/p>\n<p>El c\u00e1ncer de p\u00e1ncreas puede tener muchas causas. Los factores de riesgo incluyen fumar y tener m\u00e1s de 45 a\u00f1os, as\u00ed como tener inflamaci\u00f3n cr\u00f3nica del p\u00e1ncreas (pancreatitis), cirrosis hep\u00e1tica, obesidad, diabetes a largo plazo o antecedentes familiares de c\u00e1ncer de p\u00e1ncreas u otros trastornos gen\u00e9ticos. Otras causas incluyen una dieta rica en grasas y la exposici\u00f3n prolongada a ciertas sustancias qu\u00edmicas.<\/p>\n<p>El primer paso para saber si tiene c\u00e1ncer de p\u00e1ncreas es un examen f\u00edsico realizado por su m\u00e9dico.<\/p>\n<h2>Comprender los cuidados paliativos<\/h2>\n<p>Los cuidados paliativos (pronunciados \u201cpal-lee-uh-tiv\u201d) son atenci\u00f3n m\u00e9dica especializada para personas con enfermedades graves. Se centra en brindarle alivio de los s\u00edntomas, el dolor y el estr\u00e9s de una enfermedad grave como el c\u00e1ncer de p\u00e1ncreas. El objetivo es mejorar la calidad de vida tanto para usted como para su familia.<\/p>\n<p>Los cuidados paliativos los brinda un equipo de m\u00e9dicos, enfermeras, trabajadores sociales y otros especialistas que trabajan junto con sus otros m\u00e9dicos para brindarle un nivel adicional de apoyo. Es apropiado a cualquier edad y en cualquier etapa de su enfermedad. Puedes tenerlo junto con un tratamiento curativo.<\/p>\n<h2>Tratamiento de los s\u00edntomas del c\u00e1ncer de p\u00e1ncreas: c\u00f3mo pueden ayudar los cuidados paliativos<\/h2>\n<p>Cuando el c\u00e1ncer de p\u00e1ncreas comienza por primera vez, a menudo no presenta s\u00edntomas. A medida que crece, es posible que empieces a notar cambios. La ictericia (coloraci\u00f3n amarillenta de la piel y el blanco de los ojos) es uno de los primeros s\u00edntomas que puede notar. La mayor\u00eda de las personas tienen dolor abdominal o de espalda intenso a medida que crece el tumor.<\/p>\n<p>Cuando se tiene c\u00e1ncer de p\u00e1ncreas, a menudo se experimenta un dolor intenso a medida que los tumores invaden los nervios y potencialmente se diseminan a otras partes del cuerpo. Los s\u00edntomas del c\u00e1ncer de p\u00e1ncreas pueden cambiar r\u00e1pidamente. El dolor puede empeorar con el transcurso de la enfermedad.<\/p>\n<p>Dado que los cuidadores paliativos son expertos en el tratamiento del dolor, pueden recetar cualquier tratamiento que sea m\u00e1s eficaz, como analg\u00e9sicos tradicionales, esteroides o bloqueos nerviosos. Trabajan con usted para ajustar sus medicamentos a fin de que se sienta lo m\u00e1s c\u00f3modo posible con la menor cantidad de efectos secundarios.<\/p>\n<p>Los tratamientos para el c\u00e1ncer de p\u00e1ncreas incluyen quimioterapia, radioterapia y terapia dirigida. La terapia dirigida es un medicamento que se toma por v\u00eda oral y que interfiere con partes espec\u00edficas de las c\u00e9lulas cancerosas y bloquea el crecimiento y la propagaci\u00f3n del c\u00e1ncer de p\u00e1ncreas.<\/p>\n<p>Si tiene c\u00e1ncer de p\u00e1ncreas en una etapa temprana, la cirug\u00eda puede ser una opci\u00f3n. Para el c\u00e1ncer que se propaga m\u00e1s all\u00e1 del p\u00e1ncreas y no se puede curar, la quimioterapia, la radiaci\u00f3n y otros tipos de terapias no se utilizan para curar, sino para prolongar la vida.<\/p>\n<p>Para obtener el mayor beneficio, se debe incorporar un equipo de cuidados paliativos en el primer diagn\u00f3stico para iniciar y facilitar las conversaciones con usted y su familia sobre sus objetivos de atenci\u00f3n. Los especialistas en cuidados paliativos le explicar\u00e1n objetivamente los pros y los contras de cada tratamiento. Le informar\u00e1n sobre los posibles efectos secundarios, cu\u00e1ndo es probable que ocurran y qu\u00e9 se puede hacer para prevenirlos o aliviarlos.<\/p>\n<p>Una vez que se complete su tratamiento, su m\u00e9dico le realizar\u00e1 pruebas peri\u00f3dicas para ver si el c\u00e1ncer de p\u00e1ncreas ha regresado o se ha extendido. Muy a menudo, el c\u00e1ncer de p\u00e1ncreas no se puede curar por completo, aunque se pueda tratar o ralentizar.<\/p>\n<p>Su equipo de cuidados paliativos le ayudar\u00e1 a sopesar los efectos secundarios de los tratamientos frente a los s\u00edntomas de la enfermedad misma. Los especialistas pueden recetar medicamentos para tratar el dolor y otros efectos secundarios, como las n\u00e1useas de la quimioterapia. Tambi\u00e9n pueden recetarle medicamentos y otros apoyos para la ansiedad y la depresi\u00f3n.<\/p>\n<p>Su equipo de cuidados paliativos le brindar\u00e1 apoyo no solo a usted, sino tambi\u00e9n a su familia. El estr\u00e9s que soportan sus cuidadores familiares puede ser enorme. Los especialistas del equipo ayudar\u00e1n a su familia a comprender el nivel de atenci\u00f3n que necesitar\u00e1 durante su tratamiento y recuperaci\u00f3n. Tambi\u00e9n responder\u00e1n cualquier pregunta dif\u00edcil sobre su enfermedad. Y sobre todo, ayudar\u00e1n a mejorar tu calidad de vida durante el transcurso de tu enfermedad.<\/p>\n<p>Su equipo ser\u00e1 su caja de resonancia y su primera l\u00ednea de defensa contra cualquier s\u00edntoma de dolor, malestar, depresi\u00f3n o ansiedad.<\/p>\n<p>Los especialistas del equipo le ayudar\u00e1n a usted y a sus seres queridos a tomar decisiones tanto grandes como peque\u00f1as. Mejorar\u00e1n la comunicaci\u00f3n entre usted, su familia y sus otros m\u00e9dicos, y le ayudar\u00e1n a aclarar sus objetivos de atenci\u00f3n.<\/p>\n<p>Estos son algunos de los muchos beneficios de los cuidados paliativos.<\/p>\n<h2>C\u00f3mo obtener cuidados paliativos<\/h2>\n<p>Si usted o un ser querido necesita cuidados paliativos, solicite una derivaci\u00f3n a su m\u00e9dico.<\/p>\n<p>Encontrar un hospital en su \u00e1rea con un equipo de cuidados paliativos es f\u00e1cil. solo ve a <a href=\"http:\/\/getpalliativecare.org\/es\/providers\/\">GetPalliativeCare.org\/providers<\/a> para obtener una lista estado por estado. Para saber si los cuidados paliativos son adecuados para usted, <a href=\"http:\/\/getpalliativecare.org\/es\/rightforyou\/\">toma nuestra prueba<\/a>.<\/p>\n<p><em>Para obtener m\u00e1s informaci\u00f3n sobre el c\u00e1ncer de p\u00e1ncreas, visite el\u00a0<a href=\"https:\/\/www.pancan.org\/\" target=\"_blank\" rel=\"noopener noreferrer\">Red de acci\u00f3n contra el c\u00e1ncer de p\u00e1ncreas<\/a>.<\/em><\/p>\n<h2>Podcast: La historia del c\u00e1ncer de p\u00e1ncreas de Barbara y Laren<\/h2>\n<p><iframe loading=\"lazy\" src=\"https:\/\/w.soundcloud.com\/player\/?url=https%3A\/\/api.soundcloud.com\/tracks\/383642396&amp;color=%23ff5500&amp;auto_play=false&amp;hide_related=false&amp;show_comments=true&amp;show_user=true&amp;show_reposts=false&amp;show_teaser=true&amp;visual=true\" width=\"100%\" height=\"300\" frameborder=\"no\" scrolling=\"no\"><\/iframe><\/p>","protected":false},"excerpt":{"rendered":"<p>Comprensi\u00f3n del c\u00e1ncer de p\u00e1ncreas El c\u00e1ncer de p\u00e1ncreas es el c\u00e1ncer de la gl\u00e1ndula p\u00e1ncreas. Existen diferentes tipos de c\u00e1ncer de p\u00e1ncreas. El tipo m\u00e1s com\u00fan de c\u00e1ncer de p\u00e1ncreas se produce en los conductos que transportan los jugos pancre\u00e1ticos. Esto se llama c\u00e1ncer de p\u00e1ncreas exocrino. Un tipo m\u00e1s raro de c\u00e1ncer de p\u00e1ncreas se produce en las c\u00e9lulas que producen hormonas. Este \u2026 <\/p>","protected":false},"author":12,"featured_media":0,"parent":46819,"menu_order":0,"comment_status":"closed","ping_status":"closed","template":"template-whatis.php","meta":{"_acf_changed":false,"footnotes":""},"class_list":["post-46979","page","type-page","status-publish","hentry"],"acf":[],"yoast_head":"<!-- This site is optimized with the Yoast SEO plugin v26.6 - https:\/\/yoast.com\/wordpress\/plugins\/seo\/ -->\n<title>Palliative Care and Pancreatic Cancer | Get Palliative Care<\/title>\n<meta name=\"description\" content=\"Palliative care is a specialty in medicine focused on treating the symptoms, pain and stress that accompany pancreatic cancer.\" \/>\n<meta name=\"robots\" content=\"index, follow, max-snippet:-1, max-image-preview:large, max-video-preview:-1\" \/>\n<link rel=\"canonical\" href=\"https:\/\/getpalliativecare.org\/es\/whatis\/disease-types\/pancreatic-cancer-palliative-care\/\" \/>\n<meta name=\"twitter:card\" content=\"summary_large_image\" \/>\n<meta name=\"twitter:title\" content=\"Palliative Care and Pancreatic Cancer | Get Palliative Care\" \/>\n<meta name=\"twitter:description\" content=\"Palliative care is a specialty in medicine focused on treating the symptoms, pain and stress that accompany pancreatic cancer.\" \/>\n<meta name=\"twitter:site\" content=\"@GetPalliative\" \/>\n<meta name=\"twitter:label1\" content=\"Tiempo de lectura\" \/>\n\t<meta name=\"twitter:data1\" content=\"4 minutos\" \/>\n<script type=\"application\/ld+json\" class=\"yoast-schema-graph\">{\"@context\":\"https:\/\/schema.org\",\"@graph\":[{\"@type\":\"WebPage\",\"@id\":\"https:\/\/getpalliativecare.org\/whatis\/disease-types\/pancreatic-cancer-palliative-care\/\",\"url\":\"https:\/\/getpalliativecare.org\/whatis\/disease-types\/pancreatic-cancer-palliative-care\/\",\"name\":\"Palliative Care and Pancreatic Cancer | Get Palliative Care\",\"isPartOf\":{\"@id\":\"https:\/\/getpalliativecare.org\/#website\"},\"datePublished\":\"2014-08-15T17:56:00+00:00\",\"dateModified\":\"2022-05-02T21:39:20+00:00\",\"description\":\"Palliative care is a specialty in medicine focused on treating the symptoms, pain and stress that accompany pancreatic cancer.\",\"breadcrumb\":{\"@id\":\"https:\/\/getpalliativecare.org\/whatis\/disease-types\/pancreatic-cancer-palliative-care\/#breadcrumb\"},\"inLanguage\":\"es\",\"potentialAction\":[{\"@type\":\"ReadAction\",\"target\":[\"https:\/\/getpalliativecare.org\/whatis\/disease-types\/pancreatic-cancer-palliative-care\/\"]}]},{\"@type\":\"BreadcrumbList\",\"@id\":\"https:\/\/getpalliativecare.org\/whatis\/disease-types\/pancreatic-cancer-palliative-care\/#breadcrumb\",\"itemListElement\":[{\"@type\":\"ListItem\",\"position\":1,\"name\":\"What is Palliative Care?\",\"item\":\"https:\/\/getpalliativecare.org\/whatis\/\"},{\"@type\":\"ListItem\",\"position\":2,\"name\":\"Disease Types and Palliative Care\",\"item\":\"https:\/\/getpalliativecare.org\/whatis\/disease-types\/\"},{\"@type\":\"ListItem\",\"position\":3,\"name\":\"Pancreatic Cancer and Palliative Care\"}]},{\"@type\":\"WebSite\",\"@id\":\"https:\/\/getpalliativecare.org\/#website\",\"url\":\"https:\/\/getpalliativecare.org\/\",\"name\":\"Get Palliative Care\",\"description\":\"Palliative care is specialized care focused on the pain, symptoms and stress of serious illness.  Find a hospital or medical center in your area that has a palliative care program.\",\"potentialAction\":[{\"@type\":\"SearchAction\",\"target\":{\"@type\":\"EntryPoint\",\"urlTemplate\":\"https:\/\/getpalliativecare.org\/?s={search_term_string}\"},\"query-input\":{\"@type\":\"PropertyValueSpecification\",\"valueRequired\":true,\"valueName\":\"search_term_string\"}}],\"inLanguage\":\"es\"}]}<\/script>\n<!-- \/ Yoast SEO plugin. -->","yoast_head_json":{"title":"Cuidados paliativos y c\u00e1ncer de p\u00e1ncreas | Reciba cuidados paliativos","description":"Los cuidados paliativos son una especialidad de la medicina centrada en el tratamiento de los s\u00edntomas, el dolor y el estr\u00e9s que acompa\u00f1an al c\u00e1ncer de p\u00e1ncreas.","robots":{"index":"index","follow":"follow","max-snippet":"max-snippet:-1","max-image-preview":"max-image-preview:large","max-video-preview":"max-video-preview:-1"},"canonical":"https:\/\/getpalliativecare.org\/es\/whatis\/disease-types\/pancreatic-cancer-palliative-care\/","twitter_card":"summary_large_image","twitter_title":"Palliative Care and Pancreatic Cancer | Get Palliative Care","twitter_description":"Palliative care is a specialty in medicine focused on treating the symptoms, pain and stress that accompany pancreatic cancer.","twitter_site":"@GetPalliative","twitter_misc":{"Tiempo de lectura":"4 minutos"},"schema":{"@context":"https:\/\/schema.org","@graph":[{"@type":"WebPage","@id":"https:\/\/getpalliativecare.org\/whatis\/disease-types\/pancreatic-cancer-palliative-care\/","url":"https:\/\/getpalliativecare.org\/whatis\/disease-types\/pancreatic-cancer-palliative-care\/","name":"Cuidados paliativos y c\u00e1ncer de p\u00e1ncreas | Reciba cuidados paliativos","isPartOf":{"@id":"https:\/\/getpalliativecare.org\/#website"},"datePublished":"2014-08-15T17:56:00+00:00","dateModified":"2022-05-02T21:39:20+00:00","description":"Los cuidados paliativos son una especialidad de la medicina centrada en el tratamiento de los s\u00edntomas, el dolor y el estr\u00e9s que acompa\u00f1an al c\u00e1ncer de p\u00e1ncreas.","breadcrumb":{"@id":"https:\/\/getpalliativecare.org\/whatis\/disease-types\/pancreatic-cancer-palliative-care\/#breadcrumb"},"inLanguage":"es","potentialAction":[{"@type":"ReadAction","target":["https:\/\/getpalliativecare.org\/whatis\/disease-types\/pancreatic-cancer-palliative-care\/"]}]},{"@type":"BreadcrumbList","@id":"https:\/\/getpalliativecare.org\/whatis\/disease-types\/pancreatic-cancer-palliative-care\/#breadcrumb","itemListElement":[{"@type":"ListItem","position":1,"name":"What is Palliative Care?","item":"https:\/\/getpalliativecare.org\/whatis\/"},{"@type":"ListItem","position":2,"name":"Disease Types and Palliative Care","item":"https:\/\/getpalliativecare.org\/whatis\/disease-types\/"},{"@type":"ListItem","position":3,"name":"Pancreatic Cancer and Palliative Care"}]},{"@type":"WebSite","@id":"https:\/\/getpalliativecare.org\/#website","url":"https:\/\/getpalliativecare.org\/","name":"Obtenga cuidados paliativos","description":"Los cuidados paliativos son cuidados especializados centrados en el dolor, los s\u00edntomas y el estr\u00e9s de una enfermedad grave. Encuentre un hospital o centro m\u00e9dico en su \u00e1rea que tenga un programa de cuidados paliativos.","potentialAction":[{"@type":"SearchAction","target":{"@type":"EntryPoint","urlTemplate":"https:\/\/getpalliativecare.org\/?s={search_term_string}"},"query-input":{"@type":"PropertyValueSpecification","valueRequired":true,"valueName":"search_term_string"}}],"inLanguage":"es"}]}},"_links":{"self":[{"href":"https:\/\/getpalliativecare.org\/es\/wp-json\/wp\/v2\/pages\/46979","targetHints":{"allow":["GET"]}}],"collection":[{"href":"https:\/\/getpalliativecare.org\/es\/wp-json\/wp\/v2\/pages"}],"about":[{"href":"https:\/\/getpalliativecare.org\/es\/wp-json\/wp\/v2\/types\/page"}],"author":[{"embeddable":true,"href":"https:\/\/getpalliativecare.org\/es\/wp-json\/wp\/v2\/users\/12"}],"replies":[{"embeddable":true,"href":"https:\/\/getpalliativecare.org\/es\/wp-json\/wp\/v2\/comments?post=46979"}],"version-history":[{"count":0,"href":"https:\/\/getpalliativecare.org\/es\/wp-json\/wp\/v2\/pages\/46979\/revisions"}],"up":[{"embeddable":true,"href":"https:\/\/getpalliativecare.org\/es\/wp-json\/wp\/v2\/pages\/46819"}],"wp:attachment":[{"href":"https:\/\/getpalliativecare.org\/es\/wp-json\/wp\/v2\/media?parent=46979"}],"curies":[{"name":"gracias","href":"https:\/\/api.w.org\/{rel}","templated":true}]}}