{"id":46977,"date":"2014-08-15T13:48:33","date_gmt":"2014-08-15T17:48:33","guid":{"rendered":"http:\/\/getpalliativecare.org\/?page_id=46977"},"modified":"2024-02-29T11:59:09","modified_gmt":"2024-02-29T16:59:09","slug":"prostate-cancer-palliative-care","status":"publish","type":"page","link":"https:\/\/getpalliativecare.org\/es\/whatis\/disease-types\/prostate-cancer-palliative-care\/","title":{"rendered":"C\u00e1ncer de pr\u00f3stata y cuidados paliativos"},"content":{"rendered":"<h2>Entendiendo el c\u00e1ncer de pr\u00f3stata<\/h2>\n<p>La pr\u00f3stata es una gl\u00e1ndula que los hombres tienen dentro de la parte inferior del abdomen. Se encuentra debajo de la vejiga y delante del recto. La pr\u00f3stata produce un l\u00edquido llamado l\u00edquido seminal. Este l\u00edquido nutre los espermatozoides y ayuda a sacarlos del cuerpo en el semen del hombre.<\/p>\n<p>Con el c\u00e1ncer de pr\u00f3stata, las c\u00e9lulas normales de la gl\u00e1ndula prost\u00e1tica de un hombre comienzan a cambiar y crecer sin control. Esto forma un tumor que puede invadir el tejido cercano o extenderse a otras partes del cuerpo.<\/p>\n<h2>Comprender los cuidados paliativos<\/h2>\n<p>Los cuidados paliativos (pronunciados \u201cpal-lee-uh-tiv\u201d) son atenci\u00f3n m\u00e9dica especializada para personas con enfermedades graves. Se centra en brindarle alivio de los s\u00edntomas, el dolor y el estr\u00e9s de una enfermedad grave como el c\u00e1ncer de pr\u00f3stata. El objetivo es mejorar la calidad de vida tanto para usted como para su familia.<\/p>\n<p>Los cuidados paliativos los brinda un equipo de m\u00e9dicos, enfermeras y otros especialistas que trabajan junto con sus otros m\u00e9dicos para brindarle un nivel adicional de apoyo. Puede tenerlo a cualquier edad y en cualquier etapa de su enfermedad. Tambi\u00e9n puedes tomarlo junto con un tratamiento curativo.<\/p>\n<h2>Tratamiento de los s\u00edntomas del c\u00e1ncer de pr\u00f3stata: c\u00f3mo pueden ayudar los cuidados paliativos<\/h2>\n<p>El c\u00e1ncer de pr\u00f3stata puede causar problemas al orinar. Es posible que sienta la necesidad de orinar todo el tiempo o que tenga problemas para orinar. Es posible que tenga un flujo de orina d\u00e9bil o interrumpido, dificultad para comenzar o detener la micci\u00f3n y dolor o ardor al orinar.<\/p>\n<p>Tambi\u00e9n puede experimentar otros s\u00edntomas. Estos s\u00edntomas del c\u00e1ncer de pr\u00f3stata pueden incluir dolor en la parte baja de la espalda, las caderas o la parte superior de los muslos; dificultad para tener una erecci\u00f3n; dolor con la eyaculaci\u00f3n; y sangre en la orina o el semen. Sin embargo, el c\u00e1ncer de pr\u00f3stata en sus primeras etapas no suele causar s\u00edntomas.<\/p>\n<p>Su m\u00e9dico realizar\u00e1 varias pruebas para detectar el c\u00e1ncer de pr\u00f3stata. Despu\u00e9s de realizar un examen f\u00edsico por primera vez, su m\u00e9dico le realizar\u00e1 un an\u00e1lisis de sangre de PSA (ant\u00edgeno prost\u00e1tico espec\u00edfico). Otras pruebas pueden incluir una ecograf\u00eda, una radiograf\u00eda, una tomograf\u00eda computarizada, una resonancia magn\u00e9tica o una biopsia (extracci\u00f3n y an\u00e1lisis de una muestra de tejido).<\/p>\n<p>Existen varias opciones para tratar el c\u00e1ncer de pr\u00f3stata. En las primeras etapas, se puede extirpar mediante cirug\u00eda; pero si el tumor es demasiado grande o est\u00e1 demasiado cerca de alg\u00fan conjunto de nervios, es posible que la cirug\u00eda no sea una opci\u00f3n. La radioterapia, la quimioterapia y la terapia hormonal tambi\u00e9n se pueden utilizar para tratar el c\u00e1ncer de pr\u00f3stata. Si se encuentra en una etapa temprana y crece lentamente, es posible que tenga la opci\u00f3n de realizar una espera vigilante (monitoreando el c\u00e1ncer con chequeos regulares).<\/p>\n<p>Los especialistas en cuidados paliativos le explicar\u00e1n todas sus diferentes opciones y luego le ayudar\u00e1n a tomar una decisi\u00f3n informada. Lo hacen ayud\u00e1ndole a adaptar sus opciones de tratamiento a sus necesidades y objetivos personales. Pasar\u00e1n mucho tiempo con usted para asegurarse de que usted y su familia comprendan completamente su enfermedad.<\/p>\n<p>Los especialistas en cuidados paliativos son expertos en el tratamiento de los s\u00edntomas de una enfermedad grave como el c\u00e1ncer de pr\u00f3stata. El dolor de huesos, por ejemplo, es com\u00fan en el c\u00e1ncer de pr\u00f3stata. Los especialistas de su equipo de cuidados paliativos trabajar\u00e1n con usted para encontrar los mejores medicamentos para su dolor. Es posible que le recomienden el uso de una serie de medicamentos y esteroides que le ayudar\u00edan a reducir el tratamiento con opi\u00e1ceos.<\/p>\n<p>La fatiga (sentirse d\u00e9bil o cansado) es un efecto secundario com\u00fan si est\u00e1 recibiendo terapia hormonal, ya que disminuye la testosterona. Los tratamientos de radiaci\u00f3n tambi\u00e9n pueden causar fatiga y otros s\u00edntomas. Los especialistas en cuidados paliativos pueden ayudarle a aumentar su energ\u00eda ajustando los niveles hormonales con medicamentos y sugiriendo ejercicios espec\u00edficos y otros cambios en el estilo de vida.<\/p>\n<p>Los efectos secundarios comunes del c\u00e1ncer de pr\u00f3stata, como la incontinencia y la p\u00e9rdida del deseo sexual, suelen ser dif\u00edciles de tratar. Pueden afectar su autoestima y crear ansiedad tanto para usted como para sus seres queridos. Su equipo de cuidados paliativos le ayudar\u00e1 a analizar su situaci\u00f3n con su familia para ayudar a aliviar cualquier problema emocional que pueda estar relacionado con los efectos secundarios.<\/p>\n<p>Su equipo de cuidados paliativos puede ayudarle con todo esto y m\u00e1s. El equipo ser\u00e1 su caja de resonancia y su primera l\u00ednea de defensa contra cualquier s\u00edntoma de dolor, malestar, depresi\u00f3n o ansiedad.<\/p>\n<p>Los especialistas del equipo le ayudar\u00e1n a usted y a sus seres queridos a tomar decisiones tanto grandes como peque\u00f1as. Mejorar\u00e1n la comunicaci\u00f3n entre usted, su familia y sus otros m\u00e9dicos, y le ayudar\u00e1n a aclarar sus objetivos de atenci\u00f3n.<\/p>\n<p>Estos son algunos de los muchos beneficios de los cuidados paliativos.<\/p>\n<h2>C\u00f3mo obtener cuidados paliativos<\/h2>\n<p>Si usted o un ser querido necesita cuidados paliativos, solicite una derivaci\u00f3n a su m\u00e9dico.<\/p>\n<p>Es f\u00e1cil encontrar un hospital con un equipo de cuidados paliativos en su \u00e1rea. solo ve a <a href=\"https:\/\/getpalliativecare.org\/es\/providers\/\">GetPalliativeCare.org\/providers<\/a> para obtener una lista estado por estado. Para saber si los cuidados paliativos son adecuados para usted, <a href=\"http:\/\/getpalliativecare.org\/es\/rightforyou\/\">toma nuestra prueba<\/a>.<\/p>\n<p>&nbsp;<\/p>\n<p>&nbsp;<\/p>","protected":false},"excerpt":{"rendered":"<p>Comprender el c\u00e1ncer de pr\u00f3stata La pr\u00f3stata es una gl\u00e1ndula que los hombres tienen dentro de la parte inferior del abdomen. Se encuentra debajo de la vejiga y delante del recto. La pr\u00f3stata produce un l\u00edquido llamado l\u00edquido seminal. Este l\u00edquido nutre los espermatozoides y ayuda a sacarlos del cuerpo en el semen del hombre. Con pr\u00f3stata... <\/p>","protected":false},"author":12,"featured_media":0,"parent":46819,"menu_order":0,"comment_status":"closed","ping_status":"closed","template":"template-whatis.php","meta":{"_acf_changed":false,"footnotes":""},"class_list":["post-46977","page","type-page","status-publish","hentry"],"acf":[],"yoast_head":"<!-- This site is optimized with the Yoast SEO plugin v26.6 - https:\/\/yoast.com\/wordpress\/plugins\/seo\/ -->\n<title>Palliative Care and Prostate Cancer | Get Palliative Care<\/title>\n<meta name=\"description\" content=\"Palliative care is a specialty in medicine focused on treating the symptoms, pain and stress that accompany prostate cancer.\" \/>\n<meta name=\"robots\" content=\"index, follow, max-snippet:-1, max-image-preview:large, max-video-preview:-1\" \/>\n<link rel=\"canonical\" href=\"https:\/\/getpalliativecare.org\/es\/whatis\/disease-types\/prostate-cancer-palliative-care\/\" \/>\n<meta name=\"twitter:card\" content=\"summary_large_image\" \/>\n<meta name=\"twitter:title\" content=\"Palliative Care and Prostate Cancer | Get Palliative Care\" \/>\n<meta name=\"twitter:description\" content=\"Palliative care is a specialty in medicine focused on treating the symptoms, pain and stress that accompany prostate cancer.\" \/>\n<meta name=\"twitter:site\" content=\"@GetPalliative\" \/>\n<meta name=\"twitter:label1\" content=\"Tiempo de lectura\" \/>\n\t<meta name=\"twitter:data1\" content=\"4 minutos\" \/>\n<script type=\"application\/ld+json\" class=\"yoast-schema-graph\">{\"@context\":\"https:\/\/schema.org\",\"@graph\":[{\"@type\":\"WebPage\",\"@id\":\"https:\/\/getpalliativecare.org\/whatis\/disease-types\/prostate-cancer-palliative-care\/\",\"url\":\"https:\/\/getpalliativecare.org\/whatis\/disease-types\/prostate-cancer-palliative-care\/\",\"name\":\"Palliative Care and Prostate Cancer | Get Palliative Care\",\"isPartOf\":{\"@id\":\"https:\/\/getpalliativecare.org\/#website\"},\"datePublished\":\"2014-08-15T17:48:33+00:00\",\"dateModified\":\"2024-02-29T16:59:09+00:00\",\"description\":\"Palliative care is a specialty in medicine focused on treating the symptoms, pain and stress that accompany prostate cancer.\",\"breadcrumb\":{\"@id\":\"https:\/\/getpalliativecare.org\/whatis\/disease-types\/prostate-cancer-palliative-care\/#breadcrumb\"},\"inLanguage\":\"es\",\"potentialAction\":[{\"@type\":\"ReadAction\",\"target\":[\"https:\/\/getpalliativecare.org\/whatis\/disease-types\/prostate-cancer-palliative-care\/\"]}]},{\"@type\":\"BreadcrumbList\",\"@id\":\"https:\/\/getpalliativecare.org\/whatis\/disease-types\/prostate-cancer-palliative-care\/#breadcrumb\",\"itemListElement\":[{\"@type\":\"ListItem\",\"position\":1,\"name\":\"What is Palliative Care?\",\"item\":\"https:\/\/getpalliativecare.org\/whatis\/\"},{\"@type\":\"ListItem\",\"position\":2,\"name\":\"Disease Types and Palliative Care\",\"item\":\"https:\/\/getpalliativecare.org\/whatis\/disease-types\/\"},{\"@type\":\"ListItem\",\"position\":3,\"name\":\"Prostate Cancer and Palliative Care\"}]},{\"@type\":\"WebSite\",\"@id\":\"https:\/\/getpalliativecare.org\/#website\",\"url\":\"https:\/\/getpalliativecare.org\/\",\"name\":\"Get Palliative Care\",\"description\":\"Palliative care is specialized care focused on the pain, symptoms and stress of serious illness.  Find a hospital or medical center in your area that has a palliative care program.\",\"potentialAction\":[{\"@type\":\"SearchAction\",\"target\":{\"@type\":\"EntryPoint\",\"urlTemplate\":\"https:\/\/getpalliativecare.org\/?s={search_term_string}\"},\"query-input\":{\"@type\":\"PropertyValueSpecification\",\"valueRequired\":true,\"valueName\":\"search_term_string\"}}],\"inLanguage\":\"es\"}]}<\/script>\n<!-- \/ Yoast SEO plugin. -->","yoast_head_json":{"title":"Cuidados paliativos y c\u00e1ncer de pr\u00f3stata | Reciba cuidados paliativos","description":"Los cuidados paliativos son una especialidad de la medicina centrada en el tratamiento de los s\u00edntomas, el dolor y el estr\u00e9s que acompa\u00f1an al c\u00e1ncer de pr\u00f3stata.","robots":{"index":"index","follow":"follow","max-snippet":"max-snippet:-1","max-image-preview":"max-image-preview:large","max-video-preview":"max-video-preview:-1"},"canonical":"https:\/\/getpalliativecare.org\/es\/whatis\/disease-types\/prostate-cancer-palliative-care\/","twitter_card":"summary_large_image","twitter_title":"Palliative Care and Prostate Cancer | Get Palliative Care","twitter_description":"Palliative care is a specialty in medicine focused on treating the symptoms, pain and stress that accompany prostate cancer.","twitter_site":"@GetPalliative","twitter_misc":{"Tiempo de lectura":"4 minutos"},"schema":{"@context":"https:\/\/schema.org","@graph":[{"@type":"WebPage","@id":"https:\/\/getpalliativecare.org\/whatis\/disease-types\/prostate-cancer-palliative-care\/","url":"https:\/\/getpalliativecare.org\/whatis\/disease-types\/prostate-cancer-palliative-care\/","name":"Cuidados paliativos y c\u00e1ncer de pr\u00f3stata | Reciba cuidados paliativos","isPartOf":{"@id":"https:\/\/getpalliativecare.org\/#website"},"datePublished":"2014-08-15T17:48:33+00:00","dateModified":"2024-02-29T16:59:09+00:00","description":"Los cuidados paliativos son una especialidad de la medicina centrada en el tratamiento de los s\u00edntomas, el dolor y el estr\u00e9s que acompa\u00f1an al c\u00e1ncer de pr\u00f3stata.","breadcrumb":{"@id":"https:\/\/getpalliativecare.org\/whatis\/disease-types\/prostate-cancer-palliative-care\/#breadcrumb"},"inLanguage":"es","potentialAction":[{"@type":"ReadAction","target":["https:\/\/getpalliativecare.org\/whatis\/disease-types\/prostate-cancer-palliative-care\/"]}]},{"@type":"BreadcrumbList","@id":"https:\/\/getpalliativecare.org\/whatis\/disease-types\/prostate-cancer-palliative-care\/#breadcrumb","itemListElement":[{"@type":"ListItem","position":1,"name":"What is Palliative Care?","item":"https:\/\/getpalliativecare.org\/whatis\/"},{"@type":"ListItem","position":2,"name":"Disease Types and Palliative Care","item":"https:\/\/getpalliativecare.org\/whatis\/disease-types\/"},{"@type":"ListItem","position":3,"name":"Prostate Cancer and Palliative Care"}]},{"@type":"WebSite","@id":"https:\/\/getpalliativecare.org\/#website","url":"https:\/\/getpalliativecare.org\/","name":"Obtenga cuidados paliativos","description":"Los cuidados paliativos son cuidados especializados centrados en el dolor, los s\u00edntomas y el estr\u00e9s de una enfermedad grave. Encuentre un hospital o centro m\u00e9dico en su \u00e1rea que tenga un programa de cuidados paliativos.","potentialAction":[{"@type":"SearchAction","target":{"@type":"EntryPoint","urlTemplate":"https:\/\/getpalliativecare.org\/?s={search_term_string}"},"query-input":{"@type":"PropertyValueSpecification","valueRequired":true,"valueName":"search_term_string"}}],"inLanguage":"es"}]}},"_links":{"self":[{"href":"https:\/\/getpalliativecare.org\/es\/wp-json\/wp\/v2\/pages\/46977","targetHints":{"allow":["GET"]}}],"collection":[{"href":"https:\/\/getpalliativecare.org\/es\/wp-json\/wp\/v2\/pages"}],"about":[{"href":"https:\/\/getpalliativecare.org\/es\/wp-json\/wp\/v2\/types\/page"}],"author":[{"embeddable":true,"href":"https:\/\/getpalliativecare.org\/es\/wp-json\/wp\/v2\/users\/12"}],"replies":[{"embeddable":true,"href":"https:\/\/getpalliativecare.org\/es\/wp-json\/wp\/v2\/comments?post=46977"}],"version-history":[{"count":0,"href":"https:\/\/getpalliativecare.org\/es\/wp-json\/wp\/v2\/pages\/46977\/revisions"}],"up":[{"embeddable":true,"href":"https:\/\/getpalliativecare.org\/es\/wp-json\/wp\/v2\/pages\/46819"}],"wp:attachment":[{"href":"https:\/\/getpalliativecare.org\/es\/wp-json\/wp\/v2\/media?parent=46977"}],"curies":[{"name":"gracias","href":"https:\/\/api.w.org\/{rel}","templated":true}]}}