{"id":46975,"date":"2014-08-15T13:32:45","date_gmt":"2014-08-15T17:32:45","guid":{"rendered":"http:\/\/getpalliativecare.org\/?page_id=46975"},"modified":"2022-05-02T17:26:49","modified_gmt":"2022-05-02T21:26:49","slug":"colon-cancer-palliative-care","status":"publish","type":"page","link":"https:\/\/getpalliativecare.org\/es\/whatis\/disease-types\/colon-cancer-palliative-care\/","title":{"rendered":"C\u00e1ncer de colon y cuidados paliativos"},"content":{"rendered":"<h2>Entendiendo el c\u00e1ncer de colon<\/h2>\n<p>El c\u00e1ncer de colon es un c\u00e1ncer en los tejidos del colon, en la parte inferior del intestino grueso. Es uno de los tipos de c\u00e1ncer m\u00e1s comunes.<\/p>\n<p>Las c\u00e9lulas cancerosas anormales comienzan a crecer r\u00e1pidamente en el colon o el recto. Si el c\u00e1ncer no se detecta a tiempo, puede propagarse a otras partes del cuerpo. A partir de los 50 a\u00f1os, cuando se vuelve m\u00e1s com\u00fan, las pruebas peri\u00f3dicas de detecci\u00f3n del c\u00e1ncer de colon pueden ayudarle a detectarlo lo antes posible.<\/p>\n<p>La cirug\u00eda suele ser la primera opci\u00f3n para el tratamiento del c\u00e1ncer de colon. Tambi\u00e9n se pueden ordenar quimioterapia y radioterapia. Su m\u00e9dico puede usarlos para ayudar a controlar, controlar o retardar la propagaci\u00f3n de la enfermedad.<\/p>\n<h2>Comprender los cuidados paliativos<\/h2>\n<p>Los cuidados paliativos (pronunciados \u201cpal-lee-uh-tiv\u201d) son atenci\u00f3n m\u00e9dica especializada para personas con una enfermedad grave como el c\u00e1ncer de colon. Los cuidados paliativos se centran en brindarle alivio de los s\u00edntomas y el estr\u00e9s de la enfermedad. El objetivo es mejorar la calidad de vida tanto para usted como para su familia.<\/p>\n<p>Los cuidados paliativos los brinda un equipo especialmente capacitado de m\u00e9dicos, enfermeras y trabajadores sociales que trabajan junto con sus otros m\u00e9dicos para brindarle un nivel adicional de apoyo. Es apropiado a cualquier edad y en cualquier etapa de su enfermedad, y puede tomarlo junto con un tratamiento curativo.<\/p>\n<p>Los cuidados paliativos ayudan a aliviar los s\u00edntomas del c\u00e1ncer de colon. Los especialistas en cuidados paliativos tambi\u00e9n lo ayudan a adaptar sus opciones de tratamiento a sus necesidades y objetivos personales.<\/p>\n<h2>Tratamiento de los s\u00edntomas del c\u00e1ncer de colon: c\u00f3mo pueden ayudar los cuidados paliativos<\/h2>\n<p>La cirug\u00eda para el c\u00e1ncer de colon puede causar dolor y sensibilidad en el \u00e1rea de la cirug\u00eda. Tanto el c\u00e1ncer de colon como los tratamientos para el c\u00e1ncer de colon tambi\u00e9n pueden causar impactaciones intestinales o obstrucciones del intestino grueso. Esto puede hacer que sea imposible que su cuerpo vac\u00ede el intestino y elimine los desechos de la forma habitual.<\/p>\n<p>Bloqueos como estos pueden causarle mucha angustia f\u00edsica. Es posible que requieran cirug\u00eda y, a veces, una ostom\u00eda (orificio quir\u00fargico en la piel) para redirigir los desechos. Esto puede tener un impacto en la calidad de vida, as\u00ed como en la autoimagen.<\/p>\n<p>Otros s\u00edntomas del c\u00e1ncer de colon incluyen estre\u00f1imiento, diarrea, sangrado en las heces, proctitis (hinchaz\u00f3n dolorosa del recto debido a un tumor o radiaci\u00f3n), dolor abdominal, cambios en los h\u00e1bitos intestinales u otros problemas del tracto intestinal.<\/p>\n<h2>Los efectos secundarios del tratamiento del c\u00e1ncer de colon: c\u00f3mo pueden ayudar los cuidados paliativos<\/h2>\n<p>Los efectos secundarios del tratamiento tambi\u00e9n pueden causar angustia. La quimioterapia puede causar anemia, debilidad, cansancio, ca\u00edda del cabello, n\u00e1useas y v\u00f3mitos, diarrea, da\u00f1o y dolor a los nervios y llagas en la boca.<\/p>\n<p>La radioterapia tambi\u00e9n tiene efectos secundarios. Estos incluyen fatiga (sensaci\u00f3n de debilidad o cansancio), reacciones cut\u00e1neas, malestar estomacal, deposiciones sueltas, infertilidad y problemas sexuales.<\/p>\n<p>Los medicamentos pueden abordar muchos de estos efectos secundarios. Sin embargo, tambi\u00e9n necesitar\u00e1 la experiencia del equipo de cuidados paliativos. Se especializan en el manejo de los s\u00edntomas y efectos secundarios tanto de la enfermedad como de los tratamientos.<\/p>\n<p>El equipo de cuidados paliativos puede ayudar. Se centrar\u00e1n en controlar sus s\u00edntomas. Esto puede incluir dieta y nutrici\u00f3n, equilibrio de l\u00edquidos y electrolitos, y tratamientos para controlar o prevenir impactaciones, diarrea y otros s\u00edntomas intestinales.<\/p>\n<p>Los cuidados paliativos pueden ayudarle con todo esto y m\u00e1s. El equipo ser\u00e1 su caja de resonancia y su primera l\u00ednea de defensa contra los s\u00edntomas dif\u00edciles y la angustia. Tambi\u00e9n mejorar\u00e1n la comunicaci\u00f3n entre usted y sus otros m\u00e9dicos y le ayudar\u00e1n a aclarar sus objetivos de atenci\u00f3n.<\/p>\n<h2>C\u00f3mo obtener cuidados paliativos<\/h2>\n<p>P\u00eddale a su m\u00e9dico que lo derive a cuidados paliativos si usted o un ser querido tiene c\u00e1ncer de colon; cuanto antes, mejor. Puede recibir cuidados paliativos en el hospital, en una cl\u00ednica ambulatoria y, a veces, en casa.<\/p>\n<p>Para m\u00e1s informaci\u00f3n, <a href=\"https:\/\/getpalliativecare.org\/es\/\">visite GetPalliativeCare.org<\/a>. <a href=\"http:\/\/getpalliativecare.org\/es\/rightforyou\/\">Haz nuestro cuestionario<\/a> para saber si los cuidados paliativos son adecuados para usted. Y encuentre proveedores en su \u00e1rea visitando nuestro <a href=\"https:\/\/getpalliativecare.org\/es\/providers\/\">Directorio de proveedores de cuidados paliativos<\/a>.<\/p>\n<p><em>Para obtener m\u00e1s informaci\u00f3n sobre el c\u00e1ncer de colon, visite el <a href=\"https:\/\/www.ccalliance.org\/\" target=\"_blank\" rel=\"noopener noreferrer\">Alianza contra el c\u00e1ncer colorrectal.<\/a><\/em><\/p>\n<h2>Perspectiva del paciente: la historia del c\u00e1ncer de colon de Karena<br \/>\n<iframe loading=\"lazy\" src=\"https:\/\/w.soundcloud.com\/player\/?url=https%3A\/\/api.soundcloud.com\/tracks\/364503152&amp;color=%23ff5500&amp;auto_play=false&amp;hide_related=false&amp;show_comments=true&amp;show_user=true&amp;show_reposts=false&amp;show_teaser=true&amp;visual=true\" width=\"100%\" height=\"300\" frameborder=\"no\" scrolling=\"no\"><\/iframe><\/h2>\n<p>&nbsp;<\/p>","protected":false},"excerpt":{"rendered":"<p>Comprender el c\u00e1ncer de colon El c\u00e1ncer de colon es un c\u00e1ncer en los tejidos del colon, en la parte inferior del intestino grueso. Es uno de los tipos de c\u00e1ncer m\u00e1s comunes. Las c\u00e9lulas cancerosas anormales comienzan a crecer r\u00e1pidamente en el colon o el recto. Si el c\u00e1ncer no se detecta a tiempo, puede propagarse a otros... <\/p>","protected":false},"author":12,"featured_media":0,"parent":46819,"menu_order":0,"comment_status":"closed","ping_status":"closed","template":"template-whatis.php","meta":{"_acf_changed":false,"footnotes":""},"class_list":["post-46975","page","type-page","status-publish","hentry"],"acf":[],"yoast_head":"<!-- This site is optimized with the Yoast SEO plugin v26.6 - https:\/\/yoast.com\/wordpress\/plugins\/seo\/ -->\n<title>Palliative Care and Colon Cancer | Get Palliative Care<\/title>\n<meta name=\"description\" content=\"Palliative care is a specialty in medicine focused on treating the symptoms, pain and stress that accompany colon cancer.\" \/>\n<meta name=\"robots\" content=\"index, follow, max-snippet:-1, max-image-preview:large, max-video-preview:-1\" \/>\n<link rel=\"canonical\" href=\"https:\/\/getpalliativecare.org\/es\/whatis\/disease-types\/colon-cancer-palliative-care\/\" \/>\n<meta name=\"twitter:card\" content=\"summary_large_image\" \/>\n<meta name=\"twitter:title\" content=\"Palliative Care and Colon Cancer | Get Palliative Care\" \/>\n<meta name=\"twitter:description\" content=\"Palliative care is a specialty in medicine focused on treating the symptoms, pain and stress that accompany colon cancer.\" \/>\n<meta name=\"twitter:site\" content=\"@GetPalliative\" \/>\n<meta name=\"twitter:label1\" content=\"Tiempo de lectura\" \/>\n\t<meta name=\"twitter:data1\" content=\"3 minutos\" \/>\n<script type=\"application\/ld+json\" class=\"yoast-schema-graph\">{\"@context\":\"https:\/\/schema.org\",\"@graph\":[{\"@type\":\"WebPage\",\"@id\":\"https:\/\/getpalliativecare.org\/whatis\/disease-types\/colon-cancer-palliative-care\/\",\"url\":\"https:\/\/getpalliativecare.org\/whatis\/disease-types\/colon-cancer-palliative-care\/\",\"name\":\"Palliative Care and Colon Cancer | Get Palliative Care\",\"isPartOf\":{\"@id\":\"https:\/\/getpalliativecare.org\/#website\"},\"datePublished\":\"2014-08-15T17:32:45+00:00\",\"dateModified\":\"2022-05-02T21:26:49+00:00\",\"description\":\"Palliative care is a specialty in medicine focused on treating the symptoms, pain and stress that accompany colon cancer.\",\"breadcrumb\":{\"@id\":\"https:\/\/getpalliativecare.org\/whatis\/disease-types\/colon-cancer-palliative-care\/#breadcrumb\"},\"inLanguage\":\"es\",\"potentialAction\":[{\"@type\":\"ReadAction\",\"target\":[\"https:\/\/getpalliativecare.org\/whatis\/disease-types\/colon-cancer-palliative-care\/\"]}]},{\"@type\":\"BreadcrumbList\",\"@id\":\"https:\/\/getpalliativecare.org\/whatis\/disease-types\/colon-cancer-palliative-care\/#breadcrumb\",\"itemListElement\":[{\"@type\":\"ListItem\",\"position\":1,\"name\":\"What is Palliative Care?\",\"item\":\"https:\/\/getpalliativecare.org\/whatis\/\"},{\"@type\":\"ListItem\",\"position\":2,\"name\":\"Disease Types and Palliative Care\",\"item\":\"https:\/\/getpalliativecare.org\/whatis\/disease-types\/\"},{\"@type\":\"ListItem\",\"position\":3,\"name\":\"Colon Cancer and Palliative Care\"}]},{\"@type\":\"WebSite\",\"@id\":\"https:\/\/getpalliativecare.org\/#website\",\"url\":\"https:\/\/getpalliativecare.org\/\",\"name\":\"Get Palliative Care\",\"description\":\"Palliative care is specialized care focused on the pain, symptoms and stress of serious illness.  Find a hospital or medical center in your area that has a palliative care program.\",\"potentialAction\":[{\"@type\":\"SearchAction\",\"target\":{\"@type\":\"EntryPoint\",\"urlTemplate\":\"https:\/\/getpalliativecare.org\/?s={search_term_string}\"},\"query-input\":{\"@type\":\"PropertyValueSpecification\",\"valueRequired\":true,\"valueName\":\"search_term_string\"}}],\"inLanguage\":\"es\"}]}<\/script>\n<!-- \/ Yoast SEO plugin. -->","yoast_head_json":{"title":"Cuidados paliativos y c\u00e1ncer de colon | Reciba cuidados paliativos","description":"Los cuidados paliativos son una especialidad de la medicina centrada en el tratamiento de los s\u00edntomas, el dolor y el estr\u00e9s que acompa\u00f1an al c\u00e1ncer de colon.","robots":{"index":"index","follow":"follow","max-snippet":"max-snippet:-1","max-image-preview":"max-image-preview:large","max-video-preview":"max-video-preview:-1"},"canonical":"https:\/\/getpalliativecare.org\/es\/whatis\/disease-types\/colon-cancer-palliative-care\/","twitter_card":"summary_large_image","twitter_title":"Palliative Care and Colon Cancer | Get Palliative Care","twitter_description":"Palliative care is a specialty in medicine focused on treating the symptoms, pain and stress that accompany colon cancer.","twitter_site":"@GetPalliative","twitter_misc":{"Tiempo de lectura":"3 minutos"},"schema":{"@context":"https:\/\/schema.org","@graph":[{"@type":"WebPage","@id":"https:\/\/getpalliativecare.org\/whatis\/disease-types\/colon-cancer-palliative-care\/","url":"https:\/\/getpalliativecare.org\/whatis\/disease-types\/colon-cancer-palliative-care\/","name":"Cuidados paliativos y c\u00e1ncer de colon | Reciba cuidados paliativos","isPartOf":{"@id":"https:\/\/getpalliativecare.org\/#website"},"datePublished":"2014-08-15T17:32:45+00:00","dateModified":"2022-05-02T21:26:49+00:00","description":"Los cuidados paliativos son una especialidad de la medicina centrada en el tratamiento de los s\u00edntomas, el dolor y el estr\u00e9s que acompa\u00f1an al c\u00e1ncer de colon.","breadcrumb":{"@id":"https:\/\/getpalliativecare.org\/whatis\/disease-types\/colon-cancer-palliative-care\/#breadcrumb"},"inLanguage":"es","potentialAction":[{"@type":"ReadAction","target":["https:\/\/getpalliativecare.org\/whatis\/disease-types\/colon-cancer-palliative-care\/"]}]},{"@type":"BreadcrumbList","@id":"https:\/\/getpalliativecare.org\/whatis\/disease-types\/colon-cancer-palliative-care\/#breadcrumb","itemListElement":[{"@type":"ListItem","position":1,"name":"What is Palliative Care?","item":"https:\/\/getpalliativecare.org\/whatis\/"},{"@type":"ListItem","position":2,"name":"Disease Types and Palliative Care","item":"https:\/\/getpalliativecare.org\/whatis\/disease-types\/"},{"@type":"ListItem","position":3,"name":"Colon Cancer and Palliative Care"}]},{"@type":"WebSite","@id":"https:\/\/getpalliativecare.org\/#website","url":"https:\/\/getpalliativecare.org\/","name":"Obtenga cuidados paliativos","description":"Los cuidados paliativos son cuidados especializados centrados en el dolor, los s\u00edntomas y el estr\u00e9s de una enfermedad grave. Encuentre un hospital o centro m\u00e9dico en su \u00e1rea que tenga un programa de cuidados paliativos.","potentialAction":[{"@type":"SearchAction","target":{"@type":"EntryPoint","urlTemplate":"https:\/\/getpalliativecare.org\/?s={search_term_string}"},"query-input":{"@type":"PropertyValueSpecification","valueRequired":true,"valueName":"search_term_string"}}],"inLanguage":"es"}]}},"_links":{"self":[{"href":"https:\/\/getpalliativecare.org\/es\/wp-json\/wp\/v2\/pages\/46975","targetHints":{"allow":["GET"]}}],"collection":[{"href":"https:\/\/getpalliativecare.org\/es\/wp-json\/wp\/v2\/pages"}],"about":[{"href":"https:\/\/getpalliativecare.org\/es\/wp-json\/wp\/v2\/types\/page"}],"author":[{"embeddable":true,"href":"https:\/\/getpalliativecare.org\/es\/wp-json\/wp\/v2\/users\/12"}],"replies":[{"embeddable":true,"href":"https:\/\/getpalliativecare.org\/es\/wp-json\/wp\/v2\/comments?post=46975"}],"version-history":[{"count":0,"href":"https:\/\/getpalliativecare.org\/es\/wp-json\/wp\/v2\/pages\/46975\/revisions"}],"up":[{"embeddable":true,"href":"https:\/\/getpalliativecare.org\/es\/wp-json\/wp\/v2\/pages\/46819"}],"wp:attachment":[{"href":"https:\/\/getpalliativecare.org\/es\/wp-json\/wp\/v2\/media?parent=46975"}],"curies":[{"name":"gracias","href":"https:\/\/api.w.org\/{rel}","templated":true}]}}