{"id":46972,"date":"2014-08-15T13:16:28","date_gmt":"2014-08-15T17:16:28","guid":{"rendered":"http:\/\/getpalliativecare.org\/?page_id=46972"},"modified":"2024-02-29T11:57:47","modified_gmt":"2024-02-29T16:57:47","slug":"multiple-myeloma-palliative-care","status":"publish","type":"page","link":"https:\/\/getpalliativecare.org\/es\/whatis\/disease-types\/multiple-myeloma-palliative-care\/","title":{"rendered":"Mieloma m\u00faltiple y cuidados paliativos"},"content":{"rendered":"<p>El mieloma m\u00faltiple es un c\u00e1ncer de la sangre. Las c\u00e9lulas plasm\u00e1ticas sangu\u00edneas da\u00f1adas comienzan a reproducirse r\u00e1pidamente y a crecer sin control. Estas c\u00e9lulas cancerosas luego desplazan a otras c\u00e9lulas sangu\u00edneas e interfieren con el sistema inmunol\u00f3gico y los huesos.<\/p>\n<p>Las c\u00e9lulas plasm\u00e1ticas son un tipo de gl\u00f3bulos blancos que se producen en la m\u00e9dula \u00f3sea blanda y esponjosa en el centro de los huesos grandes. Producen anticuerpos que ayudan al cuerpo a reconocer, atacar y matar g\u00e9rmenes.<\/p>\n<h2>Comprender los cuidados paliativos<\/h2>\n<p>Los cuidados paliativos (pronunciados \u201cpal-lee-uh-tiv\u201d) son atenci\u00f3n m\u00e9dica especializada para personas con enfermedades graves. Se centra en brindarle alivio de los s\u00edntomas, el dolor y el estr\u00e9s de una enfermedad grave como el mieloma m\u00faltiple. El objetivo es mejorar la calidad de vida tanto para usted como para su familia.<\/p>\n<p>Los cuidados paliativos los brinda un equipo de m\u00e9dicos, enfermeras y trabajadores sociales de cuidados paliativos que trabajan junto con sus otros m\u00e9dicos. El equipo te brinda una capa adicional de apoyo. Los cuidados paliativos son apropiados a cualquier edad y en cualquier etapa de la enfermedad, y pueden recibirse junto con un tratamiento curativo.<\/p>\n<h2>Tratamiento de los s\u00edntomas del mieloma m\u00faltiple<\/h2>\n<p>Aunque normalmente la enfermedad no se puede curar, los pacientes pueden vivir con mieloma m\u00faltiple durante a\u00f1os. Los recientes avances en el tratamiento la han convertido en una enfermedad cr\u00f3nica a largo plazo que es manejable con buena atenci\u00f3n.<\/p>\n<p>Sin embargo, los s\u00edntomas del mieloma m\u00faltiple comienzan a acumularse con el tiempo. Estos pueden incluir dolor, fatiga (sensaci\u00f3n de debilidad o cansancio) y fracturas de huesos. Y ah\u00ed es donde los cuidados paliativos pueden marcar una gran diferencia.<\/p>\n<p>El tratamiento t\u00edpico para el mieloma m\u00faltiple incluye quimioterapia, una terapia com\u00fan para matar las c\u00e9lulas cancerosas. Otros tratamientos para el mieloma m\u00faltiple incluyen los bifosfonatos, que son medicamentos utilizados para fortalecer los huesos en pacientes con artritis. Los esteroides se usan a menudo para reducir la inflamaci\u00f3n y la presi\u00f3n en los huesos, lo que puede ayudar con el dolor. La talidomida tambi\u00e9n se puede usar para fortalecer su sistema inmunol\u00f3gico.<\/p>\n<p>La queja m\u00e1s com\u00fan de las personas que viven con mieloma m\u00faltiple es el dolor. A veces puede experimentar dolor en los huesos debido a lesiones que crean agujeros en el hueso. Estas lesiones pueden llegar a la m\u00e9dula \u00f3sea y dejarlo expuesto a fracturas.<\/p>\n<p>El dolor de huesos, al igual que el dolor de nervios, puede ser dif\u00edcil de tratar. No siempre responde tan bien a los analg\u00e9sicos est\u00e1ndar utilizados para otras formas de c\u00e1ncer. Muchas veces, el tratamiento de este dolor requiere el consejo de un especialista en dolores complejos y en los diferentes f\u00e1rmacos m\u00e1s eficaces para el dolor de huesos.<\/p>\n<p>Otros s\u00edntomas del mieloma m\u00faltiple incluyen anemia (recuento bajo de gl\u00f3bulos rojos) y fatiga extrema, el tipo de cansancio terrible que agota la calidad de vida. Existen buenos tratamientos disponibles tanto para la anemia como para la fatiga, incluidas transfusiones de sangre y psicoestimulantes.<\/p>\n<p>Si bien la quimioterapia ayuda al cuerpo a combatir el c\u00e1ncer, los efectos secundarios de la quimioterapia pueden da\u00f1ar las c\u00e9lulas normales. Puede experimentar infecci\u00f3n, sangrado, n\u00e1useas y v\u00f3mitos, p\u00e9rdida de apetito y ca\u00edda del cabello. Su sistema inmunol\u00f3gico da\u00f1ado tambi\u00e9n puede dejarlo en riesgo de contraer infecciones como neumon\u00eda, culebrilla e infecciones del tracto urinario. Los s\u00edntomas tambi\u00e9n pueden incluir depresi\u00f3n y ansiedad.<\/p>\n<h2>C\u00f3mo pueden ayudar los cuidados paliativos<\/h2>\n<p>Los s\u00edntomas y efectos secundarios del mieloma m\u00faltiple pueden dificultarle la vida a usted y a su familia. Los especialistas en cuidados paliativos tienen experiencia en el tratamiento de los s\u00edntomas del mieloma m\u00faltiple. Le ayudan a comprender informaci\u00f3n m\u00e9dica compleja y a adaptar sus opciones de tratamiento a sus necesidades y objetivos personales. En todos los sentidos, su equipo de cuidados paliativos le ayuda a vivir con mieloma m\u00faltiple.<\/p>\n<p>El equipo le ayudar\u00e1 a usted y a sus seres queridos a tomar decisiones grandes y peque\u00f1as. Mejorar\u00e1n la comunicaci\u00f3n entre usted, su familia y sus otros m\u00e9dicos, y lo ayudar\u00e1n a aclarar sus objetivos de atenci\u00f3n.<\/p>\n<p>Debido a que la enfermedad suele tener un curso m\u00e1s prolongado, es posible desarrollar una relaci\u00f3n a largo plazo con su equipo de cuidados paliativos. Puede acudir al equipo de cuidados paliativos para obtener orientaci\u00f3n sobre cualquier pregunta dif\u00edcil y decisi\u00f3n importante que le depare el futuro. No importa la direcci\u00f3n que tome su enfermedad, los cuidados paliativos lo acompa\u00f1ar\u00e1n en cada paso del camino.<\/p>\n<h2>Podcast: La historia del mieloma m\u00faltiple de Malcolm<\/h2>\n<p><iframe loading=\"lazy\" src=\"https:\/\/w.soundcloud.com\/player\/?url=https%3A\/\/api.soundcloud.com\/tracks\/217215638&amp;color=%23ff5500&amp;auto_play=false&amp;hide_related=false&amp;show_comments=true&amp;show_user=true&amp;show_reposts=false&amp;show_teaser=true\" width=\"100%\" height=\"166\" frameborder=\"no\" scrolling=\"no\"><\/iframe><\/p>\n<h2>C\u00f3mo obtener cuidados paliativos<\/h2>\n<p>Si usted o un ser querido se enfrenta a mieloma m\u00faltiple, p\u00eddale a su m\u00e9dico que lo derive a cuidados paliativos. Puede recibir cuidados paliativos en el hospital, en una cl\u00ednica ambulatoria y, a veces, en casa.<\/p>\n<p><a href=\"http:\/\/getpalliativecare.org\/es\/rightforyou\/\">Haz nuestro cuestionario<\/a> para saber si los cuidados paliativos son adecuados para usted. Y encuentre proveedores en su \u00e1rea visitando nuestro <a href=\"https:\/\/getpalliativecare.org\/es\/providers\/\">Directorio de proveedores de cuidados paliativos<\/a>.<\/p>","protected":false},"excerpt":{"rendered":"<p>El mieloma m\u00faltiple es un c\u00e1ncer de la sangre. Las c\u00e9lulas plasm\u00e1ticas sangu\u00edneas da\u00f1adas comienzan a reproducirse r\u00e1pidamente y a crecer sin control. Estas c\u00e9lulas cancerosas luego desplazan a otras c\u00e9lulas sangu\u00edneas e interfieren con el sistema inmunol\u00f3gico y los huesos. Las c\u00e9lulas plasm\u00e1ticas son un tipo de gl\u00f3bulos blancos que se producen en la m\u00e9dula \u00f3sea blanda y esponjosa... <\/p>","protected":false},"author":12,"featured_media":0,"parent":46819,"menu_order":0,"comment_status":"closed","ping_status":"closed","template":"template-whatis.php","meta":{"_acf_changed":false,"footnotes":""},"class_list":["post-46972","page","type-page","status-publish","hentry"],"acf":[],"yoast_head":"<!-- This site is optimized with the Yoast SEO plugin v26.6 - https:\/\/yoast.com\/wordpress\/plugins\/seo\/ -->\n<title>Palliative Care and Multiple Myeloma | Get Palliative Care<\/title>\n<meta name=\"description\" content=\"Palliative care is a specialty in medicine focused on treating the symptoms, pain and stress that accompany multiple myeloma.\" \/>\n<meta name=\"robots\" content=\"index, follow, max-snippet:-1, max-image-preview:large, max-video-preview:-1\" \/>\n<link rel=\"canonical\" href=\"https:\/\/getpalliativecare.org\/es\/whatis\/disease-types\/multiple-myeloma-palliative-care\/\" \/>\n<meta name=\"twitter:card\" content=\"summary_large_image\" \/>\n<meta name=\"twitter:title\" content=\"Palliative Care and Multiple Myeloma | Get Palliative Care\" \/>\n<meta name=\"twitter:description\" content=\"Palliative care is a specialty in medicine focused on treating the symptoms, pain and stress that accompany multiple myeloma.\" \/>\n<meta name=\"twitter:site\" content=\"@GetPalliative\" \/>\n<meta name=\"twitter:label1\" content=\"Tiempo de lectura\" \/>\n\t<meta name=\"twitter:data1\" content=\"4 minutos\" \/>\n<script type=\"application\/ld+json\" class=\"yoast-schema-graph\">{\"@context\":\"https:\/\/schema.org\",\"@graph\":[{\"@type\":\"WebPage\",\"@id\":\"https:\/\/getpalliativecare.org\/whatis\/disease-types\/multiple-myeloma-palliative-care\/\",\"url\":\"https:\/\/getpalliativecare.org\/whatis\/disease-types\/multiple-myeloma-palliative-care\/\",\"name\":\"Palliative Care and Multiple Myeloma | Get Palliative Care\",\"isPartOf\":{\"@id\":\"https:\/\/getpalliativecare.org\/#website\"},\"datePublished\":\"2014-08-15T17:16:28+00:00\",\"dateModified\":\"2024-02-29T16:57:47+00:00\",\"description\":\"Palliative care is a specialty in medicine focused on treating the symptoms, pain and stress that accompany multiple myeloma.\",\"breadcrumb\":{\"@id\":\"https:\/\/getpalliativecare.org\/whatis\/disease-types\/multiple-myeloma-palliative-care\/#breadcrumb\"},\"inLanguage\":\"es\",\"potentialAction\":[{\"@type\":\"ReadAction\",\"target\":[\"https:\/\/getpalliativecare.org\/whatis\/disease-types\/multiple-myeloma-palliative-care\/\"]}]},{\"@type\":\"BreadcrumbList\",\"@id\":\"https:\/\/getpalliativecare.org\/whatis\/disease-types\/multiple-myeloma-palliative-care\/#breadcrumb\",\"itemListElement\":[{\"@type\":\"ListItem\",\"position\":1,\"name\":\"What is Palliative Care?\",\"item\":\"https:\/\/getpalliativecare.org\/whatis\/\"},{\"@type\":\"ListItem\",\"position\":2,\"name\":\"Disease Types and Palliative Care\",\"item\":\"https:\/\/getpalliativecare.org\/whatis\/disease-types\/\"},{\"@type\":\"ListItem\",\"position\":3,\"name\":\"Multiple Myeloma and Palliative Care\"}]},{\"@type\":\"WebSite\",\"@id\":\"https:\/\/getpalliativecare.org\/#website\",\"url\":\"https:\/\/getpalliativecare.org\/\",\"name\":\"Get Palliative Care\",\"description\":\"Palliative care is specialized care focused on the pain, symptoms and stress of serious illness.  Find a hospital or medical center in your area that has a palliative care program.\",\"potentialAction\":[{\"@type\":\"SearchAction\",\"target\":{\"@type\":\"EntryPoint\",\"urlTemplate\":\"https:\/\/getpalliativecare.org\/?s={search_term_string}\"},\"query-input\":{\"@type\":\"PropertyValueSpecification\",\"valueRequired\":true,\"valueName\":\"search_term_string\"}}],\"inLanguage\":\"es\"}]}<\/script>\n<!-- \/ Yoast SEO plugin. -->","yoast_head_json":{"title":"Cuidados paliativos y mieloma m\u00faltiple | Reciba cuidados paliativos","description":"Los cuidados paliativos son una especialidad de la medicina centrada en el tratamiento de los s\u00edntomas, el dolor y el estr\u00e9s que acompa\u00f1an al mieloma m\u00faltiple.","robots":{"index":"index","follow":"follow","max-snippet":"max-snippet:-1","max-image-preview":"max-image-preview:large","max-video-preview":"max-video-preview:-1"},"canonical":"https:\/\/getpalliativecare.org\/es\/whatis\/disease-types\/multiple-myeloma-palliative-care\/","twitter_card":"summary_large_image","twitter_title":"Palliative Care and Multiple Myeloma | Get Palliative Care","twitter_description":"Palliative care is a specialty in medicine focused on treating the symptoms, pain and stress that accompany multiple myeloma.","twitter_site":"@GetPalliative","twitter_misc":{"Tiempo de lectura":"4 minutos"},"schema":{"@context":"https:\/\/schema.org","@graph":[{"@type":"WebPage","@id":"https:\/\/getpalliativecare.org\/whatis\/disease-types\/multiple-myeloma-palliative-care\/","url":"https:\/\/getpalliativecare.org\/whatis\/disease-types\/multiple-myeloma-palliative-care\/","name":"Cuidados paliativos y mieloma m\u00faltiple | Reciba cuidados paliativos","isPartOf":{"@id":"https:\/\/getpalliativecare.org\/#website"},"datePublished":"2014-08-15T17:16:28+00:00","dateModified":"2024-02-29T16:57:47+00:00","description":"Los cuidados paliativos son una especialidad de la medicina centrada en el tratamiento de los s\u00edntomas, el dolor y el estr\u00e9s que acompa\u00f1an al mieloma m\u00faltiple.","breadcrumb":{"@id":"https:\/\/getpalliativecare.org\/whatis\/disease-types\/multiple-myeloma-palliative-care\/#breadcrumb"},"inLanguage":"es","potentialAction":[{"@type":"ReadAction","target":["https:\/\/getpalliativecare.org\/whatis\/disease-types\/multiple-myeloma-palliative-care\/"]}]},{"@type":"BreadcrumbList","@id":"https:\/\/getpalliativecare.org\/whatis\/disease-types\/multiple-myeloma-palliative-care\/#breadcrumb","itemListElement":[{"@type":"ListItem","position":1,"name":"What is Palliative Care?","item":"https:\/\/getpalliativecare.org\/whatis\/"},{"@type":"ListItem","position":2,"name":"Disease Types and Palliative Care","item":"https:\/\/getpalliativecare.org\/whatis\/disease-types\/"},{"@type":"ListItem","position":3,"name":"Multiple Myeloma and Palliative Care"}]},{"@type":"WebSite","@id":"https:\/\/getpalliativecare.org\/#website","url":"https:\/\/getpalliativecare.org\/","name":"Obtenga cuidados paliativos","description":"Los cuidados paliativos son cuidados especializados centrados en el dolor, los s\u00edntomas y el estr\u00e9s de una enfermedad grave. Encuentre un hospital o centro m\u00e9dico en su \u00e1rea que tenga un programa de cuidados paliativos.","potentialAction":[{"@type":"SearchAction","target":{"@type":"EntryPoint","urlTemplate":"https:\/\/getpalliativecare.org\/?s={search_term_string}"},"query-input":{"@type":"PropertyValueSpecification","valueRequired":true,"valueName":"search_term_string"}}],"inLanguage":"es"}]}},"_links":{"self":[{"href":"https:\/\/getpalliativecare.org\/es\/wp-json\/wp\/v2\/pages\/46972","targetHints":{"allow":["GET"]}}],"collection":[{"href":"https:\/\/getpalliativecare.org\/es\/wp-json\/wp\/v2\/pages"}],"about":[{"href":"https:\/\/getpalliativecare.org\/es\/wp-json\/wp\/v2\/types\/page"}],"author":[{"embeddable":true,"href":"https:\/\/getpalliativecare.org\/es\/wp-json\/wp\/v2\/users\/12"}],"replies":[{"embeddable":true,"href":"https:\/\/getpalliativecare.org\/es\/wp-json\/wp\/v2\/comments?post=46972"}],"version-history":[{"count":0,"href":"https:\/\/getpalliativecare.org\/es\/wp-json\/wp\/v2\/pages\/46972\/revisions"}],"up":[{"embeddable":true,"href":"https:\/\/getpalliativecare.org\/es\/wp-json\/wp\/v2\/pages\/46819"}],"wp:attachment":[{"href":"https:\/\/getpalliativecare.org\/es\/wp-json\/wp\/v2\/media?parent=46972"}],"curies":[{"name":"gracias","href":"https:\/\/api.w.org\/{rel}","templated":true}]}}