{"id":46969,"date":"2014-08-15T13:08:11","date_gmt":"2014-08-15T17:08:11","guid":{"rendered":"http:\/\/getpalliativecare.org\/?page_id=46969"},"modified":"2020-07-01T09:34:27","modified_gmt":"2020-07-01T13:34:27","slug":"ovariancancer","status":"publish","type":"page","link":"https:\/\/getpalliativecare.org\/es\/whatis\/disease-types\/ovariancancer\/","title":{"rendered":"C\u00e1ncer de ovario y cuidados paliativos"},"content":{"rendered":"<h2>Entendiendo el c\u00e1ncer de ovario<\/h2>\n<p>El c\u00e1ncer de ovario es un c\u00e1ncer que crece en los ovarios de una mujer. Las c\u00e9lulas da\u00f1adas o deformadas comienzan a crecer sin control. Aunque el tratamiento tiene una alta tasa de \u00e9xito si el c\u00e1ncer se detecta en una etapa temprana, en muchos casos no se descubre hasta etapas m\u00e1s avanzadas, cuando el c\u00e1ncer es m\u00e1s dif\u00edcil de tratar.<\/p>\n<p>A menudo se realiza una biopsia o una peque\u00f1a cirug\u00eda cuando se sospecha c\u00e1ncer de ovario. Esto se hace para confirmar la enfermedad tomando muestras de tejido y l\u00edquido para una biopsia (an\u00e1lisis). Algunos tumores de ovario son benignos, lo que significa que no se convierten en c\u00e1ncer.<\/p>\n<p>Los tratamientos para el c\u00e1ncer de ovario se basan en la etapa de la enfermedad, los posibles efectos secundarios, sus preferencias y salud general, y otras consideraciones, como si planea tener hijos.<\/p>\n<p>Dependiendo de qu\u00e9 tan lejos se haya extendido el c\u00e1ncer, los cirujanos pueden extirpar porciones m\u00e1s grandes o m\u00e1s peque\u00f1as de su anatom\u00eda. Para algunas mujeres, eso puede significar que ya no es posible tener hijos. Para otras, las hormonas pueden ser necesarias para tratar la menopausia prematura.<\/p>\n<p>Enfrentar el c\u00e1ncer de ovario es dif\u00edcil. Puede tener un gran impacto en su salud emocional, imagen corporal, funcionamiento sexual e identidad sexual, todo lo cual puede causar un estr\u00e9s enorme tanto para usted como para su familia.<\/p>\n<h2>Comprender los cuidados paliativos<\/h2>\n<p>Los cuidados paliativos (pronunciados \u201cpal-lee-uh-tiv\u201d) son atenci\u00f3n m\u00e9dica especializada para personas con enfermedades graves. Se centra en aliviar los s\u00edntomas, el dolor y el estr\u00e9s de una enfermedad grave como el c\u00e1ncer de ovario. El objetivo es mejorar la calidad de vida tanto para usted como para su familia.<\/p>\n<p>Los cuidados paliativos los brinda un equipo de m\u00e9dicos, enfermeras, trabajadores sociales y otras personas especialmente capacitados que trabajan junto con sus otros m\u00e9dicos para brindarle un nivel adicional de apoyo. Los cuidados paliativos son apropiados a cualquier edad y en cualquier etapa de la enfermedad, y pueden recibirse junto con un tratamiento curativo.<\/p>\n<h2>Perspectivas del paciente: la historia de los cuidados paliativos de Christine<\/h2>\n<p>En este podcast escuchamos a Christine Buehlmann, una mujer de California cuya vida cambi\u00f3 dr\u00e1sticamente despu\u00e9s de que le diagnosticaran c\u00e1ncer de ovario y comenzara la quimioterapia. Christine analiza c\u00f3mo los s\u00edntomas f\u00edsicos y emocionales de su enfermedad y su tratamiento obstaculizaron su calidad de vida, hasta que recibi\u00f3 cuidados paliativos.<\/p>\n<p><iframe loading=\"lazy\" width=\"100%\" height=\"166\" scrolling=\"no\" frameborder=\"no\" allow=\"autoplay\" src=\"https:\/\/w.soundcloud.com\/player\/?url=https%3A\/\/api.soundcloud.com\/tracks\/202825259&#038;color=%23ff5500&#038;auto_play=false&#038;hide_related=false&#038;show_comments=true&#038;show_user=true&#038;show_reposts=false&#038;show_teaser=true\"><\/iframe><\/p>\n<div style=\"font-size: 10px; color: #cccccc;line-break: anywhere;word-break: normal;overflow: hidden;white-space: nowrap;text-overflow: ellipsis; font-family: Interstate,Lucida Grande,Lucida Sans Unicode,Lucida Sans,Garuda,Verdana,Tahoma,sans-serif;font-weight: 100;\"><a href=\"https:\/\/soundcloud.com\/get-palliative-care\" title=\"Obtenga cuidados paliativos\" target=\"_blank\" style=\"color: #cccccc; text-decoration: none;\" rel=\"noopener noreferrer\">Obtenga cuidados paliativos<\/a> \u00b7 <a href=\"https:\/\/soundcloud.com\/get-palliative-care\/a-quality-life-episode-1-christines-story\" title=\"Una vida de calidad: La historia del c\u00e1ncer de ovario de Christine\" target=\"_blank\" style=\"color: #cccccc; text-decoration: none;\" rel=\"noopener noreferrer\">Una vida de calidad: la historia del c\u00e1ncer de ovario de Christine<\/a><\/div>\n<h2>Tratamiento de los s\u00edntomas del c\u00e1ncer de ovario: c\u00f3mo pueden ayudar los cuidados paliativos<\/h2>\n<p>La cirug\u00eda puede causar un dolor intenso. Los equipos de cuidados paliativos se especializan en tratar y controlar s\u00edntomas como el dolor. Esto es fundamental para su calidad de vida. Controlar el dolor tambi\u00e9n te ayuda a completar tus tratamientos curativos y continuar con tus actividades diarias.<\/p>\n<p>Despu\u00e9s de la cirug\u00eda, generalmente se ordena quimioterapia para controlar a\u00fan m\u00e1s la propagaci\u00f3n del c\u00e1ncer. Dado que el c\u00e1ncer de ovario es un tipo de c\u00e1ncer muy agresivo, los efectos secundarios pueden ser dif\u00edciles de soportar. Por lo tanto, los tratamientos m\u00e9dicos agresivos requieren cuidados paliativos igualmente agresivos para ayudarle a tolerar los efectos secundarios.<\/p>\n<p>Otros s\u00edntomas de la enfermedad y su tratamiento incluyen hinchaz\u00f3n, hinchaz\u00f3n dolorosa del abdomen debido a la acumulaci\u00f3n de l\u00edquido, indigesti\u00f3n o gases persistentes, estre\u00f1imiento o cambios en los h\u00e1bitos alimentarios y urinarios.<\/p>\n<p>Las n\u00e1useas y los v\u00f3mitos provocados por el c\u00e1ncer o por tratamientos como la quimioterapia pueden ser un calvario. Su equipo de cuidados paliativos puede recomendar varios tratamientos contra las n\u00e1useas. La obstrucci\u00f3n intestinal maligna es otro s\u00edntoma preocupante. Su equipo de cuidados paliativos puede brindarle un enfoque agresivo y no quir\u00fargico para abordar este malestar.<\/p>\n<p>Los efectos secundarios del tratamiento tambi\u00e9n pueden incluir fatiga (sensaci\u00f3n de debilidad o cansancio), falta de energ\u00eda, mayor riesgo de infecciones, ca\u00edda del cabello, p\u00e9rdida de apetito, diarrea y neuropat\u00eda (dolor en los nervios). Los especialistas del equipo de cuidados paliativos se concentrar\u00e1n en aliviar cualquier s\u00edntoma, mientras trabajan junto con sus otros m\u00e9dicos para aliviar estas complicaciones.<\/p>\n<p>Descubrir que tienes c\u00e1ncer de ovario puede resultar abrumador. Por tanto, puede afectar a su salud emocional. El estr\u00e9s, la ansiedad y la depresi\u00f3n son s\u00edntomas comunes de la enfermedad. Su equipo de cuidados paliativos le ayudar\u00e1 tanto con sus inquietudes emocionales como con las f\u00edsicas. Especialmente en los primeros d\u00edas despu\u00e9s de la cirug\u00eda, esta ayuda puede ser vital.<\/p>\n<p>Ayudarla a vivir con c\u00e1ncer de ovario es lo que hacen los especialistas en cuidados paliativos. Antes de comenzar los tratamientos, su equipo de cuidados paliativos puede ayudarle a determinar si los posibles efectos secundarios se pueden tratar de forma preventiva.<\/p>\n<p>No importa el tratamiento o el curso de la enfermedad, usted merece sentirse lo mejor que pueda. Su equipo de cuidados paliativos puede ayudarlo a solicitar y obtener tratamiento para cualquier s\u00edntoma que experimente, no solo para la enfermedad subyacente.<\/p>\n<p>Su equipo de cuidados paliativos puede ayudarle con todo esto y m\u00e1s. El equipo ser\u00e1 su caja de resonancia y su primera l\u00ednea de defensa contra cualquier s\u00edntoma de dolor, malestar, depresi\u00f3n o ansiedad.<\/p>\n<p>Los especialistas del equipo pueden ayudarle a usted y a sus seres queridos a tomar decisiones grandes y peque\u00f1as. Mejorar\u00e1n la comunicaci\u00f3n entre usted, su familia y sus otros m\u00e9dicos, y le ayudar\u00e1n a aclarar sus objetivos de atenci\u00f3n.<\/p>\n<h2>C\u00f3mo obtener cuidados paliativos<\/h2>\n<p>Si usted o un ser querido se enfrenta a c\u00e1ncer de ovario, p\u00eddale a su m\u00e9dico que le derive a cuidados paliativos; cuanto antes, mejor. Puede recibir cuidados paliativos en el hospital, en una cl\u00ednica ambulatoria y, a veces, en casa.<\/p>\n<p>Aunque vivir con c\u00e1ncer de ovario es un viaje dif\u00edcil, su carga puede aliviarse y lograr la mejor calidad de vida posible cuando se trata de cuidados paliativos.<\/p>\n<p>Para m\u00e1s informaci\u00f3n, <a href=\"https:\/\/getpalliativecare.org\/es\/\">visite GetPalliativeCare.org<\/a>. <a href=\"http:\/\/getpalliativecare.org\/es\/rightforyou\/\">Haz nuestro cuestionario<\/a> para saber si los cuidados paliativos son adecuados para usted. Y encuentre proveedores en su \u00e1rea visitando nuestro <a href=\"https:\/\/getpalliativecare.org\/es\/providers\/\">Directorio de proveedores de cuidados paliativos<\/a>.<\/p>\n<p>&nbsp;<\/p>","protected":false},"excerpt":{"rendered":"<p>Comprender el c\u00e1ncer de ovario El c\u00e1ncer de ovario es un c\u00e1ncer que crece en los ovarios de una mujer. Las c\u00e9lulas da\u00f1adas o deformadas comienzan a crecer sin control. Aunque el tratamiento tiene una alta tasa de \u00e9xito si el c\u00e1ncer se detecta en una etapa temprana, en muchos casos no se descubre hasta etapas m\u00e1s avanzadas, cuando el c\u00e1ncer es m\u00e1s dif\u00edcil de tratar... <\/p>","protected":false},"author":12,"featured_media":0,"parent":46819,"menu_order":0,"comment_status":"closed","ping_status":"closed","template":"template-whatis.php","meta":{"_acf_changed":false,"footnotes":""},"class_list":["post-46969","page","type-page","status-publish","hentry"],"acf":[],"yoast_head":"<!-- This site is optimized with the Yoast SEO plugin v26.6 - https:\/\/yoast.com\/wordpress\/plugins\/seo\/ -->\n<title>Palliative Care and Ovarian Cancer | Get Palliative Care<\/title>\n<meta name=\"description\" content=\"Palliative care is a specialty in medicine focused on treating the symptoms, pain and stress that accompany ovarian cancer.\" \/>\n<meta name=\"robots\" content=\"index, follow, max-snippet:-1, max-image-preview:large, max-video-preview:-1\" \/>\n<link rel=\"canonical\" href=\"https:\/\/getpalliativecare.org\/es\/whatis\/disease-types\/ovariancancer\/\" \/>\n<meta name=\"twitter:card\" content=\"summary_large_image\" \/>\n<meta name=\"twitter:title\" content=\"Palliative Care and Ovarian Cancer | Get Palliative Care\" \/>\n<meta name=\"twitter:description\" content=\"Palliative care is a specialty in medicine focused on treating the symptoms, pain and stress that accompany ovarian cancer.\" \/>\n<meta name=\"twitter:site\" content=\"@GetPalliative\" \/>\n<meta name=\"twitter:label1\" content=\"Tiempo de lectura\" \/>\n\t<meta name=\"twitter:data1\" content=\"5 minutos\" \/>\n<script type=\"application\/ld+json\" class=\"yoast-schema-graph\">{\"@context\":\"https:\/\/schema.org\",\"@graph\":[{\"@type\":\"WebPage\",\"@id\":\"https:\/\/getpalliativecare.org\/whatis\/disease-types\/ovariancancer\/\",\"url\":\"https:\/\/getpalliativecare.org\/whatis\/disease-types\/ovariancancer\/\",\"name\":\"Palliative Care and Ovarian Cancer | Get Palliative Care\",\"isPartOf\":{\"@id\":\"https:\/\/getpalliativecare.org\/#website\"},\"datePublished\":\"2014-08-15T17:08:11+00:00\",\"dateModified\":\"2020-07-01T13:34:27+00:00\",\"description\":\"Palliative care is a specialty in medicine focused on treating the symptoms, pain and stress that accompany ovarian cancer.\",\"breadcrumb\":{\"@id\":\"https:\/\/getpalliativecare.org\/whatis\/disease-types\/ovariancancer\/#breadcrumb\"},\"inLanguage\":\"es\",\"potentialAction\":[{\"@type\":\"ReadAction\",\"target\":[\"https:\/\/getpalliativecare.org\/whatis\/disease-types\/ovariancancer\/\"]}]},{\"@type\":\"BreadcrumbList\",\"@id\":\"https:\/\/getpalliativecare.org\/whatis\/disease-types\/ovariancancer\/#breadcrumb\",\"itemListElement\":[{\"@type\":\"ListItem\",\"position\":1,\"name\":\"What is Palliative Care?\",\"item\":\"https:\/\/getpalliativecare.org\/whatis\/\"},{\"@type\":\"ListItem\",\"position\":2,\"name\":\"Disease Types and Palliative Care\",\"item\":\"https:\/\/getpalliativecare.org\/whatis\/disease-types\/\"},{\"@type\":\"ListItem\",\"position\":3,\"name\":\"Ovarian Cancer and Palliative Care\"}]},{\"@type\":\"WebSite\",\"@id\":\"https:\/\/getpalliativecare.org\/#website\",\"url\":\"https:\/\/getpalliativecare.org\/\",\"name\":\"Get Palliative Care\",\"description\":\"Palliative care is specialized care focused on the pain, symptoms and stress of serious illness.  Find a hospital or medical center in your area that has a palliative care program.\",\"potentialAction\":[{\"@type\":\"SearchAction\",\"target\":{\"@type\":\"EntryPoint\",\"urlTemplate\":\"https:\/\/getpalliativecare.org\/?s={search_term_string}\"},\"query-input\":{\"@type\":\"PropertyValueSpecification\",\"valueRequired\":true,\"valueName\":\"search_term_string\"}}],\"inLanguage\":\"es\"}]}<\/script>\n<!-- \/ Yoast SEO plugin. -->","yoast_head_json":{"title":"Cuidados paliativos y c\u00e1ncer de ovario | Reciba cuidados paliativos","description":"Los cuidados paliativos son una especialidad de la medicina centrada en el tratamiento de los s\u00edntomas, el dolor y el estr\u00e9s que acompa\u00f1an al c\u00e1ncer de ovario.","robots":{"index":"index","follow":"follow","max-snippet":"max-snippet:-1","max-image-preview":"max-image-preview:large","max-video-preview":"max-video-preview:-1"},"canonical":"https:\/\/getpalliativecare.org\/es\/whatis\/disease-types\/ovariancancer\/","twitter_card":"summary_large_image","twitter_title":"Palliative Care and Ovarian Cancer | Get Palliative Care","twitter_description":"Palliative care is a specialty in medicine focused on treating the symptoms, pain and stress that accompany ovarian cancer.","twitter_site":"@GetPalliative","twitter_misc":{"Tiempo de lectura":"5 minutos"},"schema":{"@context":"https:\/\/schema.org","@graph":[{"@type":"WebPage","@id":"https:\/\/getpalliativecare.org\/whatis\/disease-types\/ovariancancer\/","url":"https:\/\/getpalliativecare.org\/whatis\/disease-types\/ovariancancer\/","name":"Cuidados paliativos y c\u00e1ncer de ovario | Reciba cuidados paliativos","isPartOf":{"@id":"https:\/\/getpalliativecare.org\/#website"},"datePublished":"2014-08-15T17:08:11+00:00","dateModified":"2020-07-01T13:34:27+00:00","description":"Los cuidados paliativos son una especialidad de la medicina centrada en el tratamiento de los s\u00edntomas, el dolor y el estr\u00e9s que acompa\u00f1an al c\u00e1ncer de ovario.","breadcrumb":{"@id":"https:\/\/getpalliativecare.org\/whatis\/disease-types\/ovariancancer\/#breadcrumb"},"inLanguage":"es","potentialAction":[{"@type":"ReadAction","target":["https:\/\/getpalliativecare.org\/whatis\/disease-types\/ovariancancer\/"]}]},{"@type":"BreadcrumbList","@id":"https:\/\/getpalliativecare.org\/whatis\/disease-types\/ovariancancer\/#breadcrumb","itemListElement":[{"@type":"ListItem","position":1,"name":"What is Palliative Care?","item":"https:\/\/getpalliativecare.org\/whatis\/"},{"@type":"ListItem","position":2,"name":"Disease Types and Palliative Care","item":"https:\/\/getpalliativecare.org\/whatis\/disease-types\/"},{"@type":"ListItem","position":3,"name":"Ovarian Cancer and Palliative Care"}]},{"@type":"WebSite","@id":"https:\/\/getpalliativecare.org\/#website","url":"https:\/\/getpalliativecare.org\/","name":"Obtenga cuidados paliativos","description":"Los cuidados paliativos son cuidados especializados centrados en el dolor, los s\u00edntomas y el estr\u00e9s de una enfermedad grave. Encuentre un hospital o centro m\u00e9dico en su \u00e1rea que tenga un programa de cuidados paliativos.","potentialAction":[{"@type":"SearchAction","target":{"@type":"EntryPoint","urlTemplate":"https:\/\/getpalliativecare.org\/?s={search_term_string}"},"query-input":{"@type":"PropertyValueSpecification","valueRequired":true,"valueName":"search_term_string"}}],"inLanguage":"es"}]}},"_links":{"self":[{"href":"https:\/\/getpalliativecare.org\/es\/wp-json\/wp\/v2\/pages\/46969","targetHints":{"allow":["GET"]}}],"collection":[{"href":"https:\/\/getpalliativecare.org\/es\/wp-json\/wp\/v2\/pages"}],"about":[{"href":"https:\/\/getpalliativecare.org\/es\/wp-json\/wp\/v2\/types\/page"}],"author":[{"embeddable":true,"href":"https:\/\/getpalliativecare.org\/es\/wp-json\/wp\/v2\/users\/12"}],"replies":[{"embeddable":true,"href":"https:\/\/getpalliativecare.org\/es\/wp-json\/wp\/v2\/comments?post=46969"}],"version-history":[{"count":0,"href":"https:\/\/getpalliativecare.org\/es\/wp-json\/wp\/v2\/pages\/46969\/revisions"}],"up":[{"embeddable":true,"href":"https:\/\/getpalliativecare.org\/es\/wp-json\/wp\/v2\/pages\/46819"}],"wp:attachment":[{"href":"https:\/\/getpalliativecare.org\/es\/wp-json\/wp\/v2\/media?parent=46969"}],"curies":[{"name":"gracias","href":"https:\/\/api.w.org\/{rel}","templated":true}]}}