{"id":46967,"date":"2014-08-15T12:47:02","date_gmt":"2014-08-15T16:47:02","guid":{"rendered":"http:\/\/getpalliativecare.org\/?page_id=46967"},"modified":"2017-11-01T14:02:06","modified_gmt":"2017-11-01T18:02:06","slug":"parkinsons-disease-palliative-care","status":"publish","type":"page","link":"https:\/\/getpalliativecare.org\/es\/whatis\/disease-types\/parkinsons-disease-palliative-care\/","title":{"rendered":"Enfermedad de Parkinson y cuidados paliativos"},"content":{"rendered":"<h2>Entendiendo la enfermedad de Parkinson<\/h2>\n<p>La enfermedad de Parkinson es una enfermedad progresiva del sistema nervioso central que afecta los m\u00fasculos y el movimiento. Se desarrolla gradualmente, a veces comenzando con un temblor apenas perceptible en una mano. Si bien los temblores de las manos son el signo m\u00e1s conocido de la enfermedad de Parkinson, el trastorno tambi\u00e9n causa rigidez, lentitud y sacudidas musculares.<\/p>\n<p>La enfermedad de Parkinson es uno de los trastornos m\u00e1s comunes del sistema nervioso. Da\u00f1a el sistema de nervios que el cerebro utiliza para decirle a los m\u00fasculos del cuerpo qu\u00e9 hacer. La actividad cerebral tambi\u00e9n se ve afectada por la p\u00e9rdida de dopamina, un importante mensajero qu\u00edmico que ayuda a las neuronas del cerebro a realizar su trabajo.<\/p>\n<p>Los s\u00edntomas de la enfermedad de Parkinson empeoran a medida que la afecci\u00f3n avanza con el tiempo. Aunque la enfermedad no se puede curar, los medicamentos pueden mejorar los s\u00edntomas. Tambi\u00e9n lo pueden hacer los cuidados paliativos.<\/p>\n<h2>Comprender los cuidados paliativos<\/h2>\n<p>Los cuidados paliativos (pronunciados \u201cpal-lee-uh-tiv\u201d) son atenci\u00f3n m\u00e9dica especializada para personas con enfermedades graves. Se centra en brindarle alivio de los s\u00edntomas, el dolor y el estr\u00e9s de una enfermedad grave como la enfermedad de Parkinson. El objetivo es mejorar la calidad de vida tanto para usted como para su familia.<\/p>\n<p>Los cuidados paliativos los brinda un equipo de m\u00e9dicos, enfermeras, trabajadores sociales y otros especialistas que trabajan junto con sus otros m\u00e9dicos para brindarle un nivel adicional de apoyo. Es apropiado a cualquier edad y en cualquier etapa de su enfermedad. Puedes tenerlo junto con un tratamiento curativo.<\/p>\n<p>Su equipo de cuidados paliativos le ayudar\u00e1 a adaptar sus opciones de tratamiento a sus necesidades y objetivos personales. Eso te permitir\u00e1 tener m\u00e1s control sobre tu vida. En todos los sentidos, el equipo de cuidados paliativos le ayuda a afrontar mejor los desaf\u00edos de vivir con la enfermedad de Parkinson.<\/p>\n<h2>Tratamiento de los s\u00edntomas de la enfermedad de Parkinson: c\u00f3mo pueden ayudar los cuidados paliativos<\/h2>\n<p>Si bien no existe cura para la enfermedad de Parkinson, existe un n\u00famero cada vez mayor de tratamientos que pueden aliviar sus s\u00edntomas. A las personas con enfermedad de Parkinson a menudo se les receta una combinaci\u00f3n de levodopa y carbidopa, que ayuda a reponer el suministro cada vez menor de dopamina del cerebro.<\/p>\n<p>Una nueva terapia utiliza electrodos implantados quir\u00fargicamente dentro del cerebro y un peque\u00f1o dispositivo el\u00e9ctrico llamado generador de impulsos para proporcionar estimulaci\u00f3n cerebral profunda el\u00e9ctrica (DBS). Los pacientes de Parkinson tambi\u00e9n se benefician de la experiencia de los terapeutas f\u00edsicos, ocupacionales y del habla para ayudarlos a manejar cuestiones pr\u00e1cticas en su vida diaria.<\/p>\n<p>Otros s\u00edntomas de la enfermedad de Parkinson incluyen una variedad de problemas relacionados con el movimiento, as\u00ed como alteraciones del sue\u00f1o, fatiga (sensaci\u00f3n de debilidad o cansancio), estre\u00f1imiento y otros problemas gastrointestinales, y presi\u00f3n arterial baja.<\/p>\n<p>Las decisiones sobre nutrici\u00f3n y sondas de alimentaci\u00f3n eventualmente pueden convertirse en un problema, pero el equipo de cuidados paliativos podr\u00e1 brindar orientaci\u00f3n sobre este dif\u00edcil tema. El trabajador social de su equipo de cuidados paliativos puede trabajar estrechamente con usted para ayudarle a afrontar los cambios en su salud. A veces, simplemente hablar con un experto sobre lo que est\u00e1 sucediendo puede suponer un gran alivio.<\/p>\n<p>Otra \u00e1rea completa de los s\u00edntomas del Parkinson se llama deterioro cognitivo, en el que los estragos de la enfermedad afectan el pensamiento y otros usos del cerebro. Estos incluyen trastornos del estado de \u00e1nimo preocupantes como depresi\u00f3n y ansiedad, pensamiento confuso, dificultad para concentrarse en una tarea y la posible aparici\u00f3n de demencia.<\/p>\n<p>Algunas personas se vuelven m\u00e1s discapacitadas y dependientes con el tiempo a pesar de los mejores tratamientos. Es posible que lleguen a necesitar tanta ayuda con las tareas rutinarias de la vida que requieran atenci\u00f3n las 24 horas. Esta atenci\u00f3n se puede brindar en el hogar o en un entorno como una vida asistida, donde reciben la atenci\u00f3n personal que necesitan.<\/p>\n<p>Su equipo de cuidados paliativos hablar\u00e1 con usted sobre sus esperanzas y preferencias, y sobre las posibilidades de obtener el apoyo que necesita para seguir viviendo la vida al m\u00e1ximo. Debido al largo curso de la enfermedad de Parkinson, el equipo de cuidados paliativos puede ayudarle a aclarar sus objetivos y establecer planes de tratamiento con mucha antelaci\u00f3n. Hay decisiones personales que puedes tomar sobre c\u00f3mo vivir la vida que te queda, sin importar la direcci\u00f3n que tome la enfermedad.<\/p>\n<p>Su equipo de cuidados paliativos puede ayudarle con todo esto y m\u00e1s. El equipo ser\u00e1 su caja de resonancia y su primera l\u00ednea de defensa contra cualquier s\u00edntoma de dolor, malestar, depresi\u00f3n o ansiedad.<\/p>\n<p>Los especialistas del equipo le ayudar\u00e1n a usted y a sus seres queridos a tomar decisiones tanto grandes como peque\u00f1as. Mejorar\u00e1n la comunicaci\u00f3n entre usted, su familia y sus otros m\u00e9dicos, y le ayudar\u00e1n a aclarar sus objetivos de atenci\u00f3n.<\/p>\n<h2>C\u00f3mo obtener cuidados paliativos<\/h2>\n<p>Si usted o un ser querido padece la enfermedad de Parkinson, p\u00eddale a su m\u00e9dico que lo derive a cuidados paliativos; cuanto antes, mejor.<\/p>\n<p>Aunque vivir con la enfermedad de Parkinson es dif\u00edcil, su carga puede ser m\u00e1s f\u00e1cil cuando se trata de cuidados paliativos. Puede recibir cuidados paliativos en el hospital, en una cl\u00ednica ambulatoria y, a veces, en casa.<\/p>\n<p>Est\u00e9 informado sobre su condici\u00f3n, su tratamiento y lo que puede esperar. Y si ha recibido un diagn\u00f3stico de Parkinson, o si la carga de la enfermedad est\u00e1 aumentando, no dude en solicitar una derivaci\u00f3n a cuidados paliativos para ayudarle a entender la situaci\u00f3n. Con el apoyo de los cuidados paliativos, usted puede ayudar a garantizar que alcance y mantenga la mayor calidad de vida posible.<\/p>\n<p>Para m\u00e1s informaci\u00f3n visite <a href=\"https:\/\/getpalliativecare.org\/es\/\">ObtengaCuidadosPaliativos.org<\/a>. <a href=\"http:\/\/getpalliativecare.org\/es\/rightforyou\/\">Haz nuestro cuestionario <\/a>para saber si los cuidados paliativos son adecuados para usted. Y encuentre proveedores en su \u00e1rea visitando nuestro <a href=\"http:\/\/getpalliativecare.org\/es\/providers\/\">Directorio de proveedores de cuidados paliativos<\/a>.<\/p>","protected":false},"excerpt":{"rendered":"<p>Comprender la enfermedad de Parkinson La enfermedad de Parkinson es una enfermedad progresiva del sistema nervioso central que afecta los m\u00fasculos y el movimiento. Se desarrolla gradualmente, a veces comenzando con un temblor apenas perceptible en una mano. Si bien los temblores en las manos son el signo m\u00e1s conocido de la enfermedad de Parkinson, el trastorno tambi\u00e9n causa rigidez, enlentecimiento y sacudidas musculares. La enfermedad de Parkinson es una... <\/p>","protected":false},"author":12,"featured_media":0,"parent":46819,"menu_order":0,"comment_status":"closed","ping_status":"closed","template":"template-whatis.php","meta":{"_acf_changed":false,"footnotes":""},"class_list":["post-46967","page","type-page","status-publish","hentry"],"acf":[],"yoast_head":"<!-- This site is optimized with the Yoast SEO plugin v26.6 - https:\/\/yoast.com\/wordpress\/plugins\/seo\/ -->\n<title>Palliative Care and Parkinson\u2019s Disease | Get Palliative Care<\/title>\n<meta name=\"description\" content=\"Palliative care is a specialty in medicine focused on treating the symptoms, pain and stress that accompany Parkinson\u2019s disease.\" \/>\n<meta name=\"robots\" content=\"index, follow, max-snippet:-1, max-image-preview:large, max-video-preview:-1\" \/>\n<link rel=\"canonical\" href=\"https:\/\/getpalliativecare.org\/es\/whatis\/disease-types\/parkinsons-disease-palliative-care\/\" \/>\n<meta name=\"twitter:card\" content=\"summary_large_image\" \/>\n<meta name=\"twitter:title\" content=\"Palliative Care and Parkinson\u2019s Disease | Get Palliative Care\" \/>\n<meta name=\"twitter:description\" content=\"Palliative care is a specialty in medicine focused on treating the symptoms, pain and stress that accompany Parkinson\u2019s disease.\" \/>\n<meta name=\"twitter:site\" content=\"@GetPalliative\" \/>\n<meta name=\"twitter:label1\" content=\"Tiempo de lectura\" \/>\n\t<meta name=\"twitter:data1\" content=\"5 minutos\" \/>\n<script type=\"application\/ld+json\" class=\"yoast-schema-graph\">{\"@context\":\"https:\/\/schema.org\",\"@graph\":[{\"@type\":\"WebPage\",\"@id\":\"https:\/\/getpalliativecare.org\/whatis\/disease-types\/parkinsons-disease-palliative-care\/\",\"url\":\"https:\/\/getpalliativecare.org\/whatis\/disease-types\/parkinsons-disease-palliative-care\/\",\"name\":\"Palliative Care and Parkinson\u2019s Disease | Get Palliative Care\",\"isPartOf\":{\"@id\":\"https:\/\/getpalliativecare.org\/#website\"},\"datePublished\":\"2014-08-15T16:47:02+00:00\",\"dateModified\":\"2017-11-01T18:02:06+00:00\",\"description\":\"Palliative care is a specialty in medicine focused on treating the symptoms, pain and stress that accompany Parkinson\u2019s disease.\",\"breadcrumb\":{\"@id\":\"https:\/\/getpalliativecare.org\/whatis\/disease-types\/parkinsons-disease-palliative-care\/#breadcrumb\"},\"inLanguage\":\"es\",\"potentialAction\":[{\"@type\":\"ReadAction\",\"target\":[\"https:\/\/getpalliativecare.org\/whatis\/disease-types\/parkinsons-disease-palliative-care\/\"]}]},{\"@type\":\"BreadcrumbList\",\"@id\":\"https:\/\/getpalliativecare.org\/whatis\/disease-types\/parkinsons-disease-palliative-care\/#breadcrumb\",\"itemListElement\":[{\"@type\":\"ListItem\",\"position\":1,\"name\":\"What is Palliative Care?\",\"item\":\"https:\/\/getpalliativecare.org\/whatis\/\"},{\"@type\":\"ListItem\",\"position\":2,\"name\":\"Disease Types and Palliative Care\",\"item\":\"https:\/\/getpalliativecare.org\/whatis\/disease-types\/\"},{\"@type\":\"ListItem\",\"position\":3,\"name\":\"Parkinson\u2019s Disease and Palliative Care\"}]},{\"@type\":\"WebSite\",\"@id\":\"https:\/\/getpalliativecare.org\/#website\",\"url\":\"https:\/\/getpalliativecare.org\/\",\"name\":\"Get Palliative Care\",\"description\":\"Palliative care is specialized care focused on the pain, symptoms and stress of serious illness.  Find a hospital or medical center in your area that has a palliative care program.\",\"potentialAction\":[{\"@type\":\"SearchAction\",\"target\":{\"@type\":\"EntryPoint\",\"urlTemplate\":\"https:\/\/getpalliativecare.org\/?s={search_term_string}\"},\"query-input\":{\"@type\":\"PropertyValueSpecification\",\"valueRequired\":true,\"valueName\":\"search_term_string\"}}],\"inLanguage\":\"es\"}]}<\/script>\n<!-- \/ Yoast SEO plugin. -->","yoast_head_json":{"title":"Cuidados paliativos y enfermedad de Parkinson | Reciba cuidados paliativos","description":"Los cuidados paliativos son una especialidad de la medicina centrada en el tratamiento de los s\u00edntomas, el dolor y el estr\u00e9s que acompa\u00f1an a la enfermedad de Parkinson.","robots":{"index":"index","follow":"follow","max-snippet":"max-snippet:-1","max-image-preview":"max-image-preview:large","max-video-preview":"max-video-preview:-1"},"canonical":"https:\/\/getpalliativecare.org\/es\/whatis\/disease-types\/parkinsons-disease-palliative-care\/","twitter_card":"summary_large_image","twitter_title":"Palliative Care and Parkinson\u2019s Disease | Get Palliative Care","twitter_description":"Palliative care is a specialty in medicine focused on treating the symptoms, pain and stress that accompany Parkinson\u2019s disease.","twitter_site":"@GetPalliative","twitter_misc":{"Tiempo de lectura":"5 minutos"},"schema":{"@context":"https:\/\/schema.org","@graph":[{"@type":"WebPage","@id":"https:\/\/getpalliativecare.org\/whatis\/disease-types\/parkinsons-disease-palliative-care\/","url":"https:\/\/getpalliativecare.org\/whatis\/disease-types\/parkinsons-disease-palliative-care\/","name":"Cuidados paliativos y enfermedad de Parkinson | Reciba cuidados paliativos","isPartOf":{"@id":"https:\/\/getpalliativecare.org\/#website"},"datePublished":"2014-08-15T16:47:02+00:00","dateModified":"2017-11-01T18:02:06+00:00","description":"Los cuidados paliativos son una especialidad de la medicina centrada en el tratamiento de los s\u00edntomas, el dolor y el estr\u00e9s que acompa\u00f1an a la enfermedad de Parkinson.","breadcrumb":{"@id":"https:\/\/getpalliativecare.org\/whatis\/disease-types\/parkinsons-disease-palliative-care\/#breadcrumb"},"inLanguage":"es","potentialAction":[{"@type":"ReadAction","target":["https:\/\/getpalliativecare.org\/whatis\/disease-types\/parkinsons-disease-palliative-care\/"]}]},{"@type":"BreadcrumbList","@id":"https:\/\/getpalliativecare.org\/whatis\/disease-types\/parkinsons-disease-palliative-care\/#breadcrumb","itemListElement":[{"@type":"ListItem","position":1,"name":"What is Palliative Care?","item":"https:\/\/getpalliativecare.org\/whatis\/"},{"@type":"ListItem","position":2,"name":"Disease Types and Palliative Care","item":"https:\/\/getpalliativecare.org\/whatis\/disease-types\/"},{"@type":"ListItem","position":3,"name":"Parkinson\u2019s Disease and Palliative Care"}]},{"@type":"WebSite","@id":"https:\/\/getpalliativecare.org\/#website","url":"https:\/\/getpalliativecare.org\/","name":"Obtenga cuidados paliativos","description":"Los cuidados paliativos son cuidados especializados centrados en el dolor, los s\u00edntomas y el estr\u00e9s de una enfermedad grave. Encuentre un hospital o centro m\u00e9dico en su \u00e1rea que tenga un programa de cuidados paliativos.","potentialAction":[{"@type":"SearchAction","target":{"@type":"EntryPoint","urlTemplate":"https:\/\/getpalliativecare.org\/?s={search_term_string}"},"query-input":{"@type":"PropertyValueSpecification","valueRequired":true,"valueName":"search_term_string"}}],"inLanguage":"es"}]}},"_links":{"self":[{"href":"https:\/\/getpalliativecare.org\/es\/wp-json\/wp\/v2\/pages\/46967","targetHints":{"allow":["GET"]}}],"collection":[{"href":"https:\/\/getpalliativecare.org\/es\/wp-json\/wp\/v2\/pages"}],"about":[{"href":"https:\/\/getpalliativecare.org\/es\/wp-json\/wp\/v2\/types\/page"}],"author":[{"embeddable":true,"href":"https:\/\/getpalliativecare.org\/es\/wp-json\/wp\/v2\/users\/12"}],"replies":[{"embeddable":true,"href":"https:\/\/getpalliativecare.org\/es\/wp-json\/wp\/v2\/comments?post=46967"}],"version-history":[{"count":0,"href":"https:\/\/getpalliativecare.org\/es\/wp-json\/wp\/v2\/pages\/46967\/revisions"}],"up":[{"embeddable":true,"href":"https:\/\/getpalliativecare.org\/es\/wp-json\/wp\/v2\/pages\/46819"}],"wp:attachment":[{"href":"https:\/\/getpalliativecare.org\/es\/wp-json\/wp\/v2\/media?parent=46967"}],"curies":[{"name":"gracias","href":"https:\/\/api.w.org\/{rel}","templated":true}]}}