{"id":46963,"date":"2014-08-15T12:38:52","date_gmt":"2014-08-15T16:38:52","guid":{"rendered":"http:\/\/getpalliativecare.org\/?page_id=46963"},"modified":"2022-05-03T16:16:17","modified_gmt":"2022-05-03T20:16:17","slug":"liver-disease-palliative-care","status":"publish","type":"page","link":"https:\/\/getpalliativecare.org\/es\/whatis\/disease-types\/liver-disease-palliative-care\/","title":{"rendered":"Enfermedad hep\u00e1tica y cuidados paliativos"},"content":{"rendered":"<h2>Comprender la enfermedad hep\u00e1tica<\/h2>\n<p>El h\u00edgado es un \u00f3rgano grande del cuerpo. Le ayuda a digerir los alimentos, filtrar sustancias t\u00f3xicas de la sangre y produce sustancias que espesan la sangre para ayudar a formar co\u00e1gulos. Cuando usted tiene una enfermedad hep\u00e1tica (cirrosis), el tejido hep\u00e1tico normal es reemplazado por tejido cicatricial y el h\u00edgado no funciona como deber\u00eda.<\/p>\n<p>El alcoholismo es la causa m\u00e1s com\u00fan de cirrosis. La hepatitis C es un virus que hace que el h\u00edgado se hinche. Puede da\u00f1ar el h\u00edgado si no se trata. Otra causa com\u00fan es la enfermedad del h\u00edgado graso no alcoh\u00f3lico. Esta es una acumulaci\u00f3n de grasa en el h\u00edgado. La enfermedad del h\u00edgado graso no alcoh\u00f3lico puede ser causada por diabetes, colesterol alto en sangre, obesidad y presi\u00f3n arterial alta.<\/p>\n<p>La enfermedad hep\u00e1tica se desarrolla lentamente con el tiempo. Las partes del h\u00edgado que tienen tejido cicatricial no pueden funcionar tan bien como lo har\u00edan en un h\u00edgado sano. La insuficiencia hep\u00e1tica cr\u00f3nica, tambi\u00e9n llamada enfermedad hep\u00e1tica terminal, puede tardar desde varios meses hasta muchos a\u00f1os en desarrollarse. Debido a esto, es posible que los s\u00edntomas no aparezcan cuando comienza la enfermedad.<\/p>\n<p>El primer paso para diagnosticar la cirrosis hep\u00e1tica es visitar a su m\u00e9dico. Su m\u00e9dico puede ordenar an\u00e1lisis de sangre y una biopsia de h\u00edgado (tomar un peque\u00f1o trozo de tejido del h\u00edgado a trav\u00e9s de una aguja para examinarlo bajo un microscopio). Su m\u00e9dico tambi\u00e9n puede realizar una tomograf\u00eda computarizada, una resonancia magn\u00e9tica, una ecograf\u00eda y\/o una endoscopia (colocar un tubo delgado en la garganta y el est\u00f3mago para detectar condiciones anormales, como venas inflamadas).<\/p>\n<h2>Comprender los cuidados paliativos<\/h2>\n<p>Los cuidados paliativos (pronunciados \u201cpal-lee-uh-tiv\u201d) son atenci\u00f3n m\u00e9dica especializada para personas con enfermedades graves. Se centra en brindarle alivio de los s\u00edntomas, el dolor y el estr\u00e9s de una enfermedad grave como la enfermedad hep\u00e1tica. El objetivo es mejorar la calidad de vida tanto para usted como para su familia.<\/p>\n<p>Los cuidados paliativos los brinda un equipo especialmente capacitado de m\u00e9dicos, enfermeras y otros especialistas que trabajan junto con sus otros m\u00e9dicos para brindarle un nivel adicional de apoyo. Puede recibir cuidados paliativos a cualquier edad y en cualquier etapa de su enfermedad. Tambi\u00e9n puedes tenerlo con todos los dem\u00e1s tratamientos.<\/p>\n<h2>S\u00edntomas y tratamiento de la enfermedad hep\u00e1tica: c\u00f3mo pueden ayudar los cuidados paliativos<\/h2>\n<p>Los signos y s\u00edntomas de insuficiencia hep\u00e1tica incluyen fatiga (sensaci\u00f3n de debilidad o cansancio), ictericia (coloraci\u00f3n amarillenta de la piel y el blanco de los ojos), hinchaz\u00f3n de las piernas y el abdomen, p\u00e9rdida de apetito y de peso, n\u00e1useas, picaz\u00f3n en la piel e hipo.<\/p>\n<p>Los l\u00edquidos que se acumulan en el cuerpo se pueden tratar con medicamentos y tratamientos no farmacol\u00f3gicos. Su equipo de cuidados paliativos sabr\u00e1 qu\u00e9 medicamentos debe administrarle para ayudar a aliviar los s\u00edntomas comunes, como dificultad para respirar, picaz\u00f3n en la piel, n\u00e1useas e hipo.<\/p>\n<p>Con el tiempo, la cirrosis puede empeorar y es posible que el h\u00edgado ya no funcione correctamente. Esta insuficiencia hep\u00e1tica cr\u00f3nica se denomina enfermedad hep\u00e1tica terminal, cuando los s\u00edntomas pueden volverse m\u00e1s graves. Su equipo de cuidados paliativos le ayudar\u00e1 a usted y a su familia a afrontar estos s\u00edntomas.<\/p>\n<p>Si es elegible para un trasplante de h\u00edgado, puede recurrir a cuidados paliativos para controlar los s\u00edntomas y recibir apoyo emocional antes, durante y despu\u00e9s de la cirug\u00eda. Su equipo de cuidados paliativos trabajar\u00e1 junto con su m\u00e9dico y su equipo de trasplante para apoyarlo a usted y a su familia en cada paso del camino.<\/p>\n<p>lo mejor es traer al equipo de cuidados paliativos despu\u00e9s del diagn\u00f3stico. El equipo tratar\u00e1 sus s\u00edntomas, le explicar\u00e1 sus opciones de tratamiento y le ayudar\u00e1 a adaptar esas opciones a sus objetivos personales. Los especialistas del equipo tambi\u00e9n lo ayudar\u00e1n a comprender mejor su condici\u00f3n y qu\u00e9 esperar. Siempre trabajan en colaboraci\u00f3n con sus otros m\u00e9dicos.<\/p>\n<p>Su equipo de cuidados paliativos puede ayudarle con todo esto y m\u00e1s. Su equipo ser\u00e1 su caja de resonancia y su primera l\u00ednea de defensa contra cualquier s\u00edntoma de dolor, malestar, depresi\u00f3n o ansiedad. Ellos se encargar\u00e1n de la comunicaci\u00f3n entre todos sus dem\u00e1s m\u00e9dicos. Y le ayudar\u00e1n a adaptar sus objetivos a sus opciones de tratamiento.<\/p>\n<p>El equipo tambi\u00e9n ayudar\u00e1 a sus cuidadores familiares. Le ayudar\u00e1n a usted y a sus seres queridos a tomar decisiones grandes y peque\u00f1as.<\/p>\n<p>Estos son algunos de los muchos beneficios de los cuidados paliativos.<\/p>\n<h2>C\u00f3mo obtener cuidados paliativos<\/h2>\n<p>Si usted o un ser querido necesita cuidados paliativos, solicite una derivaci\u00f3n a su m\u00e9dico.<\/p>\n<p>Es f\u00e1cil encontrar un hospital con un equipo de cuidados paliativos en su \u00e1rea. S\u00f3lo ve al <a href=\"https:\/\/getpalliativecare.org\/es\/provider-directory\/\">Directorio de proveedores de cuidados paliativos<\/a> para obtener una lista estado por estado. Para saber si los cuidados paliativos son adecuados para usted, <a href=\"http:\/\/getpalliativecare.org\/es\/rightforyou\/\">toma nuestra prueba<\/a>.<\/p>\n<p><em>Para obtener m\u00e1s informaci\u00f3n sobre la prevenci\u00f3n y el tratamiento de la enfermedad hep\u00e1tica, o para encontrar apoyo y recursos para pacientes con enfermedad hep\u00e1tica y sus familias, visite la American Liver Foundation en <a href=\"http:\/\/www.liverfoundation.org\/\">h\u00edgadofoundation.org<\/a>.<\/em><\/p>","protected":false},"excerpt":{"rendered":"<p>Comprender la enfermedad hep\u00e1tica El h\u00edgado es un \u00f3rgano grande del cuerpo. Le ayuda a digerir los alimentos, filtrar sustancias t\u00f3xicas de la sangre y produce sustancias que espesan la sangre para ayudar a formar co\u00e1gulos. Cuando usted tiene una enfermedad hep\u00e1tica (cirrosis), el tejido hep\u00e1tico normal es reemplazado por tejido cicatricial y el h\u00edgado no... <\/p>","protected":false},"author":12,"featured_media":0,"parent":46819,"menu_order":0,"comment_status":"closed","ping_status":"closed","template":"template-whatis.php","meta":{"_acf_changed":false,"footnotes":""},"class_list":["post-46963","page","type-page","status-publish","hentry"],"acf":[],"yoast_head":"<!-- This site is optimized with the Yoast SEO plugin v26.6 - https:\/\/yoast.com\/wordpress\/plugins\/seo\/ -->\n<title>Palliative Care and Liver Disease | Get Palliaitve Care<\/title>\n<meta name=\"description\" content=\"Palliative care is a specialty in medicine focused on treating the symptoms, pain and stress that accompany liver disease.\" \/>\n<meta name=\"robots\" content=\"index, follow, max-snippet:-1, max-image-preview:large, max-video-preview:-1\" \/>\n<link rel=\"canonical\" href=\"https:\/\/getpalliativecare.org\/es\/whatis\/disease-types\/liver-disease-palliative-care\/\" \/>\n<meta name=\"twitter:card\" content=\"summary_large_image\" \/>\n<meta name=\"twitter:title\" content=\"Palliative Care and Liver Disease | Get Palliaitve Care\" \/>\n<meta name=\"twitter:description\" content=\"Palliative care is a specialty in medicine focused on treating the symptoms, pain and stress that accompany liver disease.\" \/>\n<meta name=\"twitter:site\" content=\"@GetPalliative\" \/>\n<meta name=\"twitter:label1\" content=\"Tiempo de lectura\" \/>\n\t<meta name=\"twitter:data1\" content=\"4 minutos\" \/>\n<script type=\"application\/ld+json\" class=\"yoast-schema-graph\">{\"@context\":\"https:\/\/schema.org\",\"@graph\":[{\"@type\":\"WebPage\",\"@id\":\"https:\/\/getpalliativecare.org\/whatis\/disease-types\/liver-disease-palliative-care\/\",\"url\":\"https:\/\/getpalliativecare.org\/whatis\/disease-types\/liver-disease-palliative-care\/\",\"name\":\"Palliative Care and Liver Disease | Get Palliaitve Care\",\"isPartOf\":{\"@id\":\"https:\/\/getpalliativecare.org\/#website\"},\"datePublished\":\"2014-08-15T16:38:52+00:00\",\"dateModified\":\"2022-05-03T20:16:17+00:00\",\"description\":\"Palliative care is a specialty in medicine focused on treating the symptoms, pain and stress that accompany liver disease.\",\"breadcrumb\":{\"@id\":\"https:\/\/getpalliativecare.org\/whatis\/disease-types\/liver-disease-palliative-care\/#breadcrumb\"},\"inLanguage\":\"es\",\"potentialAction\":[{\"@type\":\"ReadAction\",\"target\":[\"https:\/\/getpalliativecare.org\/whatis\/disease-types\/liver-disease-palliative-care\/\"]}]},{\"@type\":\"BreadcrumbList\",\"@id\":\"https:\/\/getpalliativecare.org\/whatis\/disease-types\/liver-disease-palliative-care\/#breadcrumb\",\"itemListElement\":[{\"@type\":\"ListItem\",\"position\":1,\"name\":\"What is Palliative Care?\",\"item\":\"https:\/\/getpalliativecare.org\/whatis\/\"},{\"@type\":\"ListItem\",\"position\":2,\"name\":\"Disease Types and Palliative Care\",\"item\":\"https:\/\/getpalliativecare.org\/whatis\/disease-types\/\"},{\"@type\":\"ListItem\",\"position\":3,\"name\":\"Liver Disease and Palliative Care\"}]},{\"@type\":\"WebSite\",\"@id\":\"https:\/\/getpalliativecare.org\/#website\",\"url\":\"https:\/\/getpalliativecare.org\/\",\"name\":\"Get Palliative Care\",\"description\":\"Palliative care is specialized care focused on the pain, symptoms and stress of serious illness.  Find a hospital or medical center in your area that has a palliative care program.\",\"potentialAction\":[{\"@type\":\"SearchAction\",\"target\":{\"@type\":\"EntryPoint\",\"urlTemplate\":\"https:\/\/getpalliativecare.org\/?s={search_term_string}\"},\"query-input\":{\"@type\":\"PropertyValueSpecification\",\"valueRequired\":true,\"valueName\":\"search_term_string\"}}],\"inLanguage\":\"es\"}]}<\/script>\n<!-- \/ Yoast SEO plugin. -->","yoast_head_json":{"title":"Cuidados paliativos y enfermedad hep\u00e1tica | Reciba cuidados paliativos","description":"Los cuidados paliativos son una especialidad de la medicina centrada en el tratamiento de los s\u00edntomas, el dolor y el estr\u00e9s que acompa\u00f1an a la enfermedad hep\u00e1tica.","robots":{"index":"index","follow":"follow","max-snippet":"max-snippet:-1","max-image-preview":"max-image-preview:large","max-video-preview":"max-video-preview:-1"},"canonical":"https:\/\/getpalliativecare.org\/es\/whatis\/disease-types\/liver-disease-palliative-care\/","twitter_card":"summary_large_image","twitter_title":"Palliative Care and Liver Disease | Get Palliaitve Care","twitter_description":"Palliative care is a specialty in medicine focused on treating the symptoms, pain and stress that accompany liver disease.","twitter_site":"@GetPalliative","twitter_misc":{"Tiempo de lectura":"4 minutos"},"schema":{"@context":"https:\/\/schema.org","@graph":[{"@type":"WebPage","@id":"https:\/\/getpalliativecare.org\/whatis\/disease-types\/liver-disease-palliative-care\/","url":"https:\/\/getpalliativecare.org\/whatis\/disease-types\/liver-disease-palliative-care\/","name":"Cuidados paliativos y enfermedad hep\u00e1tica | Reciba cuidados paliativos","isPartOf":{"@id":"https:\/\/getpalliativecare.org\/#website"},"datePublished":"2014-08-15T16:38:52+00:00","dateModified":"2022-05-03T20:16:17+00:00","description":"Los cuidados paliativos son una especialidad de la medicina centrada en el tratamiento de los s\u00edntomas, el dolor y el estr\u00e9s que acompa\u00f1an a la enfermedad hep\u00e1tica.","breadcrumb":{"@id":"https:\/\/getpalliativecare.org\/whatis\/disease-types\/liver-disease-palliative-care\/#breadcrumb"},"inLanguage":"es","potentialAction":[{"@type":"ReadAction","target":["https:\/\/getpalliativecare.org\/whatis\/disease-types\/liver-disease-palliative-care\/"]}]},{"@type":"BreadcrumbList","@id":"https:\/\/getpalliativecare.org\/whatis\/disease-types\/liver-disease-palliative-care\/#breadcrumb","itemListElement":[{"@type":"ListItem","position":1,"name":"What is Palliative Care?","item":"https:\/\/getpalliativecare.org\/whatis\/"},{"@type":"ListItem","position":2,"name":"Disease Types and Palliative Care","item":"https:\/\/getpalliativecare.org\/whatis\/disease-types\/"},{"@type":"ListItem","position":3,"name":"Liver Disease and Palliative Care"}]},{"@type":"WebSite","@id":"https:\/\/getpalliativecare.org\/#website","url":"https:\/\/getpalliativecare.org\/","name":"Obtenga cuidados paliativos","description":"Los cuidados paliativos son cuidados especializados centrados en el dolor, los s\u00edntomas y el estr\u00e9s de una enfermedad grave. Encuentre un hospital o centro m\u00e9dico en su \u00e1rea que tenga un programa de cuidados paliativos.","potentialAction":[{"@type":"SearchAction","target":{"@type":"EntryPoint","urlTemplate":"https:\/\/getpalliativecare.org\/?s={search_term_string}"},"query-input":{"@type":"PropertyValueSpecification","valueRequired":true,"valueName":"search_term_string"}}],"inLanguage":"es"}]}},"_links":{"self":[{"href":"https:\/\/getpalliativecare.org\/es\/wp-json\/wp\/v2\/pages\/46963","targetHints":{"allow":["GET"]}}],"collection":[{"href":"https:\/\/getpalliativecare.org\/es\/wp-json\/wp\/v2\/pages"}],"about":[{"href":"https:\/\/getpalliativecare.org\/es\/wp-json\/wp\/v2\/types\/page"}],"author":[{"embeddable":true,"href":"https:\/\/getpalliativecare.org\/es\/wp-json\/wp\/v2\/users\/12"}],"replies":[{"embeddable":true,"href":"https:\/\/getpalliativecare.org\/es\/wp-json\/wp\/v2\/comments?post=46963"}],"version-history":[{"count":0,"href":"https:\/\/getpalliativecare.org\/es\/wp-json\/wp\/v2\/pages\/46963\/revisions"}],"up":[{"embeddable":true,"href":"https:\/\/getpalliativecare.org\/es\/wp-json\/wp\/v2\/pages\/46819"}],"wp:attachment":[{"href":"https:\/\/getpalliativecare.org\/es\/wp-json\/wp\/v2\/media?parent=46963"}],"curies":[{"name":"gracias","href":"https:\/\/api.w.org\/{rel}","templated":true}]}}