{"id":46954,"date":"2014-08-15T12:14:12","date_gmt":"2014-08-15T16:14:12","guid":{"rendered":"http:\/\/getpalliativecare.org\/?page_id=46954"},"modified":"2022-05-02T17:37:06","modified_gmt":"2022-05-02T21:37:06","slug":"strokeandpalliativecare","status":"publish","type":"page","link":"https:\/\/getpalliativecare.org\/es\/whatis\/disease-types\/strokeandpalliativecare\/","title":{"rendered":"Accidentes cerebrovasculares y cuidados paliativos"},"content":{"rendered":"<h2>Entendiendo el accidente cerebrovascular<\/h2>\n<p>El accidente cerebrovascular es una enfermedad del cerebro. Ocurre cuando se interrumpe la sangre que va al cerebro. Entonces, el tejido cerebral no recibe suficiente sangre, lo que significa que no recibe el ox\u00edgeno ni los nutrientes que necesita. Como resultado, las c\u00e9lulas cerebrales afectadas se da\u00f1an o mueren, lo que provoca los s\u00edntomas que provoca un derrame cerebral.<\/p>\n<p>A veces, un derrame cerebral es causado por una obstrucci\u00f3n, como un co\u00e1gulo de sangre. Esto se llama accidente cerebrovascular isqu\u00e9mico. Alrededor del 80 por ciento de los accidentes cerebrovasculares son isqu\u00e9micos.<\/p>\n<p>Otros accidentes cerebrovasculares ocurren cuando un vaso sangu\u00edneo se rompe y sangra dentro o alrededor del cerebro.<\/p>\n<p>Esto se llama accidente cerebrovascular hemorr\u00e1gico. Alrededor del 20 por ciento de los accidentes cerebrovasculares son hemorr\u00e1gicos. Algunos accidentes cerebrovasculares hemorr\u00e1gicos son causados por la rotura de un aneurisma (un abombamiento de la pared de un vaso sangu\u00edneo) en el cerebro.<\/p>\n<p>Hay varias cosas que pueden aumentar su riesgo de sufrir un derrame cerebral. Estos incluyen tabaquismo, diabetes, antecedentes familiares de accidente cerebrovascular, presi\u00f3n arterial alta, fibrilaci\u00f3n auricular y colesterol alto.<\/p>\n<h2>Comprender los cuidados paliativos<\/h2>\n<p>Los cuidados paliativos (pronunciados \u201cpal-lee-uh-tiv\u201d) son atenci\u00f3n m\u00e9dica especializada para personas que enfrentan enfermedades graves. Se centra en brindarle alivio de los s\u00edntomas, el dolor y el estr\u00e9s de una enfermedad grave como un derrame cerebral. El objetivo es mejorar la calidad de vida tanto para usted como para su familia.<\/p>\n<p>Los cuidados paliativos los brinda un equipo de m\u00e9dicos, enfermeras, trabajadores sociales y otros especialistas que trabajan junto con sus otros m\u00e9dicos para brindarle un nivel adicional de apoyo. Es apropiado a cualquier edad y en cualquier etapa de su enfermedad. Puedes tenerlo junto con un tratamiento curativo.<\/p>\n<h2>Tratamiento de los s\u00edntomas del accidente cerebrovascular: c\u00f3mo pueden ayudar los cuidados paliativos<\/h2>\n<p>Los s\u00edntomas de accidente cerebrovascular m\u00e1s conocidos son par\u00e1lisis y debilidad en un lado del cuerpo. Si vive con los efectos de un derrame cerebral, tambi\u00e9n puede experimentar problemas para hablar o comprender el habla, dolores de cabeza, comportamiento inadecuado, p\u00e9rdida del equilibrio, dificultades de memoria, problemas visuales y problemas emocionales.<\/p>\n<p>Obtener un tratamiento r\u00e1pido cuando comienza un derrame cerebral puede ayudar a minimizar los problemas a largo plazo. Aunque los cuidados paliativos son importantes en cualquier etapa de la enfermedad, es mejor involucrar al equipo de cuidados paliativos lo antes posible.<\/p>\n<p>Su equipo de cuidados paliativos puede ayudar a explicarle si s\u00edntomas como problemas de memoria, del habla o visuales ser\u00e1n permanentes o si mejorar\u00e1n con el tiempo. Los especialistas en cuidados paliativos pueden utilizar medicamentos y otras terapias para ayudarle con la depresi\u00f3n o la ira, que son comunes despu\u00e9s de un derrame cerebral.<\/p>\n<p>Si el accidente cerebrovascular es causado por una obstrucci\u00f3n, los medicamentos pueden disolver un co\u00e1gulo de sangre y permitir que la sangre fluya. A veces, el co\u00e1gulo se puede extirpar quir\u00fargicamente. Si el accidente cerebrovascular es causado por una hemorragia, el tratamiento puede incluir cirug\u00eda, controlar la presi\u00f3n arterial alta para reducir la inflamaci\u00f3n del cerebro y medicamentos para las convulsiones.<\/p>\n<p>Cuando usted sufre un derrame cerebral, tambi\u00e9n puede tener problemas con los m\u00fasculos y el movimiento. Es posible que tenga espasmos que le causen dolor. Los especialistas en cuidados paliativos son expertos en el manejo de los s\u00edntomas de una enfermedad grave como un accidente cerebrovascular. Pueden ayudarle a controlar estos s\u00edntomas mediante medicamentos que bloquean las reacciones nerviosas y otros tratamientos que le ayudar\u00e1n a vivir m\u00e1s c\u00f3modamente en general.<\/p>\n<p>Su equipo de cuidados paliativos tambi\u00e9n lo ayudar\u00e1 a comprender los beneficios y efectos secundarios de cada tratamiento y c\u00f3mo encajan con sus objetivos personales de atenci\u00f3n y recuperaci\u00f3n. Los especialistas trabajar\u00e1n junto con sus otros m\u00e9dicos para ayudarlo a controlar el dolor y los efectos secundarios de sus medicamentos.<\/p>\n<p>Si tiene problemas para tragar, usted y su familia deben decidir si deben colocarse una sonda de alimentaci\u00f3n. Los especialistas en cuidados paliativos pueden ayudarle con estas decisiones. Ellos le aconsejar\u00e1n a usted y a su familia sobre qu\u00e9 esperar. Su equipo tambi\u00e9n lo ayudar\u00e1 a decidir si la sonda de alimentaci\u00f3n es una opci\u00f3n con la que puede vivir. Los especialistas explicar\u00e1n completamente los beneficios y luego comparar\u00e1n esa informaci\u00f3n con los inconvenientes.<\/p>\n<p>Su equipo de cuidados paliativos estar\u00e1 all\u00ed para hablar sobre sus necesidades y expectativas para el futuro en casa. Los especialistas le dir\u00e1n qu\u00e9 esperar f\u00edsica y mentalmente y le ayudar\u00e1n a desarrollar un plan realista. Analizar\u00e1n si podr\u00eda necesitar atenci\u00f3n m\u00e9dica domiciliaria y los servicios de vida asistida, enfermer\u00eda especializada o rehabilitaci\u00f3n aguda.<\/p>\n<p>Los especialistas del equipo le dir\u00e1n exactamente qu\u00e9 pueden brindarle en cada nivel de atenci\u00f3n. Tambi\u00e9n te dir\u00e1n lo que no son capaces de hacer. Y lo ayudar\u00e1n a obtener el apoyo que necesita para tener la mejor calidad de vida.<\/p>\n<p>Los especialistas en cuidados paliativos le ayudan a usted y a su familia a afrontar los desaf\u00edos de vivir con un accidente cerebrovascular, desde los efectos secundarios del tratamiento m\u00e9dico hasta el estr\u00e9s del cuidador familiar. Ser\u00e1n su caja de resonancia y su primera l\u00ednea de defensa contra cualquier s\u00edntoma de dolor, malestar, depresi\u00f3n o ansiedad.<\/p>\n<p>Adem\u00e1s, te ayudar\u00e1n a ti y a tus seres queridos a tomar decisiones tanto grandes como peque\u00f1as. Mejorar\u00e1n la comunicaci\u00f3n entre usted, su familia y sus otros m\u00e9dicos, y lo ayudar\u00e1n a aclarar sus objetivos de atenci\u00f3n.<\/p>\n<p>Estos son algunos de los muchos beneficios de los cuidados paliativos.<\/p>\n<h2>C\u00f3mo obtener cuidados paliativos<\/h2>\n<p>Si usted o un ser querido necesita cuidados paliativos, solicite una derivaci\u00f3n a su m\u00e9dico.<\/p>\n<p>Es f\u00e1cil encontrar un hospital con un equipo de cuidados paliativos en su \u00e1rea. solo ve a <a href=\"https:\/\/getpalliativecare.org\/es\/providers\/\">GetPalliativeCare.org\/providers<\/a> para obtener una lista estado por estado. Para saber si los cuidados paliativos son adecuados para usted, <a href=\"http:\/\/getpalliativecare.org\/es\/rightforyou\/\">toma nuestra prueba<\/a>.<\/p>\n<p><em>Para obtener informaci\u00f3n detallada sobre el diagn\u00f3stico, el tratamiento, los riesgos, la vida despu\u00e9s del accidente cerebrovascular y m\u00e1s, visite la American Stroke Association. <a href=\"http:\/\/www.strokeassociation.org\/STROKEORG\/\">(strokeassociation.org)<\/a>. Para conectarse con otras personas que han sufrido un derrame cerebral, ya sea como sobreviviente, como alguien que cuida a un ser querido despu\u00e9s de un derrame cerebral o como amigo o familiar de alguien que ha sufrido un derrame cerebral, visite la Red de apoyo espec\u00edfica para derrames cerebrales de la American Stroke Association. <a href=\"http:\/\/supportnetwork.heart.org\/stroke\">(suportnetweork.heart.org\/stroke)<\/a>.<\/em><\/p>\n<p><em>Tambi\u00e9n puede leer las nuevas directrices nacionales de neurolog\u00eda que recomiendan cuidados paliativos tempranos para los accidentes cerebrovasculares: <a href=\"http:\/\/newsroom.heart.org\/news\/stroke-patients-should-receive-customized-palliative-care\">http:\/\/newsroom.heart.org\/news\/stroke-patients-should-receive-customized-palliative-care<\/a>.<\/em><\/p>","protected":false},"excerpt":{"rendered":"<p>Comprender el accidente cerebrovascular El accidente cerebrovascular es una enfermedad del cerebro. Ocurre cuando se interrumpe la sangre que va al cerebro. Entonces, el tejido cerebral no recibe suficiente sangre, lo que significa que no recibe el ox\u00edgeno ni los nutrientes que necesita. Como resultado, las c\u00e9lulas cerebrales afectadas se da\u00f1an o mueren, y esto conduce a... <\/p>","protected":false},"author":12,"featured_media":0,"parent":46819,"menu_order":0,"comment_status":"closed","ping_status":"closed","template":"template-whatis.php","meta":{"_acf_changed":false,"footnotes":""},"class_list":["post-46954","page","type-page","status-publish","hentry"],"acf":[],"yoast_head":"<!-- This site is optimized with the Yoast SEO plugin v26.6 - https:\/\/yoast.com\/wordpress\/plugins\/seo\/ -->\n<title>Palliative Care and Stroke | Disease of the Brain | Get Palliative Care<\/title>\n<meta name=\"description\" content=\"Stroke is a disease of the brain. Palliative care is a specialty in medicine focused on treating the symptoms, pain and stress that accompany stroke.\" \/>\n<meta name=\"robots\" content=\"index, follow, max-snippet:-1, max-image-preview:large, max-video-preview:-1\" \/>\n<link rel=\"canonical\" href=\"https:\/\/getpalliativecare.org\/es\/whatis\/disease-types\/strokeandpalliativecare\/\" \/>\n<meta name=\"twitter:card\" content=\"summary_large_image\" \/>\n<meta name=\"twitter:title\" content=\"Palliative Care and Stroke | Disease of the Brain | Get Palliative Care\" \/>\n<meta name=\"twitter:description\" content=\"Stroke is a disease of the brain. Palliative care is a specialty in medicine focused on treating the symptoms, pain and stress that accompany stroke.\" \/>\n<meta name=\"twitter:site\" content=\"@GetPalliative\" \/>\n<meta name=\"twitter:label1\" content=\"Tiempo de lectura\" \/>\n\t<meta name=\"twitter:data1\" content=\"5 minutos\" \/>\n<script type=\"application\/ld+json\" class=\"yoast-schema-graph\">{\"@context\":\"https:\/\/schema.org\",\"@graph\":[{\"@type\":\"WebPage\",\"@id\":\"https:\/\/getpalliativecare.org\/whatis\/disease-types\/strokeandpalliativecare\/\",\"url\":\"https:\/\/getpalliativecare.org\/whatis\/disease-types\/strokeandpalliativecare\/\",\"name\":\"Palliative Care and Stroke | Disease of the Brain | Get Palliative Care\",\"isPartOf\":{\"@id\":\"https:\/\/getpalliativecare.org\/#website\"},\"datePublished\":\"2014-08-15T16:14:12+00:00\",\"dateModified\":\"2022-05-02T21:37:06+00:00\",\"description\":\"Stroke is a disease of the brain. Palliative care is a specialty in medicine focused on treating the symptoms, pain and stress that accompany stroke.\",\"breadcrumb\":{\"@id\":\"https:\/\/getpalliativecare.org\/whatis\/disease-types\/strokeandpalliativecare\/#breadcrumb\"},\"inLanguage\":\"es\",\"potentialAction\":[{\"@type\":\"ReadAction\",\"target\":[\"https:\/\/getpalliativecare.org\/whatis\/disease-types\/strokeandpalliativecare\/\"]}]},{\"@type\":\"BreadcrumbList\",\"@id\":\"https:\/\/getpalliativecare.org\/whatis\/disease-types\/strokeandpalliativecare\/#breadcrumb\",\"itemListElement\":[{\"@type\":\"ListItem\",\"position\":1,\"name\":\"What is Palliative Care?\",\"item\":\"https:\/\/getpalliativecare.org\/whatis\/\"},{\"@type\":\"ListItem\",\"position\":2,\"name\":\"Disease Types and Palliative Care\",\"item\":\"https:\/\/getpalliativecare.org\/whatis\/disease-types\/\"},{\"@type\":\"ListItem\",\"position\":3,\"name\":\"Stroke and Palliative Care\"}]},{\"@type\":\"WebSite\",\"@id\":\"https:\/\/getpalliativecare.org\/#website\",\"url\":\"https:\/\/getpalliativecare.org\/\",\"name\":\"Get Palliative Care\",\"description\":\"Palliative care is specialized care focused on the pain, symptoms and stress of serious illness.  Find a hospital or medical center in your area that has a palliative care program.\",\"potentialAction\":[{\"@type\":\"SearchAction\",\"target\":{\"@type\":\"EntryPoint\",\"urlTemplate\":\"https:\/\/getpalliativecare.org\/?s={search_term_string}\"},\"query-input\":{\"@type\":\"PropertyValueSpecification\",\"valueRequired\":true,\"valueName\":\"search_term_string\"}}],\"inLanguage\":\"es\"}]}<\/script>\n<!-- \/ Yoast SEO plugin. -->","yoast_head_json":{"title":"Cuidados paliativos y accidente cerebrovascular | Enfermedades cerebrales | Reciba cuidados paliativos","description":"El accidente cerebrovascular es una enfermedad del cerebro. Los cuidados paliativos son una especialidad m\u00e9dica centrada en el tratamiento de los s\u00edntomas, el dolor y el estr\u00e9s que acompa\u00f1an al accidente cerebrovascular.","robots":{"index":"index","follow":"follow","max-snippet":"max-snippet:-1","max-image-preview":"max-image-preview:large","max-video-preview":"max-video-preview:-1"},"canonical":"https:\/\/getpalliativecare.org\/es\/whatis\/disease-types\/strokeandpalliativecare\/","twitter_card":"summary_large_image","twitter_title":"Palliative Care and Stroke | Disease of the Brain | Get Palliative Care","twitter_description":"Stroke is a disease of the brain. Palliative care is a specialty in medicine focused on treating the symptoms, pain and stress that accompany stroke.","twitter_site":"@GetPalliative","twitter_misc":{"Tiempo de lectura":"5 minutos"},"schema":{"@context":"https:\/\/schema.org","@graph":[{"@type":"WebPage","@id":"https:\/\/getpalliativecare.org\/whatis\/disease-types\/strokeandpalliativecare\/","url":"https:\/\/getpalliativecare.org\/whatis\/disease-types\/strokeandpalliativecare\/","name":"Cuidados paliativos y accidente cerebrovascular | Enfermedades cerebrales | Reciba cuidados paliativos","isPartOf":{"@id":"https:\/\/getpalliativecare.org\/#website"},"datePublished":"2014-08-15T16:14:12+00:00","dateModified":"2022-05-02T21:37:06+00:00","description":"El accidente cerebrovascular es una enfermedad del cerebro. Los cuidados paliativos son una especialidad m\u00e9dica centrada en el tratamiento de los s\u00edntomas, el dolor y el estr\u00e9s que acompa\u00f1an al accidente cerebrovascular.","breadcrumb":{"@id":"https:\/\/getpalliativecare.org\/whatis\/disease-types\/strokeandpalliativecare\/#breadcrumb"},"inLanguage":"es","potentialAction":[{"@type":"ReadAction","target":["https:\/\/getpalliativecare.org\/whatis\/disease-types\/strokeandpalliativecare\/"]}]},{"@type":"BreadcrumbList","@id":"https:\/\/getpalliativecare.org\/whatis\/disease-types\/strokeandpalliativecare\/#breadcrumb","itemListElement":[{"@type":"ListItem","position":1,"name":"What is Palliative Care?","item":"https:\/\/getpalliativecare.org\/whatis\/"},{"@type":"ListItem","position":2,"name":"Disease Types and Palliative Care","item":"https:\/\/getpalliativecare.org\/whatis\/disease-types\/"},{"@type":"ListItem","position":3,"name":"Stroke and Palliative Care"}]},{"@type":"WebSite","@id":"https:\/\/getpalliativecare.org\/#website","url":"https:\/\/getpalliativecare.org\/","name":"Obtenga cuidados paliativos","description":"Los cuidados paliativos son cuidados especializados centrados en el dolor, los s\u00edntomas y el estr\u00e9s de una enfermedad grave. Encuentre un hospital o centro m\u00e9dico en su \u00e1rea que tenga un programa de cuidados paliativos.","potentialAction":[{"@type":"SearchAction","target":{"@type":"EntryPoint","urlTemplate":"https:\/\/getpalliativecare.org\/?s={search_term_string}"},"query-input":{"@type":"PropertyValueSpecification","valueRequired":true,"valueName":"search_term_string"}}],"inLanguage":"es"}]}},"_links":{"self":[{"href":"https:\/\/getpalliativecare.org\/es\/wp-json\/wp\/v2\/pages\/46954","targetHints":{"allow":["GET"]}}],"collection":[{"href":"https:\/\/getpalliativecare.org\/es\/wp-json\/wp\/v2\/pages"}],"about":[{"href":"https:\/\/getpalliativecare.org\/es\/wp-json\/wp\/v2\/types\/page"}],"author":[{"embeddable":true,"href":"https:\/\/getpalliativecare.org\/es\/wp-json\/wp\/v2\/users\/12"}],"replies":[{"embeddable":true,"href":"https:\/\/getpalliativecare.org\/es\/wp-json\/wp\/v2\/comments?post=46954"}],"version-history":[{"count":0,"href":"https:\/\/getpalliativecare.org\/es\/wp-json\/wp\/v2\/pages\/46954\/revisions"}],"up":[{"embeddable":true,"href":"https:\/\/getpalliativecare.org\/es\/wp-json\/wp\/v2\/pages\/46819"}],"wp:attachment":[{"href":"https:\/\/getpalliativecare.org\/es\/wp-json\/wp\/v2\/media?parent=46954"}],"curies":[{"name":"gracias","href":"https:\/\/api.w.org\/{rel}","templated":true}]}}