{"id":46863,"date":"2014-05-07T14:31:45","date_gmt":"2014-05-07T18:31:45","guid":{"rendered":"http:\/\/getpalliativecare.org\/?page_id=46863"},"modified":"2018-12-23T10:51:02","modified_gmt":"2018-12-23T15:51:02","slug":"als-palliative-care","status":"publish","type":"page","link":"https:\/\/getpalliativecare.org\/es\/whatis\/disease-types\/als-palliative-care\/","title":{"rendered":"ELA y cuidados paliativos"},"content":{"rendered":"<h2>Esclerosis lateral amiotr\u00f3fica y cuidados paliativos<\/h2>\n<p>La ELA (esclerosis lateral amiotr\u00f3fica) es una enfermedad que provoca la muerte de las c\u00e9lulas nerviosas en partes del cerebro y la m\u00e9dula espinal. A menudo se la llama &quot;enfermedad de Lou Gehrig&quot;. Es una enfermedad progresiva donde se ve afectada la acci\u00f3n muscular voluntaria. Los pacientes en las \u00faltimas etapas de la enfermedad pueden quedar totalmente paralizados.<\/p>\n<h2>S\u00edntomas y tratamiento de la esclerosis lateral amiotr\u00f3fica: c\u00f3mo pueden ayudar los cuidados paliativos<\/h2>\n<p>Los cuidados paliativos (pronunciados \u201cpal-lee-uh-tiv\u201d) son atenci\u00f3n m\u00e9dica especializada para personas que enfrentan enfermedades graves como la ELA. El objetivo es mejorar la calidad de vida tanto para usted como para su familia. Puede recibir cuidados paliativos a cualquier edad y en cualquier etapa de su enfermedad. Tambi\u00e9n puedes tomarlo junto con un tratamiento curativo.<\/p>\n<p>Los equipos de cuidados paliativos trabajan en colaboraci\u00f3n con usted, su neur\u00f3logo y otros m\u00e9dicos para controlar sus s\u00edntomas, la comunicaci\u00f3n y supervisar la coordinaci\u00f3n de su atenci\u00f3n. Estos equipos son expertos en el manejo de los s\u00edntomas y el estr\u00e9s de su enfermedad. Tambi\u00e9n est\u00e1n bien versados en c\u00f3mo navegar el complejo sistema de atenci\u00f3n m\u00e9dica.<\/p>\n<p>Entonces, mientras lucha con una enfermedad que desaf\u00eda su capacidad para controlar su cuerpo y su vida, el equipo de cuidados paliativos le brindar\u00e1 un nivel adicional de apoyo. Se asegurar\u00e1n de que todo lo que pueda controlarse bien, estar\u00e1 bien controlado.<\/p>\n<p>Una preocupaci\u00f3n com\u00fan de las personas con esclerosis lateral amiotr\u00f3fica tiene que ver con la p\u00e9rdida de funci\u00f3n. A la mayor\u00eda de las personas con ELA les preocupa c\u00f3mo esta p\u00e9rdida los har\u00e1 dependientes de otros incluso para las tareas m\u00e1s comunes, como ba\u00f1arse, vestirse o comer. Y como la ELA tambi\u00e9n afecta los m\u00fasculos utilizados para respirar, hablar y tragar, puede causar malestar f\u00edsico y dolor emocional.<\/p>\n<p>Su equipo de cuidados paliativos puede ayudarle con todo esto y m\u00e1s. El equipo ser\u00e1 su caja de resonancia y su primera l\u00ednea de defensa contra cualquier s\u00edntoma de dolor, malestar, depresi\u00f3n o ansiedad.<\/p>\n<p>Le ayudar\u00e1n a usted y a sus seres queridos a tomar decisiones grandes y peque\u00f1as. Mejorar\u00e1n la comunicaci\u00f3n entre usted, su familia y sus otros m\u00e9dicos y lo ayudar\u00e1n a aclarar sus objetivos de atenci\u00f3n. Tambi\u00e9n lo guiar\u00e1n a trav\u00e9s del proceso necesario de planificaci\u00f3n de atenci\u00f3n avanzada, incluidas las decisiones sobre el uso de ventilaci\u00f3n mec\u00e1nica y alimentaci\u00f3n e hidrataci\u00f3n artificiales.<\/p>\n<p>La evidencia sugiere que las personas que viven con ELA y reciben cuidados paliativos tienen una mejor supervivencia en comparaci\u00f3n con aquellas que reciben atenci\u00f3n \u00fanicamente en cl\u00ednicas de neurolog\u00eda general. En cada etapa, los cuidados paliativos allanan el camino para que usted y sus seres queridos disfruten, juntos, de la mejor calidad de vida posible.<\/p>\n<h2>C\u00f3mo obtener cuidados paliativos<\/h2>\n<p>Si usted o un ser querido necesita cuidados paliativos, solicite una derivaci\u00f3n a su m\u00e9dico.<\/p>\n<p>Encontrar un equipo de cuidados paliativos en su \u00e1rea es f\u00e1cil. solo ve a <a href=\"http:\/\/getpalliativecare.org\/es\/providers\/\">GetPalliativeCare.org\/providers<\/a> para obtener una lista estado por estado. Para saber si los cuidados paliativos son adecuados para usted, <a href=\"http:\/\/getpalliativecare.org\/es\/rightforyou\/\">toma nuestra prueba<\/a>.<\/p>","protected":false},"excerpt":{"rendered":"<p>Esclerosis lateral amiotr\u00f3fica y cuidados paliativos La ELA (esclerosis lateral amiotr\u00f3fica) es una enfermedad que provoca la muerte de las c\u00e9lulas nerviosas en partes del cerebro y la m\u00e9dula espinal. A menudo se la llama &quot;enfermedad de Lou Gehrig&quot;. Es una enfermedad progresiva donde se ve afectada la acci\u00f3n muscular voluntaria. Los pacientes en las \u00faltimas etapas de la enfermedad pueden volverse totalmente... <\/p>","protected":false},"author":1,"featured_media":0,"parent":46819,"menu_order":0,"comment_status":"open","ping_status":"closed","template":"template-whatis.php","meta":{"_acf_changed":false,"footnotes":""},"class_list":["post-46863","page","type-page","status-publish","hentry"],"acf":[],"yoast_head":"<!-- This site is optimized with the Yoast SEO plugin v26.6 - https:\/\/yoast.com\/wordpress\/plugins\/seo\/ -->\n<title>Palliative Care and ALS (Amyotrophic Lateral Sclerosis)<\/title>\n<meta name=\"description\" content=\"Palliative care is a specialty in medicine focused on treating the symptoms, pain and stress that accompany ALS or Amyotrophic Lateral Sclerosis.\" \/>\n<meta name=\"robots\" content=\"index, follow, max-snippet:-1, max-image-preview:large, max-video-preview:-1\" \/>\n<link rel=\"canonical\" href=\"https:\/\/getpalliativecare.org\/es\/whatis\/disease-types\/als-palliative-care\/\" \/>\n<meta name=\"twitter:card\" content=\"summary_large_image\" \/>\n<meta name=\"twitter:title\" content=\"Palliative Care and ALS (Amyotrophic Lateral Sclerosis)\" \/>\n<meta name=\"twitter:description\" content=\"Palliative care is a specialty in medicine focused on treating the symptoms, pain and stress that accompany ALS or Amyotrophic Lateral Sclerosis.\" \/>\n<meta name=\"twitter:site\" content=\"@GetPalliative\" \/>\n<meta name=\"twitter:label1\" content=\"Tiempo de lectura\" \/>\n\t<meta name=\"twitter:data1\" content=\"2 minutos\" \/>\n<script type=\"application\/ld+json\" class=\"yoast-schema-graph\">{\"@context\":\"https:\/\/schema.org\",\"@graph\":[{\"@type\":\"WebPage\",\"@id\":\"https:\/\/getpalliativecare.org\/whatis\/disease-types\/als-palliative-care\/\",\"url\":\"https:\/\/getpalliativecare.org\/whatis\/disease-types\/als-palliative-care\/\",\"name\":\"Palliative Care and ALS (Amyotrophic Lateral Sclerosis)\",\"isPartOf\":{\"@id\":\"https:\/\/getpalliativecare.org\/#website\"},\"datePublished\":\"2014-05-07T18:31:45+00:00\",\"dateModified\":\"2018-12-23T15:51:02+00:00\",\"description\":\"Palliative care is a specialty in medicine focused on treating the symptoms, pain and stress that accompany ALS or Amyotrophic Lateral Sclerosis.\",\"breadcrumb\":{\"@id\":\"https:\/\/getpalliativecare.org\/whatis\/disease-types\/als-palliative-care\/#breadcrumb\"},\"inLanguage\":\"es\",\"potentialAction\":[{\"@type\":\"ReadAction\",\"target\":[\"https:\/\/getpalliativecare.org\/whatis\/disease-types\/als-palliative-care\/\"]}]},{\"@type\":\"BreadcrumbList\",\"@id\":\"https:\/\/getpalliativecare.org\/whatis\/disease-types\/als-palliative-care\/#breadcrumb\",\"itemListElement\":[{\"@type\":\"ListItem\",\"position\":1,\"name\":\"What is Palliative Care?\",\"item\":\"https:\/\/getpalliativecare.org\/whatis\/\"},{\"@type\":\"ListItem\",\"position\":2,\"name\":\"Disease Types and Palliative Care\",\"item\":\"https:\/\/getpalliativecare.org\/whatis\/disease-types\/\"},{\"@type\":\"ListItem\",\"position\":3,\"name\":\"ALS and Palliative Care\"}]},{\"@type\":\"WebSite\",\"@id\":\"https:\/\/getpalliativecare.org\/#website\",\"url\":\"https:\/\/getpalliativecare.org\/\",\"name\":\"Get Palliative Care\",\"description\":\"Palliative care is specialized care focused on the pain, symptoms and stress of serious illness.  Find a hospital or medical center in your area that has a palliative care program.\",\"potentialAction\":[{\"@type\":\"SearchAction\",\"target\":{\"@type\":\"EntryPoint\",\"urlTemplate\":\"https:\/\/getpalliativecare.org\/?s={search_term_string}\"},\"query-input\":{\"@type\":\"PropertyValueSpecification\",\"valueRequired\":true,\"valueName\":\"search_term_string\"}}],\"inLanguage\":\"es\"}]}<\/script>\n<!-- \/ Yoast SEO plugin. -->","yoast_head_json":{"title":"Cuidados paliativos y ELA (esclerosis lateral amiotr\u00f3fica)","description":"Los cuidados paliativos son una especialidad de la medicina centrada en el tratamiento de los s\u00edntomas, el dolor y el estr\u00e9s que acompa\u00f1an a la ELA o Esclerosis Lateral Amiotr\u00f3fica.","robots":{"index":"index","follow":"follow","max-snippet":"max-snippet:-1","max-image-preview":"max-image-preview:large","max-video-preview":"max-video-preview:-1"},"canonical":"https:\/\/getpalliativecare.org\/es\/whatis\/disease-types\/als-palliative-care\/","twitter_card":"summary_large_image","twitter_title":"Palliative Care and ALS (Amyotrophic Lateral Sclerosis)","twitter_description":"Palliative care is a specialty in medicine focused on treating the symptoms, pain and stress that accompany ALS or Amyotrophic Lateral Sclerosis.","twitter_site":"@GetPalliative","twitter_misc":{"Tiempo de lectura":"2 minutos"},"schema":{"@context":"https:\/\/schema.org","@graph":[{"@type":"WebPage","@id":"https:\/\/getpalliativecare.org\/whatis\/disease-types\/als-palliative-care\/","url":"https:\/\/getpalliativecare.org\/whatis\/disease-types\/als-palliative-care\/","name":"Cuidados paliativos y ELA (esclerosis lateral amiotr\u00f3fica)","isPartOf":{"@id":"https:\/\/getpalliativecare.org\/#website"},"datePublished":"2014-05-07T18:31:45+00:00","dateModified":"2018-12-23T15:51:02+00:00","description":"Los cuidados paliativos son una especialidad de la medicina centrada en el tratamiento de los s\u00edntomas, el dolor y el estr\u00e9s que acompa\u00f1an a la ELA o Esclerosis Lateral Amiotr\u00f3fica.","breadcrumb":{"@id":"https:\/\/getpalliativecare.org\/whatis\/disease-types\/als-palliative-care\/#breadcrumb"},"inLanguage":"es","potentialAction":[{"@type":"ReadAction","target":["https:\/\/getpalliativecare.org\/whatis\/disease-types\/als-palliative-care\/"]}]},{"@type":"BreadcrumbList","@id":"https:\/\/getpalliativecare.org\/whatis\/disease-types\/als-palliative-care\/#breadcrumb","itemListElement":[{"@type":"ListItem","position":1,"name":"What is Palliative Care?","item":"https:\/\/getpalliativecare.org\/whatis\/"},{"@type":"ListItem","position":2,"name":"Disease Types and Palliative Care","item":"https:\/\/getpalliativecare.org\/whatis\/disease-types\/"},{"@type":"ListItem","position":3,"name":"ALS and Palliative Care"}]},{"@type":"WebSite","@id":"https:\/\/getpalliativecare.org\/#website","url":"https:\/\/getpalliativecare.org\/","name":"Obtenga cuidados paliativos","description":"Los cuidados paliativos son cuidados especializados centrados en el dolor, los s\u00edntomas y el estr\u00e9s de una enfermedad grave. Encuentre un hospital o centro m\u00e9dico en su \u00e1rea que tenga un programa de cuidados paliativos.","potentialAction":[{"@type":"SearchAction","target":{"@type":"EntryPoint","urlTemplate":"https:\/\/getpalliativecare.org\/?s={search_term_string}"},"query-input":{"@type":"PropertyValueSpecification","valueRequired":true,"valueName":"search_term_string"}}],"inLanguage":"es"}]}},"_links":{"self":[{"href":"https:\/\/getpalliativecare.org\/es\/wp-json\/wp\/v2\/pages\/46863","targetHints":{"allow":["GET"]}}],"collection":[{"href":"https:\/\/getpalliativecare.org\/es\/wp-json\/wp\/v2\/pages"}],"about":[{"href":"https:\/\/getpalliativecare.org\/es\/wp-json\/wp\/v2\/types\/page"}],"author":[{"embeddable":true,"href":"https:\/\/getpalliativecare.org\/es\/wp-json\/wp\/v2\/users\/1"}],"replies":[{"embeddable":true,"href":"https:\/\/getpalliativecare.org\/es\/wp-json\/wp\/v2\/comments?post=46863"}],"version-history":[{"count":0,"href":"https:\/\/getpalliativecare.org\/es\/wp-json\/wp\/v2\/pages\/46863\/revisions"}],"up":[{"embeddable":true,"href":"https:\/\/getpalliativecare.org\/es\/wp-json\/wp\/v2\/pages\/46819"}],"wp:attachment":[{"href":"https:\/\/getpalliativecare.org\/es\/wp-json\/wp\/v2\/media?parent=46863"}],"curies":[{"name":"gracias","href":"https:\/\/api.w.org\/{rel}","templated":true}]}}