{"id":46861,"date":"2014-05-07T14:30:51","date_gmt":"2014-05-07T18:30:51","guid":{"rendered":"http:\/\/getpalliativecare.org\/?page_id=46861"},"modified":"2019-11-13T13:02:44","modified_gmt":"2019-11-13T18:02:44","slug":"alzheimers-disease-palliative-care","status":"publish","type":"page","link":"https:\/\/getpalliativecare.org\/es\/whatis\/disease-types\/alzheimers-disease-palliative-care\/","title":{"rendered":"Enfermedad de Alzheimer y cuidados paliativos"},"content":{"rendered":"<p>La enfermedad de Alzheimer es un tipo de demencia. Demencia significa que una persona tiene dificultades con la memoria, el juicio y el razonamiento. Esto podr\u00eda significar no reconocer su entorno o a las personas que conoce, o no poder encontrar las palabras adecuadas o realizar determinadas tareas. El mayor factor de riesgo para la enfermedad de Alzheimer es la edad, pero las personas menores de sesenta a\u00f1os tambi\u00e9n pueden desarrollar la enfermedad.<\/p>\n<p>Afrontar la Enfermedad de Alzheimer supone un gran estr\u00e9s tanto para el paciente como para sus familiares. No existe cura para la enfermedad y los pacientes necesitar\u00e1n m\u00e1s atenci\u00f3n y apoyo a medida que pase el tiempo.<\/p>\n<h2>S\u00edntomas y tratamiento de la enfermedad de Alzheimer: c\u00f3mo pueden ayudar los cuidados paliativos<\/h2>\n<p>Los cuidados paliativos (pronunciados \u201cpal-lee-uh-tiv\u201d) son atenci\u00f3n m\u00e9dica especializada para personas que enfrentan enfermedades graves como la enfermedad de Alzheimer. El objetivo es mejorar la calidad de vida tanto para usted como para su familia. Puede recibir cuidados paliativos a cualquier edad y en cualquier etapa de su enfermedad. Tambi\u00e9n puedes tomarlo junto con un tratamiento curativo.<\/p>\n<p>Los cuidados paliativos son brindados por un equipo especialmente capacitado de m\u00e9dicos, enfermeras, trabajadores sociales y otros especialistas en cuidados paliativos que trabajan junto con sus otros m\u00e9dicos para brindarle un nivel adicional de apoyo.<\/p>\n<p>Involucrar a un equipo de cuidados paliativos puede resultar \u00fatil de varias maneras. Los cuidados paliativos ayudan a tratar algunos de los s\u00edntomas de la enfermedad de Alzheimer, como la depresi\u00f3n, la ansiedad y la dificultad para dormir. El equipo tambi\u00e9n puede ense\u00f1arle a usted y a su familia qu\u00e9 podr\u00eda desencadenar algunos de los s\u00edntomas de comportamiento y c\u00f3mo evitarlos.<\/p>\n<p>Una de las principales t\u00e9cnicas utilizadas en la planificaci\u00f3n de su cuidado diario es mantener una rutina. Otros incluyen ejercicio f\u00edsico y terapia de memoria, que le ayudan a utilizar su cerebro. Un ambiente tranquilo y silencioso, una iluminaci\u00f3n adecuada para disminuir las sombras y buenos h\u00e1bitos de sue\u00f1o tambi\u00e9n pueden ayudar.<\/p>\n<p>Si tiene otros problemas m\u00e9dicos, como enfermedades card\u00edacas, pulmonares o afecciones dolorosas, los cuidados paliativos pueden aliviar los s\u00edntomas, incluidos el dolor y el estr\u00e9s, que estos podr\u00edan causar.<\/p>\n<p>Los cuidados paliativos se pueden iniciar en cualquier momento despu\u00e9s del diagn\u00f3stico de la enfermedad de Alzheimer, pero cuanto antes, mejor porque un equipo de cuidados paliativos puede trabajar como parte de su estructura de apoyo desde el principio. El equipo ayuda a controlar sus s\u00edntomas, pero los miembros del equipo tambi\u00e9n se concentran en conversaciones sobre sus objetivos, inquietudes y opciones de tratamiento. Le ayudan a analizar qu\u00e9 es importante para usted, c\u00f3mo y d\u00f3nde desea que lo atiendan y qu\u00e9 nivel de atenci\u00f3n desear\u00eda en el futuro.<\/p>\n<p>A medida que avanza la enfermedad, los cuidados paliativos pueden ayudar a su familia mientras planean cuidarlo en casa, en un centro de vida asistida o en un asilo de ancianos. Mantenerte a salvo es fundamental. El equipo puede brindarle orientaci\u00f3n a su familia y ayudarlos a enfrentar estas inquietudes y, m\u00e1s adelante, a tomar decisiones sobre dificultades de alimentaci\u00f3n, infecciones, hospitalizaci\u00f3n y cu\u00e1l es el mejor lugar para recibir atenci\u00f3n.<\/p>\n<p>Puede recibir cuidados paliativos en el hospital, en una cl\u00ednica ambulatoria y, a veces, en casa. Aunque la enfermedad de Alzheimer es dif\u00edcil, cuando se trata de cuidados paliativos se alivia parte de la carga y se logra la mejor calidad de vida.<\/p>\n<h2>Perspectiva del paciente: vivir bien con la enfermedad de Alzheimer<\/h2>\n<p><iframe loading=\"lazy\" src=\"https:\/\/www.youtube.com\/embed\/CroCOnTZ84k\" width=\"640\" height=\"390\" frameborder=\"0\" allowfullscreen=\"allowfullscreen\"><\/iframe><\/p>\n<h2>C\u00f3mo obtener cuidados paliativos<\/h2>\n<p>Si usted o un ser querido necesita cuidados paliativos, solicite una derivaci\u00f3n a su m\u00e9dico.<\/p>\n<p>Encontrar un equipo de cuidados paliativos en su \u00e1rea es f\u00e1cil. Solo ve a nuestro <a href=\"https:\/\/getpalliativecare.org\/es\/howtoget\/find-a-palliative-care-team\/\">Directorio de proveedores\u00a0<\/a>para obtener una lista estado por estado. Para saber si los cuidados paliativos son adecuados para usted, <a href=\"http:\/\/getpalliativecare.org\/es\/rightforyou\/\">toma nuestra prueba<\/a>.<\/p>\n<h2>Recursos adicionales para cuidadores<\/h2>\n<p><a href=\"https:\/\/www.caring.com\/caregivers\/alzheimers\/\">https:\/\/www.caring.com\/caregivers\/alzheimers\/<\/a><br \/>\n<a href=\"https:\/\/www.caring.com\/caregivers\/alzheimers-caregiving\/\">https:\/\/www.caring.com\/caregivers\/alzheimers-caregiving\/<\/a><br \/>\n<a href=\"https:\/\/www.caring.com\/caregivers\/dementia\/\">https:\/\/www.caring.com\/caregivers\/dementia\/<\/a><br \/>\n<a href=\"https:\/\/www.caring.com\/caregivers\/dementia-caregiving\/\">https:\/\/www.caring.com\/caregivers\/dementia-caregiving\/<\/a><br \/>\n<a href=\"https:\/\/www.caring.com\/senior-living\/memory-care-facilities\/\">https:\/\/www.caring.com\/senior-living\/memory-care-facilities\/<\/a><\/p>","protected":false},"excerpt":{"rendered":"<p>La enfermedad de Alzheimer es un tipo de demencia. Demencia significa que una persona tiene dificultades con la memoria, el juicio y el razonamiento. Esto podr\u00eda significar no reconocer su entorno o a las personas que conoce, o no poder encontrar las palabras adecuadas o realizar determinadas tareas. El mayor factor de riesgo para la enfermedad de Alzheimer es la edad, pero las personas... <\/p>","protected":false},"author":1,"featured_media":0,"parent":46819,"menu_order":0,"comment_status":"open","ping_status":"closed","template":"template-whatis.php","meta":{"_acf_changed":false,"footnotes":""},"class_list":["post-46861","page","type-page","status-publish","hentry"],"acf":[],"yoast_head":"<!-- This site is optimized with the Yoast SEO plugin v26.6 - https:\/\/yoast.com\/wordpress\/plugins\/seo\/ -->\n<title>Alzheimer&#039;s Disease and Palliative Care | Get Palliative Care<\/title>\n<meta name=\"description\" content=\"Palliative care is a specialty in medicine focused on treating the symptoms, pain and stress that accompany Alzheimer&#039;s Disease (AD).\" \/>\n<meta name=\"robots\" content=\"index, follow, max-snippet:-1, max-image-preview:large, max-video-preview:-1\" \/>\n<link rel=\"canonical\" href=\"https:\/\/getpalliativecare.org\/es\/whatis\/disease-types\/alzheimers-disease-palliative-care\/\" \/>\n<meta name=\"twitter:card\" content=\"summary_large_image\" \/>\n<meta name=\"twitter:title\" content=\"Alzheimer&#039;s Disease and Palliative Care | Get Palliative Care\" \/>\n<meta name=\"twitter:description\" content=\"Palliative care is a specialty in medicine focused on treating the symptoms, pain and stress that accompany Alzheimer&#039;s Disease (AD).\" \/>\n<meta name=\"twitter:site\" content=\"@GetPalliative\" \/>\n<meta name=\"twitter:label1\" content=\"Tiempo de lectura\" \/>\n\t<meta name=\"twitter:data1\" content=\"3 minutos\" \/>\n<script type=\"application\/ld+json\" class=\"yoast-schema-graph\">{\"@context\":\"https:\/\/schema.org\",\"@graph\":[{\"@type\":\"WebPage\",\"@id\":\"https:\/\/getpalliativecare.org\/whatis\/disease-types\/alzheimers-disease-palliative-care\/\",\"url\":\"https:\/\/getpalliativecare.org\/whatis\/disease-types\/alzheimers-disease-palliative-care\/\",\"name\":\"Alzheimer's Disease and Palliative Care | Get Palliative Care\",\"isPartOf\":{\"@id\":\"https:\/\/getpalliativecare.org\/#website\"},\"datePublished\":\"2014-05-07T18:30:51+00:00\",\"dateModified\":\"2019-11-13T18:02:44+00:00\",\"description\":\"Palliative care is a specialty in medicine focused on treating the symptoms, pain and stress that accompany Alzheimer's Disease (AD).\",\"breadcrumb\":{\"@id\":\"https:\/\/getpalliativecare.org\/whatis\/disease-types\/alzheimers-disease-palliative-care\/#breadcrumb\"},\"inLanguage\":\"es\",\"potentialAction\":[{\"@type\":\"ReadAction\",\"target\":[\"https:\/\/getpalliativecare.org\/whatis\/disease-types\/alzheimers-disease-palliative-care\/\"]}]},{\"@type\":\"BreadcrumbList\",\"@id\":\"https:\/\/getpalliativecare.org\/whatis\/disease-types\/alzheimers-disease-palliative-care\/#breadcrumb\",\"itemListElement\":[{\"@type\":\"ListItem\",\"position\":1,\"name\":\"What is Palliative Care?\",\"item\":\"https:\/\/getpalliativecare.org\/whatis\/\"},{\"@type\":\"ListItem\",\"position\":2,\"name\":\"Disease Types and Palliative Care\",\"item\":\"https:\/\/getpalliativecare.org\/whatis\/disease-types\/\"},{\"@type\":\"ListItem\",\"position\":3,\"name\":\"Alzheimer&#8217;s Disease and Palliative Care\"}]},{\"@type\":\"WebSite\",\"@id\":\"https:\/\/getpalliativecare.org\/#website\",\"url\":\"https:\/\/getpalliativecare.org\/\",\"name\":\"Get Palliative Care\",\"description\":\"Palliative care is specialized care focused on the pain, symptoms and stress of serious illness.  Find a hospital or medical center in your area that has a palliative care program.\",\"potentialAction\":[{\"@type\":\"SearchAction\",\"target\":{\"@type\":\"EntryPoint\",\"urlTemplate\":\"https:\/\/getpalliativecare.org\/?s={search_term_string}\"},\"query-input\":{\"@type\":\"PropertyValueSpecification\",\"valueRequired\":true,\"valueName\":\"search_term_string\"}}],\"inLanguage\":\"es\"}]}<\/script>\n<!-- \/ Yoast SEO plugin. -->","yoast_head_json":{"title":"Enfermedad de Alzheimer y cuidados paliativos | Reciba cuidados paliativos","description":"Los cuidados paliativos son una especialidad de la medicina centrada en el tratamiento de los s\u00edntomas, el dolor y el estr\u00e9s que acompa\u00f1an a la enfermedad de Alzheimer (EA).","robots":{"index":"index","follow":"follow","max-snippet":"max-snippet:-1","max-image-preview":"max-image-preview:large","max-video-preview":"max-video-preview:-1"},"canonical":"https:\/\/getpalliativecare.org\/es\/whatis\/disease-types\/alzheimers-disease-palliative-care\/","twitter_card":"summary_large_image","twitter_title":"Alzheimer's Disease and Palliative Care | Get Palliative Care","twitter_description":"Palliative care is a specialty in medicine focused on treating the symptoms, pain and stress that accompany Alzheimer's Disease (AD).","twitter_site":"@GetPalliative","twitter_misc":{"Tiempo de lectura":"3 minutos"},"schema":{"@context":"https:\/\/schema.org","@graph":[{"@type":"WebPage","@id":"https:\/\/getpalliativecare.org\/whatis\/disease-types\/alzheimers-disease-palliative-care\/","url":"https:\/\/getpalliativecare.org\/whatis\/disease-types\/alzheimers-disease-palliative-care\/","name":"Enfermedad de Alzheimer y cuidados paliativos | Reciba cuidados paliativos","isPartOf":{"@id":"https:\/\/getpalliativecare.org\/#website"},"datePublished":"2014-05-07T18:30:51+00:00","dateModified":"2019-11-13T18:02:44+00:00","description":"Los cuidados paliativos son una especialidad de la medicina centrada en el tratamiento de los s\u00edntomas, el dolor y el estr\u00e9s que acompa\u00f1an a la enfermedad de Alzheimer (EA).","breadcrumb":{"@id":"https:\/\/getpalliativecare.org\/whatis\/disease-types\/alzheimers-disease-palliative-care\/#breadcrumb"},"inLanguage":"es","potentialAction":[{"@type":"ReadAction","target":["https:\/\/getpalliativecare.org\/whatis\/disease-types\/alzheimers-disease-palliative-care\/"]}]},{"@type":"BreadcrumbList","@id":"https:\/\/getpalliativecare.org\/whatis\/disease-types\/alzheimers-disease-palliative-care\/#breadcrumb","itemListElement":[{"@type":"ListItem","position":1,"name":"What is Palliative Care?","item":"https:\/\/getpalliativecare.org\/whatis\/"},{"@type":"ListItem","position":2,"name":"Disease Types and Palliative Care","item":"https:\/\/getpalliativecare.org\/whatis\/disease-types\/"},{"@type":"ListItem","position":3,"name":"Alzheimer&#8217;s Disease and Palliative Care"}]},{"@type":"WebSite","@id":"https:\/\/getpalliativecare.org\/#website","url":"https:\/\/getpalliativecare.org\/","name":"Obtenga cuidados paliativos","description":"Los cuidados paliativos son cuidados especializados centrados en el dolor, los s\u00edntomas y el estr\u00e9s de una enfermedad grave. Encuentre un hospital o centro m\u00e9dico en su \u00e1rea que tenga un programa de cuidados paliativos.","potentialAction":[{"@type":"SearchAction","target":{"@type":"EntryPoint","urlTemplate":"https:\/\/getpalliativecare.org\/?s={search_term_string}"},"query-input":{"@type":"PropertyValueSpecification","valueRequired":true,"valueName":"search_term_string"}}],"inLanguage":"es"}]}},"_links":{"self":[{"href":"https:\/\/getpalliativecare.org\/es\/wp-json\/wp\/v2\/pages\/46861","targetHints":{"allow":["GET"]}}],"collection":[{"href":"https:\/\/getpalliativecare.org\/es\/wp-json\/wp\/v2\/pages"}],"about":[{"href":"https:\/\/getpalliativecare.org\/es\/wp-json\/wp\/v2\/types\/page"}],"author":[{"embeddable":true,"href":"https:\/\/getpalliativecare.org\/es\/wp-json\/wp\/v2\/users\/1"}],"replies":[{"embeddable":true,"href":"https:\/\/getpalliativecare.org\/es\/wp-json\/wp\/v2\/comments?post=46861"}],"version-history":[{"count":0,"href":"https:\/\/getpalliativecare.org\/es\/wp-json\/wp\/v2\/pages\/46861\/revisions"}],"up":[{"embeddable":true,"href":"https:\/\/getpalliativecare.org\/es\/wp-json\/wp\/v2\/pages\/46819"}],"wp:attachment":[{"href":"https:\/\/getpalliativecare.org\/es\/wp-json\/wp\/v2\/media?parent=46861"}],"curies":[{"name":"gracias","href":"https:\/\/api.w.org\/{rel}","templated":true}]}}