{"id":46858,"date":"2014-05-07T14:28:27","date_gmt":"2014-05-07T18:28:27","guid":{"rendered":"http:\/\/getpalliativecare.org\/?page_id=46858"},"modified":"2019-10-02T09:41:10","modified_gmt":"2019-10-02T13:41:10","slug":"breast-cancer-palliative-care","status":"publish","type":"page","link":"https:\/\/getpalliativecare.org\/es\/whatis\/disease-types\/breast-cancer-palliative-care\/","title":{"rendered":"C\u00e1ncer de mama y cuidados paliativos"},"content":{"rendered":"<p>Un diagn\u00f3stico de c\u00e1ncer de mama da miedo. De repente, es posible que tengas que someterte a una cirug\u00eda, quimioterapia o radiaci\u00f3n. Es posible que tambi\u00e9n deba tomar decisiones de atenci\u00f3n m\u00e9dica que lo involucren tanto a usted como a su familia. Y es posible que experimente dolor u otros s\u00edntomas como n\u00e1useas, fatiga y ansiedad. Las cosas pueden resultar abrumadoras.<\/p>\n<h2>S\u00edntomas y tratamiento del c\u00e1ncer de mama: c\u00f3mo pueden ayudar los cuidados paliativos<\/h2>\n<p>Las pacientes con c\u00e1ncer de mama a menudo tienen que elegir entre diferentes opciones de tratamiento, que pueden incluir cirug\u00eda, quimioterapia y radiaci\u00f3n. Pero los tratamientos tienen una variedad de efectos secundarios, como dolor, n\u00e1useas y v\u00f3mitos, fatiga, dificultad para respirar, depresi\u00f3n y estre\u00f1imiento. Aqu\u00ed es donde entran los cuidados paliativos.<\/p>\n<p>La medicina paliativa, o cuidados paliativos, es atenci\u00f3n m\u00e9dica especializada centrada en el alivio del dolor, los s\u00edntomas y el estr\u00e9s de una enfermedad grave como el c\u00e1ncer de mama. El objetivo es mejorar la calidad de vida tanto para usted como para su familia. Los cuidados paliativos son apropiados a cualquier edad y en cualquier etapa de la enfermedad, y pueden brindarse junto con un tratamiento curativo.<\/p>\n<p>El onc\u00f3logo, el cirujano y los radi\u00f3logos son expertos en el tratamiento del c\u00e1ncer de mama. Pero la enfermedad es s\u00f3lo una parte de lo que enfrentan los pacientes. Cuando los equipos de cuidados paliativos trabajan en colaboraci\u00f3n con especialistas en c\u00e1ncer, las personas que viven con c\u00e1ncer de mama experimentan una reducci\u00f3n de los s\u00edntomas, una mejor comunicaci\u00f3n y atenci\u00f3n psicol\u00f3gica y espiritual; tambi\u00e9n tienen a alguien que les ayuda a planificar el futuro. Una vez que se controlan los s\u00edntomas, los pacientes pueden volver a sus actividades diarias.<\/p>\n<p>Las personas con c\u00e1ncer de mama pueden preocuparse sobre c\u00f3mo hablar con familiares y amigos sobre la enfermedad. Tambi\u00e9n pueden tener preguntas e inquietudes sobre las opciones de tratamiento. Los equipos de cuidados paliativos est\u00e1n altamente capacitados para comunicarse con los pacientes y sus familias y pueden ser muy importantes para ayudar a todos los involucrados a combinar sus objetivos con sus opciones de tratamiento. Tambi\u00e9n lo ayudar\u00e1n a navegar por el sistema de atenci\u00f3n m\u00e9dica y anticipar problemas futuros que puedan surgir.<\/p>\n<p>Los miembros del equipo de cuidados paliativos tambi\u00e9n est\u00e1n disponibles para hablar sobre la depresi\u00f3n, la ansiedad y las preocupaciones sobre la imagen corporal y la sexualidad. (Aunque el c\u00e1ncer de mama es principalmente una enfermedad femenina, los hombres tambi\u00e9n pueden padecerlo y sufrir tambi\u00e9n emocionalmente). Los equipos de cuidados paliativos brindan apoyo no s\u00f3lo a los pacientes sino tambi\u00e9n a sus familias, quienes tambi\u00e9n experimentan angustia ante la enfermedad. . Al sentirse apoyados por especialistas en cuidados paliativos, los familiares est\u00e1n en mejores condiciones de apoyar a sus seres queridos.<\/p>\n<p>Los cuidados paliativos pueden realizarse en el hospital, en un consultorio o cl\u00ednica y, a veces, en casa. Mejorar\u00e1 la calidad de vida de cualquier persona que viva con c\u00e1ncer de mama.<\/p>\n<p>Si usted o un ser querido necesita cuidados paliativos, solicite una derivaci\u00f3n a su m\u00e9dico.<\/p>\n<p>Encontrar cuidados paliativos en su zona es f\u00e1cil. Solo ve a nuestro <a href=\"https:\/\/getpalliativecare.org\/es\/howtoget\/find-a-palliative-care-team\/\">Directorio de proveedores de cuidados paliativos\u00a0<\/a>para obtener una lista estado por estado. Para saber si los cuidados paliativos son adecuados para usted, <a href=\"http:\/\/getpalliativecare.org\/es\/rightforyou\/\">toma nuestra prueba<\/a>.<\/p>\n<h2>Podcast: La historia del c\u00e1ncer de mama de Cathy<\/h2>\n<p><iframe loading=\"lazy\" width=\"100%\" height=\"166\" scrolling=\"no\" frameborder=\"no\" allow=\"autoplay\" src=\"https:\/\/w.soundcloud.com\/player\/?url=https%3A\/\/api.soundcloud.com\/tracks\/414070218&#038;color=%23ff5500&#038;auto_play=false&#038;hide_related=false&#038;show_comments=true&#038;show_user=true&#038;show_reposts=false&#038;show_teaser=true\"><\/iframe><\/p>\n<h2>C\u00f3mo obtener cuidados paliativos<\/h2>","protected":false},"excerpt":{"rendered":"<p>Un diagn\u00f3stico de c\u00e1ncer de mama da miedo. De repente, es posible que tengas que someterte a una cirug\u00eda, quimioterapia o radiaci\u00f3n. Es posible que tambi\u00e9n deba tomar decisiones de atenci\u00f3n m\u00e9dica que lo involucren tanto a usted como a su familia. Y es posible que experimente dolor u otros s\u00edntomas como n\u00e1useas, fatiga y ansiedad. Las cosas pueden resultar abrumadoras. S\u00edntomas del c\u00e1ncer de mama y... <\/p>","protected":false},"author":1,"featured_media":0,"parent":46819,"menu_order":0,"comment_status":"open","ping_status":"closed","template":"template-whatis.php","meta":{"_acf_changed":false,"footnotes":""},"class_list":["post-46858","page","type-page","status-publish","hentry"],"acf":[],"yoast_head":"<!-- This site is optimized with the Yoast SEO plugin v26.6 - https:\/\/yoast.com\/wordpress\/plugins\/seo\/ -->\n<title>Breast Cancer and Palliative Care | Get Palliative Care<\/title>\n<meta name=\"description\" content=\"Palliative care is a specialty in medicine focused on treating the symptoms, pain and stress that accompany Breast Cancer.\" \/>\n<meta name=\"robots\" content=\"index, follow, max-snippet:-1, max-image-preview:large, max-video-preview:-1\" \/>\n<link rel=\"canonical\" href=\"https:\/\/getpalliativecare.org\/es\/whatis\/disease-types\/breast-cancer-palliative-care\/\" \/>\n<meta name=\"twitter:card\" content=\"summary_large_image\" \/>\n<meta name=\"twitter:title\" content=\"Breast Cancer and Palliative Care | Get Palliative Care\" \/>\n<meta name=\"twitter:description\" content=\"Palliative care is a specialty in medicine focused on treating the symptoms, pain and stress that accompany Breast Cancer.\" \/>\n<meta name=\"twitter:site\" content=\"@GetPalliative\" \/>\n<meta name=\"twitter:label1\" content=\"Tiempo de lectura\" \/>\n\t<meta name=\"twitter:data1\" content=\"2 minutos\" \/>\n<script type=\"application\/ld+json\" class=\"yoast-schema-graph\">{\"@context\":\"https:\/\/schema.org\",\"@graph\":[{\"@type\":\"WebPage\",\"@id\":\"https:\/\/getpalliativecare.org\/whatis\/disease-types\/breast-cancer-palliative-care\/\",\"url\":\"https:\/\/getpalliativecare.org\/whatis\/disease-types\/breast-cancer-palliative-care\/\",\"name\":\"Breast Cancer and Palliative Care | Get Palliative Care\",\"isPartOf\":{\"@id\":\"https:\/\/getpalliativecare.org\/#website\"},\"datePublished\":\"2014-05-07T18:28:27+00:00\",\"dateModified\":\"2019-10-02T13:41:10+00:00\",\"description\":\"Palliative care is a specialty in medicine focused on treating the symptoms, pain and stress that accompany Breast Cancer.\",\"breadcrumb\":{\"@id\":\"https:\/\/getpalliativecare.org\/whatis\/disease-types\/breast-cancer-palliative-care\/#breadcrumb\"},\"inLanguage\":\"es\",\"potentialAction\":[{\"@type\":\"ReadAction\",\"target\":[\"https:\/\/getpalliativecare.org\/whatis\/disease-types\/breast-cancer-palliative-care\/\"]}]},{\"@type\":\"BreadcrumbList\",\"@id\":\"https:\/\/getpalliativecare.org\/whatis\/disease-types\/breast-cancer-palliative-care\/#breadcrumb\",\"itemListElement\":[{\"@type\":\"ListItem\",\"position\":1,\"name\":\"What is Palliative Care?\",\"item\":\"https:\/\/getpalliativecare.org\/whatis\/\"},{\"@type\":\"ListItem\",\"position\":2,\"name\":\"Disease Types and Palliative Care\",\"item\":\"https:\/\/getpalliativecare.org\/whatis\/disease-types\/\"},{\"@type\":\"ListItem\",\"position\":3,\"name\":\"Breast Cancer and Palliative Care\"}]},{\"@type\":\"WebSite\",\"@id\":\"https:\/\/getpalliativecare.org\/#website\",\"url\":\"https:\/\/getpalliativecare.org\/\",\"name\":\"Get Palliative Care\",\"description\":\"Palliative care is specialized care focused on the pain, symptoms and stress of serious illness.  Find a hospital or medical center in your area that has a palliative care program.\",\"potentialAction\":[{\"@type\":\"SearchAction\",\"target\":{\"@type\":\"EntryPoint\",\"urlTemplate\":\"https:\/\/getpalliativecare.org\/?s={search_term_string}\"},\"query-input\":{\"@type\":\"PropertyValueSpecification\",\"valueRequired\":true,\"valueName\":\"search_term_string\"}}],\"inLanguage\":\"es\"}]}<\/script>\n<!-- \/ Yoast SEO plugin. -->","yoast_head_json":{"title":"C\u00e1ncer de mama y cuidados paliativos | Reciba cuidados paliativos","description":"Los cuidados paliativos son una especialidad de la medicina centrada en el tratamiento de los s\u00edntomas, el dolor y el estr\u00e9s que acompa\u00f1an al c\u00e1ncer de mama.","robots":{"index":"index","follow":"follow","max-snippet":"max-snippet:-1","max-image-preview":"max-image-preview:large","max-video-preview":"max-video-preview:-1"},"canonical":"https:\/\/getpalliativecare.org\/es\/whatis\/disease-types\/breast-cancer-palliative-care\/","twitter_card":"summary_large_image","twitter_title":"Breast Cancer and Palliative Care | Get Palliative Care","twitter_description":"Palliative care is a specialty in medicine focused on treating the symptoms, pain and stress that accompany Breast Cancer.","twitter_site":"@GetPalliative","twitter_misc":{"Tiempo de lectura":"2 minutos"},"schema":{"@context":"https:\/\/schema.org","@graph":[{"@type":"WebPage","@id":"https:\/\/getpalliativecare.org\/whatis\/disease-types\/breast-cancer-palliative-care\/","url":"https:\/\/getpalliativecare.org\/whatis\/disease-types\/breast-cancer-palliative-care\/","name":"C\u00e1ncer de mama y cuidados paliativos | Reciba cuidados paliativos","isPartOf":{"@id":"https:\/\/getpalliativecare.org\/#website"},"datePublished":"2014-05-07T18:28:27+00:00","dateModified":"2019-10-02T13:41:10+00:00","description":"Los cuidados paliativos son una especialidad de la medicina centrada en el tratamiento de los s\u00edntomas, el dolor y el estr\u00e9s que acompa\u00f1an al c\u00e1ncer de mama.","breadcrumb":{"@id":"https:\/\/getpalliativecare.org\/whatis\/disease-types\/breast-cancer-palliative-care\/#breadcrumb"},"inLanguage":"es","potentialAction":[{"@type":"ReadAction","target":["https:\/\/getpalliativecare.org\/whatis\/disease-types\/breast-cancer-palliative-care\/"]}]},{"@type":"BreadcrumbList","@id":"https:\/\/getpalliativecare.org\/whatis\/disease-types\/breast-cancer-palliative-care\/#breadcrumb","itemListElement":[{"@type":"ListItem","position":1,"name":"What is Palliative Care?","item":"https:\/\/getpalliativecare.org\/whatis\/"},{"@type":"ListItem","position":2,"name":"Disease Types and Palliative Care","item":"https:\/\/getpalliativecare.org\/whatis\/disease-types\/"},{"@type":"ListItem","position":3,"name":"Breast Cancer and Palliative Care"}]},{"@type":"WebSite","@id":"https:\/\/getpalliativecare.org\/#website","url":"https:\/\/getpalliativecare.org\/","name":"Obtenga cuidados paliativos","description":"Los cuidados paliativos son cuidados especializados centrados en el dolor, los s\u00edntomas y el estr\u00e9s de una enfermedad grave. Encuentre un hospital o centro m\u00e9dico en su \u00e1rea que tenga un programa de cuidados paliativos.","potentialAction":[{"@type":"SearchAction","target":{"@type":"EntryPoint","urlTemplate":"https:\/\/getpalliativecare.org\/?s={search_term_string}"},"query-input":{"@type":"PropertyValueSpecification","valueRequired":true,"valueName":"search_term_string"}}],"inLanguage":"es"}]}},"_links":{"self":[{"href":"https:\/\/getpalliativecare.org\/es\/wp-json\/wp\/v2\/pages\/46858","targetHints":{"allow":["GET"]}}],"collection":[{"href":"https:\/\/getpalliativecare.org\/es\/wp-json\/wp\/v2\/pages"}],"about":[{"href":"https:\/\/getpalliativecare.org\/es\/wp-json\/wp\/v2\/types\/page"}],"author":[{"embeddable":true,"href":"https:\/\/getpalliativecare.org\/es\/wp-json\/wp\/v2\/users\/1"}],"replies":[{"embeddable":true,"href":"https:\/\/getpalliativecare.org\/es\/wp-json\/wp\/v2\/comments?post=46858"}],"version-history":[{"count":0,"href":"https:\/\/getpalliativecare.org\/es\/wp-json\/wp\/v2\/pages\/46858\/revisions"}],"up":[{"embeddable":true,"href":"https:\/\/getpalliativecare.org\/es\/wp-json\/wp\/v2\/pages\/46819"}],"wp:attachment":[{"href":"https:\/\/getpalliativecare.org\/es\/wp-json\/wp\/v2\/media?parent=46858"}],"curies":[{"name":"gracias","href":"https:\/\/api.w.org\/{rel}","templated":true}]}}