{"id":46855,"date":"2014-05-07T14:21:43","date_gmt":"2014-05-07T18:21:43","guid":{"rendered":"http:\/\/getpalliativecare.org\/?page_id=46855"},"modified":"2022-06-24T16:26:35","modified_gmt":"2022-06-24T20:26:35","slug":"cancer-palliative-care","status":"publish","type":"page","link":"https:\/\/getpalliativecare.org\/es\/whatis\/disease-types\/cancer-palliative-care\/","title":{"rendered":"C\u00e1ncer y cuidados paliativos"},"content":{"rendered":"<p>El c\u00e1ncer es un grupo de m\u00e1s de 100 enfermedades diferentes que pueden comenzar casi en cualquier parte del cuerpo. Ocurre cuando las c\u00e9lulas normales del cuerpo cambian y crecen sin control. Estas c\u00e9lulas pueden formar una masa llamada tumor. Un tumor puede ser benigno (no canceroso) o maligno (canceroso, lo que significa que puede diseminarse a otras partes del cuerpo, lo cual es c\u00e1ncer metast\u00e1sico).<\/p>\n<p>Sin embargo, algunos c\u00e1nceres no forman tumores s\u00f3lidos. Estos incluyen la leucemia, la mayor\u00eda de los tipos de linfoma y mieloma (c\u00e1ncer de las c\u00e9lulas plasm\u00e1ticas en la m\u00e9dula \u00f3sea, el tejido esponjoso dentro de los huesos).<strong>.\u00a0<\/strong><\/p>\n<h2>S\u00edntomas y tratamiento del c\u00e1ncer: c\u00f3mo pueden ayudar los cuidados paliativos<\/h2>\n<p>Los especialistas en cuidados paliativos tratan los s\u00edntomas y el estr\u00e9s de enfermedades como el c\u00e1ncer. Trabajan en estrecha colaboraci\u00f3n con su onc\u00f3logo (m\u00e9dico especialista en c\u00e1ncer). Cualquier persona, de cualquier edad, con cualquier tipo o etapa de c\u00e1ncer, puede beneficiarse de los cuidados paliativos, y cuanto antes, mejor.<\/p>\n<p>Los cuidados paliativos son proporcionados por un equipo. Entienden que tanto la enfermedad como los tratamientos para ella pueden causar sufrimiento. Los s\u00edntomas del c\u00e1ncer pueden incluir dolor, n\u00e1useas, v\u00f3mitos, fatiga, ansiedad, depresi\u00f3n, estre\u00f1imiento, diarrea, confusi\u00f3n o dificultad para respirar. El equipo de cuidados paliativos no solo se especializa en aliviar los s\u00edntomas y el estr\u00e9s del c\u00e1ncer, sino que tambi\u00e9n puede ayudar con otras situaciones, como sentirse abrumado por informaci\u00f3n m\u00e9dica complicada o confusi\u00f3n y preocupaci\u00f3n al tomar decisiones importantes sobre el tratamiento.<\/p>\n<p>Los especialistas en cuidados paliativos tienen el tiempo y la experiencia para interpretar la compleja informaci\u00f3n m\u00e9dica que recibe de su onc\u00f3logo. Pueden ayudarle a comprender lo que significa todo esto y lo que significa para usted.<\/p>\n<p>La buena noticia es que, dado que los equipos de cuidados paliativos se especializan en tratar toda la gama de s\u00edntomas del c\u00e1ncer, pueden garantizar que usted disfrute de una calidad de vida. Le ayudar\u00e1n a determinar qu\u00e9 informaci\u00f3n necesita para elegir el tratamiento adecuado. Le ayudar\u00e1n a resolver sus preocupaciones inmediatas, como preocuparse por c\u00f3mo podr\u00eda hacerle sentir la quimioterapia o la radiaci\u00f3n, o qu\u00e9 impacto podr\u00eda tener la cirug\u00eda, o si perder\u00e1 el cabello, o qu\u00e9 suceder\u00e1 si finaliza el tratamiento. Y le ayudar\u00e1n con aspectos m\u00e1s generales, como decidir qu\u00e9 es lo que m\u00e1s valora en la vida o sopesar los efectos de un tratamiento determinado frente a los de la enfermedad misma.<\/p>\n<p>Y la mejor noticia es que los estudios muestran que las personas que reciben cuidados paliativos pueden vivir m\u00e1s tiempo.<\/p>\n<h2>C\u00f3mo obtener cuidados paliativos<\/h2>\n<p>Si usted o un ser querido necesita cuidados paliativos, solicite una derivaci\u00f3n a su m\u00e9dico.<\/p>\n<p>Es f\u00e1cil encontrar un hospital con un equipo de cuidados paliativos en su \u00e1rea. Solo ve a nuestro <a href=\"https:\/\/getpalliativecare.org\/es\/howtoget\/find-a-palliative-care-team\/\">Directorio de proveedores de cuidados paliativos<\/a>. Para saber si los cuidados paliativos son adecuados para usted, <a href=\"http:\/\/getpalliativecare.org\/es\/rightforyou\/\">toma nuestra prueba<\/a>.<\/p>\n<p><em>Para encontrar apoyo emocional y pr\u00e1ctico adicional para su c\u00e1ncer, visite <a href=\"https:\/\/www.cancercare.org\/\" target=\"_blank\" rel=\"noopener\">cuidado del c\u00e1ncer<\/a>.<\/em><\/p>","protected":false},"excerpt":{"rendered":"<p>El c\u00e1ncer es un grupo de m\u00e1s de 100 enfermedades diferentes que pueden comenzar casi en cualquier parte del cuerpo. Ocurre cuando las c\u00e9lulas normales del cuerpo cambian y crecen sin control. Estas c\u00e9lulas pueden formar una masa llamada tumor. Un tumor puede ser benigno (no canceroso) o maligno (canceroso, lo que significa que puede extenderse a otras partes... <\/p>","protected":false},"author":1,"featured_media":0,"parent":46819,"menu_order":0,"comment_status":"open","ping_status":"closed","template":"template-whatis.php","meta":{"_acf_changed":false,"footnotes":""},"class_list":["post-46855","page","type-page","status-publish","hentry"],"acf":[],"yoast_head":"<!-- This site is optimized with the Yoast SEO plugin v26.6 - https:\/\/yoast.com\/wordpress\/plugins\/seo\/ -->\n<title>Breast Cancer and Palliative Care | Get Palliative Care<\/title>\n<meta name=\"description\" content=\"Palliative care specialists work in close partnership with your oncologist. Any person at any stage of cancer can benefit from palliative care.\" \/>\n<meta name=\"robots\" content=\"index, follow, max-snippet:-1, max-image-preview:large, max-video-preview:-1\" \/>\n<link rel=\"canonical\" href=\"https:\/\/getpalliativecare.org\/es\/whatis\/disease-types\/cancer-palliative-care\/\" \/>\n<meta name=\"twitter:card\" content=\"summary_large_image\" \/>\n<meta name=\"twitter:title\" content=\"Breast Cancer and Palliative Care | Get Palliative Care\" \/>\n<meta name=\"twitter:description\" content=\"Palliative care specialists work in close partnership with your oncologist. Any person at any stage of cancer can benefit from palliative care.\" \/>\n<meta name=\"twitter:site\" content=\"@GetPalliative\" \/>\n<meta name=\"twitter:label1\" content=\"Tiempo de lectura\" \/>\n\t<meta name=\"twitter:data1\" content=\"2 minutos\" \/>\n<script type=\"application\/ld+json\" class=\"yoast-schema-graph\">{\"@context\":\"https:\/\/schema.org\",\"@graph\":[{\"@type\":\"WebPage\",\"@id\":\"https:\/\/getpalliativecare.org\/whatis\/disease-types\/cancer-palliative-care\/\",\"url\":\"https:\/\/getpalliativecare.org\/whatis\/disease-types\/cancer-palliative-care\/\",\"name\":\"Breast Cancer and Palliative Care | Get Palliative Care\",\"isPartOf\":{\"@id\":\"https:\/\/getpalliativecare.org\/#website\"},\"datePublished\":\"2014-05-07T18:21:43+00:00\",\"dateModified\":\"2022-06-24T20:26:35+00:00\",\"description\":\"Palliative care specialists work in close partnership with your oncologist. Any person at any stage of cancer can benefit from palliative care.\",\"breadcrumb\":{\"@id\":\"https:\/\/getpalliativecare.org\/whatis\/disease-types\/cancer-palliative-care\/#breadcrumb\"},\"inLanguage\":\"es\",\"potentialAction\":[{\"@type\":\"ReadAction\",\"target\":[\"https:\/\/getpalliativecare.org\/whatis\/disease-types\/cancer-palliative-care\/\"]}]},{\"@type\":\"BreadcrumbList\",\"@id\":\"https:\/\/getpalliativecare.org\/whatis\/disease-types\/cancer-palliative-care\/#breadcrumb\",\"itemListElement\":[{\"@type\":\"ListItem\",\"position\":1,\"name\":\"What is Palliative Care?\",\"item\":\"https:\/\/getpalliativecare.org\/whatis\/\"},{\"@type\":\"ListItem\",\"position\":2,\"name\":\"Disease Types and Palliative Care\",\"item\":\"https:\/\/getpalliativecare.org\/whatis\/disease-types\/\"},{\"@type\":\"ListItem\",\"position\":3,\"name\":\"Cancer and Palliative Care\"}]},{\"@type\":\"WebSite\",\"@id\":\"https:\/\/getpalliativecare.org\/#website\",\"url\":\"https:\/\/getpalliativecare.org\/\",\"name\":\"Get Palliative Care\",\"description\":\"Palliative care is specialized care focused on the pain, symptoms and stress of serious illness.  Find a hospital or medical center in your area that has a palliative care program.\",\"potentialAction\":[{\"@type\":\"SearchAction\",\"target\":{\"@type\":\"EntryPoint\",\"urlTemplate\":\"https:\/\/getpalliativecare.org\/?s={search_term_string}\"},\"query-input\":{\"@type\":\"PropertyValueSpecification\",\"valueRequired\":true,\"valueName\":\"search_term_string\"}}],\"inLanguage\":\"es\"}]}<\/script>\n<!-- \/ Yoast SEO plugin. -->","yoast_head_json":{"title":"C\u00e1ncer de mama y cuidados paliativos | Reciba cuidados paliativos","description":"Los especialistas en cuidados paliativos trabajan en estrecha colaboraci\u00f3n con su onc\u00f3logo. Cualquier persona, en cualquier etapa del c\u00e1ncer, puede beneficiarse de los cuidados paliativos.","robots":{"index":"index","follow":"follow","max-snippet":"max-snippet:-1","max-image-preview":"max-image-preview:large","max-video-preview":"max-video-preview:-1"},"canonical":"https:\/\/getpalliativecare.org\/es\/whatis\/disease-types\/cancer-palliative-care\/","twitter_card":"summary_large_image","twitter_title":"Breast Cancer and Palliative Care | Get Palliative Care","twitter_description":"Palliative care specialists work in close partnership with your oncologist. Any person at any stage of cancer can benefit from palliative care.","twitter_site":"@GetPalliative","twitter_misc":{"Tiempo de lectura":"2 minutos"},"schema":{"@context":"https:\/\/schema.org","@graph":[{"@type":"WebPage","@id":"https:\/\/getpalliativecare.org\/whatis\/disease-types\/cancer-palliative-care\/","url":"https:\/\/getpalliativecare.org\/whatis\/disease-types\/cancer-palliative-care\/","name":"C\u00e1ncer de mama y cuidados paliativos | Reciba cuidados paliativos","isPartOf":{"@id":"https:\/\/getpalliativecare.org\/#website"},"datePublished":"2014-05-07T18:21:43+00:00","dateModified":"2022-06-24T20:26:35+00:00","description":"Los especialistas en cuidados paliativos trabajan en estrecha colaboraci\u00f3n con su onc\u00f3logo. Cualquier persona, en cualquier etapa del c\u00e1ncer, puede beneficiarse de los cuidados paliativos.","breadcrumb":{"@id":"https:\/\/getpalliativecare.org\/whatis\/disease-types\/cancer-palliative-care\/#breadcrumb"},"inLanguage":"es","potentialAction":[{"@type":"ReadAction","target":["https:\/\/getpalliativecare.org\/whatis\/disease-types\/cancer-palliative-care\/"]}]},{"@type":"BreadcrumbList","@id":"https:\/\/getpalliativecare.org\/whatis\/disease-types\/cancer-palliative-care\/#breadcrumb","itemListElement":[{"@type":"ListItem","position":1,"name":"What is Palliative Care?","item":"https:\/\/getpalliativecare.org\/whatis\/"},{"@type":"ListItem","position":2,"name":"Disease Types and Palliative Care","item":"https:\/\/getpalliativecare.org\/whatis\/disease-types\/"},{"@type":"ListItem","position":3,"name":"Cancer and Palliative Care"}]},{"@type":"WebSite","@id":"https:\/\/getpalliativecare.org\/#website","url":"https:\/\/getpalliativecare.org\/","name":"Obtenga cuidados paliativos","description":"Los cuidados paliativos son cuidados especializados centrados en el dolor, los s\u00edntomas y el estr\u00e9s de una enfermedad grave. Encuentre un hospital o centro m\u00e9dico en su \u00e1rea que tenga un programa de cuidados paliativos.","potentialAction":[{"@type":"SearchAction","target":{"@type":"EntryPoint","urlTemplate":"https:\/\/getpalliativecare.org\/?s={search_term_string}"},"query-input":{"@type":"PropertyValueSpecification","valueRequired":true,"valueName":"search_term_string"}}],"inLanguage":"es"}]}},"_links":{"self":[{"href":"https:\/\/getpalliativecare.org\/es\/wp-json\/wp\/v2\/pages\/46855","targetHints":{"allow":["GET"]}}],"collection":[{"href":"https:\/\/getpalliativecare.org\/es\/wp-json\/wp\/v2\/pages"}],"about":[{"href":"https:\/\/getpalliativecare.org\/es\/wp-json\/wp\/v2\/types\/page"}],"author":[{"embeddable":true,"href":"https:\/\/getpalliativecare.org\/es\/wp-json\/wp\/v2\/users\/1"}],"replies":[{"embeddable":true,"href":"https:\/\/getpalliativecare.org\/es\/wp-json\/wp\/v2\/comments?post=46855"}],"version-history":[{"count":0,"href":"https:\/\/getpalliativecare.org\/es\/wp-json\/wp\/v2\/pages\/46855\/revisions"}],"up":[{"embeddable":true,"href":"https:\/\/getpalliativecare.org\/es\/wp-json\/wp\/v2\/pages\/46819"}],"wp:attachment":[{"href":"https:\/\/getpalliativecare.org\/es\/wp-json\/wp\/v2\/media?parent=46855"}],"curies":[{"name":"gracias","href":"https:\/\/api.w.org\/{rel}","templated":true}]}}