{"id":46849,"date":"2014-05-07T14:19:02","date_gmt":"2014-05-07T18:19:02","guid":{"rendered":"http:\/\/getpalliativecare.org\/?page_id=46849"},"modified":"2022-05-02T17:24:54","modified_gmt":"2022-05-02T21:24:54","slug":"chronic-obstructive-pulmonary-disease-copd-palliative-care","status":"publish","type":"page","link":"https:\/\/getpalliativecare.org\/es\/whatis\/disease-types\/chronic-obstructive-pulmonary-disease-copd-palliative-care\/","title":{"rendered":"Enfermedad pulmonar obstructiva cr\u00f3nica (EPOC) y cuidados paliativos"},"content":{"rendered":"<p>La enfermedad pulmonar obstructiva cr\u00f3nica (EPOC) es una afecci\u00f3n en la que las v\u00edas respiratorias de los pulmones se da\u00f1an. Esto dificulta que el aire entre y salga. Los s\u00edntomas pueden incluir dificultad para respirar, falta de ox\u00edgeno en la sangre, tos, dolor, p\u00e9rdida de peso y riesgo de infecciones pulmonares. Las personas tambi\u00e9n pueden sufrir efectos emocionales como depresi\u00f3n, ansiedad, insomnio y aislamiento social.<\/p>\n<p>Un neum\u00f3logo (m\u00e9dico pulmonar) le ayudar\u00e1 con el tratamiento m\u00e9dico de su EPOC. Pero los s\u00edntomas de la enfermedad tambi\u00e9n necesitan un tratamiento cuidadoso. Controlar los s\u00edntomas y el estr\u00e9s de la EPOC puede resultar muy dif\u00edcil. Es por eso que los cuidados paliativos pueden ser una parte importante de su tratamiento.<\/p>\n<h2>S\u00edntomas y tratamiento de la EPOC: c\u00f3mo pueden ayudar los cuidados paliativos<\/h2>\n<p>Los cuidados paliativos son atenci\u00f3n m\u00e9dica especializada centrada en el tratamiento de los s\u00edntomas y el estr\u00e9s de enfermedades graves como la EPOC. Los cuidados paliativos est\u00e1n disponibles para usted desde el momento en que recibe el diagn\u00f3stico y durante todo el curso de su enfermedad. El objetivo de los cuidados paliativos es ayudarle a usted y a su familia a lograr la mejor calidad de vida posible.<\/p>\n<p>Los cuidados paliativos los brinda un equipo de m\u00e9dicos, enfermeras y trabajadores sociales que se especializan en cuidados paliativos. El equipo les brinda a usted y a su familia una capa adicional de apoyo.<\/p>\n<p>El equipo de cuidados paliativos trabaja en colaboraci\u00f3n con su neum\u00f3logo y otros especialistas involucrados en su atenci\u00f3n. Se asegurar\u00e1n de que usted y todos los dem\u00e1s est\u00e9n &quot;en la misma p\u00e1gina&quot;. Navegar por el sistema de atenci\u00f3n m\u00e9dica suele ser un desaf\u00edo, pero los equipos de cuidados paliativos son expertos en esto.<\/p>\n<p>Los equipos de cuidados paliativos tambi\u00e9n ayudan a controlar la dificultad para respirar mediante el uso de medicamentos que reducen la sensaci\u00f3n de dificultad para respirar. Pueden tratar la ansiedad y la depresi\u00f3n con medicamentos, as\u00ed como con psicoterapia, masajes y t\u00e9cnicas de relajaci\u00f3n. Tener una enfermedad cr\u00f3nica como la EPOC requiere cambios en el estilo de vida. Los especialistas en cuidados paliativos pueden ayudarlo a educarse sobre c\u00f3mo mantenerse lo m\u00e1s saludable posible durante el curso de la enfermedad.<\/p>\n<p>Los equipos de cuidados paliativos est\u00e1n ah\u00ed para iniciar y facilitar las conversaciones entre usted y su familia sobre sus objetivos y qu\u00e9 tipo de atenci\u00f3n es mejor para usted.<\/p>\n<h2>C\u00f3mo obtener cuidados paliativos<\/h2>\n<p>Si usted o un ser querido necesita cuidados paliativos, solicite una derivaci\u00f3n a su m\u00e9dico.<\/p>\n<p>Es f\u00e1cil encontrar un hospital con un equipo de cuidados paliativos en su \u00e1rea. S\u00f3lo ve al <a href=\"https:\/\/getpalliativecare.org\/es\/howtoget\/find-a-palliative-care-team\/\">Directorio de proveedores de cuidados paliativos <\/a> para obtener una lista estado por estado. Para saber si los cuidados paliativos son adecuados para usted, <a href=\"http:\/\/getpalliativecare.org\/es\/rightforyou\/\">toma nuestra prueba<\/a>.<\/p>\n<p><em>Para obtener m\u00e1s informaci\u00f3n sobre c\u00f3mo vivir con EPOC y acceder a informaci\u00f3n para pacientes con EPOC y sus cuidadores, visite el <a href=\"http:\/\/www.lung.org\/\" target=\"_blank\" rel=\"noopener\">Asociaci\u00f3n Estadounidense del Pulm\u00f3n.<\/a><\/em><\/p>","protected":false},"excerpt":{"rendered":"<p>La enfermedad pulmonar obstructiva cr\u00f3nica (EPOC) es una afecci\u00f3n en la que las v\u00edas respiratorias de los pulmones se da\u00f1an. Esto dificulta que el aire entre y salga. Los s\u00edntomas pueden incluir dificultad para respirar, falta de ox\u00edgeno en la sangre, tos, dolor, p\u00e9rdida de peso y riesgo de infecciones pulmonares. Las personas tambi\u00e9n pueden sufrir efectos emocionales como... <\/p>","protected":false},"author":1,"featured_media":0,"parent":46819,"menu_order":0,"comment_status":"open","ping_status":"closed","template":"template-whatis.php","meta":{"_acf_changed":false,"footnotes":""},"class_list":["post-46849","page","type-page","status-publish","hentry"],"acf":[],"yoast_head":"<!-- This site is optimized with the Yoast SEO plugin v26.6 - https:\/\/yoast.com\/wordpress\/plugins\/seo\/ -->\n<title>Palliative Care and COPD (Chronic Obstructive Pulmonary Disease)<\/title>\n<meta name=\"description\" content=\"Palliative care is a specialty in medicine focused on treating the symptoms, pain and stress that accompany Chronic Obstructive Pulmonary Disease (COPD).\" \/>\n<meta name=\"robots\" content=\"index, follow, max-snippet:-1, max-image-preview:large, max-video-preview:-1\" \/>\n<link rel=\"canonical\" href=\"https:\/\/getpalliativecare.org\/es\/whatis\/disease-types\/chronic-obstructive-pulmonary-disease-copd-palliative-care\/\" \/>\n<meta name=\"twitter:card\" content=\"summary_large_image\" \/>\n<meta name=\"twitter:title\" content=\"Palliative Care and COPD (Chronic Obstructive Pulmonary Disease)\" \/>\n<meta name=\"twitter:description\" content=\"Palliative care is a specialty in medicine focused on treating the symptoms, pain and stress that accompany Chronic Obstructive Pulmonary Disease (COPD).\" \/>\n<meta name=\"twitter:site\" content=\"@GetPalliative\" \/>\n<meta name=\"twitter:label1\" content=\"Tiempo de lectura\" \/>\n\t<meta name=\"twitter:data1\" content=\"2 minutos\" \/>\n<script type=\"application\/ld+json\" class=\"yoast-schema-graph\">{\"@context\":\"https:\/\/schema.org\",\"@graph\":[{\"@type\":\"WebPage\",\"@id\":\"https:\/\/getpalliativecare.org\/whatis\/disease-types\/chronic-obstructive-pulmonary-disease-copd-palliative-care\/\",\"url\":\"https:\/\/getpalliativecare.org\/whatis\/disease-types\/chronic-obstructive-pulmonary-disease-copd-palliative-care\/\",\"name\":\"Palliative Care and COPD (Chronic Obstructive Pulmonary Disease)\",\"isPartOf\":{\"@id\":\"https:\/\/getpalliativecare.org\/#website\"},\"datePublished\":\"2014-05-07T18:19:02+00:00\",\"dateModified\":\"2022-05-02T21:24:54+00:00\",\"description\":\"Palliative care is a specialty in medicine focused on treating the symptoms, pain and stress that accompany Chronic Obstructive Pulmonary Disease (COPD).\",\"breadcrumb\":{\"@id\":\"https:\/\/getpalliativecare.org\/whatis\/disease-types\/chronic-obstructive-pulmonary-disease-copd-palliative-care\/#breadcrumb\"},\"inLanguage\":\"es\",\"potentialAction\":[{\"@type\":\"ReadAction\",\"target\":[\"https:\/\/getpalliativecare.org\/whatis\/disease-types\/chronic-obstructive-pulmonary-disease-copd-palliative-care\/\"]}]},{\"@type\":\"BreadcrumbList\",\"@id\":\"https:\/\/getpalliativecare.org\/whatis\/disease-types\/chronic-obstructive-pulmonary-disease-copd-palliative-care\/#breadcrumb\",\"itemListElement\":[{\"@type\":\"ListItem\",\"position\":1,\"name\":\"What is Palliative Care?\",\"item\":\"https:\/\/getpalliativecare.org\/whatis\/\"},{\"@type\":\"ListItem\",\"position\":2,\"name\":\"Disease Types and Palliative Care\",\"item\":\"https:\/\/getpalliativecare.org\/whatis\/disease-types\/\"},{\"@type\":\"ListItem\",\"position\":3,\"name\":\"Chronic Obstructive Pulmonary Disease (COPD) and Palliative Care\"}]},{\"@type\":\"WebSite\",\"@id\":\"https:\/\/getpalliativecare.org\/#website\",\"url\":\"https:\/\/getpalliativecare.org\/\",\"name\":\"Get Palliative Care\",\"description\":\"Palliative care is specialized care focused on the pain, symptoms and stress of serious illness.  Find a hospital or medical center in your area that has a palliative care program.\",\"potentialAction\":[{\"@type\":\"SearchAction\",\"target\":{\"@type\":\"EntryPoint\",\"urlTemplate\":\"https:\/\/getpalliativecare.org\/?s={search_term_string}\"},\"query-input\":{\"@type\":\"PropertyValueSpecification\",\"valueRequired\":true,\"valueName\":\"search_term_string\"}}],\"inLanguage\":\"es\"}]}<\/script>\n<!-- \/ Yoast SEO plugin. -->","yoast_head_json":{"title":"Cuidados paliativos y EPOC (Enfermedad Pulmonar Obstructiva Cr\u00f3nica)","description":"Los cuidados paliativos son una especialidad de la medicina centrada en el tratamiento de los s\u00edntomas, el dolor y el estr\u00e9s que acompa\u00f1an a la Enfermedad Pulmonar Obstructiva Cr\u00f3nica (EPOC).","robots":{"index":"index","follow":"follow","max-snippet":"max-snippet:-1","max-image-preview":"max-image-preview:large","max-video-preview":"max-video-preview:-1"},"canonical":"https:\/\/getpalliativecare.org\/es\/whatis\/disease-types\/chronic-obstructive-pulmonary-disease-copd-palliative-care\/","twitter_card":"summary_large_image","twitter_title":"Palliative Care and COPD (Chronic Obstructive Pulmonary Disease)","twitter_description":"Palliative care is a specialty in medicine focused on treating the symptoms, pain and stress that accompany Chronic Obstructive Pulmonary Disease (COPD).","twitter_site":"@GetPalliative","twitter_misc":{"Tiempo de lectura":"2 minutos"},"schema":{"@context":"https:\/\/schema.org","@graph":[{"@type":"WebPage","@id":"https:\/\/getpalliativecare.org\/whatis\/disease-types\/chronic-obstructive-pulmonary-disease-copd-palliative-care\/","url":"https:\/\/getpalliativecare.org\/whatis\/disease-types\/chronic-obstructive-pulmonary-disease-copd-palliative-care\/","name":"Cuidados paliativos y EPOC (Enfermedad Pulmonar Obstructiva Cr\u00f3nica)","isPartOf":{"@id":"https:\/\/getpalliativecare.org\/#website"},"datePublished":"2014-05-07T18:19:02+00:00","dateModified":"2022-05-02T21:24:54+00:00","description":"Los cuidados paliativos son una especialidad de la medicina centrada en el tratamiento de los s\u00edntomas, el dolor y el estr\u00e9s que acompa\u00f1an a la Enfermedad Pulmonar Obstructiva Cr\u00f3nica (EPOC).","breadcrumb":{"@id":"https:\/\/getpalliativecare.org\/whatis\/disease-types\/chronic-obstructive-pulmonary-disease-copd-palliative-care\/#breadcrumb"},"inLanguage":"es","potentialAction":[{"@type":"ReadAction","target":["https:\/\/getpalliativecare.org\/whatis\/disease-types\/chronic-obstructive-pulmonary-disease-copd-palliative-care\/"]}]},{"@type":"BreadcrumbList","@id":"https:\/\/getpalliativecare.org\/whatis\/disease-types\/chronic-obstructive-pulmonary-disease-copd-palliative-care\/#breadcrumb","itemListElement":[{"@type":"ListItem","position":1,"name":"What is Palliative Care?","item":"https:\/\/getpalliativecare.org\/whatis\/"},{"@type":"ListItem","position":2,"name":"Disease Types and Palliative Care","item":"https:\/\/getpalliativecare.org\/whatis\/disease-types\/"},{"@type":"ListItem","position":3,"name":"Chronic Obstructive Pulmonary Disease (COPD) and Palliative Care"}]},{"@type":"WebSite","@id":"https:\/\/getpalliativecare.org\/#website","url":"https:\/\/getpalliativecare.org\/","name":"Obtenga cuidados paliativos","description":"Los cuidados paliativos son cuidados especializados centrados en el dolor, los s\u00edntomas y el estr\u00e9s de una enfermedad grave. Encuentre un hospital o centro m\u00e9dico en su \u00e1rea que tenga un programa de cuidados paliativos.","potentialAction":[{"@type":"SearchAction","target":{"@type":"EntryPoint","urlTemplate":"https:\/\/getpalliativecare.org\/?s={search_term_string}"},"query-input":{"@type":"PropertyValueSpecification","valueRequired":true,"valueName":"search_term_string"}}],"inLanguage":"es"}]}},"_links":{"self":[{"href":"https:\/\/getpalliativecare.org\/es\/wp-json\/wp\/v2\/pages\/46849","targetHints":{"allow":["GET"]}}],"collection":[{"href":"https:\/\/getpalliativecare.org\/es\/wp-json\/wp\/v2\/pages"}],"about":[{"href":"https:\/\/getpalliativecare.org\/es\/wp-json\/wp\/v2\/types\/page"}],"author":[{"embeddable":true,"href":"https:\/\/getpalliativecare.org\/es\/wp-json\/wp\/v2\/users\/1"}],"replies":[{"embeddable":true,"href":"https:\/\/getpalliativecare.org\/es\/wp-json\/wp\/v2\/comments?post=46849"}],"version-history":[{"count":0,"href":"https:\/\/getpalliativecare.org\/es\/wp-json\/wp\/v2\/pages\/46849\/revisions"}],"up":[{"embeddable":true,"href":"https:\/\/getpalliativecare.org\/es\/wp-json\/wp\/v2\/pages\/46819"}],"wp:attachment":[{"href":"https:\/\/getpalliativecare.org\/es\/wp-json\/wp\/v2\/media?parent=46849"}],"curies":[{"name":"gracias","href":"https:\/\/api.w.org\/{rel}","templated":true}]}}