{"id":46846,"date":"2014-05-07T14:17:20","date_gmt":"2014-05-07T18:17:20","guid":{"rendered":"http:\/\/getpalliativecare.org\/?page_id=46846"},"modified":"2019-10-02T09:26:19","modified_gmt":"2019-10-02T13:26:19","slug":"dementia-palliative-care","status":"publish","type":"page","link":"https:\/\/getpalliativecare.org\/es\/whatis\/disease-types\/dementia-palliative-care\/","title":{"rendered":"Demencia y cuidados paliativos"},"content":{"rendered":"<p>La demencia es un deterioro del cerebro. Aunque la enfermedad avanza lentamente, finalmente provoca que el cerebro deje de funcionar. Las familias que cuidan a un ser querido con demencia necesitan mucho apoyo y asistencia. Por eso es importante recibir cuidados paliativos temprano.<\/p>\n<h2>\u00bfQu\u00e9 son los cuidados paliativos para la demencia?<\/h2>\n<p>Los cuidados paliativos (pronunciados \u201cpal-lee-uh-tiv\u201d) son atenci\u00f3n m\u00e9dica especializada para personas que enfrentan enfermedades graves como la demencia. El objetivo es mejorar la calidad de vida tanto para usted como para su familia.<\/p>\n<p>Los cuidados paliativos los brinda un equipo especialmente capacitado de m\u00e9dicos, enfermeras y trabajadores sociales que trabajan junto con sus otros m\u00e9dicos para brindarle un nivel adicional de apoyo. Puede recibir cuidados paliativos a cualquier edad y en cualquier etapa de la enfermedad. Tambi\u00e9n puedes tomarlo junto con todos los dem\u00e1s tratamientos.<\/p>\n<p>Los cuidados paliativos consisten tanto en ayudar a la familia como en tratar a la persona con demencia. El equipo es un recurso muy valioso para los cuidadores. Los cuidadores familiares a menudo se enfrentan a un estr\u00e9s terrible las 24 horas del d\u00eda, los 7 d\u00edas de la semana, porque una persona con demencia tambi\u00e9n puede experimentar gradualmente la p\u00e9rdida de la coordinaci\u00f3n ojo-mano, las habilidades motoras y la capacidad de vestirse y ba\u00f1arse.<\/p>\n<h2>S\u00edntomas y tratamiento de la demencia: c\u00f3mo pueden ayudar los cuidados paliativos<\/h2>\n<p>Las personas con demencia comienzan a no reconocer el hambre y la sed, y pierden la capacidad de alimentarse y comer. Las familias y los cuidadores a menudo deben enfrentar decisiones desgarradoras cuando una persona ya no puede comer. Es posible que tengan que decidir si utilizar\u00e1n alimentaci\u00f3n artificial. Desafortunadamente, las investigaciones m\u00e9dicas muestran que este m\u00e9todo de alimentaci\u00f3n en realidad no sirve para prolongar la vida. La alimentaci\u00f3n a trav\u00e9s de una sonda hasta el est\u00f3mago o a trav\u00e9s de una vena podr\u00eda incluso causar m\u00e1s infecciones pulmonares y neumon\u00eda.<\/p>\n<p>A veces, la demencia es dif\u00edcil de detectar porque progresa lentamente. Este es otro desaf\u00edo para los cuidadores. Es a\u00fan m\u00e1s dif\u00edcil porque los miembros de la familia pueden acostumbrarse a la \u201cnueva normalidad\u201d que empeora lentamente. Los cuidadores empiezan a hacer m\u00e1s y m\u00e1s cosas sin siquiera darse cuenta y se agotan.<\/p>\n<p>Las estad\u00edsticas muestran que las personas que cuidan a sus seres queridos con demencia tienen un riesgo mucho mayor de enfermarse. Es posible que mueran antes en comparaci\u00f3n con quienes no son cuidadores. Una vez m\u00e1s, aqu\u00ed es donde los cuidados paliativos son tan importantes. El equipo puede ayudar con una comunicaci\u00f3n profunda y apoyo a los cuidadores familiares.<\/p>\n<p>El equipo de cuidados paliativos se asegurar\u00e1 de que un paciente reciba atenci\u00f3n en un centro de enfermer\u00eda especializada si la atenci\u00f3n domiciliaria ya no es posible. Los especialistas en cuidados paliativos tambi\u00e9n ayudar\u00e1n a los pacientes y sus familias a lidiar con el complejo sistema de atenci\u00f3n m\u00e9dica. El objetivo es siempre la calidad de vida.<\/p>\n<h2>C\u00f3mo obtener cuidados paliativos<\/h2>\n<p>P\u00eddale una derivaci\u00f3n a su m\u00e9dico si usted o un ser querido necesita cuidados paliativos.<\/p>\n<p>Encontrar cuidados paliativos en su zona es f\u00e1cil. S\u00f3lo ve al <a href=\"https:\/\/getpalliativecare.org\/es\/howtoget\/find-a-palliative-care-team\/\">Directorio de proveedores de cuidados paliativos\u00a0<\/a>para obtener una lista estado por estado. Para saber si los cuidados paliativos son adecuados para usted, <a href=\"http:\/\/getpalliativecare.org\/es\/rightforyou\/\">toma nuestra prueba<\/a>.<\/p>\n<h2>Podcast: \u00bfC\u00f3mo es una buena atenci\u00f3n para la demencia?<\/h2>\n<p><iframe loading=\"lazy\" src=\"https:\/\/w.soundcloud.com\/player\/?url=https%3A\/\/api.soundcloud.com\/tracks\/523895895&amp;color=%23ff5500&amp;auto_play=false&amp;hide_related=false&amp;show_comments=true&amp;show_user=true&amp;show_reposts=false&amp;show_teaser=true&amp;visual=true\" width=\"100%\" height=\"300\" frameborder=\"no\" scrolling=\"no\"><\/iframe><\/p>","protected":false},"excerpt":{"rendered":"<p>La demencia es un deterioro del cerebro. Aunque la enfermedad avanza lentamente, finalmente provoca que el cerebro deje de funcionar. Las familias que cuidan a un ser querido con demencia necesitan mucho apoyo y asistencia. Por eso es importante recibir cuidados paliativos temprano. \u00bfQu\u00e9 son los cuidados paliativos para la demencia? Los cuidados paliativos (pronunciados \u201cpal-lee-uh-tiv\u201d) son... <\/p>","protected":false},"author":1,"featured_media":0,"parent":46819,"menu_order":0,"comment_status":"open","ping_status":"closed","template":"template-whatis.php","meta":{"_acf_changed":false,"footnotes":""},"class_list":["post-46846","page","type-page","status-publish","hentry"],"acf":[],"yoast_head":"<!-- This site is optimized with the Yoast SEO plugin v26.6 - https:\/\/yoast.com\/wordpress\/plugins\/seo\/ -->\n<title>Palliative Care and Dementia | Deterioration of Brain | Get Palliative Care<\/title>\n<meta name=\"description\" content=\"Dementia is a deterioration of the brain. Palliative care teams are a valuable resource for family caregivers, who care for a family member with Dementia.\" \/>\n<meta name=\"robots\" content=\"index, follow, max-snippet:-1, max-image-preview:large, max-video-preview:-1\" \/>\n<link rel=\"canonical\" href=\"https:\/\/getpalliativecare.org\/es\/whatis\/disease-types\/dementia-palliative-care\/\" \/>\n<meta name=\"twitter:card\" content=\"summary_large_image\" \/>\n<meta name=\"twitter:title\" content=\"Palliative Care and Dementia | Deterioration of Brain | Get Palliative Care\" \/>\n<meta name=\"twitter:description\" content=\"Dementia is a deterioration of the brain. Palliative care teams are a valuable resource for family caregivers, who care for a family member with Dementia.\" \/>\n<meta name=\"twitter:site\" content=\"@GetPalliative\" \/>\n<meta name=\"twitter:label1\" content=\"Tiempo de lectura\" \/>\n\t<meta name=\"twitter:data1\" content=\"2 minutos\" \/>\n<script type=\"application\/ld+json\" class=\"yoast-schema-graph\">{\"@context\":\"https:\/\/schema.org\",\"@graph\":[{\"@type\":\"WebPage\",\"@id\":\"https:\/\/getpalliativecare.org\/whatis\/disease-types\/dementia-palliative-care\/\",\"url\":\"https:\/\/getpalliativecare.org\/whatis\/disease-types\/dementia-palliative-care\/\",\"name\":\"Palliative Care and Dementia | Deterioration of Brain | Get Palliative Care\",\"isPartOf\":{\"@id\":\"https:\/\/getpalliativecare.org\/#website\"},\"datePublished\":\"2014-05-07T18:17:20+00:00\",\"dateModified\":\"2019-10-02T13:26:19+00:00\",\"description\":\"Dementia is a deterioration of the brain. Palliative care teams are a valuable resource for family caregivers, who care for a family member with Dementia.\",\"breadcrumb\":{\"@id\":\"https:\/\/getpalliativecare.org\/whatis\/disease-types\/dementia-palliative-care\/#breadcrumb\"},\"inLanguage\":\"es\",\"potentialAction\":[{\"@type\":\"ReadAction\",\"target\":[\"https:\/\/getpalliativecare.org\/whatis\/disease-types\/dementia-palliative-care\/\"]}]},{\"@type\":\"BreadcrumbList\",\"@id\":\"https:\/\/getpalliativecare.org\/whatis\/disease-types\/dementia-palliative-care\/#breadcrumb\",\"itemListElement\":[{\"@type\":\"ListItem\",\"position\":1,\"name\":\"What is Palliative Care?\",\"item\":\"https:\/\/getpalliativecare.org\/whatis\/\"},{\"@type\":\"ListItem\",\"position\":2,\"name\":\"Disease Types and Palliative Care\",\"item\":\"https:\/\/getpalliativecare.org\/whatis\/disease-types\/\"},{\"@type\":\"ListItem\",\"position\":3,\"name\":\"Dementia and Palliative Care\"}]},{\"@type\":\"WebSite\",\"@id\":\"https:\/\/getpalliativecare.org\/#website\",\"url\":\"https:\/\/getpalliativecare.org\/\",\"name\":\"Get Palliative Care\",\"description\":\"Palliative care is specialized care focused on the pain, symptoms and stress of serious illness.  Find a hospital or medical center in your area that has a palliative care program.\",\"potentialAction\":[{\"@type\":\"SearchAction\",\"target\":{\"@type\":\"EntryPoint\",\"urlTemplate\":\"https:\/\/getpalliativecare.org\/?s={search_term_string}\"},\"query-input\":{\"@type\":\"PropertyValueSpecification\",\"valueRequired\":true,\"valueName\":\"search_term_string\"}}],\"inLanguage\":\"es\"}]}<\/script>\n<!-- \/ Yoast SEO plugin. -->","yoast_head_json":{"title":"Cuidados paliativos y demencia | Deterioro cerebral | Reciba cuidados paliativos","description":"La demencia es un deterioro del cerebro. Los equipos de cuidados paliativos son un recurso valioso para los cuidadores familiares que atienden a un familiar con demencia.","robots":{"index":"index","follow":"follow","max-snippet":"max-snippet:-1","max-image-preview":"max-image-preview:large","max-video-preview":"max-video-preview:-1"},"canonical":"https:\/\/getpalliativecare.org\/es\/whatis\/disease-types\/dementia-palliative-care\/","twitter_card":"summary_large_image","twitter_title":"Palliative Care and Dementia | Deterioration of Brain | Get Palliative Care","twitter_description":"Dementia is a deterioration of the brain. Palliative care teams are a valuable resource for family caregivers, who care for a family member with Dementia.","twitter_site":"@GetPalliative","twitter_misc":{"Tiempo de lectura":"2 minutos"},"schema":{"@context":"https:\/\/schema.org","@graph":[{"@type":"WebPage","@id":"https:\/\/getpalliativecare.org\/whatis\/disease-types\/dementia-palliative-care\/","url":"https:\/\/getpalliativecare.org\/whatis\/disease-types\/dementia-palliative-care\/","name":"Cuidados paliativos y demencia | Deterioro cerebral | Reciba cuidados paliativos","isPartOf":{"@id":"https:\/\/getpalliativecare.org\/#website"},"datePublished":"2014-05-07T18:17:20+00:00","dateModified":"2019-10-02T13:26:19+00:00","description":"La demencia es un deterioro del cerebro. Los equipos de cuidados paliativos son un recurso valioso para los cuidadores familiares que atienden a un familiar con demencia.","breadcrumb":{"@id":"https:\/\/getpalliativecare.org\/whatis\/disease-types\/dementia-palliative-care\/#breadcrumb"},"inLanguage":"es","potentialAction":[{"@type":"ReadAction","target":["https:\/\/getpalliativecare.org\/whatis\/disease-types\/dementia-palliative-care\/"]}]},{"@type":"BreadcrumbList","@id":"https:\/\/getpalliativecare.org\/whatis\/disease-types\/dementia-palliative-care\/#breadcrumb","itemListElement":[{"@type":"ListItem","position":1,"name":"What is Palliative Care?","item":"https:\/\/getpalliativecare.org\/whatis\/"},{"@type":"ListItem","position":2,"name":"Disease Types and Palliative Care","item":"https:\/\/getpalliativecare.org\/whatis\/disease-types\/"},{"@type":"ListItem","position":3,"name":"Dementia and Palliative Care"}]},{"@type":"WebSite","@id":"https:\/\/getpalliativecare.org\/#website","url":"https:\/\/getpalliativecare.org\/","name":"Obtenga cuidados paliativos","description":"Los cuidados paliativos son cuidados especializados centrados en el dolor, los s\u00edntomas y el estr\u00e9s de una enfermedad grave. Encuentre un hospital o centro m\u00e9dico en su \u00e1rea que tenga un programa de cuidados paliativos.","potentialAction":[{"@type":"SearchAction","target":{"@type":"EntryPoint","urlTemplate":"https:\/\/getpalliativecare.org\/?s={search_term_string}"},"query-input":{"@type":"PropertyValueSpecification","valueRequired":true,"valueName":"search_term_string"}}],"inLanguage":"es"}]}},"_links":{"self":[{"href":"https:\/\/getpalliativecare.org\/es\/wp-json\/wp\/v2\/pages\/46846","targetHints":{"allow":["GET"]}}],"collection":[{"href":"https:\/\/getpalliativecare.org\/es\/wp-json\/wp\/v2\/pages"}],"about":[{"href":"https:\/\/getpalliativecare.org\/es\/wp-json\/wp\/v2\/types\/page"}],"author":[{"embeddable":true,"href":"https:\/\/getpalliativecare.org\/es\/wp-json\/wp\/v2\/users\/1"}],"replies":[{"embeddable":true,"href":"https:\/\/getpalliativecare.org\/es\/wp-json\/wp\/v2\/comments?post=46846"}],"version-history":[{"count":0,"href":"https:\/\/getpalliativecare.org\/es\/wp-json\/wp\/v2\/pages\/46846\/revisions"}],"up":[{"embeddable":true,"href":"https:\/\/getpalliativecare.org\/es\/wp-json\/wp\/v2\/pages\/46819"}],"wp:attachment":[{"href":"https:\/\/getpalliativecare.org\/es\/wp-json\/wp\/v2\/media?parent=46846"}],"curies":[{"name":"gracias","href":"https:\/\/api.w.org\/{rel}","templated":true}]}}