{"id":46841,"date":"2014-05-07T14:09:08","date_gmt":"2014-05-07T18:09:08","guid":{"rendered":"http:\/\/getpalliativecare.org\/?page_id=46841"},"modified":"2018-12-31T12:44:28","modified_gmt":"2018-12-31T17:44:28","slug":"hivaids-palliative-care","status":"publish","type":"page","link":"https:\/\/getpalliativecare.org\/es\/whatis\/disease-types\/hivaids-palliative-care\/","title":{"rendered":"VIH\/SIDA y cuidados paliativos"},"content":{"rendered":"<p>El VIH (virus de inmunodeficiencia humana) es un virus que se transmite de persona a persona a trav\u00e9s de fluidos corporales como la sangre, la leche materna, el semen o las secreciones vaginales. Da\u00f1a el sistema inmunol\u00f3gico y esto puede provocar enfermedades e infecciones.<\/p>\n<p>El SIDA (s\u00edndrome de inmunodeficiencia adquirida) es una etapa avanzada de la infecci\u00f3n por VIH. El virus ataca a los gl\u00f3bulos blancos. Por tanto, el SIDA puede provocar otras infecciones, como ciertos tipos de c\u00e1ncer.<\/p>\n<p>El VIH\/SIDA es ahora una enfermedad aguda y no cr\u00f3nica gracias a los nuevos medicamentos (TARGA o terapia antirretroviral de gran actividad).<\/p>\n<h2>S\u00edntomas y tratamiento del VIH\/SIDA: c\u00f3mo pueden ayudar los cuidados paliativos<\/h2>\n<p>Los cuidados paliativos (pronunciados \u201cpal-lee-uh-tiv\u201d) son atenci\u00f3n m\u00e9dica especializada para personas que enfrentan una enfermedad grave como el VIH\/SIDA. El objetivo es mejorar la calidad de vida. Puede recibir cuidados paliativos a cualquier edad y en cualquier etapa de su enfermedad, y puede recibirlos con todos los dem\u00e1s tratamientos.<\/p>\n<p>Un equipo de m\u00e9dicos, enfermeras y otros especialistas brinda cuidados paliativos. Trabajan en asociaci\u00f3n con sus otros m\u00e9dicos para brindarle un nivel adicional de apoyo.<\/p>\n<p>Si vive con VIH\/SIDA, los cuidados paliativos pueden ayudarle a controlar sus s\u00edntomas y los efectos secundarios del tratamiento. Estos incluyen dolor, fatiga, dificultad para respirar, depresi\u00f3n, ansiedad, n\u00e1useas, v\u00f3mitos y diarrea.<\/p>\n<p>El equipo de cuidados paliativos pasar\u00e1 tiempo con usted y su familia para ayudarlo a adaptar sus opciones de tratamiento a sus objetivos personales.<\/p>\n<p>Los equipos de cuidados paliativos no s\u00f3lo le ayudan a usted. Ellos tambi\u00e9n apoyan a tu familia. Los cuidados paliativos le ayudar\u00e1n a usted y a su familia a lograr una calidad de vida.<\/p>\n<h2>C\u00f3mo obtener cuidados paliativos<\/h2>\n<p>P\u00eddale una derivaci\u00f3n a su m\u00e9dico si usted o un ser querido necesita cuidados paliativos.<\/p>\n<p>Es f\u00e1cil encontrar un hospital con un equipo de cuidados paliativos en su \u00e1rea. S\u00f3lo ve al <a href=\"https:\/\/getpalliativecare.org\/es\/provider-directory\/\">Directorio de proveedores de cuidados paliativos<\/a> para obtener una lista estado por estado. Para saber si los cuidados paliativos son adecuados para usted, <a href=\"http:\/\/getpalliativecare.org\/es\/rightforyou\/\">toma nuestra prueba<\/a>.<\/p>","protected":false},"excerpt":{"rendered":"<p>El VIH (virus de inmunodeficiencia humana) es un virus que se transmite de persona a persona a trav\u00e9s de fluidos corporales como la sangre, la leche materna, el semen o las secreciones vaginales. Da\u00f1a el sistema inmunol\u00f3gico y esto puede provocar enfermedades e infecciones. El SIDA (s\u00edndrome de inmunodeficiencia adquirida) es una etapa avanzada de la infecci\u00f3n por VIH. El virus ataca a la sangre blanca... <\/p>","protected":false},"author":1,"featured_media":0,"parent":46819,"menu_order":0,"comment_status":"open","ping_status":"closed","template":"template-whatis.php","meta":{"_acf_changed":false,"footnotes":""},"class_list":["post-46841","page","type-page","status-publish","hentry"],"acf":[],"yoast_head":"<!-- This site is optimized with the Yoast SEO plugin v26.6 - https:\/\/yoast.com\/wordpress\/plugins\/seo\/ -->\n<title>Palliative Care and HIV\/AIDS | Symptoms, Treatment | Get Palliative Care<\/title>\n<meta name=\"description\" content=\"Palliative care is specialized medical care for people with serious illnesses such as HIV\/AIDS.\" \/>\n<meta name=\"robots\" content=\"index, follow, max-snippet:-1, max-image-preview:large, max-video-preview:-1\" \/>\n<link rel=\"canonical\" href=\"https:\/\/getpalliativecare.org\/es\/whatis\/disease-types\/hivaids-palliative-care\/\" \/>\n<meta name=\"twitter:card\" content=\"summary_large_image\" \/>\n<meta name=\"twitter:title\" content=\"Palliative Care and HIV\/AIDS | Symptoms, Treatment | Get Palliative Care\" \/>\n<meta name=\"twitter:description\" content=\"Palliative care is specialized medical care for people with serious illnesses such as HIV\/AIDS.\" \/>\n<meta name=\"twitter:site\" content=\"@GetPalliative\" \/>\n<meta name=\"twitter:label1\" content=\"Tiempo de lectura\" \/>\n\t<meta name=\"twitter:data1\" content=\"2 minutos\" \/>\n<script type=\"application\/ld+json\" class=\"yoast-schema-graph\">{\"@context\":\"https:\/\/schema.org\",\"@graph\":[{\"@type\":\"WebPage\",\"@id\":\"https:\/\/getpalliativecare.org\/whatis\/disease-types\/hivaids-palliative-care\/\",\"url\":\"https:\/\/getpalliativecare.org\/whatis\/disease-types\/hivaids-palliative-care\/\",\"name\":\"Palliative Care and HIV\/AIDS | Symptoms, Treatment | Get Palliative Care\",\"isPartOf\":{\"@id\":\"https:\/\/getpalliativecare.org\/#website\"},\"datePublished\":\"2014-05-07T18:09:08+00:00\",\"dateModified\":\"2018-12-31T17:44:28+00:00\",\"description\":\"Palliative care is specialized medical care for people with serious illnesses such as HIV\/AIDS.\",\"breadcrumb\":{\"@id\":\"https:\/\/getpalliativecare.org\/whatis\/disease-types\/hivaids-palliative-care\/#breadcrumb\"},\"inLanguage\":\"es\",\"potentialAction\":[{\"@type\":\"ReadAction\",\"target\":[\"https:\/\/getpalliativecare.org\/whatis\/disease-types\/hivaids-palliative-care\/\"]}]},{\"@type\":\"BreadcrumbList\",\"@id\":\"https:\/\/getpalliativecare.org\/whatis\/disease-types\/hivaids-palliative-care\/#breadcrumb\",\"itemListElement\":[{\"@type\":\"ListItem\",\"position\":1,\"name\":\"What is Palliative Care?\",\"item\":\"https:\/\/getpalliativecare.org\/whatis\/\"},{\"@type\":\"ListItem\",\"position\":2,\"name\":\"Disease Types and Palliative Care\",\"item\":\"https:\/\/getpalliativecare.org\/whatis\/disease-types\/\"},{\"@type\":\"ListItem\",\"position\":3,\"name\":\"HIV\/AIDS and Palliative Care\"}]},{\"@type\":\"WebSite\",\"@id\":\"https:\/\/getpalliativecare.org\/#website\",\"url\":\"https:\/\/getpalliativecare.org\/\",\"name\":\"Get Palliative Care\",\"description\":\"Palliative care is specialized care focused on the pain, symptoms and stress of serious illness.  Find a hospital or medical center in your area that has a palliative care program.\",\"potentialAction\":[{\"@type\":\"SearchAction\",\"target\":{\"@type\":\"EntryPoint\",\"urlTemplate\":\"https:\/\/getpalliativecare.org\/?s={search_term_string}\"},\"query-input\":{\"@type\":\"PropertyValueSpecification\",\"valueRequired\":true,\"valueName\":\"search_term_string\"}}],\"inLanguage\":\"es\"}]}<\/script>\n<!-- \/ Yoast SEO plugin. -->","yoast_head_json":{"title":"Cuidados paliativos y VIH\/SIDA | S\u00edntomas y tratamiento | Reciba cuidados paliativos","description":"Los cuidados paliativos son cuidados m\u00e9dicos especializados para personas con enfermedades graves como el VIH\/SIDA.","robots":{"index":"index","follow":"follow","max-snippet":"max-snippet:-1","max-image-preview":"max-image-preview:large","max-video-preview":"max-video-preview:-1"},"canonical":"https:\/\/getpalliativecare.org\/es\/whatis\/disease-types\/hivaids-palliative-care\/","twitter_card":"summary_large_image","twitter_title":"Palliative Care and HIV\/AIDS | Symptoms, Treatment | Get Palliative Care","twitter_description":"Palliative care is specialized medical care for people with serious illnesses such as HIV\/AIDS.","twitter_site":"@GetPalliative","twitter_misc":{"Tiempo de lectura":"2 minutos"},"schema":{"@context":"https:\/\/schema.org","@graph":[{"@type":"WebPage","@id":"https:\/\/getpalliativecare.org\/whatis\/disease-types\/hivaids-palliative-care\/","url":"https:\/\/getpalliativecare.org\/whatis\/disease-types\/hivaids-palliative-care\/","name":"Cuidados paliativos y VIH\/SIDA | S\u00edntomas y tratamiento | Reciba cuidados paliativos","isPartOf":{"@id":"https:\/\/getpalliativecare.org\/#website"},"datePublished":"2014-05-07T18:09:08+00:00","dateModified":"2018-12-31T17:44:28+00:00","description":"Los cuidados paliativos son cuidados m\u00e9dicos especializados para personas con enfermedades graves como el VIH\/SIDA.","breadcrumb":{"@id":"https:\/\/getpalliativecare.org\/whatis\/disease-types\/hivaids-palliative-care\/#breadcrumb"},"inLanguage":"es","potentialAction":[{"@type":"ReadAction","target":["https:\/\/getpalliativecare.org\/whatis\/disease-types\/hivaids-palliative-care\/"]}]},{"@type":"BreadcrumbList","@id":"https:\/\/getpalliativecare.org\/whatis\/disease-types\/hivaids-palliative-care\/#breadcrumb","itemListElement":[{"@type":"ListItem","position":1,"name":"What is Palliative Care?","item":"https:\/\/getpalliativecare.org\/whatis\/"},{"@type":"ListItem","position":2,"name":"Disease Types and Palliative Care","item":"https:\/\/getpalliativecare.org\/whatis\/disease-types\/"},{"@type":"ListItem","position":3,"name":"HIV\/AIDS and Palliative Care"}]},{"@type":"WebSite","@id":"https:\/\/getpalliativecare.org\/#website","url":"https:\/\/getpalliativecare.org\/","name":"Obtenga cuidados paliativos","description":"Los cuidados paliativos son cuidados especializados centrados en el dolor, los s\u00edntomas y el estr\u00e9s de una enfermedad grave. Encuentre un hospital o centro m\u00e9dico en su \u00e1rea que tenga un programa de cuidados paliativos.","potentialAction":[{"@type":"SearchAction","target":{"@type":"EntryPoint","urlTemplate":"https:\/\/getpalliativecare.org\/?s={search_term_string}"},"query-input":{"@type":"PropertyValueSpecification","valueRequired":true,"valueName":"search_term_string"}}],"inLanguage":"es"}]}},"_links":{"self":[{"href":"https:\/\/getpalliativecare.org\/es\/wp-json\/wp\/v2\/pages\/46841","targetHints":{"allow":["GET"]}}],"collection":[{"href":"https:\/\/getpalliativecare.org\/es\/wp-json\/wp\/v2\/pages"}],"about":[{"href":"https:\/\/getpalliativecare.org\/es\/wp-json\/wp\/v2\/types\/page"}],"author":[{"embeddable":true,"href":"https:\/\/getpalliativecare.org\/es\/wp-json\/wp\/v2\/users\/1"}],"replies":[{"embeddable":true,"href":"https:\/\/getpalliativecare.org\/es\/wp-json\/wp\/v2\/comments?post=46841"}],"version-history":[{"count":0,"href":"https:\/\/getpalliativecare.org\/es\/wp-json\/wp\/v2\/pages\/46841\/revisions"}],"up":[{"embeddable":true,"href":"https:\/\/getpalliativecare.org\/es\/wp-json\/wp\/v2\/pages\/46819"}],"wp:attachment":[{"href":"https:\/\/getpalliativecare.org\/es\/wp-json\/wp\/v2\/media?parent=46841"}],"curies":[{"name":"gracias","href":"https:\/\/api.w.org\/{rel}","templated":true}]}}