{"id":46839,"date":"2014-05-07T14:08:05","date_gmt":"2014-05-07T18:08:05","guid":{"rendered":"http:\/\/getpalliativecare.org\/?page_id=46839"},"modified":"2022-05-03T16:17:56","modified_gmt":"2022-05-03T20:17:56","slug":"kidney-disease-kidney-failure-palliative-care","status":"publish","type":"page","link":"https:\/\/getpalliativecare.org\/es\/whatis\/disease-types\/kidney-disease-kidney-failure-palliative-care\/","title":{"rendered":"Enfermedad renal, insuficiencia renal y cuidados paliativos"},"content":{"rendered":"<p>La enfermedad renal incluye afecciones que da\u00f1an los ri\u00f1ones y disminuyen su capacidad para mantenerlo saludable. Si la enfermedad renal empeora, los desechos pueden acumularse en niveles elevados en la sangre y provocarle malestar. Puede desarrollar complicaciones como presi\u00f3n arterial alta, anemia (recuento sangu\u00edneo bajo), huesos d\u00e9biles, mala salud nutricional y da\u00f1o a los nervios.<\/p>\n<p>La enfermedad renal tambi\u00e9n aumenta el riesgo de sufrir enfermedades del coraz\u00f3n y de los vasos sangu\u00edneos. Estos problemas pueden ocurrir lentamente durante un largo per\u00edodo de tiempo. La diabetes, la presi\u00f3n arterial alta y otros trastornos pueden causar enfermedad renal. La detecci\u00f3n y el tratamiento tempranos a menudo pueden evitar que la enfermedad renal cr\u00f3nica empeore. La enfermedad renal puede provocar insuficiencia renal que requiera di\u00e1lisis o un trasplante de ri\u00f1\u00f3n.<\/p>\n<h2>Cuidados paliativos<\/h2>\n<p>Los cuidados paliativos (pronunciados \u201cpal-lee-uh-tiv\u201d) son atenci\u00f3n m\u00e9dica especializada para personas que enfrentan enfermedades graves como la enfermedad renal. El objetivo es mejorar la calidad de vida tanto para usted como para su familia. Puede recibir cuidados paliativos a cualquier edad y en cualquier etapa de su enfermedad. Tambi\u00e9n puedes tomarlo junto con un tratamiento curativo.<\/p>\n<p>Los cuidados paliativos los brinda un equipo de m\u00e9dicos, enfermeras y otros especialistas que trabajan junto con sus otros m\u00e9dicos para brindarle un nivel adicional de apoyo.<\/p>\n<h2>Enfermedad renal, s\u00edntomas y tratamiento de insuficiencia renal: c\u00f3mo pueden ayudar los cuidados paliativos<\/h2>\n<p>Los desaf\u00edos de la enfermedad renal y la insuficiencia renal pueden ser profundos. Adem\u00e1s de los problemas f\u00edsicos y emocionales, usted y su familia tambi\u00e9n deben tomar decisiones dif\u00edciles sobre su atenci\u00f3n.<\/p>\n<p>Los especialistas en cuidados paliativos trabajan con usted, su familia, su nefr\u00f3logo (nefr\u00f3logo) y otros profesionales de la salud para brindarle control del dolor y los s\u00edntomas, comunicaci\u00f3n, coordinaci\u00f3n de la atenci\u00f3n y apoyo al cuidador familiar.<\/p>\n<p>El control de los s\u00edntomas es una gran parte de los cuidados paliativos. La presi\u00f3n arterial, las enfermedades card\u00edacas, la diabetes, la depresi\u00f3n, la ansiedad, otras afecciones o tratamientos pueden causar s\u00edntomas. Trabajando en estrecha colaboraci\u00f3n con su m\u00e9dico especialista en ri\u00f1ones, el equipo de cuidados paliativos le ayudar\u00e1 a controlar sus s\u00edntomas mediante medicamentos y otras terapias.<\/p>\n<p>El equipo tambi\u00e9n lo ayudar\u00e1 a tomar decisiones cr\u00edticas sobre sus opciones de tratamiento, incluido el \u00fanico tratamiento que se ofrece a casi todos los pacientes con enfermedad renal avanzada: la di\u00e1lisis.<\/p>\n<p>El equipo lo ayudar\u00e1 a hacer coincidir sus objetivos con sus opciones de tratamiento. Le ayudar\u00e1n a comprender y decidir qu\u00e9 podr\u00eda aportar la di\u00e1lisis a su calidad de vida. Y le ayudar\u00e1n a equilibrar eso con cualquier inconveniente.<\/p>\n<p>Los especialistas en cuidados paliativos tambi\u00e9n pueden ayudarle a decidir cu\u00e1ndo el tratamiento podr\u00eda ser m\u00e1s una carga que un beneficio. Cualquiera que sea su elecci\u00f3n de tratamiento, el equipo de cuidados paliativos trabajar\u00e1 codo a codo con su nefr\u00f3logo y\/o equipo de trasplante para brindarle apoyo.<\/p>\n<p>Los pacientes que necesitan un trasplante de ri\u00f1\u00f3n recurren a cuidados paliativos antes, durante y despu\u00e9s de la cirug\u00eda. Recibir un trasplante tiene sus propios riesgos y beneficios, por lo que debe examinarse detenidamente antes de elegirlo como opci\u00f3n de tratamiento.<\/p>\n<p>El equipo de cuidados paliativos siempre observar\u00e1 a la persona en su totalidad y el panorama completo. Est\u00e1n ah\u00ed para mejorar su calidad de vida mientras vive con una enfermedad renal.<\/p>\n<h2>C\u00f3mo obtener cuidados paliativos<\/h2>\n<p>Encontrar un equipo de cuidados paliativos en su \u00e1rea es f\u00e1cil. S\u00f3lo ve al <a href=\"https:\/\/getpalliativecare.org\/es\/provider-directory\/\">Directorio de proveedores de cuidados paliativos<\/a>\u00a0para obtener una lista estado por estado. Para saber si los cuidados paliativos son adecuados para usted, <a href=\"http:\/\/getpalliativecare.org\/es\/rightforyou\/\">toma nuestra prueba<\/a>.<\/p>\n<p><em>Para encontrar informaci\u00f3n sobre concientizaci\u00f3n, prevenci\u00f3n y tratamiento de la enfermedad renal, visite <a href=\"https:\/\/www.kidney.org\/\" target=\"_blank\" rel=\"noopener\">La Fundaci\u00f3n Nacional del Ri\u00f1\u00f3n<\/a>\u00a0y el <a href=\"https:\/\/aakp.org\" target=\"_blank\" rel=\"noopener\">Asociaci\u00f3n Americana de Pacientes Renales<\/a>.<\/em><\/p>","protected":false},"excerpt":{"rendered":"<p>La enfermedad renal incluye afecciones que da\u00f1an los ri\u00f1ones y disminuyen su capacidad para mantenerlo saludable. Si la enfermedad renal empeora, los desechos pueden acumularse en niveles elevados en la sangre y provocarle malestar. Puede desarrollar complicaciones como presi\u00f3n arterial alta, anemia (recuento sangu\u00edneo bajo), huesos d\u00e9biles, mala salud nutricional y da\u00f1o a los nervios. \u2026 <\/p>","protected":false},"author":1,"featured_media":0,"parent":46819,"menu_order":0,"comment_status":"open","ping_status":"closed","template":"template-whatis.php","meta":{"_acf_changed":false,"footnotes":""},"class_list":["post-46839","page","type-page","status-publish","hentry"],"acf":[],"yoast_head":"<!-- This site is optimized with the Yoast SEO plugin v26.6 - https:\/\/yoast.com\/wordpress\/plugins\/seo\/ -->\n<title>Palliative Care and Kidney Disease | Kidney Failure | Get Palliative Care<\/title>\n<meta name=\"description\" content=\"Palliative care is a specialty in medicine focused on treating the symptoms, pain and stress that accompany Kidney Disease and Kidney Failure.\" \/>\n<meta name=\"robots\" content=\"index, follow, max-snippet:-1, max-image-preview:large, max-video-preview:-1\" \/>\n<link rel=\"canonical\" href=\"https:\/\/getpalliativecare.org\/es\/whatis\/disease-types\/kidney-disease-kidney-failure-palliative-care\/\" \/>\n<meta name=\"twitter:card\" content=\"summary_large_image\" \/>\n<meta name=\"twitter:title\" content=\"Palliative Care and Kidney Disease | Kidney Failure | Get Palliative Care\" \/>\n<meta name=\"twitter:description\" content=\"Palliative care is a specialty in medicine focused on treating the symptoms, pain and stress that accompany Kidney Disease and Kidney Failure.\" \/>\n<meta name=\"twitter:site\" content=\"@GetPalliative\" \/>\n<meta name=\"twitter:label1\" content=\"Tiempo de lectura\" \/>\n\t<meta name=\"twitter:data1\" content=\"3 minutos\" \/>\n<script type=\"application\/ld+json\" class=\"yoast-schema-graph\">{\"@context\":\"https:\/\/schema.org\",\"@graph\":[{\"@type\":\"WebPage\",\"@id\":\"https:\/\/getpalliativecare.org\/whatis\/disease-types\/kidney-disease-kidney-failure-palliative-care\/\",\"url\":\"https:\/\/getpalliativecare.org\/whatis\/disease-types\/kidney-disease-kidney-failure-palliative-care\/\",\"name\":\"Palliative Care and Kidney Disease | Kidney Failure | Get Palliative Care\",\"isPartOf\":{\"@id\":\"https:\/\/getpalliativecare.org\/#website\"},\"datePublished\":\"2014-05-07T18:08:05+00:00\",\"dateModified\":\"2022-05-03T20:17:56+00:00\",\"description\":\"Palliative care is a specialty in medicine focused on treating the symptoms, pain and stress that accompany Kidney Disease and Kidney Failure.\",\"breadcrumb\":{\"@id\":\"https:\/\/getpalliativecare.org\/whatis\/disease-types\/kidney-disease-kidney-failure-palliative-care\/#breadcrumb\"},\"inLanguage\":\"es\",\"potentialAction\":[{\"@type\":\"ReadAction\",\"target\":[\"https:\/\/getpalliativecare.org\/whatis\/disease-types\/kidney-disease-kidney-failure-palliative-care\/\"]}]},{\"@type\":\"BreadcrumbList\",\"@id\":\"https:\/\/getpalliativecare.org\/whatis\/disease-types\/kidney-disease-kidney-failure-palliative-care\/#breadcrumb\",\"itemListElement\":[{\"@type\":\"ListItem\",\"position\":1,\"name\":\"What is Palliative Care?\",\"item\":\"https:\/\/getpalliativecare.org\/whatis\/\"},{\"@type\":\"ListItem\",\"position\":2,\"name\":\"Disease Types and Palliative Care\",\"item\":\"https:\/\/getpalliativecare.org\/whatis\/disease-types\/\"},{\"@type\":\"ListItem\",\"position\":3,\"name\":\"Kidney Disease, Kidney Failure and Palliative Care\"}]},{\"@type\":\"WebSite\",\"@id\":\"https:\/\/getpalliativecare.org\/#website\",\"url\":\"https:\/\/getpalliativecare.org\/\",\"name\":\"Get Palliative Care\",\"description\":\"Palliative care is specialized care focused on the pain, symptoms and stress of serious illness.  Find a hospital or medical center in your area that has a palliative care program.\",\"potentialAction\":[{\"@type\":\"SearchAction\",\"target\":{\"@type\":\"EntryPoint\",\"urlTemplate\":\"https:\/\/getpalliativecare.org\/?s={search_term_string}\"},\"query-input\":{\"@type\":\"PropertyValueSpecification\",\"valueRequired\":true,\"valueName\":\"search_term_string\"}}],\"inLanguage\":\"es\"}]}<\/script>\n<!-- \/ Yoast SEO plugin. -->","yoast_head_json":{"title":"Cuidados paliativos y enfermedad renal | Insuficiencia renal | Reciba cuidados paliativos","description":"Los cuidados paliativos son una especialidad de la medicina centrada en el tratamiento de los s\u00edntomas, el dolor y el estr\u00e9s que acompa\u00f1an a la enfermedad renal y la insuficiencia renal.","robots":{"index":"index","follow":"follow","max-snippet":"max-snippet:-1","max-image-preview":"max-image-preview:large","max-video-preview":"max-video-preview:-1"},"canonical":"https:\/\/getpalliativecare.org\/es\/whatis\/disease-types\/kidney-disease-kidney-failure-palliative-care\/","twitter_card":"summary_large_image","twitter_title":"Palliative Care and Kidney Disease | Kidney Failure | Get Palliative Care","twitter_description":"Palliative care is a specialty in medicine focused on treating the symptoms, pain and stress that accompany Kidney Disease and Kidney Failure.","twitter_site":"@GetPalliative","twitter_misc":{"Tiempo de lectura":"3 minutos"},"schema":{"@context":"https:\/\/schema.org","@graph":[{"@type":"WebPage","@id":"https:\/\/getpalliativecare.org\/whatis\/disease-types\/kidney-disease-kidney-failure-palliative-care\/","url":"https:\/\/getpalliativecare.org\/whatis\/disease-types\/kidney-disease-kidney-failure-palliative-care\/","name":"Cuidados paliativos y enfermedad renal | Insuficiencia renal | Reciba cuidados paliativos","isPartOf":{"@id":"https:\/\/getpalliativecare.org\/#website"},"datePublished":"2014-05-07T18:08:05+00:00","dateModified":"2022-05-03T20:17:56+00:00","description":"Los cuidados paliativos son una especialidad de la medicina centrada en el tratamiento de los s\u00edntomas, el dolor y el estr\u00e9s que acompa\u00f1an a la enfermedad renal y la insuficiencia renal.","breadcrumb":{"@id":"https:\/\/getpalliativecare.org\/whatis\/disease-types\/kidney-disease-kidney-failure-palliative-care\/#breadcrumb"},"inLanguage":"es","potentialAction":[{"@type":"ReadAction","target":["https:\/\/getpalliativecare.org\/whatis\/disease-types\/kidney-disease-kidney-failure-palliative-care\/"]}]},{"@type":"BreadcrumbList","@id":"https:\/\/getpalliativecare.org\/whatis\/disease-types\/kidney-disease-kidney-failure-palliative-care\/#breadcrumb","itemListElement":[{"@type":"ListItem","position":1,"name":"What is Palliative Care?","item":"https:\/\/getpalliativecare.org\/whatis\/"},{"@type":"ListItem","position":2,"name":"Disease Types and Palliative Care","item":"https:\/\/getpalliativecare.org\/whatis\/disease-types\/"},{"@type":"ListItem","position":3,"name":"Kidney Disease, Kidney Failure and Palliative Care"}]},{"@type":"WebSite","@id":"https:\/\/getpalliativecare.org\/#website","url":"https:\/\/getpalliativecare.org\/","name":"Obtenga cuidados paliativos","description":"Los cuidados paliativos son cuidados especializados centrados en el dolor, los s\u00edntomas y el estr\u00e9s de una enfermedad grave. Encuentre un hospital o centro m\u00e9dico en su \u00e1rea que tenga un programa de cuidados paliativos.","potentialAction":[{"@type":"SearchAction","target":{"@type":"EntryPoint","urlTemplate":"https:\/\/getpalliativecare.org\/?s={search_term_string}"},"query-input":{"@type":"PropertyValueSpecification","valueRequired":true,"valueName":"search_term_string"}}],"inLanguage":"es"}]}},"_links":{"self":[{"href":"https:\/\/getpalliativecare.org\/es\/wp-json\/wp\/v2\/pages\/46839","targetHints":{"allow":["GET"]}}],"collection":[{"href":"https:\/\/getpalliativecare.org\/es\/wp-json\/wp\/v2\/pages"}],"about":[{"href":"https:\/\/getpalliativecare.org\/es\/wp-json\/wp\/v2\/types\/page"}],"author":[{"embeddable":true,"href":"https:\/\/getpalliativecare.org\/es\/wp-json\/wp\/v2\/users\/1"}],"replies":[{"embeddable":true,"href":"https:\/\/getpalliativecare.org\/es\/wp-json\/wp\/v2\/comments?post=46839"}],"version-history":[{"count":0,"href":"https:\/\/getpalliativecare.org\/es\/wp-json\/wp\/v2\/pages\/46839\/revisions"}],"up":[{"embeddable":true,"href":"https:\/\/getpalliativecare.org\/es\/wp-json\/wp\/v2\/pages\/46819"}],"wp:attachment":[{"href":"https:\/\/getpalliativecare.org\/es\/wp-json\/wp\/v2\/media?parent=46839"}],"curies":[{"name":"gracias","href":"https:\/\/api.w.org\/{rel}","templated":true}]}}