{"id":46835,"date":"2014-05-07T14:02:42","date_gmt":"2014-05-07T18:02:42","guid":{"rendered":"http:\/\/getpalliativecare.org\/?page_id=46835"},"modified":"2022-05-03T16:15:25","modified_gmt":"2022-05-03T20:15:25","slug":"lung-cancer-palliative-care","status":"publish","type":"page","link":"https:\/\/getpalliativecare.org\/es\/whatis\/disease-types\/lung-cancer-palliative-care\/","title":{"rendered":"C\u00e1ncer de pulm\u00f3n y cuidados paliativos"},"content":{"rendered":"<p>El c\u00e1ncer de pulm\u00f3n comienza cuando las c\u00e9lulas del pulm\u00f3n cambian y crecen sin control, formando una masa llamada tumor, lesi\u00f3n o n\u00f3dulo. Un tumor de pulm\u00f3n puede comenzar en cualquier parte del pulm\u00f3n. Un tumor puede ser canceroso o benigno. Una vez que un tumor canceroso de pulm\u00f3n crece, puede o no eliminar c\u00e9lulas cancerosas. Estas c\u00e9lulas pueden ser transportadas por la sangre o flotar en el l\u00edquido, llamado linfa, que rodea el tejido pulmonar.<\/p>\n<p>La linfa fluye a trav\u00e9s de tubos llamados vasos linf\u00e1ticos que drenan en estaciones colectoras llamadas ganglios linf\u00e1ticos, los \u00f3rganos diminutos con forma de frijol que ayudan a combatir las infecciones. Los ganglios linf\u00e1ticos se encuentran en los pulmones, el centro del t\u00f3rax y en otras partes del cuerpo. El flujo natural de linfa que sale de los pulmones es hacia el centro del t\u00f3rax, lo que explica por qu\u00e9 el c\u00e1ncer de pulm\u00f3n a menudo se propaga all\u00ed primero. Cuando una c\u00e9lula cancerosa pasa a un ganglio linf\u00e1tico o a otra parte del cuerpo a trav\u00e9s del torrente sangu\u00edneo, se denomina met\u00e1stasis. (Consulte cancer.net para obtener m\u00e1s informaci\u00f3n sobre el c\u00e1ncer de pulm\u00f3n)<\/p>\n<h2>Comprender los cuidados paliativos<\/h2>\n<p>Los cuidados paliativos son atenci\u00f3n m\u00e9dica especializada para personas con enfermedades graves como el c\u00e1ncer de pulm\u00f3n. Se centra en proporcionar alivio de los s\u00edntomas, el dolor y el estr\u00e9s. El objetivo es mejorar la calidad de vida tanto para usted como para su familia. Es apropiado a cualquier edad y en cualquier etapa de su enfermedad y puede brindarse junto con un tratamiento destinado a curar.<\/p>\n<p>Los cuidados paliativos son proporcionados por un equipo de especialistas especialmente capacitado, que incluye m\u00e9dicos, enfermeras, trabajadores sociales y otros en cuidados paliativos. El equipo trabaja en colaboraci\u00f3n con su onc\u00f3logo (especialista en c\u00e1ncer) y otros proveedores de atenci\u00f3n m\u00e9dica para controlar su dolor y sus s\u00edntomas.<\/p>\n<h2>S\u00edntomas y tratamiento del c\u00e1ncer de pulm\u00f3n: c\u00f3mo pueden ayudar los cuidados paliativos<\/h2>\n<p>Cuando la quimioterapia es parte del tratamiento para el c\u00e1ncer de pulm\u00f3n, los cuidados paliativos pueden controlar efectos secundarios como n\u00e1useas, v\u00f3mitos, dolor, fatiga, estre\u00f1imiento y diarrea, depresi\u00f3n e insomnio. La radioterapia para el c\u00e1ncer de pulm\u00f3n a veces dificulta la alimentaci\u00f3n y provoca dolor y fatiga. Los equipos de cuidados paliativos tratan todos estos s\u00edntomas.<\/p>\n<p>Los cuidados paliativos pueden ser \u00fatiles para controlar el dolor despu\u00e9s de la cirug\u00eda. Tambi\u00e9n puede ayudar a reducir la ansiedad de diversas formas, desde medicamentos hasta masajes, relajaci\u00f3n e im\u00e1genes guiadas. Un diagn\u00f3stico de c\u00e1ncer de pulm\u00f3n trae sentimientos de ansiedad, miedo y depresi\u00f3n. El equipo de cuidados paliativos proporciona comunicaci\u00f3n y apoyo.<\/p>\n<p>Alrededor del 85 por ciento de los casos de c\u00e1ncer de pulm\u00f3n est\u00e1n relacionados con el tabaquismo. Por eso los pacientes a menudo se culpan a s\u00ed mismos por la enfermedad y creen que podr\u00eda haberse evitado. Los cuidados paliativos pueden ayudar a explorar estos sentimientos para lograr aceptaci\u00f3n y serenidad.<\/p>\n<p>Los equipos de cuidados paliativos pueden ayudarle a usted y a su familia a planificar el futuro. Le ayudar\u00e1n a hablar con sus seres queridos. Tambi\u00e9n lo ayudar\u00e1n a hacer coincidir sus objetivos con sus opciones de tratamiento.<\/p>\n<p>Los trabajadores sociales de cuidados paliativos son fundamentales para ayudar a dise\u00f1ar un plan de alta para usted que satisfaga sus necesidades y las de su familia. Ellos te apoyan tanto a ti como a tu familia. En primer lugar, el equipo de cuidados paliativos se preocupa de asegurarse de que usted y su familia vivan la vida al m\u00e1ximo desde el momento del diagn\u00f3stico en adelante.<\/p>\n<h2>C\u00f3mo obtener cuidados paliativos<\/h2>\n<p>Si usted o un ser querido necesita cuidados paliativos, solicite una derivaci\u00f3n a su m\u00e9dico.<\/p>\n<p>Encontrar un equipo de cuidados paliativos en su \u00e1rea es f\u00e1cil. S\u00f3lo ve al <a href=\"https:\/\/getpalliativecare.org\/es\/provider-directory\/\">Directorio de proveedores de cuidados paliativos<\/a> para obtener una lista estado por estado. Para saber si los cuidados paliativos son adecuados para usted, <a href=\"http:\/\/getpalliativecare.org\/es\/rightforyou\/\">toma nuestra prueba<\/a>.<\/p>\n<p><em>Para encontrar m\u00e1s informaci\u00f3n sobre enfermedades pulmonares, investigaciones y aprender m\u00e1s sobre c\u00f3mo mejorar la salud pulmonar, visite el <a href=\"https:\/\/www.lungevity.org\/\" target=\"_blank\" rel=\"noopener noreferrer\">Fundaci\u00f3n LUNGevity<\/a>, el\u00a0<a href=\"http:\/\/www.lungcanceralliance.org\/\" target=\"_blank\" rel=\"noopener noreferrer\">Alianza contra el c\u00e1ncer de pulm\u00f3n<\/a> y el <a href=\"http:\/\/www.lung.org\/\" target=\"_blank\" rel=\"noopener noreferrer\">Asociaci\u00f3n Americana del Pulm\u00f3n<\/a>.<\/em><\/p>\n<h2>Podcast: La historia del c\u00e1ncer de pulm\u00f3n de Gregory<\/h2>\n<p><iframe loading=\"lazy\" src=\"https:\/\/w.soundcloud.com\/player\/?url=https%3A\/\/api.soundcloud.com\/tracks\/390434199&amp;color=%23ff5500&amp;auto_play=false&amp;hide_related=false&amp;show_comments=true&amp;show_user=true&amp;show_reposts=false&amp;show_teaser=true&amp;visual=true\" width=\"100%\" height=\"300\" frameborder=\"no\" scrolling=\"no\"><\/iframe><\/p>","protected":false},"excerpt":{"rendered":"<p>El c\u00e1ncer de pulm\u00f3n comienza cuando las c\u00e9lulas del pulm\u00f3n cambian y crecen sin control, formando una masa llamada tumor, lesi\u00f3n o n\u00f3dulo. Un tumor de pulm\u00f3n puede comenzar en cualquier parte del pulm\u00f3n. Un tumor puede ser canceroso o benigno. Una vez que un tumor canceroso de pulm\u00f3n crece, puede o no eliminar c\u00e9lulas cancerosas. Estas c\u00e9lulas\u2026 <\/p>","protected":false},"author":1,"featured_media":0,"parent":46819,"menu_order":0,"comment_status":"open","ping_status":"closed","template":"template-whatis.php","meta":{"_acf_changed":false,"footnotes":""},"class_list":["post-46835","page","type-page","status-publish","hentry"],"acf":[],"yoast_head":"<!-- This site is optimized with the Yoast SEO plugin v26.6 - https:\/\/yoast.com\/wordpress\/plugins\/seo\/ -->\n<title>Palliative Care and Lung Cancer | Get Palliative Care<\/title>\n<meta name=\"description\" content=\"Palliative care is a specialty in medicine focused on treating the symptoms, pain and stress that accompany lung disease.\" \/>\n<meta name=\"robots\" content=\"index, follow, max-snippet:-1, max-image-preview:large, max-video-preview:-1\" \/>\n<link rel=\"canonical\" href=\"https:\/\/getpalliativecare.org\/es\/whatis\/disease-types\/lung-cancer-palliative-care\/\" \/>\n<meta name=\"twitter:card\" content=\"summary_large_image\" \/>\n<meta name=\"twitter:title\" content=\"Palliative Care and Lung Cancer | Get Palliative Care\" \/>\n<meta name=\"twitter:description\" content=\"Palliative care is a specialty in medicine focused on treating the symptoms, pain and stress that accompany lung disease.\" \/>\n<meta name=\"twitter:site\" content=\"@GetPalliative\" \/>\n<meta name=\"twitter:label1\" content=\"Tiempo de lectura\" \/>\n\t<meta name=\"twitter:data1\" content=\"3 minutos\" \/>\n<script type=\"application\/ld+json\" class=\"yoast-schema-graph\">{\"@context\":\"https:\/\/schema.org\",\"@graph\":[{\"@type\":\"WebPage\",\"@id\":\"https:\/\/getpalliativecare.org\/whatis\/disease-types\/lung-cancer-palliative-care\/\",\"url\":\"https:\/\/getpalliativecare.org\/whatis\/disease-types\/lung-cancer-palliative-care\/\",\"name\":\"Palliative Care and Lung Cancer | Get Palliative Care\",\"isPartOf\":{\"@id\":\"https:\/\/getpalliativecare.org\/#website\"},\"datePublished\":\"2014-05-07T18:02:42+00:00\",\"dateModified\":\"2022-05-03T20:15:25+00:00\",\"description\":\"Palliative care is a specialty in medicine focused on treating the symptoms, pain and stress that accompany lung disease.\",\"breadcrumb\":{\"@id\":\"https:\/\/getpalliativecare.org\/whatis\/disease-types\/lung-cancer-palliative-care\/#breadcrumb\"},\"inLanguage\":\"es\",\"potentialAction\":[{\"@type\":\"ReadAction\",\"target\":[\"https:\/\/getpalliativecare.org\/whatis\/disease-types\/lung-cancer-palliative-care\/\"]}]},{\"@type\":\"BreadcrumbList\",\"@id\":\"https:\/\/getpalliativecare.org\/whatis\/disease-types\/lung-cancer-palliative-care\/#breadcrumb\",\"itemListElement\":[{\"@type\":\"ListItem\",\"position\":1,\"name\":\"What is Palliative Care?\",\"item\":\"https:\/\/getpalliativecare.org\/whatis\/\"},{\"@type\":\"ListItem\",\"position\":2,\"name\":\"Disease Types and Palliative Care\",\"item\":\"https:\/\/getpalliativecare.org\/whatis\/disease-types\/\"},{\"@type\":\"ListItem\",\"position\":3,\"name\":\"Lung Cancer and Palliative Care\"}]},{\"@type\":\"WebSite\",\"@id\":\"https:\/\/getpalliativecare.org\/#website\",\"url\":\"https:\/\/getpalliativecare.org\/\",\"name\":\"Get Palliative Care\",\"description\":\"Palliative care is specialized care focused on the pain, symptoms and stress of serious illness.  Find a hospital or medical center in your area that has a palliative care program.\",\"potentialAction\":[{\"@type\":\"SearchAction\",\"target\":{\"@type\":\"EntryPoint\",\"urlTemplate\":\"https:\/\/getpalliativecare.org\/?s={search_term_string}\"},\"query-input\":{\"@type\":\"PropertyValueSpecification\",\"valueRequired\":true,\"valueName\":\"search_term_string\"}}],\"inLanguage\":\"es\"}]}<\/script>\n<!-- \/ Yoast SEO plugin. -->","yoast_head_json":{"title":"Cuidados paliativos y c\u00e1ncer de pulm\u00f3n | Reciba cuidados paliativos","description":"Los cuidados paliativos son una especialidad de la medicina centrada en el tratamiento de los s\u00edntomas, el dolor y el estr\u00e9s que acompa\u00f1an a la enfermedad pulmonar.","robots":{"index":"index","follow":"follow","max-snippet":"max-snippet:-1","max-image-preview":"max-image-preview:large","max-video-preview":"max-video-preview:-1"},"canonical":"https:\/\/getpalliativecare.org\/es\/whatis\/disease-types\/lung-cancer-palliative-care\/","twitter_card":"summary_large_image","twitter_title":"Palliative Care and Lung Cancer | Get Palliative Care","twitter_description":"Palliative care is a specialty in medicine focused on treating the symptoms, pain and stress that accompany lung disease.","twitter_site":"@GetPalliative","twitter_misc":{"Tiempo de lectura":"3 minutos"},"schema":{"@context":"https:\/\/schema.org","@graph":[{"@type":"WebPage","@id":"https:\/\/getpalliativecare.org\/whatis\/disease-types\/lung-cancer-palliative-care\/","url":"https:\/\/getpalliativecare.org\/whatis\/disease-types\/lung-cancer-palliative-care\/","name":"Cuidados paliativos y c\u00e1ncer de pulm\u00f3n | Reciba cuidados paliativos","isPartOf":{"@id":"https:\/\/getpalliativecare.org\/#website"},"datePublished":"2014-05-07T18:02:42+00:00","dateModified":"2022-05-03T20:15:25+00:00","description":"Los cuidados paliativos son una especialidad de la medicina centrada en el tratamiento de los s\u00edntomas, el dolor y el estr\u00e9s que acompa\u00f1an a la enfermedad pulmonar.","breadcrumb":{"@id":"https:\/\/getpalliativecare.org\/whatis\/disease-types\/lung-cancer-palliative-care\/#breadcrumb"},"inLanguage":"es","potentialAction":[{"@type":"ReadAction","target":["https:\/\/getpalliativecare.org\/whatis\/disease-types\/lung-cancer-palliative-care\/"]}]},{"@type":"BreadcrumbList","@id":"https:\/\/getpalliativecare.org\/whatis\/disease-types\/lung-cancer-palliative-care\/#breadcrumb","itemListElement":[{"@type":"ListItem","position":1,"name":"What is Palliative Care?","item":"https:\/\/getpalliativecare.org\/whatis\/"},{"@type":"ListItem","position":2,"name":"Disease Types and Palliative Care","item":"https:\/\/getpalliativecare.org\/whatis\/disease-types\/"},{"@type":"ListItem","position":3,"name":"Lung Cancer and Palliative Care"}]},{"@type":"WebSite","@id":"https:\/\/getpalliativecare.org\/#website","url":"https:\/\/getpalliativecare.org\/","name":"Obtenga cuidados paliativos","description":"Los cuidados paliativos son cuidados especializados centrados en el dolor, los s\u00edntomas y el estr\u00e9s de una enfermedad grave. Encuentre un hospital o centro m\u00e9dico en su \u00e1rea que tenga un programa de cuidados paliativos.","potentialAction":[{"@type":"SearchAction","target":{"@type":"EntryPoint","urlTemplate":"https:\/\/getpalliativecare.org\/?s={search_term_string}"},"query-input":{"@type":"PropertyValueSpecification","valueRequired":true,"valueName":"search_term_string"}}],"inLanguage":"es"}]}},"_links":{"self":[{"href":"https:\/\/getpalliativecare.org\/es\/wp-json\/wp\/v2\/pages\/46835","targetHints":{"allow":["GET"]}}],"collection":[{"href":"https:\/\/getpalliativecare.org\/es\/wp-json\/wp\/v2\/pages"}],"about":[{"href":"https:\/\/getpalliativecare.org\/es\/wp-json\/wp\/v2\/types\/page"}],"author":[{"embeddable":true,"href":"https:\/\/getpalliativecare.org\/es\/wp-json\/wp\/v2\/users\/1"}],"replies":[{"embeddable":true,"href":"https:\/\/getpalliativecare.org\/es\/wp-json\/wp\/v2\/comments?post=46835"}],"version-history":[{"count":0,"href":"https:\/\/getpalliativecare.org\/es\/wp-json\/wp\/v2\/pages\/46835\/revisions"}],"up":[{"embeddable":true,"href":"https:\/\/getpalliativecare.org\/es\/wp-json\/wp\/v2\/pages\/46819"}],"wp:attachment":[{"href":"https:\/\/getpalliativecare.org\/es\/wp-json\/wp\/v2\/media?parent=46835"}],"curies":[{"name":"gracias","href":"https:\/\/api.w.org\/{rel}","templated":true}]}}