{"id":46819,"date":"2014-05-07T12:26:45","date_gmt":"2014-05-07T16:26:45","guid":{"rendered":"http:\/\/getpalliativecare.org\/?page_id=46819"},"modified":"2023-12-14T14:12:54","modified_gmt":"2023-12-14T19:12:54","slug":"disease-types","status":"publish","type":"page","link":"https:\/\/getpalliativecare.org\/es\/whatis\/disease-types\/","title":{"rendered":"Tipos de enfermedades y cuidados paliativos"},"content":{"rendered":"<p>El objetivo de los cuidados paliativos es mejorar la calidad de vida. Los especialistas en cuidados paliativos tratan a personas que padecen muchos tipos de enfermedades y enfermedades cr\u00f3nicas. \u00c9stas incluyen\u00a0<a href=\"http:\/\/getpalliativecare.org\/es\/whatis\/disease-types\/cancer-palliative-care\/\">c\u00e1ncer<\/a>, enfermedades card\u00edacas como <a href=\"http:\/\/getpalliativecare.org\/es\/whatis\/disease-types\/congestive-heart-failure-palliative-care\/\">insuficiencia cardiaca<\/a>, <a href=\"http:\/\/getpalliativecare.org\/es\/whatis\/disease-types\/chronic-obstructive-pulmonary-disease-copd-palliative-care\/\">Enfermedad Pulmonar Obstructiva Cr\u00f3nica (EPOC),<\/a> <a href=\"http:\/\/getpalliativecare.org\/es\/whatis\/disease-types\/kidney-disease-kidney-failure-palliative-care\/\">insuficiencia renal<\/a>, <a href=\"http:\/\/getpalliativecare.org\/es\/whatis\/disease-types\/alzheimers-disease-palliative-care\/\">Alzheimer<\/a>, <a href=\"http:\/\/getpalliativecare.org\/es\/whatis\/disease-types\/parkinsons-disease-palliative-care\/\">Parkinson<\/a>, <a href=\"http:\/\/getpalliativecare.org\/es\/whatis\/disease-types\/als-palliative-care\/\">Esclerosis lateral amiotr\u00f3fica (ELA)<\/a> y muchos m\u00e1s. Los cuidados paliativos tambi\u00e9n son esenciales para los pacientes con <a href=\"https:\/\/getpalliativecare.org\/es\/whatis\/disease-types\/covid-19-and-palliative-care\/\">COVID-19<\/a>.<\/p>\n<p>Los cuidados paliativos se centran en los s\u00edntomas y el estr\u00e9s de la enfermedad y el tratamiento. Trata una amplia gama de problemas que pueden incluir dolor, depresi\u00f3n, ansiedad, fatiga, dificultad para respirar, estre\u00f1imiento, n\u00e1useas, p\u00e9rdida de apetito y dificultad para dormir.<\/p>\n<p>Los equipos de cuidados paliativos mejoran su calidad de vida. Lo hacen ayud\u00e1ndolo a tolerar los tratamientos m\u00e9dicos, ayud\u00e1ndolo a adaptar sus objetivos a sus opciones de tratamiento, apoyando a sus cuidadores familiares y m\u00e1s.<\/p>\n<p>Obtenga m\u00e1s informaci\u00f3n sobre c\u00f3mo ayudan los cuidados paliativos:<\/p>\n<ul>\n<li><a title=\"ELA y cuidados paliativos\" href=\"http:\/\/getpalliativecare.org\/es\/whatis\/disease-types\/als-palliative-care\/\">ELA<\/a><\/li>\n<li><a title=\"Enfermedad de Alzheimer y cuidados paliativos\" href=\"http:\/\/getpalliativecare.org\/es\/whatis\/disease-types\/alzheimers-disease-palliative-care\/\">Enfermedad de Alzheimer<\/a><\/li>\n<li><a title=\"C\u00e1ncer de mama y cuidados paliativos\" href=\"http:\/\/getpalliativecare.org\/es\/whatis\/disease-types\/breast-cancer-palliative-care\/\">C\u00e1ncer de mama<\/a><\/li>\n<li><a href=\"https:\/\/getpalliativecare.org\/es\/whatis\/disease-types\/bone-marrow-transplant-and-palliative-care\/\">Transplante de m\u00e9dula osea<\/a><\/li>\n<li><a title=\"C\u00e1ncer y cuidados paliativos\" href=\"http:\/\/getpalliativecare.org\/es\/whatis\/disease-types\/cancer-palliative-care\/\">C\u00e1ncer<\/a><\/li>\n<li><a title=\"Enfermedad pulmonar obstructiva cr\u00f3nica (EPOC) y cuidados paliativos\" href=\"http:\/\/getpalliativecare.org\/es\/whatis\/disease-types\/chronic-obstructive-pulmonary-disease-copd-palliative-care\/\">Enfermedad Pulmonar Obstructiva Cr\u00f3nica (EPOC)<\/a><\/li>\n<li><a title=\"C\u00e1ncer de colon y cuidados paliativos\" href=\"http:\/\/getpalliativecare.org\/es\/whatis\/disease-types\/colon-cancer-palliative-care\/\">C\u00e1ncer de colon<\/a><\/li>\n<li><a href=\"https:\/\/getpalliativecare.org\/es\/whatis\/disease-types\/covid-19-and-palliative-care\/\">COVID-19<\/a><\/li>\n<li><a title=\"Demencia y cuidados paliativos\" href=\"http:\/\/getpalliativecare.org\/es\/whatis\/disease-types\/dementia-palliative-care\/\">Demencia<\/a><\/li>\n<li><a href=\"https:\/\/getpalliativecare.org\/es\/whatis\/disease-types\/eosinophil-associated-disease-palliative-care\/\">Enfermedad asociada a eosin\u00f3filos (EAD<\/a>)<\/li>\n<li><a title=\"C\u00e1ncer de cabeza y cuello y cuidados paliativos\" href=\"http:\/\/getpalliativecare.org\/es\/whatis\/disease-types\/head-neck-cancer-palliative-care\/\">C\u00e1ncer de cabeza y cuello<\/a><\/li>\n<li><a title=\"Insuficiencia card\u00edaca congestiva y cuidados paliativos\" href=\"http:\/\/getpalliativecare.org\/es\/whatis\/disease-types\/congestive-heart-failure-palliative-care\/\">Insuficiencia cardiaca<\/a><\/li>\n<li><a title=\"VIH\/SIDA y cuidados paliativos\" href=\"http:\/\/getpalliativecare.org\/es\/whatis\/disease-types\/hivaids-palliative-care\/\">VIH\/SIDA<\/a><\/li>\n<li><a href=\"https:\/\/getpalliativecare.org\/es\/whatis\/disease-types\/huntingtons-disease-and-palliative-care\/\">Enfermedad de Huntington<\/a><\/li>\n<li><a title=\"Enfermedad renal, insuficiencia renal y cuidados paliativos\" href=\"http:\/\/getpalliativecare.org\/es\/whatis\/disease-types\/kidney-disease-kidney-failure-palliative-care\/\">Nefropat\u00eda<\/a><\/li>\n<li><a title=\"Leucemia, linfoma y cuidados paliativos\" href=\"http:\/\/getpalliativecare.org\/es\/whatis\/disease-types\/leukemia-lymphoma-palliative-care\/\">Leucemia y linfoma<\/a><\/li>\n<li><a title=\"Enfermedad hep\u00e1tica y cuidados paliativos\" href=\"http:\/\/getpalliativecare.org\/es\/whatis\/disease-types\/liver-disease-palliative-care\/\">Enfermedad del higado<\/a><\/li>\n<li><a title=\"C\u00e1ncer de pulm\u00f3n y cuidados paliativos\" href=\"http:\/\/getpalliativecare.org\/es\/whatis\/disease-types\/lung-cancer-palliative-care\/\">C\u00e1ncer de pulm\u00f3n<\/a><\/li>\n<li><a title=\"Mieloma m\u00faltiple y cuidados paliativos\" href=\"http:\/\/getpalliativecare.org\/es\/whatis\/disease-types\/multiple-myeloma-palliative-care\/\">Mieloma m\u00faltiple<\/a><\/li>\n<li><a href=\"https:\/\/getpalliativecare.org\/es\/whatis\/disease-types\/multiple-sclerosis-and-palliative-care\/\">Esclerosis m\u00faltiple<\/a><\/li>\n<li><a title=\"C\u00e1ncer de ovario y cuidados paliativos\" href=\"http:\/\/getpalliativecare.org\/es\/whatis\/disease-types\/ovariancancer\/\">C\u00e1ncer de ovarios<\/a><\/li>\n<li><a title=\"C\u00e1ncer de p\u00e1ncreas y cuidados paliativos\" href=\"http:\/\/getpalliativecare.org\/es\/whatis\/disease-types\/pancreatic-cancer-palliative-care\/\">C\u00e1ncer de p\u00e1ncreas<\/a><\/li>\n<li><a title=\"Enfermedad de Parkinson y cuidados paliativos\" href=\"http:\/\/getpalliativecare.org\/es\/whatis\/disease-types\/parkinsons-disease-palliative-care\/\">Enfermedad de Parkinson<\/a><\/li>\n<li><a title=\"C\u00e1ncer de pr\u00f3stata y cuidados paliativos\" href=\"http:\/\/getpalliativecare.org\/es\/whatis\/disease-types\/prostate-cancer-palliative-care\/\">Cancer de prostata<\/a><\/li>\n<li><a href=\"https:\/\/getpalliativecare.org\/es\/whatis\/disease-types\/pulmonary-fibrosis-and-palliative-care\/\">Fibrosis pulmonar<\/a><\/li>\n<li><a href=\"https:\/\/getpalliativecare.org\/es\/whatis\/disease-types\/sickle-cell-anemia-and-palliative-care\/\">Anemia falciforme<\/a><\/li>\n<li><a title=\"Accidentes cerebrovasculares y cuidados paliativos\" href=\"http:\/\/getpalliativecare.org\/es\/whatis\/disease-types\/strokeandpalliativecare\/\">Ataque<\/a><\/li>\n<\/ul>","protected":false},"excerpt":{"rendered":"<p>El objetivo de los cuidados paliativos es mejorar la calidad de vida. Los especialistas en cuidados paliativos tratan a personas que padecen muchos tipos de enfermedades y enfermedades cr\u00f3nicas. Estas incluyen c\u00e1ncer, enfermedades card\u00edacas como insuficiencia card\u00edaca, enfermedad pulmonar obstructiva cr\u00f3nica (EPOC), insuficiencia renal, Alzheimer, Parkinson, esclerosis lateral amiotr\u00f3fica (ELA) y muchas m\u00e1s. Los cuidados paliativos tambi\u00e9n son esenciales para los pacientes... <\/p>","protected":false},"author":1,"featured_media":0,"parent":43534,"menu_order":0,"comment_status":"open","ping_status":"closed","template":"template-whatis.php","meta":{"_acf_changed":false,"footnotes":""},"class_list":["post-46819","page","type-page","status-publish","hentry"],"acf":[],"yoast_head":"<!-- This site is optimized with the Yoast SEO plugin v26.6 - https:\/\/yoast.com\/wordpress\/plugins\/seo\/ -->\n<title>Palliative Care and Disease Types | Get Palliative Care<\/title>\n<meta name=\"description\" content=\"Palliative care specialists treat people suffering from serious disease types and chronic illnesses, including cancer, heart failure, and many more.\" \/>\n<meta name=\"robots\" content=\"index, follow, max-snippet:-1, max-image-preview:large, max-video-preview:-1\" \/>\n<link rel=\"canonical\" href=\"https:\/\/getpalliativecare.org\/es\/whatis\/disease-types\/\" \/>\n<meta name=\"twitter:card\" content=\"summary_large_image\" \/>\n<meta name=\"twitter:title\" content=\"Palliative Care and Disease Types | Get Palliative Care\" \/>\n<meta name=\"twitter:description\" content=\"Palliative care specialists treat people suffering from serious disease types and chronic illnesses, including cancer, heart failure, and many more.\" \/>\n<meta name=\"twitter:site\" content=\"@GetPalliative\" \/>\n<meta name=\"twitter:label1\" content=\"Tiempo de lectura\" \/>\n\t<meta name=\"twitter:data1\" content=\"1 minuto\" \/>\n<script type=\"application\/ld+json\" class=\"yoast-schema-graph\">{\"@context\":\"https:\/\/schema.org\",\"@graph\":[{\"@type\":\"WebPage\",\"@id\":\"https:\/\/getpalliativecare.org\/whatis\/disease-types\/\",\"url\":\"https:\/\/getpalliativecare.org\/whatis\/disease-types\/\",\"name\":\"Palliative Care and Disease Types | Get Palliative Care\",\"isPartOf\":{\"@id\":\"https:\/\/getpalliativecare.org\/#website\"},\"datePublished\":\"2014-05-07T16:26:45+00:00\",\"dateModified\":\"2023-12-14T19:12:54+00:00\",\"description\":\"Palliative care specialists treat people suffering from serious disease types and chronic illnesses, including cancer, heart failure, and many more.\",\"breadcrumb\":{\"@id\":\"https:\/\/getpalliativecare.org\/whatis\/disease-types\/#breadcrumb\"},\"inLanguage\":\"es\",\"potentialAction\":[{\"@type\":\"ReadAction\",\"target\":[\"https:\/\/getpalliativecare.org\/whatis\/disease-types\/\"]}]},{\"@type\":\"BreadcrumbList\",\"@id\":\"https:\/\/getpalliativecare.org\/whatis\/disease-types\/#breadcrumb\",\"itemListElement\":[{\"@type\":\"ListItem\",\"position\":1,\"name\":\"What is Palliative Care?\",\"item\":\"https:\/\/getpalliativecare.org\/whatis\/\"},{\"@type\":\"ListItem\",\"position\":2,\"name\":\"Disease Types and Palliative Care\"}]},{\"@type\":\"WebSite\",\"@id\":\"https:\/\/getpalliativecare.org\/#website\",\"url\":\"https:\/\/getpalliativecare.org\/\",\"name\":\"Get Palliative Care\",\"description\":\"Palliative care is specialized care focused on the pain, symptoms and stress of serious illness.  Find a hospital or medical center in your area that has a palliative care program.\",\"potentialAction\":[{\"@type\":\"SearchAction\",\"target\":{\"@type\":\"EntryPoint\",\"urlTemplate\":\"https:\/\/getpalliativecare.org\/?s={search_term_string}\"},\"query-input\":{\"@type\":\"PropertyValueSpecification\",\"valueRequired\":true,\"valueName\":\"search_term_string\"}}],\"inLanguage\":\"es\"}]}<\/script>\n<!-- \/ Yoast SEO plugin. -->","yoast_head_json":{"title":"Cuidados paliativos y tipos de enfermedades | Reciba cuidados paliativos","description":"Los especialistas en cuidados paliativos tratan a personas que padecen enfermedades graves y cr\u00f3nicas, como c\u00e1ncer, insuficiencia card\u00edaca y muchas m\u00e1s.","robots":{"index":"index","follow":"follow","max-snippet":"max-snippet:-1","max-image-preview":"max-image-preview:large","max-video-preview":"max-video-preview:-1"},"canonical":"https:\/\/getpalliativecare.org\/es\/whatis\/disease-types\/","twitter_card":"summary_large_image","twitter_title":"Palliative Care and Disease Types | Get Palliative Care","twitter_description":"Palliative care specialists treat people suffering from serious disease types and chronic illnesses, including cancer, heart failure, and many more.","twitter_site":"@GetPalliative","twitter_misc":{"Tiempo de lectura":"1 minuto"},"schema":{"@context":"https:\/\/schema.org","@graph":[{"@type":"WebPage","@id":"https:\/\/getpalliativecare.org\/whatis\/disease-types\/","url":"https:\/\/getpalliativecare.org\/whatis\/disease-types\/","name":"Cuidados paliativos y tipos de enfermedades | Reciba cuidados paliativos","isPartOf":{"@id":"https:\/\/getpalliativecare.org\/#website"},"datePublished":"2014-05-07T16:26:45+00:00","dateModified":"2023-12-14T19:12:54+00:00","description":"Los especialistas en cuidados paliativos tratan a personas que padecen enfermedades graves y cr\u00f3nicas, como c\u00e1ncer, insuficiencia card\u00edaca y muchas m\u00e1s.","breadcrumb":{"@id":"https:\/\/getpalliativecare.org\/whatis\/disease-types\/#breadcrumb"},"inLanguage":"es","potentialAction":[{"@type":"ReadAction","target":["https:\/\/getpalliativecare.org\/whatis\/disease-types\/"]}]},{"@type":"BreadcrumbList","@id":"https:\/\/getpalliativecare.org\/whatis\/disease-types\/#breadcrumb","itemListElement":[{"@type":"ListItem","position":1,"name":"What is Palliative Care?","item":"https:\/\/getpalliativecare.org\/whatis\/"},{"@type":"ListItem","position":2,"name":"Disease Types and Palliative Care"}]},{"@type":"WebSite","@id":"https:\/\/getpalliativecare.org\/#website","url":"https:\/\/getpalliativecare.org\/","name":"Obtenga cuidados paliativos","description":"Los cuidados paliativos son cuidados especializados centrados en el dolor, los s\u00edntomas y el estr\u00e9s de una enfermedad grave. Encuentre un hospital o centro m\u00e9dico en su \u00e1rea que tenga un programa de cuidados paliativos.","potentialAction":[{"@type":"SearchAction","target":{"@type":"EntryPoint","urlTemplate":"https:\/\/getpalliativecare.org\/?s={search_term_string}"},"query-input":{"@type":"PropertyValueSpecification","valueRequired":true,"valueName":"search_term_string"}}],"inLanguage":"es"}]}},"_links":{"self":[{"href":"https:\/\/getpalliativecare.org\/es\/wp-json\/wp\/v2\/pages\/46819","targetHints":{"allow":["GET"]}}],"collection":[{"href":"https:\/\/getpalliativecare.org\/es\/wp-json\/wp\/v2\/pages"}],"about":[{"href":"https:\/\/getpalliativecare.org\/es\/wp-json\/wp\/v2\/types\/page"}],"author":[{"embeddable":true,"href":"https:\/\/getpalliativecare.org\/es\/wp-json\/wp\/v2\/users\/1"}],"replies":[{"embeddable":true,"href":"https:\/\/getpalliativecare.org\/es\/wp-json\/wp\/v2\/comments?post=46819"}],"version-history":[{"count":0,"href":"https:\/\/getpalliativecare.org\/es\/wp-json\/wp\/v2\/pages\/46819\/revisions"}],"up":[{"embeddable":true,"href":"https:\/\/getpalliativecare.org\/es\/wp-json\/wp\/v2\/pages\/43534"}],"wp:attachment":[{"href":"https:\/\/getpalliativecare.org\/es\/wp-json\/wp\/v2\/media?parent=46819"}],"curies":[{"name":"gracias","href":"https:\/\/api.w.org\/{rel}","templated":true}]}}