{"id":46076,"date":"2012-09-27T10:31:05","date_gmt":"2012-09-27T14:31:05","guid":{"rendered":"http:\/\/getpalliativecare.org\/?page_id=46076"},"modified":"2018-12-30T10:09:49","modified_gmt":"2018-12-30T15:09:49","slug":"where-your-child-can-receive-pediatric-palliative-care","status":"publish","type":"page","link":"https:\/\/getpalliativecare.org\/es\/whatis\/pediatric\/where-your-child-can-receive-pediatric-palliative-care\/","title":{"rendered":"D\u00f3nde su hijo puede recibir cuidados paliativos pedi\u00e1tricos"},"content":{"rendered":"<p>Las familias suelen conocer por primera vez al pediatra <a href=\"https:\/\/getpalliativecare.org\/es\/whatis\/\">equipo de cuidados paliativos<\/a> en la cita del hospital o cl\u00ednica. Las visitas de seguimiento tambi\u00e9n pueden realizarse en cualquiera de estos lugares. Sin embargo, muchos equipos seguir\u00e1n ofreciendo atenci\u00f3n y apoyo por tel\u00e9fono y visitas domiciliarias una vez que el ni\u00f1o est\u00e9 en casa.<\/p>\n<p>El ambiente hogare\u00f1o puede ser el lugar m\u00e1s reconfortante y seguro para un ni\u00f1o que enfrenta una enfermedad grave. Los cuidados paliativos en el hogar suelen contar con la ayuda de una agencia de enfermer\u00eda a domicilio, una agencia de atenci\u00f3n comunitaria y el m\u00e9dico de cabecera del ni\u00f1o. Algunos equipos de cuidados paliativos pedi\u00e1tricos incluso ofrecen a las familias acceso las 24 horas, los 7 d\u00edas de la semana para que puedan llamar de d\u00eda o de noche si tienen preguntas.<\/p>\n<div class=\"story\">\n<h2>La historia de Marley<\/h2>\n<p>Marley es una ni\u00f1a de cuatro meses con una hermana gemela. Ella estaba creciendo y prosperando lentamente hasta que un d\u00eda comenz\u00f3 a tener convulsiones y problemas para respirar. Fue hospitalizada y le diagnosticaron una afecci\u00f3n grave relacionada con la forma en que su cuerpo procesa las grasas y las prote\u00ednas. La unidad de cuidados intensivos (UCI) llam\u00f3 al equipo de cuidados paliativos pedi\u00e1tricos.<\/p>\n<p>Los padres de Marley quer\u00edan traer a su hija a casa tan pronto como fuera seguro darle el alta. Junto con los neur\u00f3logos y el equipo de la UCI, el equipo de cuidados paliativos ayud\u00f3 a organizar que Marley recibiera atenci\u00f3n en casa centrada en aumentar su comodidad. Los m\u00e9dicos de cuidados paliativos trabajaron estrechamente con sus enfermeras de atenci\u00f3n domiciliaria y su neur\u00f3logo primario para tratar los s\u00edntomas de Marley.<\/p>\n<p>Durante una visita domiciliaria, la madre de Marley le mencion\u00f3 a uno de los m\u00e9dicos: \u201cUna vez que Marley se enferm\u00f3 y nos dimos cuenta de lo grave que era su condici\u00f3n, no pensamos que alguna vez podr\u00edamos llevarla a casa. Cuando uno se enfrenta a tal devastaci\u00f3n, su esperanza cambia. Todo lo que esper\u00e1bamos era tener a nuestras dos hijas en casa, juntas, como una familia\u201d.<\/p>\n<p>Los equipos de cuidados paliativos pedi\u00e1tricos, como todos los equipos de cuidados paliativos, se centran en mejorar la calidad de vida tanto del paciente como de la familia. Esto implica controlar los s\u00edntomas del ni\u00f1o y brindarle apoyo. El equipo analiza el panorama completo mientras trabaja junto con el equipo m\u00e9dico primario.<\/p>\n<p>Los cuidados paliativos se basan en la necesidad, no en el pron\u00f3stico. Por eso, la clave es adoptar medidas paliativas en las primeras etapas de la enfermedad.<\/p>\n<p>buscar el <a href=\"https:\/\/getpalliativecare.org\/es\/howtoget\/find-a-palliative-care-team\/\">Directorio de proveedores de cuidados paliativos<\/a> para encontrar cuidados paliativos en su \u00e1rea. Luego p\u00eddale una derivaci\u00f3n a su m\u00e9dico.<\/p>\n<\/div>","protected":false},"excerpt":{"rendered":"<p>Las familias suelen conocer por primera vez al equipo de cuidados paliativos pedi\u00e1tricos en la cita en el hospital o en la cl\u00ednica. Las visitas de seguimiento tambi\u00e9n pueden realizarse en cualquiera de estos lugares. Sin embargo, muchos equipos seguir\u00e1n ofreciendo atenci\u00f3n y apoyo por tel\u00e9fono y visitas domiciliarias una vez que el ni\u00f1o est\u00e9 en casa. El ambiente hogare\u00f1o puede ser el m\u00e1s reconfortante\u2026 <\/p>","protected":false},"author":1,"featured_media":0,"parent":43558,"menu_order":0,"comment_status":"open","ping_status":"open","template":"template-whatis.php","meta":{"_acf_changed":false,"footnotes":""},"class_list":["post-46076","page","type-page","status-publish","hentry"],"acf":[],"yoast_head":"<!-- This site is optimized with the Yoast SEO plugin v26.6 - https:\/\/yoast.com\/wordpress\/plugins\/seo\/ -->\n<title>Where to Receive Pediatric Palliative Care | Get Palliative Care<\/title>\n<meta name=\"description\" content=\"Pediatric palliative care is received at the hospital or clinic and support via telephone and home visits once the child is at home.\" \/>\n<meta name=\"robots\" content=\"index, follow, max-snippet:-1, max-image-preview:large, max-video-preview:-1\" \/>\n<link rel=\"canonical\" href=\"https:\/\/getpalliativecare.org\/es\/whatis\/pediatric\/where-your-child-can-receive-pediatric-palliative-care\/\" \/>\n<meta name=\"twitter:card\" content=\"summary_large_image\" \/>\n<meta name=\"twitter:title\" content=\"Where to Receive Pediatric Palliative Care | Get Palliative Care\" \/>\n<meta name=\"twitter:description\" content=\"Pediatric palliative care is received at the hospital or clinic and support via telephone and home visits once the child is at home.\" \/>\n<meta name=\"twitter:site\" content=\"@GetPalliative\" \/>\n<meta name=\"twitter:label1\" content=\"Tiempo de lectura\" \/>\n\t<meta name=\"twitter:data1\" content=\"2 minutos\" \/>\n<script type=\"application\/ld+json\" class=\"yoast-schema-graph\">{\"@context\":\"https:\/\/schema.org\",\"@graph\":[{\"@type\":\"WebPage\",\"@id\":\"https:\/\/getpalliativecare.org\/whatis\/pediatric\/where-your-child-can-receive-pediatric-palliative-care\/\",\"url\":\"https:\/\/getpalliativecare.org\/whatis\/pediatric\/where-your-child-can-receive-pediatric-palliative-care\/\",\"name\":\"Where to Receive Pediatric Palliative Care | Get Palliative Care\",\"isPartOf\":{\"@id\":\"https:\/\/getpalliativecare.org\/#website\"},\"datePublished\":\"2012-09-27T14:31:05+00:00\",\"dateModified\":\"2018-12-30T15:09:49+00:00\",\"description\":\"Pediatric palliative care is received at the hospital or clinic and support via telephone and home visits once the child is at home.\",\"breadcrumb\":{\"@id\":\"https:\/\/getpalliativecare.org\/whatis\/pediatric\/where-your-child-can-receive-pediatric-palliative-care\/#breadcrumb\"},\"inLanguage\":\"es\",\"potentialAction\":[{\"@type\":\"ReadAction\",\"target\":[\"https:\/\/getpalliativecare.org\/whatis\/pediatric\/where-your-child-can-receive-pediatric-palliative-care\/\"]}]},{\"@type\":\"BreadcrumbList\",\"@id\":\"https:\/\/getpalliativecare.org\/whatis\/pediatric\/where-your-child-can-receive-pediatric-palliative-care\/#breadcrumb\",\"itemListElement\":[{\"@type\":\"ListItem\",\"position\":1,\"name\":\"What is Palliative Care?\",\"item\":\"https:\/\/getpalliativecare.org\/whatis\/\"},{\"@type\":\"ListItem\",\"position\":2,\"name\":\"What Is Pediatric Palliative Care?\",\"item\":\"https:\/\/getpalliativecare.org\/whatis\/pediatric\/\"},{\"@type\":\"ListItem\",\"position\":3,\"name\":\"Where Your Child Can Get Pediatric Palliative Care\"}]},{\"@type\":\"WebSite\",\"@id\":\"https:\/\/getpalliativecare.org\/#website\",\"url\":\"https:\/\/getpalliativecare.org\/\",\"name\":\"Get Palliative Care\",\"description\":\"Palliative care is specialized care focused on the pain, symptoms and stress of serious illness.  Find a hospital or medical center in your area that has a palliative care program.\",\"potentialAction\":[{\"@type\":\"SearchAction\",\"target\":{\"@type\":\"EntryPoint\",\"urlTemplate\":\"https:\/\/getpalliativecare.org\/?s={search_term_string}\"},\"query-input\":{\"@type\":\"PropertyValueSpecification\",\"valueRequired\":true,\"valueName\":\"search_term_string\"}}],\"inLanguage\":\"es\"}]}<\/script>\n<!-- \/ Yoast SEO plugin. -->","yoast_head_json":{"title":"D\u00f3nde recibir cuidados paliativos pedi\u00e1tricos | Recibir cuidados paliativos","description":"Los cuidados paliativos pedi\u00e1tricos se reciben en el hospital o cl\u00ednica y apoyo v\u00eda tel\u00e9fono y visitas domiciliarias una vez que el ni\u00f1o est\u00e1 en casa.","robots":{"index":"index","follow":"follow","max-snippet":"max-snippet:-1","max-image-preview":"max-image-preview:large","max-video-preview":"max-video-preview:-1"},"canonical":"https:\/\/getpalliativecare.org\/es\/whatis\/pediatric\/where-your-child-can-receive-pediatric-palliative-care\/","twitter_card":"summary_large_image","twitter_title":"Where to Receive Pediatric Palliative Care | Get Palliative Care","twitter_description":"Pediatric palliative care is received at the hospital or clinic and support via telephone and home visits once the child is at home.","twitter_site":"@GetPalliative","twitter_misc":{"Tiempo de lectura":"2 minutos"},"schema":{"@context":"https:\/\/schema.org","@graph":[{"@type":"WebPage","@id":"https:\/\/getpalliativecare.org\/whatis\/pediatric\/where-your-child-can-receive-pediatric-palliative-care\/","url":"https:\/\/getpalliativecare.org\/whatis\/pediatric\/where-your-child-can-receive-pediatric-palliative-care\/","name":"D\u00f3nde recibir cuidados paliativos pedi\u00e1tricos | Recibir cuidados paliativos","isPartOf":{"@id":"https:\/\/getpalliativecare.org\/#website"},"datePublished":"2012-09-27T14:31:05+00:00","dateModified":"2018-12-30T15:09:49+00:00","description":"Los cuidados paliativos pedi\u00e1tricos se reciben en el hospital o cl\u00ednica y apoyo v\u00eda tel\u00e9fono y visitas domiciliarias una vez que el ni\u00f1o est\u00e1 en casa.","breadcrumb":{"@id":"https:\/\/getpalliativecare.org\/whatis\/pediatric\/where-your-child-can-receive-pediatric-palliative-care\/#breadcrumb"},"inLanguage":"es","potentialAction":[{"@type":"ReadAction","target":["https:\/\/getpalliativecare.org\/whatis\/pediatric\/where-your-child-can-receive-pediatric-palliative-care\/"]}]},{"@type":"BreadcrumbList","@id":"https:\/\/getpalliativecare.org\/whatis\/pediatric\/where-your-child-can-receive-pediatric-palliative-care\/#breadcrumb","itemListElement":[{"@type":"ListItem","position":1,"name":"What is Palliative Care?","item":"https:\/\/getpalliativecare.org\/whatis\/"},{"@type":"ListItem","position":2,"name":"What Is Pediatric Palliative Care?","item":"https:\/\/getpalliativecare.org\/whatis\/pediatric\/"},{"@type":"ListItem","position":3,"name":"Where Your Child Can Get Pediatric Palliative Care"}]},{"@type":"WebSite","@id":"https:\/\/getpalliativecare.org\/#website","url":"https:\/\/getpalliativecare.org\/","name":"Obtenga cuidados paliativos","description":"Los cuidados paliativos son cuidados especializados centrados en el dolor, los s\u00edntomas y el estr\u00e9s de una enfermedad grave. Encuentre un hospital o centro m\u00e9dico en su \u00e1rea que tenga un programa de cuidados paliativos.","potentialAction":[{"@type":"SearchAction","target":{"@type":"EntryPoint","urlTemplate":"https:\/\/getpalliativecare.org\/?s={search_term_string}"},"query-input":{"@type":"PropertyValueSpecification","valueRequired":true,"valueName":"search_term_string"}}],"inLanguage":"es"}]}},"_links":{"self":[{"href":"https:\/\/getpalliativecare.org\/es\/wp-json\/wp\/v2\/pages\/46076","targetHints":{"allow":["GET"]}}],"collection":[{"href":"https:\/\/getpalliativecare.org\/es\/wp-json\/wp\/v2\/pages"}],"about":[{"href":"https:\/\/getpalliativecare.org\/es\/wp-json\/wp\/v2\/types\/page"}],"author":[{"embeddable":true,"href":"https:\/\/getpalliativecare.org\/es\/wp-json\/wp\/v2\/users\/1"}],"replies":[{"embeddable":true,"href":"https:\/\/getpalliativecare.org\/es\/wp-json\/wp\/v2\/comments?post=46076"}],"version-history":[{"count":0,"href":"https:\/\/getpalliativecare.org\/es\/wp-json\/wp\/v2\/pages\/46076\/revisions"}],"up":[{"embeddable":true,"href":"https:\/\/getpalliativecare.org\/es\/wp-json\/wp\/v2\/pages\/43558"}],"wp:attachment":[{"href":"https:\/\/getpalliativecare.org\/es\/wp-json\/wp\/v2\/media?parent=46076"}],"curies":[{"name":"gracias","href":"https:\/\/api.w.org\/{rel}","templated":true}]}}