{"id":46073,"date":"2012-09-27T10:29:13","date_gmt":"2012-09-27T14:29:13","guid":{"rendered":"http:\/\/getpalliativecare.org\/?page_id=46073"},"modified":"2018-12-30T10:11:19","modified_gmt":"2018-12-30T15:11:19","slug":"adult-vs-pediatric-palliative-care","status":"publish","type":"page","link":"https:\/\/getpalliativecare.org\/es\/whatis\/pediatric\/adult-vs-pediatric-palliative-care\/","title":{"rendered":"Cuidados paliativos pedi\u00e1tricos versus adultos"},"content":{"rendered":"<p>Las personas que cuidan a ni\u00f1os enfermos saben que sus necesidades son muy diferentes a las de los pacientes adultos. Como sabe cualquiera que trabaja en pediatr\u00eda, \u00a1los ni\u00f1os no son simplemente adultos peque\u00f1os!<\/p>\n<p>Los ni\u00f1os experimentan una variedad de enfermedades complejas que no se observan en los adultos. Incluso las enfermedades que se observan en adultos pueden actuar de manera diferente en los ni\u00f1os debido a su anatom\u00eda y fisiolog\u00eda \u00fanicas. Los ni\u00f1os tambi\u00e9n crecen y se desarrollan a medida que atraviesan una enfermedad. Por lo tanto, toda la atenci\u00f3n m\u00e9dica especializada, incluidos los cuidados paliativos, debe adaptarse para satisfacer las necesidades de los beb\u00e9s, ni\u00f1os y adolescentes.<\/p>\n<p>Los cuidados paliativos pueden ser \u00fatiles para todas las personas que viven con una enfermedad grave y en cualquier etapa de su enfermedad. Este es particularmente el caso de los ni\u00f1os, porque son resistentes a las enfermedades de una manera que los adultos no lo son.<\/p>\n<p>Las similitudes incluyen:<\/p>\n<ul>\n<li>Los cuidados paliativos pueden comenzar al comienzo de una enfermedad y administrarse junto con un tratamiento destinado a curar.<\/li>\n<li>Los cuidados paliativos tienen como objetivo mejorar la calidad de vida aliviando los s\u00edntomas angustiantes.<\/li>\n<li>El equipo ayuda a tomar decisiones y a determinar los objetivos de atenci\u00f3n.<\/li>\n<li>Los cuidados paliativos son atenci\u00f3n m\u00e9dica pero tambi\u00e9n involucran un equipo de diferentes disciplinas que incluye m\u00e9dicos, enfermeras, trabajadores sociales y otros.<\/li>\n<\/ul>\n<p>Las diferencias incluyen:<\/p>\n<ul>\n<li>Tener una enfermedad grave no es una condici\u00f3n \u201cnormal\u201d para la mayor\u00eda de los ni\u00f1os. Esto presenta desaf\u00edos \u00fanicos en el cuidado de los ni\u00f1os y sus familias.<\/li>\n<li>Las decisiones m\u00e9dicas de los ni\u00f1os peque\u00f1os generalmente las toman sus cuidadores familiares. Los pacientes adultos pueden tomar sus propias decisiones.<\/li>\n<li>Los cuidados paliativos pedi\u00e1tricos tambi\u00e9n pueden involucrar a un terapeuta de juego, un terapeuta de vida infantil y\/o un especialista en comportamiento infantil.<\/li>\n<\/ul>","protected":false},"excerpt":{"rendered":"<p>Las personas que cuidan a ni\u00f1os enfermos saben que sus necesidades son muy diferentes a las de los pacientes adultos. Como sabe cualquiera que trabaja en pediatr\u00eda, \u00a1los ni\u00f1os no son simplemente adultos peque\u00f1os! Los ni\u00f1os experimentan una variedad de enfermedades complejas que no se observan en los adultos. Incluso las enfermedades que se observan en adultos pueden actuar de manera diferente en... <\/p>","protected":false},"author":1,"featured_media":0,"parent":43558,"menu_order":0,"comment_status":"open","ping_status":"open","template":"template-whatis.php","meta":{"_acf_changed":false,"footnotes":""},"class_list":["post-46073","page","type-page","status-publish","hentry"],"acf":[],"yoast_head":"<!-- This site is optimized with the Yoast SEO plugin v26.6 - https:\/\/yoast.com\/wordpress\/plugins\/seo\/ -->\n<title>Adult vs. Pediatric Palliative Care | Get Palliative Care<\/title>\n<meta name=\"description\" content=\"Information on the differences of adult vs. pediatric palliative care. Palliative care helps patients with serious illness at any stage of their disease.\" \/>\n<meta name=\"robots\" content=\"index, follow, max-snippet:-1, max-image-preview:large, max-video-preview:-1\" \/>\n<link rel=\"canonical\" href=\"https:\/\/getpalliativecare.org\/es\/whatis\/pediatric\/adult-vs-pediatric-palliative-care\/\" \/>\n<meta name=\"twitter:card\" content=\"summary_large_image\" \/>\n<meta name=\"twitter:title\" content=\"Adult vs. Pediatric Palliative Care | Get Palliative Care\" \/>\n<meta name=\"twitter:description\" content=\"Information on the differences of adult vs. pediatric palliative care. Palliative care helps patients with serious illness at any stage of their disease.\" \/>\n<meta name=\"twitter:site\" content=\"@GetPalliative\" \/>\n<meta name=\"twitter:label1\" content=\"Tiempo de lectura\" \/>\n\t<meta name=\"twitter:data1\" content=\"1 minuto\" \/>\n<script type=\"application\/ld+json\" class=\"yoast-schema-graph\">{\"@context\":\"https:\/\/schema.org\",\"@graph\":[{\"@type\":\"WebPage\",\"@id\":\"https:\/\/getpalliativecare.org\/whatis\/pediatric\/adult-vs-pediatric-palliative-care\/\",\"url\":\"https:\/\/getpalliativecare.org\/whatis\/pediatric\/adult-vs-pediatric-palliative-care\/\",\"name\":\"Adult vs. Pediatric Palliative Care | Get Palliative Care\",\"isPartOf\":{\"@id\":\"https:\/\/getpalliativecare.org\/#website\"},\"datePublished\":\"2012-09-27T14:29:13+00:00\",\"dateModified\":\"2018-12-30T15:11:19+00:00\",\"description\":\"Information on the differences of adult vs. pediatric palliative care. Palliative care helps patients with serious illness at any stage of their disease.\",\"breadcrumb\":{\"@id\":\"https:\/\/getpalliativecare.org\/whatis\/pediatric\/adult-vs-pediatric-palliative-care\/#breadcrumb\"},\"inLanguage\":\"es\",\"potentialAction\":[{\"@type\":\"ReadAction\",\"target\":[\"https:\/\/getpalliativecare.org\/whatis\/pediatric\/adult-vs-pediatric-palliative-care\/\"]}]},{\"@type\":\"BreadcrumbList\",\"@id\":\"https:\/\/getpalliativecare.org\/whatis\/pediatric\/adult-vs-pediatric-palliative-care\/#breadcrumb\",\"itemListElement\":[{\"@type\":\"ListItem\",\"position\":1,\"name\":\"What is Palliative Care?\",\"item\":\"https:\/\/getpalliativecare.org\/whatis\/\"},{\"@type\":\"ListItem\",\"position\":2,\"name\":\"What Is Pediatric Palliative Care?\",\"item\":\"https:\/\/getpalliativecare.org\/whatis\/pediatric\/\"},{\"@type\":\"ListItem\",\"position\":3,\"name\":\"Pediatric vs. Adult Palliative Care\"}]},{\"@type\":\"WebSite\",\"@id\":\"https:\/\/getpalliativecare.org\/#website\",\"url\":\"https:\/\/getpalliativecare.org\/\",\"name\":\"Get Palliative Care\",\"description\":\"Palliative care is specialized care focused on the pain, symptoms and stress of serious illness.  Find a hospital or medical center in your area that has a palliative care program.\",\"potentialAction\":[{\"@type\":\"SearchAction\",\"target\":{\"@type\":\"EntryPoint\",\"urlTemplate\":\"https:\/\/getpalliativecare.org\/?s={search_term_string}\"},\"query-input\":{\"@type\":\"PropertyValueSpecification\",\"valueRequired\":true,\"valueName\":\"search_term_string\"}}],\"inLanguage\":\"es\"}]}<\/script>\n<!-- \/ Yoast SEO plugin. -->","yoast_head_json":{"title":"Cuidados paliativos para adultos vs. pedi\u00e1tricos | Reciba cuidados paliativos","description":"Informaci\u00f3n sobre las diferencias entre los cuidados paliativos en adultos y ni\u00f1os. Los cuidados paliativos ayudan a pacientes con enfermedades graves en cualquier etapa de su enfermedad.","robots":{"index":"index","follow":"follow","max-snippet":"max-snippet:-1","max-image-preview":"max-image-preview:large","max-video-preview":"max-video-preview:-1"},"canonical":"https:\/\/getpalliativecare.org\/es\/whatis\/pediatric\/adult-vs-pediatric-palliative-care\/","twitter_card":"summary_large_image","twitter_title":"Adult vs. Pediatric Palliative Care | Get Palliative Care","twitter_description":"Information on the differences of adult vs. pediatric palliative care. Palliative care helps patients with serious illness at any stage of their disease.","twitter_site":"@GetPalliative","twitter_misc":{"Tiempo de lectura":"1 minuto"},"schema":{"@context":"https:\/\/schema.org","@graph":[{"@type":"WebPage","@id":"https:\/\/getpalliativecare.org\/whatis\/pediatric\/adult-vs-pediatric-palliative-care\/","url":"https:\/\/getpalliativecare.org\/whatis\/pediatric\/adult-vs-pediatric-palliative-care\/","name":"Cuidados paliativos para adultos vs. pedi\u00e1tricos | Reciba cuidados paliativos","isPartOf":{"@id":"https:\/\/getpalliativecare.org\/#website"},"datePublished":"2012-09-27T14:29:13+00:00","dateModified":"2018-12-30T15:11:19+00:00","description":"Informaci\u00f3n sobre las diferencias entre los cuidados paliativos en adultos y ni\u00f1os. Los cuidados paliativos ayudan a pacientes con enfermedades graves en cualquier etapa de su enfermedad.","breadcrumb":{"@id":"https:\/\/getpalliativecare.org\/whatis\/pediatric\/adult-vs-pediatric-palliative-care\/#breadcrumb"},"inLanguage":"es","potentialAction":[{"@type":"ReadAction","target":["https:\/\/getpalliativecare.org\/whatis\/pediatric\/adult-vs-pediatric-palliative-care\/"]}]},{"@type":"BreadcrumbList","@id":"https:\/\/getpalliativecare.org\/whatis\/pediatric\/adult-vs-pediatric-palliative-care\/#breadcrumb","itemListElement":[{"@type":"ListItem","position":1,"name":"What is Palliative Care?","item":"https:\/\/getpalliativecare.org\/whatis\/"},{"@type":"ListItem","position":2,"name":"What Is Pediatric Palliative Care?","item":"https:\/\/getpalliativecare.org\/whatis\/pediatric\/"},{"@type":"ListItem","position":3,"name":"Pediatric vs. Adult Palliative Care"}]},{"@type":"WebSite","@id":"https:\/\/getpalliativecare.org\/#website","url":"https:\/\/getpalliativecare.org\/","name":"Obtenga cuidados paliativos","description":"Los cuidados paliativos son cuidados especializados centrados en el dolor, los s\u00edntomas y el estr\u00e9s de una enfermedad grave. Encuentre un hospital o centro m\u00e9dico en su \u00e1rea que tenga un programa de cuidados paliativos.","potentialAction":[{"@type":"SearchAction","target":{"@type":"EntryPoint","urlTemplate":"https:\/\/getpalliativecare.org\/?s={search_term_string}"},"query-input":{"@type":"PropertyValueSpecification","valueRequired":true,"valueName":"search_term_string"}}],"inLanguage":"es"}]}},"_links":{"self":[{"href":"https:\/\/getpalliativecare.org\/es\/wp-json\/wp\/v2\/pages\/46073","targetHints":{"allow":["GET"]}}],"collection":[{"href":"https:\/\/getpalliativecare.org\/es\/wp-json\/wp\/v2\/pages"}],"about":[{"href":"https:\/\/getpalliativecare.org\/es\/wp-json\/wp\/v2\/types\/page"}],"author":[{"embeddable":true,"href":"https:\/\/getpalliativecare.org\/es\/wp-json\/wp\/v2\/users\/1"}],"replies":[{"embeddable":true,"href":"https:\/\/getpalliativecare.org\/es\/wp-json\/wp\/v2\/comments?post=46073"}],"version-history":[{"count":0,"href":"https:\/\/getpalliativecare.org\/es\/wp-json\/wp\/v2\/pages\/46073\/revisions"}],"up":[{"embeddable":true,"href":"https:\/\/getpalliativecare.org\/es\/wp-json\/wp\/v2\/pages\/43558"}],"wp:attachment":[{"href":"https:\/\/getpalliativecare.org\/es\/wp-json\/wp\/v2\/media?parent=46073"}],"curies":[{"name":"gracias","href":"https:\/\/api.w.org\/{rel}","templated":true}]}}