{"id":46071,"date":"2012-09-27T10:27:27","date_gmt":"2012-09-27T14:27:27","guid":{"rendered":"http:\/\/getpalliativecare.org\/?page_id=46071"},"modified":"2022-05-02T17:19:20","modified_gmt":"2022-05-02T21:19:20","slug":"how-palliative-care-helps-parents-and-other-loved-ones","status":"publish","type":"page","link":"https:\/\/getpalliativecare.org\/es\/whatis\/pediatric\/how-palliative-care-helps-parents-and-other-loved-ones\/","title":{"rendered":"C\u00f3mo los cuidados paliativos ayudan a los padres y otros seres queridos"},"content":{"rendered":"<p>Los cuidados paliativos pedi\u00e1tricos reconocen que muchas personas se ven afectadas por la enfermedad de un ni\u00f1o, especialmente los padres, hermanos y otros miembros de la familia. Esto tambi\u00e9n incluye a familiares, compa\u00f1eros de clase y amigos. Brindar apoyo a cualquier persona en la vida de un ni\u00f1o enfermo es una parte importante de los cuidados paliativos.<\/p>\n<p>El enfoque de equipo de los cuidados paliativos aborda diferentes necesidades y prioridades y puede ser flexible a medida que cambian las necesidades. Algunos miembros de la familia pueden beneficiarse de las remisiones a asesoramiento individual o familiar. Algunos hermanos pueden recibir apoyo a trav\u00e9s de terapias pedi\u00e1tricas como programas de vida infantil, arte o m\u00fasica.<\/p>\n<p>Muchos padres tienen dificultades para hablar con sus hijos sobre las enfermedades. Muchos hermanos tambi\u00e9n luchan. El equipo de cuidados paliativos puede brindar orientaci\u00f3n, recursos y conexiones con recursos apropiados para cualquier persona involucrada en la vida de un ni\u00f1o, incluida la escuela y la comunidad.<\/p>\n<p>Para los padres en particular, lidiar con el complejo sistema m\u00e9dico puede ser una tarea dif\u00edcil y preocupante. Muchos ni\u00f1os gravemente enfermos tienen muchos proveedores m\u00e9dicos que los atienden y reciben tratamiento en m\u00e1s de un lugar. Esto puede hacer que los padres se sientan abrumados y confundidos por la cantidad de informaci\u00f3n que reciben.<\/p>\n<p>Los padres tambi\u00e9n luchan por tomar la decisi\u00f3n \u201ccorrecta\u201d para sus hijos y su familia. Estas decisiones pueden variar desde cuestiones pr\u00e1cticas (como si enviar a un ni\u00f1o a la escuela durante los tratamientos m\u00e9dicos) hasta cuestiones m\u00e1s complicadas sobre qu\u00e9 tratamientos m\u00e9dicos probar. Al dedicar tiempo a conocer al paciente y a su familia, el equipo de cuidados paliativos pedi\u00e1tricos puede ayudarlos a tomar decisiones que est\u00e9n en consonancia con sus objetivos y valores.<\/p>\n<div class=\"story\">\n<h2>La historia de Jack<\/h2>\n<p>Jack es un ni\u00f1o de dos a\u00f1os y medio que tuvo meningitis cuando era beb\u00e9 y ahora tiene graves problemas neurol\u00f3gicos. Adem\u00e1s de su familia inmediata, tiene una familia extensa muy cari\u00f1osa cuyos miembros son todos parte de su vida. Cuando se enferma y necesita ir al hospital, a menudo vienen diez o m\u00e1s personas para visitarlo y apoyarlo a \u00e9l y a sus padres.<\/p>\n<p>Seg\u00fan la madre de Jack, \u201cel equipo de cuidados paliativos es otra forma de apoyo para m\u00ed y mi familia. Me reconforta saber que est\u00e1n aqu\u00ed para toda la familia. No importa cu\u00e1ntas personas est\u00e9n con nosotros, el equipo se sentar\u00e1 con cada uno de ellos solo para ver c\u00f3mo se sienten o qu\u00e9 podr\u00edan necesitar. Realmente ayudan a mi familia a comprender lo que est\u00e1 sucediendo con Jack y respaldan nuestras decisiones por \u00e9l. Me ahorra tener que contarle a toda esta gente el tema m\u00e9dico\u201d.<\/p>\n<p><i>Para obtener recursos adicionales (videos, podcasts, gu\u00edas descargables) sobre c\u00f3mo apoyar a toda la familia (hermanos, el matrimonio, abuelos y la familia extendida), visite <a href=\"https:\/\/urldefense.proofpoint.com\/v2\/url?u=https-3A__courageousparentsnetwork.org_topics_unit-2Dlanding-2Dpage&amp;d=DwMFaQ&amp;c=shNJtf5dKgNcPZ6Yh64b-A&amp;r=9JXDiKx0HkeTvNOgbRmh4ZaNVnCKFxs_pbrJO_jKAeY&amp;m=5jUV2cq9l0nSJE4bkdXuUuJrofkfKc829Kop6H9heNs&amp;s=uM6xxxsyiCYCfZ2-0eqKU2UJPCHZVUqgrrLJ0cFN-iY&amp;e=\" target=\"_blank\" rel=\"noopener noreferrer\" data-auth=\"NotApplicable\" data-linkindex=\"6\">https:\/\/courageousparentsnetwork.org\/topics\/unit-landing-page<\/a><\/i><\/p>\n<\/div>","protected":false},"excerpt":{"rendered":"<p>Los cuidados paliativos pedi\u00e1tricos reconocen que muchas personas se ven afectadas por la enfermedad de un ni\u00f1o, especialmente los padres, hermanos y otros miembros de la familia. Esto tambi\u00e9n incluye a familiares, compa\u00f1eros de clase y amigos. Brindar apoyo a cualquier persona en la vida de un ni\u00f1o enfermo es una parte importante de los cuidados paliativos. El enfoque de equipo de los cuidados paliativos aborda diferentes necesidades y prioridades... <\/p>","protected":false},"author":1,"featured_media":0,"parent":43558,"menu_order":0,"comment_status":"open","ping_status":"open","template":"template-whatis.php","meta":{"_acf_changed":false,"footnotes":""},"class_list":["post-46071","page","type-page","status-publish","hentry"],"acf":[],"yoast_head":"<!-- This site is optimized with the Yoast SEO plugin v26.6 - https:\/\/yoast.com\/wordpress\/plugins\/seo\/ -->\n<title>Palliative Care for Parents | Loved Ones | Get Palliative Care<\/title>\n<meta name=\"description\" content=\"Find out how palliative care helps parents and loved ones. Providing support for anyone in a sick child\u2019s life is an important part of palliative care.\" \/>\n<meta name=\"robots\" content=\"index, follow, max-snippet:-1, max-image-preview:large, max-video-preview:-1\" \/>\n<link rel=\"canonical\" href=\"https:\/\/getpalliativecare.org\/es\/whatis\/pediatric\/how-palliative-care-helps-parents-and-other-loved-ones\/\" \/>\n<meta name=\"twitter:card\" content=\"summary_large_image\" \/>\n<meta name=\"twitter:title\" content=\"Palliative Care for Parents | Loved Ones | Get Palliative Care\" \/>\n<meta name=\"twitter:description\" content=\"Find out how palliative care helps parents and loved ones. Providing support for anyone in a sick child\u2019s life is an important part of palliative care.\" \/>\n<meta name=\"twitter:site\" content=\"@GetPalliative\" \/>\n<meta name=\"twitter:label1\" content=\"Tiempo de lectura\" \/>\n\t<meta name=\"twitter:data1\" content=\"2 minutos\" \/>\n<script type=\"application\/ld+json\" class=\"yoast-schema-graph\">{\"@context\":\"https:\/\/schema.org\",\"@graph\":[{\"@type\":\"WebPage\",\"@id\":\"https:\/\/getpalliativecare.org\/whatis\/pediatric\/how-palliative-care-helps-parents-and-other-loved-ones\/\",\"url\":\"https:\/\/getpalliativecare.org\/whatis\/pediatric\/how-palliative-care-helps-parents-and-other-loved-ones\/\",\"name\":\"Palliative Care for Parents | Loved Ones | Get Palliative Care\",\"isPartOf\":{\"@id\":\"https:\/\/getpalliativecare.org\/#website\"},\"datePublished\":\"2012-09-27T14:27:27+00:00\",\"dateModified\":\"2022-05-02T21:19:20+00:00\",\"description\":\"Find out how palliative care helps parents and loved ones. Providing support for anyone in a sick child\u2019s life is an important part of palliative care.\",\"breadcrumb\":{\"@id\":\"https:\/\/getpalliativecare.org\/whatis\/pediatric\/how-palliative-care-helps-parents-and-other-loved-ones\/#breadcrumb\"},\"inLanguage\":\"es\",\"potentialAction\":[{\"@type\":\"ReadAction\",\"target\":[\"https:\/\/getpalliativecare.org\/whatis\/pediatric\/how-palliative-care-helps-parents-and-other-loved-ones\/\"]}]},{\"@type\":\"BreadcrumbList\",\"@id\":\"https:\/\/getpalliativecare.org\/whatis\/pediatric\/how-palliative-care-helps-parents-and-other-loved-ones\/#breadcrumb\",\"itemListElement\":[{\"@type\":\"ListItem\",\"position\":1,\"name\":\"What is Palliative Care?\",\"item\":\"https:\/\/getpalliativecare.org\/whatis\/\"},{\"@type\":\"ListItem\",\"position\":2,\"name\":\"What Is Pediatric Palliative Care?\",\"item\":\"https:\/\/getpalliativecare.org\/whatis\/pediatric\/\"},{\"@type\":\"ListItem\",\"position\":3,\"name\":\"How Palliative Care Helps Parents and Other Loved Ones\"}]},{\"@type\":\"WebSite\",\"@id\":\"https:\/\/getpalliativecare.org\/#website\",\"url\":\"https:\/\/getpalliativecare.org\/\",\"name\":\"Get Palliative Care\",\"description\":\"Palliative care is specialized care focused on the pain, symptoms and stress of serious illness.  Find a hospital or medical center in your area that has a palliative care program.\",\"potentialAction\":[{\"@type\":\"SearchAction\",\"target\":{\"@type\":\"EntryPoint\",\"urlTemplate\":\"https:\/\/getpalliativecare.org\/?s={search_term_string}\"},\"query-input\":{\"@type\":\"PropertyValueSpecification\",\"valueRequired\":true,\"valueName\":\"search_term_string\"}}],\"inLanguage\":\"es\"}]}<\/script>\n<!-- \/ Yoast SEO plugin. -->","yoast_head_json":{"title":"Cuidados paliativos para padres | Seres queridos | Reciba cuidados paliativos","description":"Descubra c\u00f3mo los cuidados paliativos ayudan a los padres y seres queridos. Brindar apoyo a cualquier persona en la vida de un ni\u00f1o enfermo es una parte importante de los cuidados paliativos.","robots":{"index":"index","follow":"follow","max-snippet":"max-snippet:-1","max-image-preview":"max-image-preview:large","max-video-preview":"max-video-preview:-1"},"canonical":"https:\/\/getpalliativecare.org\/es\/whatis\/pediatric\/how-palliative-care-helps-parents-and-other-loved-ones\/","twitter_card":"summary_large_image","twitter_title":"Palliative Care for Parents | Loved Ones | Get Palliative Care","twitter_description":"Find out how palliative care helps parents and loved ones. Providing support for anyone in a sick child\u2019s life is an important part of palliative care.","twitter_site":"@GetPalliative","twitter_misc":{"Tiempo de lectura":"2 minutos"},"schema":{"@context":"https:\/\/schema.org","@graph":[{"@type":"WebPage","@id":"https:\/\/getpalliativecare.org\/whatis\/pediatric\/how-palliative-care-helps-parents-and-other-loved-ones\/","url":"https:\/\/getpalliativecare.org\/whatis\/pediatric\/how-palliative-care-helps-parents-and-other-loved-ones\/","name":"Cuidados paliativos para padres | Seres queridos | Reciba cuidados paliativos","isPartOf":{"@id":"https:\/\/getpalliativecare.org\/#website"},"datePublished":"2012-09-27T14:27:27+00:00","dateModified":"2022-05-02T21:19:20+00:00","description":"Descubra c\u00f3mo los cuidados paliativos ayudan a los padres y seres queridos. Brindar apoyo a cualquier persona en la vida de un ni\u00f1o enfermo es una parte importante de los cuidados paliativos.","breadcrumb":{"@id":"https:\/\/getpalliativecare.org\/whatis\/pediatric\/how-palliative-care-helps-parents-and-other-loved-ones\/#breadcrumb"},"inLanguage":"es","potentialAction":[{"@type":"ReadAction","target":["https:\/\/getpalliativecare.org\/whatis\/pediatric\/how-palliative-care-helps-parents-and-other-loved-ones\/"]}]},{"@type":"BreadcrumbList","@id":"https:\/\/getpalliativecare.org\/whatis\/pediatric\/how-palliative-care-helps-parents-and-other-loved-ones\/#breadcrumb","itemListElement":[{"@type":"ListItem","position":1,"name":"What is Palliative Care?","item":"https:\/\/getpalliativecare.org\/whatis\/"},{"@type":"ListItem","position":2,"name":"What Is Pediatric Palliative Care?","item":"https:\/\/getpalliativecare.org\/whatis\/pediatric\/"},{"@type":"ListItem","position":3,"name":"How Palliative Care Helps Parents and Other Loved Ones"}]},{"@type":"WebSite","@id":"https:\/\/getpalliativecare.org\/#website","url":"https:\/\/getpalliativecare.org\/","name":"Obtenga cuidados paliativos","description":"Los cuidados paliativos son cuidados especializados centrados en el dolor, los s\u00edntomas y el estr\u00e9s de una enfermedad grave. Encuentre un hospital o centro m\u00e9dico en su \u00e1rea que tenga un programa de cuidados paliativos.","potentialAction":[{"@type":"SearchAction","target":{"@type":"EntryPoint","urlTemplate":"https:\/\/getpalliativecare.org\/?s={search_term_string}"},"query-input":{"@type":"PropertyValueSpecification","valueRequired":true,"valueName":"search_term_string"}}],"inLanguage":"es"}]}},"_links":{"self":[{"href":"https:\/\/getpalliativecare.org\/es\/wp-json\/wp\/v2\/pages\/46071","targetHints":{"allow":["GET"]}}],"collection":[{"href":"https:\/\/getpalliativecare.org\/es\/wp-json\/wp\/v2\/pages"}],"about":[{"href":"https:\/\/getpalliativecare.org\/es\/wp-json\/wp\/v2\/types\/page"}],"author":[{"embeddable":true,"href":"https:\/\/getpalliativecare.org\/es\/wp-json\/wp\/v2\/users\/1"}],"replies":[{"embeddable":true,"href":"https:\/\/getpalliativecare.org\/es\/wp-json\/wp\/v2\/comments?post=46071"}],"version-history":[{"count":0,"href":"https:\/\/getpalliativecare.org\/es\/wp-json\/wp\/v2\/pages\/46071\/revisions"}],"up":[{"embeddable":true,"href":"https:\/\/getpalliativecare.org\/es\/wp-json\/wp\/v2\/pages\/43558"}],"wp:attachment":[{"href":"https:\/\/getpalliativecare.org\/es\/wp-json\/wp\/v2\/media?parent=46071"}],"curies":[{"name":"gracias","href":"https:\/\/api.w.org\/{rel}","templated":true}]}}