{"id":46069,"date":"2012-09-27T10:25:17","date_gmt":"2012-09-27T14:25:17","guid":{"rendered":"http:\/\/getpalliativecare.org\/?page_id=46069"},"modified":"2018-12-30T09:59:26","modified_gmt":"2018-12-30T14:59:26","slug":"how-palliative-care-helps-the-child","status":"publish","type":"page","link":"https:\/\/getpalliativecare.org\/es\/whatis\/pediatric\/how-palliative-care-helps-the-child\/","title":{"rendered":"C\u00f3mo los cuidados paliativos ayudan al ni\u00f1o"},"content":{"rendered":"<p>El objetivo principal de la pediatr\u00eda. <a href=\"https:\/\/getpalliativecare.org\/es\/whatis\/\">Cuidados paliativos<\/a> es permitir que su hijo crezca y se desarrolle durante la ni\u00f1ez frente a una enfermedad grave.<\/p>\n<p>Los equipos de cuidados paliativos pedi\u00e1tricos ayudan a su hijo y a los cuidadores familiares a enfrentar los desaf\u00edos de la enfermedad y las hospitalizaciones aliviando los s\u00edntomas de la enfermedad o los efectos secundarios de los tratamientos.<\/p>\n<p>El equipo de cuidados paliativos tambi\u00e9n se centra en apoyar a las personas que rodean a su hijo, incluidos los hermanos. Le brindan a usted y a los dem\u00e1s equipos m\u00e9dicos de su hijo recursos para atenci\u00f3n m\u00e9dica en casa o m\u00e1s cerca de casa. Tambi\u00e9n coordinan la atenci\u00f3n entre los numerosos m\u00e9dicos de su hijo y mejoran la comunicaci\u00f3n entre usted y el equipo m\u00e9dico primario.<\/p>\n<p>Los equipos de cuidados paliativos pedi\u00e1tricos controlan los s\u00edntomas comunes, como dolor, dificultad para respirar, depresi\u00f3n, ansiedad, n\u00e1useas, espasticidad y convulsiones. Explican formas de cuidar a ni\u00f1os en circunstancias \u00fanicas, incluidos aquellos que necesitan atenci\u00f3n fetal y neonatal o padecen enfermedades cr\u00f3nicas. Tambi\u00e9n ofrecen consejos pr\u00e1cticos sobre c\u00f3mo tomar decisiones m\u00e9dicas dif\u00edciles y sobre el cuidado de los ni\u00f1os fuera del hospital y en la comunidad.<\/p>\n<p>Un equipo de cuidados paliativos pedi\u00e1tricos ayuda cuando y donde sea necesario, ya sea en el hospital, en el hogar o en la comunidad. La forma en que los cuidados paliativos pueden ayudar a menudo depende de c\u00f3mo se sienta su hijo. Por eso es clave tener acceso las veinticuatro horas del d\u00eda, los siete d\u00edas de la semana a un equipo que conoce a su hijo.<\/p>\n<div class=\"story\">\n<h2>La historia de Jane<\/h2>\n<p>Jane tiene diecisiete a\u00f1os y padece fibrosis qu\u00edstica. Le encanta escuchar m\u00fasica, enviar mensajes de texto a sus amigos e ir de compras. A veces tiene problemas de falta de aire y ansiedad. Ella viene al hospital un par de veces al a\u00f1o para recibir tratamiento. La \u00faltima vez que estuvo en el hospital conoci\u00f3 al equipo de cuidados paliativos pedi\u00e1tricos.<\/p>\n<p>El equipo de cuidados paliativos trabaj\u00f3 con ella para ense\u00f1arle t\u00e9cnicas y ejercicios de relajaci\u00f3n que la ayudaron a relajarse y sentirse mejor. \u201cAhora los busco cada vez que vengo al hospital\u201d. dice Jane. \u201cO los llamo cuando no me siento bien en casa. Me gusta que me traten como a una persona real, no s\u00f3lo a un ni\u00f1o\u201d.<\/p>\n<\/div>","protected":false},"excerpt":{"rendered":"<p>El objetivo principal de los cuidados paliativos pedi\u00e1tricos es permitir que su hijo crezca y se desarrolle durante la ni\u00f1ez frente a una enfermedad grave. Los equipos de cuidados paliativos pedi\u00e1tricos ayudan a su hijo y a los cuidadores familiares a enfrentar los desaf\u00edos de la enfermedad y las hospitalizaciones aliviando los s\u00edntomas de la enfermedad o los efectos secundarios de los tratamientos. El \u2026 <\/p>","protected":false},"author":1,"featured_media":0,"parent":43558,"menu_order":0,"comment_status":"open","ping_status":"open","template":"template-whatis.php","meta":{"_acf_changed":false,"footnotes":""},"class_list":["post-46069","page","type-page","status-publish","hentry"],"acf":[],"yoast_head":"<!-- This site is optimized with the Yoast SEO plugin v26.6 - https:\/\/yoast.com\/wordpress\/plugins\/seo\/ -->\n<title>Palliative Care for the Child | Sick Child | Get Palliative Care<\/title>\n<meta name=\"description\" content=\"Find out how palliative care helps the child. Providing support for anyone in a sick child\u2019s life is an important part of palliative care.\" \/>\n<meta name=\"robots\" content=\"index, follow, max-snippet:-1, max-image-preview:large, max-video-preview:-1\" \/>\n<link rel=\"canonical\" href=\"https:\/\/getpalliativecare.org\/es\/whatis\/pediatric\/how-palliative-care-helps-the-child\/\" \/>\n<meta name=\"twitter:card\" content=\"summary_large_image\" \/>\n<meta name=\"twitter:title\" content=\"Palliative Care for the Child | Sick Child | Get Palliative Care\" \/>\n<meta name=\"twitter:description\" content=\"Find out how palliative care helps the child. Providing support for anyone in a sick child\u2019s life is an important part of palliative care.\" \/>\n<meta name=\"twitter:site\" content=\"@GetPalliative\" \/>\n<meta name=\"twitter:label1\" content=\"Tiempo de lectura\" \/>\n\t<meta name=\"twitter:data1\" content=\"2 minutos\" \/>\n<script type=\"application\/ld+json\" class=\"yoast-schema-graph\">{\"@context\":\"https:\/\/schema.org\",\"@graph\":[{\"@type\":\"WebPage\",\"@id\":\"https:\/\/getpalliativecare.org\/whatis\/pediatric\/how-palliative-care-helps-the-child\/\",\"url\":\"https:\/\/getpalliativecare.org\/whatis\/pediatric\/how-palliative-care-helps-the-child\/\",\"name\":\"Palliative Care for the Child | Sick Child | Get Palliative Care\",\"isPartOf\":{\"@id\":\"https:\/\/getpalliativecare.org\/#website\"},\"datePublished\":\"2012-09-27T14:25:17+00:00\",\"dateModified\":\"2018-12-30T14:59:26+00:00\",\"description\":\"Find out how palliative care helps the child. Providing support for anyone in a sick child\u2019s life is an important part of palliative care.\",\"breadcrumb\":{\"@id\":\"https:\/\/getpalliativecare.org\/whatis\/pediatric\/how-palliative-care-helps-the-child\/#breadcrumb\"},\"inLanguage\":\"es\",\"potentialAction\":[{\"@type\":\"ReadAction\",\"target\":[\"https:\/\/getpalliativecare.org\/whatis\/pediatric\/how-palliative-care-helps-the-child\/\"]}]},{\"@type\":\"BreadcrumbList\",\"@id\":\"https:\/\/getpalliativecare.org\/whatis\/pediatric\/how-palliative-care-helps-the-child\/#breadcrumb\",\"itemListElement\":[{\"@type\":\"ListItem\",\"position\":1,\"name\":\"What is Palliative Care?\",\"item\":\"https:\/\/getpalliativecare.org\/whatis\/\"},{\"@type\":\"ListItem\",\"position\":2,\"name\":\"What Is Pediatric Palliative Care?\",\"item\":\"https:\/\/getpalliativecare.org\/whatis\/pediatric\/\"},{\"@type\":\"ListItem\",\"position\":3,\"name\":\"How Palliative Care Helps the Child\"}]},{\"@type\":\"WebSite\",\"@id\":\"https:\/\/getpalliativecare.org\/#website\",\"url\":\"https:\/\/getpalliativecare.org\/\",\"name\":\"Get Palliative Care\",\"description\":\"Palliative care is specialized care focused on the pain, symptoms and stress of serious illness.  Find a hospital or medical center in your area that has a palliative care program.\",\"potentialAction\":[{\"@type\":\"SearchAction\",\"target\":{\"@type\":\"EntryPoint\",\"urlTemplate\":\"https:\/\/getpalliativecare.org\/?s={search_term_string}\"},\"query-input\":{\"@type\":\"PropertyValueSpecification\",\"valueRequired\":true,\"valueName\":\"search_term_string\"}}],\"inLanguage\":\"es\"}]}<\/script>\n<!-- \/ Yoast SEO plugin. -->","yoast_head_json":{"title":"Cuidados paliativos para el ni\u00f1o | Ni\u00f1o enfermo | Reciba cuidados paliativos","description":"Descubra c\u00f3mo los cuidados paliativos ayudan al ni\u00f1o. Brindar apoyo a cualquier persona en la vida de un ni\u00f1o enfermo es una parte importante de los cuidados paliativos.","robots":{"index":"index","follow":"follow","max-snippet":"max-snippet:-1","max-image-preview":"max-image-preview:large","max-video-preview":"max-video-preview:-1"},"canonical":"https:\/\/getpalliativecare.org\/es\/whatis\/pediatric\/how-palliative-care-helps-the-child\/","twitter_card":"summary_large_image","twitter_title":"Palliative Care for the Child | Sick Child | Get Palliative Care","twitter_description":"Find out how palliative care helps the child. Providing support for anyone in a sick child\u2019s life is an important part of palliative care.","twitter_site":"@GetPalliative","twitter_misc":{"Tiempo de lectura":"2 minutos"},"schema":{"@context":"https:\/\/schema.org","@graph":[{"@type":"WebPage","@id":"https:\/\/getpalliativecare.org\/whatis\/pediatric\/how-palliative-care-helps-the-child\/","url":"https:\/\/getpalliativecare.org\/whatis\/pediatric\/how-palliative-care-helps-the-child\/","name":"Cuidados paliativos para el ni\u00f1o | Ni\u00f1o enfermo | Reciba cuidados paliativos","isPartOf":{"@id":"https:\/\/getpalliativecare.org\/#website"},"datePublished":"2012-09-27T14:25:17+00:00","dateModified":"2018-12-30T14:59:26+00:00","description":"Descubra c\u00f3mo los cuidados paliativos ayudan al ni\u00f1o. Brindar apoyo a cualquier persona en la vida de un ni\u00f1o enfermo es una parte importante de los cuidados paliativos.","breadcrumb":{"@id":"https:\/\/getpalliativecare.org\/whatis\/pediatric\/how-palliative-care-helps-the-child\/#breadcrumb"},"inLanguage":"es","potentialAction":[{"@type":"ReadAction","target":["https:\/\/getpalliativecare.org\/whatis\/pediatric\/how-palliative-care-helps-the-child\/"]}]},{"@type":"BreadcrumbList","@id":"https:\/\/getpalliativecare.org\/whatis\/pediatric\/how-palliative-care-helps-the-child\/#breadcrumb","itemListElement":[{"@type":"ListItem","position":1,"name":"What is Palliative Care?","item":"https:\/\/getpalliativecare.org\/whatis\/"},{"@type":"ListItem","position":2,"name":"What Is Pediatric Palliative Care?","item":"https:\/\/getpalliativecare.org\/whatis\/pediatric\/"},{"@type":"ListItem","position":3,"name":"How Palliative Care Helps the Child"}]},{"@type":"WebSite","@id":"https:\/\/getpalliativecare.org\/#website","url":"https:\/\/getpalliativecare.org\/","name":"Obtenga cuidados paliativos","description":"Los cuidados paliativos son cuidados especializados centrados en el dolor, los s\u00edntomas y el estr\u00e9s de una enfermedad grave. Encuentre un hospital o centro m\u00e9dico en su \u00e1rea que tenga un programa de cuidados paliativos.","potentialAction":[{"@type":"SearchAction","target":{"@type":"EntryPoint","urlTemplate":"https:\/\/getpalliativecare.org\/?s={search_term_string}"},"query-input":{"@type":"PropertyValueSpecification","valueRequired":true,"valueName":"search_term_string"}}],"inLanguage":"es"}]}},"_links":{"self":[{"href":"https:\/\/getpalliativecare.org\/es\/wp-json\/wp\/v2\/pages\/46069","targetHints":{"allow":["GET"]}}],"collection":[{"href":"https:\/\/getpalliativecare.org\/es\/wp-json\/wp\/v2\/pages"}],"about":[{"href":"https:\/\/getpalliativecare.org\/es\/wp-json\/wp\/v2\/types\/page"}],"author":[{"embeddable":true,"href":"https:\/\/getpalliativecare.org\/es\/wp-json\/wp\/v2\/users\/1"}],"replies":[{"embeddable":true,"href":"https:\/\/getpalliativecare.org\/es\/wp-json\/wp\/v2\/comments?post=46069"}],"version-history":[{"count":0,"href":"https:\/\/getpalliativecare.org\/es\/wp-json\/wp\/v2\/pages\/46069\/revisions"}],"up":[{"embeddable":true,"href":"https:\/\/getpalliativecare.org\/es\/wp-json\/wp\/v2\/pages\/43558"}],"wp:attachment":[{"href":"https:\/\/getpalliativecare.org\/es\/wp-json\/wp\/v2\/media?parent=46069"}],"curies":[{"name":"gracias","href":"https:\/\/api.w.org\/{rel}","templated":true}]}}