{"id":46065,"date":"2012-09-27T10:19:50","date_gmt":"2012-09-27T14:19:50","guid":{"rendered":"http:\/\/getpalliativecare.org\/?page_id=46065"},"modified":"2018-12-30T09:44:43","modified_gmt":"2018-12-30T14:44:43","slug":"the-pediatric-palliative-care-team","status":"publish","type":"page","link":"https:\/\/getpalliativecare.org\/es\/whatis\/pediatric\/the-pediatric-palliative-care-team\/","title":{"rendered":"El equipo de cuidados paliativos pedi\u00e1tricos"},"content":{"rendered":"<p>\u00bfQu\u00e9 hace? <a href=\"https:\/\/getpalliativecare.org\/es\/whatis\/\">Cuidados paliativos<\/a> \u00bftan singular? Juntos, los miembros del equipo de cuidados paliativos se toman el tiempo para conocer tanto a su hijo como a su familia. Debido a que cada ni\u00f1o y familia tiene necesidades individuales, usted puede reunirse y trabajar con diferentes miembros del equipo en diferentes momentos.<\/p>\n<p>Uno de los principales objetivos del equipo es asegurarse de que todos consideren la situaci\u00f3n de la familia y c\u00f3mo hacer que su viaje sea un poco m\u00e1s f\u00e1cil. Esto puede incluir el manejo de los s\u00edntomas, la comunicaci\u00f3n y el apoyo familiar.<\/p>\n<h3><strong>El equipo t\u00edpico de cuidados paliativos\u00a0<\/strong><\/h3>\n<p><strong>Doctor<\/strong>: El m\u00e9dico de cuidados paliativos es un especialista en cuidados paliativos que tambi\u00e9n tiene formaci\u00f3n en pediatr\u00eda. Adem\u00e1s de los cuidados paliativos, puede tener otra \u00e1rea de especialidad dentro de la pediatr\u00eda (como neonatolog\u00eda u oncolog\u00eda). La funci\u00f3n del m\u00e9dico es ofrecer informaci\u00f3n sobre el manejo de los s\u00edntomas (como dolor, dificultad para respirar y n\u00e1useas) y guiar al equipo para que comprenda los aspectos m\u00e9dicos de la afecci\u00f3n del ni\u00f1o.<\/p>\n<p><strong>Practicante de enfermer\u00eda<\/strong>: La enfermera especializada en cuidados paliativos desempe\u00f1a un papel importante en el manejo de los s\u00edntomas y en el cuidado de toda la familia. Las enfermeras practicantes de cuidados paliativos est\u00e1n capacitadas para guiar a las familias a trav\u00e9s de situaciones complejas de hospitalizaci\u00f3n y atenci\u00f3n en el hogar.<\/p>\n<p><strong>Coordinadora de Enfermer\u00eda<\/strong>: Los coordinadores de enfermer\u00eda de cuidados paliativos tienen conocimiento de los recursos dentro del hospital y la comunidad. Generalmente tienen experiencia trabajando con agencias que brindan a los ni\u00f1os atenci\u00f3n de enfermer\u00eda, equipos y terapias para mejorar la calidad de vida. Tambi\u00e9n tienen un buen sentido de c\u00f3mo ayudar a otros proveedores de atenci\u00f3n m\u00e9dica a trabajar juntos.<\/p>\n<p><strong>Trabajador social<\/strong>: Los trabajadores sociales de cuidados paliativos pedi\u00e1tricos ayudan a los ni\u00f1os y sus familias a afrontar el trauma de la enfermedad. Pueden ayudar a acceder a servicios de salud mental para los pacientes, sus padres y sus hermanos. Tambi\u00e9n suelen conocer recursos que ayudan con cuestiones financieras y de otro tipo.<\/p>\n<p><strong>especialista en vida infantil<\/strong>: Los especialistas en vida infantil ayudan a los ni\u00f1os a comprender su enfermedad. Utilizan juegos, di\u00e1logos, arte, ejercicios de escritura musical y otros enfoques. A menudo se convierten en el \u201cpuerto seguro\u201d del ni\u00f1o y en su fuente m\u00e1s cercana de apoyo. Adem\u00e1s, los terapeutas de vida infantil ayudan a los hermanos y hermanas a procesar su propia experiencia de tener un hermano enfermo.<\/p>\n<p><strong>Otros<\/strong>: Los equipos de cuidados paliativos pedi\u00e1tricos tambi\u00e9n pueden incluir farmac\u00e9uticos, terapeutas art\u00edsticos y musicales, capellanes, psic\u00f3logos, terapeutas de rehabilitaci\u00f3n, dietistas y m\u00e1s.<\/p>\n<div class=\"story\">\n<h2>La historia de Kris<\/h2>\n<p>A Kris, un ni\u00f1o inteligente y cari\u00f1oso de siete a\u00f1os, le diagnosticaron hace un a\u00f1o una forma de c\u00e1ncer cerebral. Sus padres necesitaban ayuda para cuidarlo durante los tratamientos de quimioterapia y radiaci\u00f3n. Morgan, el hermano de once a\u00f1os de Kris, estaba realmente luchando con la enfermedad de su hermano. Lloraba todo el tiempo y ten\u00eda arrebatos en la escuela.<\/p>\n<p>El equipo de cuidados paliativos se convirti\u00f3 en un estrecho aliado de la familia de Kris. El terapeuta de vida infantil del equipo comenz\u00f3 a hacer visitas regulares a su casa para trabajar con Morgan despu\u00e9s de la escuela. &quot;Ning\u00fan d\u00eda es f\u00e1cil&quot;, dijo la mam\u00e1 de Kris. \u201cPero saber que tenemos un equipo trabajando con nosotros que piensa en todos los aspectos de qui\u00e9nes somos como familia es un gran regalo. Me ayuda a dormir un poco mejor por la noche saber que puedo llamarlos si tengo alguna inquietud y me ayudar\u00e1n a resolverla\u201d.<\/p>\n<\/div>","protected":false},"excerpt":{"rendered":"<p>\u00bfQu\u00e9 hace que los cuidados paliativos sean tan \u00fanicos? Juntos, los miembros del equipo de cuidados paliativos se toman el tiempo para conocer tanto a su hijo como a su familia. Debido a que cada ni\u00f1o y familia tiene necesidades individuales, usted puede reunirse y trabajar con diferentes miembros del equipo en diferentes momentos. Uno de los principales objetivos del equipo es hacer... <\/p>","protected":false},"author":1,"featured_media":0,"parent":43558,"menu_order":0,"comment_status":"open","ping_status":"open","template":"template-whatis.php","meta":{"_acf_changed":false,"footnotes":""},"class_list":["post-46065","page","type-page","status-publish","hentry"],"acf":[],"yoast_head":"<!-- This site is optimized with the Yoast SEO plugin v26.6 - https:\/\/yoast.com\/wordpress\/plugins\/seo\/ -->\n<title>Pediatric Palliative Care Team | Get Palliative Care<\/title>\n<meta name=\"description\" content=\"The pediatric palliative care team includes palliative care specialists and other health care professionals with different areas of expertise.\" \/>\n<meta name=\"robots\" content=\"index, follow, max-snippet:-1, max-image-preview:large, max-video-preview:-1\" \/>\n<link rel=\"canonical\" href=\"https:\/\/getpalliativecare.org\/es\/whatis\/pediatric\/the-pediatric-palliative-care-team\/\" \/>\n<meta name=\"twitter:card\" content=\"summary_large_image\" \/>\n<meta name=\"twitter:title\" content=\"Pediatric Palliative Care Team | Get Palliative Care\" \/>\n<meta name=\"twitter:description\" content=\"The pediatric palliative care team includes palliative care specialists and other health care professionals with different areas of expertise.\" \/>\n<meta name=\"twitter:site\" content=\"@GetPalliative\" \/>\n<meta name=\"twitter:label1\" content=\"Tiempo de lectura\" \/>\n\t<meta name=\"twitter:data1\" content=\"3 minutos\" \/>\n<script type=\"application\/ld+json\" class=\"yoast-schema-graph\">{\"@context\":\"https:\/\/schema.org\",\"@graph\":[{\"@type\":\"WebPage\",\"@id\":\"https:\/\/getpalliativecare.org\/whatis\/pediatric\/the-pediatric-palliative-care-team\/\",\"url\":\"https:\/\/getpalliativecare.org\/whatis\/pediatric\/the-pediatric-palliative-care-team\/\",\"name\":\"Pediatric Palliative Care Team | Get Palliative Care\",\"isPartOf\":{\"@id\":\"https:\/\/getpalliativecare.org\/#website\"},\"datePublished\":\"2012-09-27T14:19:50+00:00\",\"dateModified\":\"2018-12-30T14:44:43+00:00\",\"description\":\"The pediatric palliative care team includes palliative care specialists and other health care professionals with different areas of expertise.\",\"breadcrumb\":{\"@id\":\"https:\/\/getpalliativecare.org\/whatis\/pediatric\/the-pediatric-palliative-care-team\/#breadcrumb\"},\"inLanguage\":\"es\",\"potentialAction\":[{\"@type\":\"ReadAction\",\"target\":[\"https:\/\/getpalliativecare.org\/whatis\/pediatric\/the-pediatric-palliative-care-team\/\"]}]},{\"@type\":\"BreadcrumbList\",\"@id\":\"https:\/\/getpalliativecare.org\/whatis\/pediatric\/the-pediatric-palliative-care-team\/#breadcrumb\",\"itemListElement\":[{\"@type\":\"ListItem\",\"position\":1,\"name\":\"What is Palliative Care?\",\"item\":\"https:\/\/getpalliativecare.org\/whatis\/\"},{\"@type\":\"ListItem\",\"position\":2,\"name\":\"What Is Pediatric Palliative Care?\",\"item\":\"https:\/\/getpalliativecare.org\/whatis\/pediatric\/\"},{\"@type\":\"ListItem\",\"position\":3,\"name\":\"The Pediatric Palliative Care Team\"}]},{\"@type\":\"WebSite\",\"@id\":\"https:\/\/getpalliativecare.org\/#website\",\"url\":\"https:\/\/getpalliativecare.org\/\",\"name\":\"Get Palliative Care\",\"description\":\"Palliative care is specialized care focused on the pain, symptoms and stress of serious illness.  Find a hospital or medical center in your area that has a palliative care program.\",\"potentialAction\":[{\"@type\":\"SearchAction\",\"target\":{\"@type\":\"EntryPoint\",\"urlTemplate\":\"https:\/\/getpalliativecare.org\/?s={search_term_string}\"},\"query-input\":{\"@type\":\"PropertyValueSpecification\",\"valueRequired\":true,\"valueName\":\"search_term_string\"}}],\"inLanguage\":\"es\"}]}<\/script>\n<!-- \/ Yoast SEO plugin. -->","yoast_head_json":{"title":"Equipo de Cuidados Paliativos Pedi\u00e1tricos | Reciba cuidados paliativos","description":"El equipo de cuidados paliativos pedi\u00e1tricos incluye especialistas en cuidados paliativos y otros profesionales de la salud con diferentes \u00e1reas de especializaci\u00f3n.","robots":{"index":"index","follow":"follow","max-snippet":"max-snippet:-1","max-image-preview":"max-image-preview:large","max-video-preview":"max-video-preview:-1"},"canonical":"https:\/\/getpalliativecare.org\/es\/whatis\/pediatric\/the-pediatric-palliative-care-team\/","twitter_card":"summary_large_image","twitter_title":"Pediatric Palliative Care Team | Get Palliative Care","twitter_description":"The pediatric palliative care team includes palliative care specialists and other health care professionals with different areas of expertise.","twitter_site":"@GetPalliative","twitter_misc":{"Tiempo de lectura":"3 minutos"},"schema":{"@context":"https:\/\/schema.org","@graph":[{"@type":"WebPage","@id":"https:\/\/getpalliativecare.org\/whatis\/pediatric\/the-pediatric-palliative-care-team\/","url":"https:\/\/getpalliativecare.org\/whatis\/pediatric\/the-pediatric-palliative-care-team\/","name":"Equipo de Cuidados Paliativos Pedi\u00e1tricos | Reciba cuidados paliativos","isPartOf":{"@id":"https:\/\/getpalliativecare.org\/#website"},"datePublished":"2012-09-27T14:19:50+00:00","dateModified":"2018-12-30T14:44:43+00:00","description":"El equipo de cuidados paliativos pedi\u00e1tricos incluye especialistas en cuidados paliativos y otros profesionales de la salud con diferentes \u00e1reas de especializaci\u00f3n.","breadcrumb":{"@id":"https:\/\/getpalliativecare.org\/whatis\/pediatric\/the-pediatric-palliative-care-team\/#breadcrumb"},"inLanguage":"es","potentialAction":[{"@type":"ReadAction","target":["https:\/\/getpalliativecare.org\/whatis\/pediatric\/the-pediatric-palliative-care-team\/"]}]},{"@type":"BreadcrumbList","@id":"https:\/\/getpalliativecare.org\/whatis\/pediatric\/the-pediatric-palliative-care-team\/#breadcrumb","itemListElement":[{"@type":"ListItem","position":1,"name":"What is Palliative Care?","item":"https:\/\/getpalliativecare.org\/whatis\/"},{"@type":"ListItem","position":2,"name":"What Is Pediatric Palliative Care?","item":"https:\/\/getpalliativecare.org\/whatis\/pediatric\/"},{"@type":"ListItem","position":3,"name":"The Pediatric Palliative Care Team"}]},{"@type":"WebSite","@id":"https:\/\/getpalliativecare.org\/#website","url":"https:\/\/getpalliativecare.org\/","name":"Obtenga cuidados paliativos","description":"Los cuidados paliativos son cuidados especializados centrados en el dolor, los s\u00edntomas y el estr\u00e9s de una enfermedad grave. Encuentre un hospital o centro m\u00e9dico en su \u00e1rea que tenga un programa de cuidados paliativos.","potentialAction":[{"@type":"SearchAction","target":{"@type":"EntryPoint","urlTemplate":"https:\/\/getpalliativecare.org\/?s={search_term_string}"},"query-input":{"@type":"PropertyValueSpecification","valueRequired":true,"valueName":"search_term_string"}}],"inLanguage":"es"}]}},"_links":{"self":[{"href":"https:\/\/getpalliativecare.org\/es\/wp-json\/wp\/v2\/pages\/46065","targetHints":{"allow":["GET"]}}],"collection":[{"href":"https:\/\/getpalliativecare.org\/es\/wp-json\/wp\/v2\/pages"}],"about":[{"href":"https:\/\/getpalliativecare.org\/es\/wp-json\/wp\/v2\/types\/page"}],"author":[{"embeddable":true,"href":"https:\/\/getpalliativecare.org\/es\/wp-json\/wp\/v2\/users\/1"}],"replies":[{"embeddable":true,"href":"https:\/\/getpalliativecare.org\/es\/wp-json\/wp\/v2\/comments?post=46065"}],"version-history":[{"count":0,"href":"https:\/\/getpalliativecare.org\/es\/wp-json\/wp\/v2\/pages\/46065\/revisions"}],"up":[{"embeddable":true,"href":"https:\/\/getpalliativecare.org\/es\/wp-json\/wp\/v2\/pages\/43558"}],"wp:attachment":[{"href":"https:\/\/getpalliativecare.org\/es\/wp-json\/wp\/v2\/media?parent=46065"}],"curies":[{"name":"gracias","href":"https:\/\/api.w.org\/{rel}","templated":true}]}}