{"id":46063,"date":"2012-09-27T10:18:05","date_gmt":"2012-09-27T14:18:05","guid":{"rendered":"http:\/\/getpalliativecare.org\/?page_id=46063"},"modified":"2018-12-30T08:53:06","modified_gmt":"2018-12-30T13:53:06","slug":"benefits-of-pediatric-palliative-care","status":"publish","type":"page","link":"https:\/\/getpalliativecare.org\/es\/whatis\/pediatric\/benefits-of-pediatric-palliative-care\/","title":{"rendered":"Beneficios de los cuidados paliativos pedi\u00e1tricos"},"content":{"rendered":"<p>Los cuidados paliativos pedi\u00e1tricos pueden ayudar a cualquier ni\u00f1o que padezca una enfermedad grave. Los especialistas en cuidados paliativos pedi\u00e1tricos se centran en su hijo en su totalidad y en c\u00f3mo la enfermedad y el tratamiento de su hijo afectan a toda la familia.<\/p>\n<p>El equipo de cuidados paliativos apoya a su hijo y a su familia en cada paso del camino. Lo hacen controlando los s\u00edntomas, ayud\u00e1ndole a aclarar sus objetivos y combin\u00e1ndolos con sus opciones de tratamiento, y m\u00e1s.<\/p>\n<p>Trabajando junto con su m\u00e9dico de atenci\u00f3n primaria, el equipo de cuidados paliativos brinda un nivel adicional de apoyo a trav\u00e9s de:<\/p>\n<ul>\n<li>Tratamiento experto de los s\u00edntomas, incluido el estr\u00e9s.<\/li>\n<li>Comunicaci\u00f3n y orientaci\u00f3n para opciones de tratamiento dif\u00edciles y complejas.<\/li>\n<li>Estrecha comunicaci\u00f3n y coordinaci\u00f3n con todos los dem\u00e1s m\u00e9dicos y equipos m\u00e9dicos.<\/li>\n<li>Apoyo a la familia y a los hermanos.<\/li>\n<\/ul>\n<p>Es importante recordar que combinar los cuidados paliativos con el tratamiento curativo es esencial para brindarle a su hijo y a su familia la atenci\u00f3n m\u00e9dica m\u00e1s completa posible.<\/p>","protected":false},"excerpt":{"rendered":"<p>Los cuidados paliativos pedi\u00e1tricos pueden ayudar a cualquier ni\u00f1o que padezca una enfermedad grave. Los especialistas en cuidados paliativos pedi\u00e1tricos se centran en su hijo en su totalidad y en c\u00f3mo la enfermedad y el tratamiento de su hijo afectan a toda la familia. El equipo de cuidados paliativos apoya a su hijo y a su familia en cada paso del camino. Lo hacen controlando los s\u00edntomas, ayud\u00e1ndote a aclarar tus objetivos... <\/p>","protected":false},"author":1,"featured_media":0,"parent":43558,"menu_order":0,"comment_status":"open","ping_status":"open","template":"template-whatis.php","meta":{"_acf_changed":false,"footnotes":""},"class_list":["post-46063","page","type-page","status-publish","hentry"],"acf":[],"yoast_head":"<!-- This site is optimized with the Yoast SEO plugin v26.6 - https:\/\/yoast.com\/wordpress\/plugins\/seo\/ -->\n<title>Benefits of Pediatric Palliative Care | Get Palliative Care<\/title>\n<meta name=\"description\" content=\"The benefits of pediatric palliative care are that the specialists focuses is on the whole child and how the illness and treatment affect the entire family.\" \/>\n<meta name=\"robots\" content=\"index, follow, max-snippet:-1, max-image-preview:large, max-video-preview:-1\" \/>\n<link rel=\"canonical\" href=\"https:\/\/getpalliativecare.org\/es\/whatis\/pediatric\/benefits-of-pediatric-palliative-care\/\" \/>\n<meta name=\"twitter:card\" content=\"summary_large_image\" \/>\n<meta name=\"twitter:title\" content=\"Benefits of Pediatric Palliative Care | Get Palliative Care\" \/>\n<meta name=\"twitter:description\" content=\"The benefits of pediatric palliative care are that the specialists focuses is on the whole child and how the illness and treatment affect the entire family.\" \/>\n<meta name=\"twitter:site\" content=\"@GetPalliative\" \/>\n<meta name=\"twitter:label1\" content=\"Tiempo de lectura\" \/>\n\t<meta name=\"twitter:data1\" content=\"1 minuto\" \/>\n<script type=\"application\/ld+json\" class=\"yoast-schema-graph\">{\"@context\":\"https:\/\/schema.org\",\"@graph\":[{\"@type\":\"WebPage\",\"@id\":\"https:\/\/getpalliativecare.org\/whatis\/pediatric\/benefits-of-pediatric-palliative-care\/\",\"url\":\"https:\/\/getpalliativecare.org\/whatis\/pediatric\/benefits-of-pediatric-palliative-care\/\",\"name\":\"Benefits of Pediatric Palliative Care | Get Palliative Care\",\"isPartOf\":{\"@id\":\"https:\/\/getpalliativecare.org\/#website\"},\"datePublished\":\"2012-09-27T14:18:05+00:00\",\"dateModified\":\"2018-12-30T13:53:06+00:00\",\"description\":\"The benefits of pediatric palliative care are that the specialists focuses is on the whole child and how the illness and treatment affect the entire family.\",\"breadcrumb\":{\"@id\":\"https:\/\/getpalliativecare.org\/whatis\/pediatric\/benefits-of-pediatric-palliative-care\/#breadcrumb\"},\"inLanguage\":\"es\",\"potentialAction\":[{\"@type\":\"ReadAction\",\"target\":[\"https:\/\/getpalliativecare.org\/whatis\/pediatric\/benefits-of-pediatric-palliative-care\/\"]}]},{\"@type\":\"BreadcrumbList\",\"@id\":\"https:\/\/getpalliativecare.org\/whatis\/pediatric\/benefits-of-pediatric-palliative-care\/#breadcrumb\",\"itemListElement\":[{\"@type\":\"ListItem\",\"position\":1,\"name\":\"What is Palliative Care?\",\"item\":\"https:\/\/getpalliativecare.org\/whatis\/\"},{\"@type\":\"ListItem\",\"position\":2,\"name\":\"What Is Pediatric Palliative Care?\",\"item\":\"https:\/\/getpalliativecare.org\/whatis\/pediatric\/\"},{\"@type\":\"ListItem\",\"position\":3,\"name\":\"Benefits of Pediatric Palliative Care\"}]},{\"@type\":\"WebSite\",\"@id\":\"https:\/\/getpalliativecare.org\/#website\",\"url\":\"https:\/\/getpalliativecare.org\/\",\"name\":\"Get Palliative Care\",\"description\":\"Palliative care is specialized care focused on the pain, symptoms and stress of serious illness.  Find a hospital or medical center in your area that has a palliative care program.\",\"potentialAction\":[{\"@type\":\"SearchAction\",\"target\":{\"@type\":\"EntryPoint\",\"urlTemplate\":\"https:\/\/getpalliativecare.org\/?s={search_term_string}\"},\"query-input\":{\"@type\":\"PropertyValueSpecification\",\"valueRequired\":true,\"valueName\":\"search_term_string\"}}],\"inLanguage\":\"es\"}]}<\/script>\n<!-- \/ Yoast SEO plugin. -->","yoast_head_json":{"title":"Beneficios de los cuidados paliativos pedi\u00e1tricos | Reciba cuidados paliativos","description":"Los beneficios de los cuidados paliativos pedi\u00e1tricos son que los especialistas se centran en el ni\u00f1o en su totalidad y en c\u00f3mo la enfermedad y el tratamiento afectan a toda la familia.","robots":{"index":"index","follow":"follow","max-snippet":"max-snippet:-1","max-image-preview":"max-image-preview:large","max-video-preview":"max-video-preview:-1"},"canonical":"https:\/\/getpalliativecare.org\/es\/whatis\/pediatric\/benefits-of-pediatric-palliative-care\/","twitter_card":"summary_large_image","twitter_title":"Benefits of Pediatric Palliative Care | Get Palliative Care","twitter_description":"The benefits of pediatric palliative care are that the specialists focuses is on the whole child and how the illness and treatment affect the entire family.","twitter_site":"@GetPalliative","twitter_misc":{"Tiempo de lectura":"1 minuto"},"schema":{"@context":"https:\/\/schema.org","@graph":[{"@type":"WebPage","@id":"https:\/\/getpalliativecare.org\/whatis\/pediatric\/benefits-of-pediatric-palliative-care\/","url":"https:\/\/getpalliativecare.org\/whatis\/pediatric\/benefits-of-pediatric-palliative-care\/","name":"Beneficios de los cuidados paliativos pedi\u00e1tricos | Reciba cuidados paliativos","isPartOf":{"@id":"https:\/\/getpalliativecare.org\/#website"},"datePublished":"2012-09-27T14:18:05+00:00","dateModified":"2018-12-30T13:53:06+00:00","description":"Los beneficios de los cuidados paliativos pedi\u00e1tricos son que los especialistas se centran en el ni\u00f1o en su totalidad y en c\u00f3mo la enfermedad y el tratamiento afectan a toda la familia.","breadcrumb":{"@id":"https:\/\/getpalliativecare.org\/whatis\/pediatric\/benefits-of-pediatric-palliative-care\/#breadcrumb"},"inLanguage":"es","potentialAction":[{"@type":"ReadAction","target":["https:\/\/getpalliativecare.org\/whatis\/pediatric\/benefits-of-pediatric-palliative-care\/"]}]},{"@type":"BreadcrumbList","@id":"https:\/\/getpalliativecare.org\/whatis\/pediatric\/benefits-of-pediatric-palliative-care\/#breadcrumb","itemListElement":[{"@type":"ListItem","position":1,"name":"What is Palliative Care?","item":"https:\/\/getpalliativecare.org\/whatis\/"},{"@type":"ListItem","position":2,"name":"What Is Pediatric Palliative Care?","item":"https:\/\/getpalliativecare.org\/whatis\/pediatric\/"},{"@type":"ListItem","position":3,"name":"Benefits of Pediatric Palliative Care"}]},{"@type":"WebSite","@id":"https:\/\/getpalliativecare.org\/#website","url":"https:\/\/getpalliativecare.org\/","name":"Obtenga cuidados paliativos","description":"Los cuidados paliativos son cuidados especializados centrados en el dolor, los s\u00edntomas y el estr\u00e9s de una enfermedad grave. Encuentre un hospital o centro m\u00e9dico en su \u00e1rea que tenga un programa de cuidados paliativos.","potentialAction":[{"@type":"SearchAction","target":{"@type":"EntryPoint","urlTemplate":"https:\/\/getpalliativecare.org\/?s={search_term_string}"},"query-input":{"@type":"PropertyValueSpecification","valueRequired":true,"valueName":"search_term_string"}}],"inLanguage":"es"}]}},"_links":{"self":[{"href":"https:\/\/getpalliativecare.org\/es\/wp-json\/wp\/v2\/pages\/46063","targetHints":{"allow":["GET"]}}],"collection":[{"href":"https:\/\/getpalliativecare.org\/es\/wp-json\/wp\/v2\/pages"}],"about":[{"href":"https:\/\/getpalliativecare.org\/es\/wp-json\/wp\/v2\/types\/page"}],"author":[{"embeddable":true,"href":"https:\/\/getpalliativecare.org\/es\/wp-json\/wp\/v2\/users\/1"}],"replies":[{"embeddable":true,"href":"https:\/\/getpalliativecare.org\/es\/wp-json\/wp\/v2\/comments?post=46063"}],"version-history":[{"count":0,"href":"https:\/\/getpalliativecare.org\/es\/wp-json\/wp\/v2\/pages\/46063\/revisions"}],"up":[{"embeddable":true,"href":"https:\/\/getpalliativecare.org\/es\/wp-json\/wp\/v2\/pages\/43558"}],"wp:attachment":[{"href":"https:\/\/getpalliativecare.org\/es\/wp-json\/wp\/v2\/media?parent=46063"}],"curies":[{"name":"gracias","href":"https:\/\/api.w.org\/{rel}","templated":true}]}}