{"id":43620,"date":"2012-09-13T17:33:42","date_gmt":"2012-09-13T21:33:42","guid":{"rendered":"http:\/\/getpalliativecare.org\/?page_id=43620"},"modified":"2025-02-21T10:05:56","modified_gmt":"2025-02-21T15:05:56","slug":"caregivers","status":"publish","type":"page","link":"https:\/\/getpalliativecare.org\/es\/resources\/caregivers\/","title":{"rendered":"Rinc\u00f3n del cuidador"},"content":{"rendered":"<p>Si usted es pareja, hijo, hermano, padre, amigo u otro ser querido de alguien que vive con una enfermedad grave, usted es un cuidador familiar. Esto significa que asume muchas responsabilidades para cuidar a su ser querido, que pueden incluir levantar a alguien, ba\u00f1arlo, preparar las comidas, conducir hasta las citas m\u00e9dicas y asistir a ellas, lidiar con conductas desafiantes, administrar los medicamentos y mucho m\u00e1s.<\/p>\n<p>Cuidar a un ser querido puede ser muy dif\u00edcil y puede hacer que se pierda cosas que son importantes para usted, como horas de trabajo o empleos, pasatiempos y tiempo con amigos y familiares. Incluso puede enfrentar problemas de salud f\u00edsica, emocional y social, que 1 de cada 5 cuidadores experimenta cuando cuida a un ser querido. Los cuidados paliativos pueden ayudar a que las cosas sean m\u00e1s f\u00e1ciles, para usted y para su ser querido que vive con una enfermedad grave.<\/p>\n<p>Lo invitamos a explorar este Rinc\u00f3n del Cuidador leyendo y escuchando historias, mirando videos, consultando recursos y consejos \u00fatiles, y mucho m\u00e1s.<\/p>\n<h2>Historias de cuidadores<\/h2>\n<h3>C\u00f3mo afrontar el agotamiento del cuidador<\/h3>\n<div class=\"flex max-w-full flex-col flex-grow\">\n<div class=\"min-h-8 text-message flex w-full flex-col items-end gap-2 whitespace-normal break-words [.text-message+&amp;]:mt-5\" dir=\"auto\" data-message-author-role=\"assistant\" data-message-id=\"c016509c-e3e2-408b-819e-2cd77a1657a1\" data-message-model-slug=\"gpt-4o\">\n<div class=\"flex w-full flex-col gap-1 empty:hidden first:pt-[3px]\">\n<div class=\"markdown prose w-full break-words dark:prose-invert light\">\n<p>En este <a href=\"https:\/\/soundcloud.com\/get-palliative-care\/a-quality-life-episode-5-living-well-as-a-caregiver-marys-palliative-care-story\">Historia del cuidador<\/a>Mary Tibbats habla sobre c\u00f3mo es cuidadora de su madre de 88 a\u00f1os, Mary Nolan, que tiene diabetes. Comparte c\u00f3mo despu\u00e9s de una visita de rehabilitaci\u00f3n en el hospital para mejorar el flujo sangu\u00edneo de su madre, Mary Nolan sufri\u00f3 una insuficiencia card\u00edaca congestiva. Los cuidados paliativos ayudaron a coordinar la atenci\u00f3n de su madre y mejorar su calidad de vida, y apoyaron a Mary Tibbats cuando estaba agotada y experimentaba agotamiento como cuidadora. Tambi\u00e9n escuchamos a la Dra. Leanne Yanni, una m\u00e9dica del equipo de cuidados paliativos de Mary Tibbat, sobre c\u00f3mo los cuidados paliativos marcaron una diferencia para toda la familia. <a href=\"https:\/\/soundcloud.com\/get-palliative-care\/a-quality-life-episode-5-living-well-as-a-caregiver-marys-palliative-care-story\">historia<\/a> muestra lo importante que pueden ser los cuidados paliativos para los pacientes y sus cuidadores.<\/p>\n<\/div>\n<\/div>\n<\/div>\n<\/div>\n<p><iframe loading=\"lazy\" src=\"https:\/\/w.soundcloud.com\/player\/?url=https%3A\/\/api.soundcloud.com\/tracks\/221299639&amp;color=%23ff5500&amp;auto_play=false&amp;hide_related=false&amp;show_comments=true&amp;show_user=true&amp;show_reposts=false&amp;visual=true\" width=\"100%\" height=\"300\" frameborder=\"no\" scrolling=\"no\"><\/iframe><\/p>\n<h3><\/h3>\n<h3>Encontrar la alegr\u00eda<\/h3>\n<p>Gail Sheehy ha escrito sobre muchos eventos importantes en la historia de Estados Unidos y se convirti\u00f3 en una experta en el cuidado familiar con su libro de 2010, <em>Pasajes sobre el cuidado: convertir el caos en confianza<\/em>Ella comprende las preocupaciones y los desaf\u00edos que enfrentan los cuidadores familiares. Durante 17 a\u00f1os, Gail cuid\u00f3 de su esposo, lo que la inspir\u00f3 a escribir una obra de teatro llamada <em>persiguiendo al tigre<\/em>En \u00e9l, comparte sus luchas y \u00e9xitos como cuidadora.<\/p>\n<div class=\"flex max-w-full flex-col flex-grow\">\n<div class=\"min-h-8 text-message flex w-full flex-col items-end gap-2 whitespace-normal break-words [.text-message+&amp;]:mt-5\" dir=\"auto\" data-message-author-role=\"assistant\" data-message-id=\"2ac1b3d2-0d94-4330-9db1-7545ee4722d7\" data-message-model-slug=\"gpt-4o\">\n<div class=\"flex w-full flex-col gap-1 empty:hidden first:pt-[3px]\">\n<div class=\"markdown prose w-full break-words dark:prose-invert light\">\n<p>Trabajando con el Centro para el Avance de los Cuidados Paliativos, Gail <a href=\"https:\/\/www.youtube.com\/watch?v=XiHgaR3VziE\">Hice una versi\u00f3n en video<\/a> de <em>persiguiendo al tigre<\/em>, mostrando sus escenas m\u00e1s conmovedoras para ense\u00f1ar e inspirar a otros. <a href=\"https:\/\/www.youtube.com\/watch?v=XiHgaR3VziE\">video<\/a> Muestra c\u00f3mo ella y su marido descubrieron los cuidados paliativos, que les ayudaron a encontrar la alegr\u00eda incluso mientras viv\u00edan con una enfermedad grave.<\/p>\n<p><iframe loading=\"lazy\" src=\"https:\/\/www.youtube.com\/embed\/XiHgaR3VziE\" width=\"500\" height=\"281\" frameborder=\"0\" allowfullscreen=\"allowfullscreen\"><\/iframe><\/p>\n<\/div>\n<\/div>\n<\/div>\n<\/div>\n<h2>Blogs<\/h2>\n<p><span style=\"box-sizing: border-box; margin: 0px; padding: 0px;\">Descubra cientos de <a href=\"https:\/\/getpalliativecare.org\/es\/articles\/\" target=\"_blank\" rel=\"noopener\">Blogs \u00fatiles<\/a> que tratan temas de m\u00e1xima importancia para las personas que viven con enfermedades graves y sus familias. Hay <a href=\"https:\/\/getpalliativecare.org\/es\/articles\/\">Muchos blogs<\/a> Puedes echar un vistazo, pero para empezar, aqu\u00ed hay algunos que te recomendamos:<\/span><\/p>\n<ul>\n<li><a href=\"https:\/\/getpalliativecare.org\/es\/4-ways-family-caregivers-can-take-care-of-themselves\/\">4 maneras en que los cuidadores familiares pueden cuidarse a s\u00ed mismos<\/a><\/li>\n<li><a href=\"https:\/\/getpalliativecare.org\/es\/palliative-care-helps-the-caregiver-too\/\">Los cuidados paliativos tambi\u00e9n ayudan al cuidador<\/a><\/li>\n<li><a href=\"https:\/\/getpalliativecare.org\/es\/when-should-you-ask-for-palliative-care-2023\/\">\u00bfCu\u00e1ndo deber\u00eda solicitar cuidados paliativos?<\/a><\/li>\n<li><a href=\"https:\/\/getpalliativecare.org\/es\/what-to-expect-from-your-first-palliative-care-meeting2023\/\">Qu\u00e9 esperar de su primera reuni\u00f3n de cuidados paliativos<\/a><\/li>\n<li><a href=\"https:\/\/getpalliativecare.org\/es\/stressed-about-bills-these-nonprofits-offer-financial-aid-to-patients-and-families-24\/\">\u00bfEstresado por las facturas? Estas organizaciones sin fines de lucro ofrecen ayuda financiera a pacientes y familias<\/a><\/li>\n<\/ul>\n<h2>Podcast<\/h2>\n<p>Escuchar <a href=\"https:\/\/getpalliativecare.org\/es\/podcasts\/\">Episodios cortos de nuestro podcast<\/a>, donde personas que viven con enfermedades graves y sus seres queridos hablan sobre c\u00f3mo los cuidados paliativos les han ayudado.<\/p>\n<h2>Otros recursos y enlaces \u00fatiles<\/h2>\n<p>\u00bfEst\u00e1 buscando m\u00e1s recursos para el cuidado de personas? Consulte nuestra <a href=\"https:\/\/getpalliativecare.org\/es\/resources\/links\/\">Recursos y enlaces \u00fatiles<\/a>.<\/p>","protected":false},"excerpt":{"rendered":"<p>Si usted es pareja, hijo, hermano, padre, amigo u otro ser querido de alguien que vive con una enfermedad grave, usted es un cuidador familiar. Esto significa que asume muchas responsabilidades para cuidar a su ser querido, que pueden incluir levantar, ba\u00f1ar, preparar comidas, conducir hasta las citas m\u00e9dicas y asistir a ellas, lidiar con conductas desafiantes, \u2026 <\/p>","protected":false},"author":1,"featured_media":0,"parent":60402,"menu_order":0,"comment_status":"open","ping_status":"open","template":"template-resources.php","meta":{"_acf_changed":false,"footnotes":""},"class_list":["post-43620","page","type-page","status-publish","hentry"],"acf":[],"yoast_head":"<!-- This site is optimized with the Yoast SEO plugin v26.6 - https:\/\/yoast.com\/wordpress\/plugins\/seo\/ -->\n<title>Caregiver Corner - Get Palliative Care<\/title>\n<meta name=\"description\" content=\"The Caregiver Corner offers resources and tips for family caregivers and shares how palliative care can help the whole family.\" \/>\n<meta name=\"robots\" content=\"index, follow, max-snippet:-1, max-image-preview:large, max-video-preview:-1\" \/>\n<link rel=\"canonical\" href=\"https:\/\/getpalliativecare.org\/es\/resources\/caregivers\/\" \/>\n<meta name=\"twitter:card\" content=\"summary_large_image\" \/>\n<meta name=\"twitter:title\" content=\"Caregiver Corner - Get Palliative Care\" \/>\n<meta name=\"twitter:description\" content=\"The Caregiver Corner offers resources and tips for family caregivers and shares how palliative care can help the whole family.\" \/>\n<meta name=\"twitter:site\" content=\"@GetPalliative\" \/>\n<meta name=\"twitter:label1\" content=\"Tiempo de lectura\" \/>\n\t<meta name=\"twitter:data1\" content=\"3 minutos\" \/>\n<script type=\"application\/ld+json\" class=\"yoast-schema-graph\">{\"@context\":\"https:\/\/schema.org\",\"@graph\":[{\"@type\":\"WebPage\",\"@id\":\"https:\/\/getpalliativecare.org\/resources\/caregivers\/\",\"url\":\"https:\/\/getpalliativecare.org\/resources\/caregivers\/\",\"name\":\"Caregiver Corner - Get Palliative Care\",\"isPartOf\":{\"@id\":\"https:\/\/getpalliativecare.org\/#website\"},\"datePublished\":\"2012-09-13T21:33:42+00:00\",\"dateModified\":\"2025-02-21T15:05:56+00:00\",\"description\":\"The Caregiver Corner offers resources and tips for family caregivers and shares how palliative care can help the whole family.\",\"breadcrumb\":{\"@id\":\"https:\/\/getpalliativecare.org\/resources\/caregivers\/#breadcrumb\"},\"inLanguage\":\"es\",\"potentialAction\":[{\"@type\":\"ReadAction\",\"target\":[\"https:\/\/getpalliativecare.org\/resources\/caregivers\/\"]}]},{\"@type\":\"BreadcrumbList\",\"@id\":\"https:\/\/getpalliativecare.org\/resources\/caregivers\/#breadcrumb\",\"itemListElement\":[{\"@type\":\"ListItem\",\"position\":1,\"name\":\"Resources\",\"item\":\"https:\/\/getpalliativecare.org\/resources\/\"},{\"@type\":\"ListItem\",\"position\":2,\"name\":\"Caregiver Corner\"}]},{\"@type\":\"WebSite\",\"@id\":\"https:\/\/getpalliativecare.org\/#website\",\"url\":\"https:\/\/getpalliativecare.org\/\",\"name\":\"Get Palliative Care\",\"description\":\"Palliative care is specialized care focused on the pain, symptoms and stress of serious illness.  Find a hospital or medical center in your area that has a palliative care program.\",\"potentialAction\":[{\"@type\":\"SearchAction\",\"target\":{\"@type\":\"EntryPoint\",\"urlTemplate\":\"https:\/\/getpalliativecare.org\/?s={search_term_string}\"},\"query-input\":{\"@type\":\"PropertyValueSpecification\",\"valueRequired\":true,\"valueName\":\"search_term_string\"}}],\"inLanguage\":\"es\"}]}<\/script>\n<!-- \/ Yoast SEO plugin. -->","yoast_head_json":{"title":"Rinc\u00f3n del cuidador: Reciba cuidados paliativos","description":"El Rinc\u00f3n del Cuidador ofrece recursos y consejos para los cuidadores familiares y comparte c\u00f3mo los cuidados paliativos pueden ayudar a toda la familia.","robots":{"index":"index","follow":"follow","max-snippet":"max-snippet:-1","max-image-preview":"max-image-preview:large","max-video-preview":"max-video-preview:-1"},"canonical":"https:\/\/getpalliativecare.org\/es\/resources\/caregivers\/","twitter_card":"summary_large_image","twitter_title":"Caregiver Corner - Get Palliative Care","twitter_description":"The Caregiver Corner offers resources and tips for family caregivers and shares how palliative care can help the whole family.","twitter_site":"@GetPalliative","twitter_misc":{"Tiempo de lectura":"3 minutos"},"schema":{"@context":"https:\/\/schema.org","@graph":[{"@type":"WebPage","@id":"https:\/\/getpalliativecare.org\/resources\/caregivers\/","url":"https:\/\/getpalliativecare.org\/resources\/caregivers\/","name":"Rinc\u00f3n del cuidador: Reciba cuidados paliativos","isPartOf":{"@id":"https:\/\/getpalliativecare.org\/#website"},"datePublished":"2012-09-13T21:33:42+00:00","dateModified":"2025-02-21T15:05:56+00:00","description":"El Rinc\u00f3n del Cuidador ofrece recursos y consejos para los cuidadores familiares y comparte c\u00f3mo los cuidados paliativos pueden ayudar a toda la familia.","breadcrumb":{"@id":"https:\/\/getpalliativecare.org\/resources\/caregivers\/#breadcrumb"},"inLanguage":"es","potentialAction":[{"@type":"ReadAction","target":["https:\/\/getpalliativecare.org\/resources\/caregivers\/"]}]},{"@type":"BreadcrumbList","@id":"https:\/\/getpalliativecare.org\/resources\/caregivers\/#breadcrumb","itemListElement":[{"@type":"ListItem","position":1,"name":"Resources","item":"https:\/\/getpalliativecare.org\/resources\/"},{"@type":"ListItem","position":2,"name":"Caregiver Corner"}]},{"@type":"WebSite","@id":"https:\/\/getpalliativecare.org\/#website","url":"https:\/\/getpalliativecare.org\/","name":"Obtenga cuidados paliativos","description":"Los cuidados paliativos son cuidados especializados centrados en el dolor, los s\u00edntomas y el estr\u00e9s de una enfermedad grave. Encuentre un hospital o centro m\u00e9dico en su \u00e1rea que tenga un programa de cuidados paliativos.","potentialAction":[{"@type":"SearchAction","target":{"@type":"EntryPoint","urlTemplate":"https:\/\/getpalliativecare.org\/?s={search_term_string}"},"query-input":{"@type":"PropertyValueSpecification","valueRequired":true,"valueName":"search_term_string"}}],"inLanguage":"es"}]}},"_links":{"self":[{"href":"https:\/\/getpalliativecare.org\/es\/wp-json\/wp\/v2\/pages\/43620","targetHints":{"allow":["GET"]}}],"collection":[{"href":"https:\/\/getpalliativecare.org\/es\/wp-json\/wp\/v2\/pages"}],"about":[{"href":"https:\/\/getpalliativecare.org\/es\/wp-json\/wp\/v2\/types\/page"}],"author":[{"embeddable":true,"href":"https:\/\/getpalliativecare.org\/es\/wp-json\/wp\/v2\/users\/1"}],"replies":[{"embeddable":true,"href":"https:\/\/getpalliativecare.org\/es\/wp-json\/wp\/v2\/comments?post=43620"}],"version-history":[{"count":0,"href":"https:\/\/getpalliativecare.org\/es\/wp-json\/wp\/v2\/pages\/43620\/revisions"}],"up":[{"embeddable":true,"href":"https:\/\/getpalliativecare.org\/es\/wp-json\/wp\/v2\/pages\/60402"}],"wp:attachment":[{"href":"https:\/\/getpalliativecare.org\/es\/wp-json\/wp\/v2\/media?parent=43620"}],"curies":[{"name":"gracias","href":"https:\/\/api.w.org\/{rel}","templated":true}]}}