{"id":43615,"date":"2012-09-13T17:31:52","date_gmt":"2012-09-13T21:31:52","guid":{"rendered":"http:\/\/getpalliativecare.org\/?page_id=43615"},"modified":"2019-09-27T17:08:34","modified_gmt":"2019-09-27T21:08:34","slug":"policymakers","status":"publish","type":"page","link":"https:\/\/getpalliativecare.org\/es\/resources\/policymakers\/","title":{"rendered":"Para formuladores de pol\u00edticas"},"content":{"rendered":"<p>Los cuidados paliativos son atenci\u00f3n m\u00e9dica especializada centrada en el alivio de los s\u00edntomas y el estr\u00e9s de una enfermedad grave. El objetivo es mejorar la calidad de vida tanto del paciente como de la familia.<\/p>\n<p>Los cuidados paliativos los brinda un equipo especialmente capacitado que incluye m\u00e9dicos, enfermeras y otros especialistas que trabajan junto con otros m\u00e9dicos del paciente para brindar un nivel adicional de apoyo. Los cuidados paliativos son apropiados a cualquier edad y en cualquier etapa de una enfermedad grave, y pueden brindarse junto con un tratamiento curativo.<\/p>\n<p>Se basa en la necesidad, no en el pron\u00f3stico.<\/p>\n<p><img loading=\"lazy\" decoding=\"async\" class=\"alignleft size-full wp-image-60709\" src=\"https:\/\/getpalliativecare.org\/wp-content\/uploads\/2018\/08\/2018-Growth-Snapshot-Graph-with-Source.jpg\" alt=\"\" width=\"2485\" height=\"2732\" \/><\/p>\n<p>&nbsp;<\/p>\n<h2><\/h2>\n<h2><\/h2>\n<h2><\/h2>\n<h2><\/h2>\n<h2><\/h2>\n<h2><\/h2>\n<h2><\/h2>\n<h2>Difusi\u00f3n de la innovaci\u00f3n sanitaria<\/h2>\n<p>Durante la \u00faltima d\u00e9cada, los cuidados paliativos han sido una de las tendencias de m\u00e1s r\u00e1pido crecimiento en la atenci\u00f3n sanitaria. De hecho, la prevalencia de los cuidados paliativos en los hospitales de EE. UU. ha mostrado un aumento constante desde el a\u00f1o 2000. Hoy en d\u00eda, el 72 por ciento de los hospitales de EE. UU. con cincuenta o m\u00e1s camas cuentan con un equipo de cuidados paliativos. Esto representa un aumento del 67 por ciento en 2015, el 53 por ciento en 2008 y el 7 por ciento en 2001.<\/p>\n<p>Este crecimiento se ha producido principalmente en respuesta al creciente n\u00famero de estadounidenses que viven con enfermedades graves y a las realidades de cuidado que enfrentan sus familias. Pero el sistema actual de prestaci\u00f3n de atenci\u00f3n sanitaria todav\u00eda no se adapta a las necesidades de los pacientes gravemente enfermos porque no est\u00e1 dise\u00f1ado para satisfacer sus necesidades. Nuestro sistema de atenci\u00f3n m\u00e9dica fragmentado dificulta el tratamiento eficaz de pacientes gravemente enfermos, justo cuando su n\u00famero y necesidades crecen exponencialmente.<\/p>\n<p>Los cuidados paliativos responden a esto porque se centran en la naturaleza epis\u00f3dica, prolongada y costosa de las enfermedades graves y multifac\u00e9ticas. Garantiza que se controlen los s\u00edntomas y los efectos secundarios, que los objetivos del tratamiento coincidan con los objetivos personales y que se mantenga la comunicaci\u00f3n en lo que suele ser un curso largo y complejo de una enfermedad grave.<\/p>\n<h2>La investigaci\u00f3n muestra que la gente quiere cuidados paliativos<\/h2>\n<p>Se espera que los cuidados paliativos aumenten a medida que el p\u00fablico sea m\u00e1s consciente de sus beneficios. Una reciente investigaci\u00f3n de opini\u00f3n p\u00fablica realizada por la firma encuestadora nacional Public Opinion Strategies revela que incluso aquellos que no est\u00e1n informados sobre los cuidados paliativos, una vez informados, 90% dijeron que probablemente considerar\u00edan los cuidados paliativos para un ser querido si tuviera una enfermedad grave. Adem\u00e1s, 94% afirm\u00f3 que es importante que los servicios de cuidados paliativos est\u00e9n disponibles en todos los hospitales para pacientes con enfermedades graves y sus familias. Y 90% estuvo de acuerdo en que deber\u00eda estar cubierto por un seguro m\u00e9dico.<\/p>\n<h2>La mejora de la calidad conduce a la reducci\u00f3n de costes<\/h2>\n<p>Hoy en d\u00eda, millones de estadounidenses viven con enfermedades graves y se espera que este n\u00famero crezca exponencialmente en los pr\u00f3ximos 25 a\u00f1os. Aproximadamente el 20% de todos los beneficiarios de Medicare tienen 5 o m\u00e1s afecciones cr\u00f3nicas, y dos tercios del gasto de Medicare se destinan a cubrir su atenci\u00f3n. Esta poblaci\u00f3n de pacientes tambi\u00e9n es la que tiene m\u00e1s probabilidades de beneficiarse de los cuidados paliativos. Estudios recientes indican que al hacer coincidir estrechamente los tratamientos con los objetivos de los pacientes y mejorar su calidad de vida y de atenci\u00f3n, los cuidados paliativos tambi\u00e9n pueden proporcionar una reducci\u00f3n sustancial de costos.<\/p>\n<h2>Los cambios de pol\u00edtica ayudar\u00edan<\/h2>\n<p>Las iniciativas pol\u00edticas que aborden las necesidades de la fuerza laboral, la investigaci\u00f3n y los modelos de pago vinculados a medidas de calidad podr\u00edan llevar r\u00e1pidamente los cuidados paliativos a escala en los Estados Unidos. La implementaci\u00f3n de las pol\u00edticas necesarias permitir\u00e1 a los EE. UU. satisfacer las necesidades de nuestras poblaciones de pacientes con mayores necesidades y mayores costos. Obtenga m\u00e1s informaci\u00f3n leyendo <em><a href=\"https:\/\/reportcard.capc.org\/\" target=\"_blank\" rel=\"noopener noreferrer\">La atenci\u00f3n de las enfermedades graves en Estados Unidos: un informe de calificaciones estado por estado sobre el acceso a los cuidados paliativos en los hospitales de nuestra naci\u00f3n<\/a>\u00a0<\/em>y la secci\u00f3n de pol\u00edticas de <a href=\"https:\/\/www.capc.org\/payers-policymakers\/policy-resources\/\">capc.org<\/a>.<\/p>\n<h5><\/h5>","protected":false},"excerpt":{"rendered":"<p>Los cuidados paliativos son atenci\u00f3n m\u00e9dica especializada centrada en el alivio de los s\u00edntomas y el estr\u00e9s de una enfermedad grave. El objetivo es mejorar la calidad de vida tanto del paciente como de la familia. Los cuidados paliativos los brinda un equipo especialmente capacitado que incluye m\u00e9dicos, enfermeras y otros especialistas que trabajan junto con otros m\u00e9dicos del paciente para brindar... <\/p>","protected":false},"author":1,"featured_media":0,"parent":60402,"menu_order":0,"comment_status":"open","ping_status":"open","template":"template-resources.php","meta":{"_acf_changed":false,"footnotes":""},"class_list":["post-43615","page","type-page","status-publish","hentry"],"acf":[],"yoast_head":"<!-- This site is optimized with the Yoast SEO plugin v26.6 - https:\/\/yoast.com\/wordpress\/plugins\/seo\/ -->\n<title>Palliative Care for Policy and Policymakers | Get Palliative Care<\/title>\n<meta name=\"description\" content=\"Palliative care for policy and policymakers addresses workforce needs, research and patient access that could bring palliative care to scale in the US.\" \/>\n<meta name=\"robots\" content=\"index, follow, max-snippet:-1, max-image-preview:large, max-video-preview:-1\" \/>\n<link rel=\"canonical\" href=\"https:\/\/getpalliativecare.org\/es\/resources\/policymakers\/\" \/>\n<meta name=\"twitter:card\" content=\"summary_large_image\" \/>\n<meta name=\"twitter:title\" content=\"Palliative Care for Policy and Policymakers | Get Palliative Care\" \/>\n<meta name=\"twitter:description\" content=\"Palliative care for policy and policymakers addresses workforce needs, research and patient access that could bring palliative care to scale in the US.\" \/>\n<meta name=\"twitter:image\" content=\"https:\/\/getpalliativecare.org\/wp-content\/uploads\/2018\/08\/2018-Growth-Snapshot-Graph-with-Source.jpg\" \/>\n<meta name=\"twitter:site\" content=\"@GetPalliative\" \/>\n<meta name=\"twitter:label1\" content=\"Tiempo de lectura\" \/>\n\t<meta name=\"twitter:data1\" content=\"3 minutos\" \/>\n<script type=\"application\/ld+json\" class=\"yoast-schema-graph\">{\"@context\":\"https:\/\/schema.org\",\"@graph\":[{\"@type\":\"WebPage\",\"@id\":\"https:\/\/getpalliativecare.org\/resources\/policymakers\/\",\"url\":\"https:\/\/getpalliativecare.org\/resources\/policymakers\/\",\"name\":\"Palliative Care for Policy and Policymakers | Get Palliative Care\",\"isPartOf\":{\"@id\":\"https:\/\/getpalliativecare.org\/#website\"},\"primaryImageOfPage\":{\"@id\":\"https:\/\/getpalliativecare.org\/resources\/policymakers\/#primaryimage\"},\"image\":{\"@id\":\"https:\/\/getpalliativecare.org\/resources\/policymakers\/#primaryimage\"},\"thumbnailUrl\":\"https:\/\/getpalliativecare.org\/wp-content\/uploads\/2018\/08\/2018-Growth-Snapshot-Graph-with-Source.jpg\",\"datePublished\":\"2012-09-13T21:31:52+00:00\",\"dateModified\":\"2019-09-27T21:08:34+00:00\",\"description\":\"Palliative care for policy and policymakers addresses workforce needs, research and patient access that could bring palliative care to scale in the US.\",\"breadcrumb\":{\"@id\":\"https:\/\/getpalliativecare.org\/resources\/policymakers\/#breadcrumb\"},\"inLanguage\":\"es\",\"potentialAction\":[{\"@type\":\"ReadAction\",\"target\":[\"https:\/\/getpalliativecare.org\/resources\/policymakers\/\"]}]},{\"@type\":\"ImageObject\",\"inLanguage\":\"es\",\"@id\":\"https:\/\/getpalliativecare.org\/resources\/policymakers\/#primaryimage\",\"url\":\"https:\/\/getpalliativecare.org\/wp-content\/uploads\/2018\/08\/2018-Growth-Snapshot-Graph-with-Source.jpg\",\"contentUrl\":\"https:\/\/getpalliativecare.org\/wp-content\/uploads\/2018\/08\/2018-Growth-Snapshot-Graph-with-Source.jpg\"},{\"@type\":\"BreadcrumbList\",\"@id\":\"https:\/\/getpalliativecare.org\/resources\/policymakers\/#breadcrumb\",\"itemListElement\":[{\"@type\":\"ListItem\",\"position\":1,\"name\":\"Resources\",\"item\":\"https:\/\/getpalliativecare.org\/resources\/\"},{\"@type\":\"ListItem\",\"position\":2,\"name\":\"For Policymakers\"}]},{\"@type\":\"WebSite\",\"@id\":\"https:\/\/getpalliativecare.org\/#website\",\"url\":\"https:\/\/getpalliativecare.org\/\",\"name\":\"Get Palliative Care\",\"description\":\"Palliative care is specialized care focused on the pain, symptoms and stress of serious illness.  Find a hospital or medical center in your area that has a palliative care program.\",\"potentialAction\":[{\"@type\":\"SearchAction\",\"target\":{\"@type\":\"EntryPoint\",\"urlTemplate\":\"https:\/\/getpalliativecare.org\/?s={search_term_string}\"},\"query-input\":{\"@type\":\"PropertyValueSpecification\",\"valueRequired\":true,\"valueName\":\"search_term_string\"}}],\"inLanguage\":\"es\"}]}<\/script>\n<!-- \/ Yoast SEO plugin. -->","yoast_head_json":{"title":"Cuidados paliativos para la formulaci\u00f3n de pol\u00edticas y sus responsables | Obtenga cuidados paliativos","description":"Los cuidados paliativos para los responsables de pol\u00edticas y sus responsables abordan las necesidades de fuerza laboral, investigaci\u00f3n y acceso de los pacientes que podr\u00edan ampliar la escala de los cuidados paliativos en los EE. UU.","robots":{"index":"index","follow":"follow","max-snippet":"max-snippet:-1","max-image-preview":"max-image-preview:large","max-video-preview":"max-video-preview:-1"},"canonical":"https:\/\/getpalliativecare.org\/es\/resources\/policymakers\/","twitter_card":"summary_large_image","twitter_title":"Palliative Care for Policy and Policymakers | Get Palliative Care","twitter_description":"Palliative care for policy and policymakers addresses workforce needs, research and patient access that could bring palliative care to scale in the US.","twitter_image":"https:\/\/getpalliativecare.org\/wp-content\/uploads\/2018\/08\/2018-Growth-Snapshot-Graph-with-Source.jpg","twitter_site":"@GetPalliative","twitter_misc":{"Tiempo de lectura":"3 minutos"},"schema":{"@context":"https:\/\/schema.org","@graph":[{"@type":"WebPage","@id":"https:\/\/getpalliativecare.org\/resources\/policymakers\/","url":"https:\/\/getpalliativecare.org\/resources\/policymakers\/","name":"Cuidados paliativos para la formulaci\u00f3n de pol\u00edticas y sus responsables | Obtenga cuidados paliativos","isPartOf":{"@id":"https:\/\/getpalliativecare.org\/#website"},"primaryImageOfPage":{"@id":"https:\/\/getpalliativecare.org\/resources\/policymakers\/#primaryimage"},"image":{"@id":"https:\/\/getpalliativecare.org\/resources\/policymakers\/#primaryimage"},"thumbnailUrl":"https:\/\/getpalliativecare.org\/wp-content\/uploads\/2018\/08\/2018-Growth-Snapshot-Graph-with-Source.jpg","datePublished":"2012-09-13T21:31:52+00:00","dateModified":"2019-09-27T21:08:34+00:00","description":"Los cuidados paliativos para los responsables de pol\u00edticas y sus responsables abordan las necesidades de fuerza laboral, investigaci\u00f3n y acceso de los pacientes que podr\u00edan ampliar la escala de los cuidados paliativos en los EE. UU.","breadcrumb":{"@id":"https:\/\/getpalliativecare.org\/resources\/policymakers\/#breadcrumb"},"inLanguage":"es","potentialAction":[{"@type":"ReadAction","target":["https:\/\/getpalliativecare.org\/resources\/policymakers\/"]}]},{"@type":"ImageObject","inLanguage":"es","@id":"https:\/\/getpalliativecare.org\/resources\/policymakers\/#primaryimage","url":"https:\/\/getpalliativecare.org\/wp-content\/uploads\/2018\/08\/2018-Growth-Snapshot-Graph-with-Source.jpg","contentUrl":"https:\/\/getpalliativecare.org\/wp-content\/uploads\/2018\/08\/2018-Growth-Snapshot-Graph-with-Source.jpg"},{"@type":"BreadcrumbList","@id":"https:\/\/getpalliativecare.org\/resources\/policymakers\/#breadcrumb","itemListElement":[{"@type":"ListItem","position":1,"name":"Resources","item":"https:\/\/getpalliativecare.org\/resources\/"},{"@type":"ListItem","position":2,"name":"For Policymakers"}]},{"@type":"WebSite","@id":"https:\/\/getpalliativecare.org\/#website","url":"https:\/\/getpalliativecare.org\/","name":"Obtenga cuidados paliativos","description":"Los cuidados paliativos son cuidados especializados centrados en el dolor, los s\u00edntomas y el estr\u00e9s de una enfermedad grave. Encuentre un hospital o centro m\u00e9dico en su \u00e1rea que tenga un programa de cuidados paliativos.","potentialAction":[{"@type":"SearchAction","target":{"@type":"EntryPoint","urlTemplate":"https:\/\/getpalliativecare.org\/?s={search_term_string}"},"query-input":{"@type":"PropertyValueSpecification","valueRequired":true,"valueName":"search_term_string"}}],"inLanguage":"es"}]}},"_links":{"self":[{"href":"https:\/\/getpalliativecare.org\/es\/wp-json\/wp\/v2\/pages\/43615","targetHints":{"allow":["GET"]}}],"collection":[{"href":"https:\/\/getpalliativecare.org\/es\/wp-json\/wp\/v2\/pages"}],"about":[{"href":"https:\/\/getpalliativecare.org\/es\/wp-json\/wp\/v2\/types\/page"}],"author":[{"embeddable":true,"href":"https:\/\/getpalliativecare.org\/es\/wp-json\/wp\/v2\/users\/1"}],"replies":[{"embeddable":true,"href":"https:\/\/getpalliativecare.org\/es\/wp-json\/wp\/v2\/comments?post=43615"}],"version-history":[{"count":0,"href":"https:\/\/getpalliativecare.org\/es\/wp-json\/wp\/v2\/pages\/43615\/revisions"}],"up":[{"embeddable":true,"href":"https:\/\/getpalliativecare.org\/es\/wp-json\/wp\/v2\/pages\/60402"}],"wp:attachment":[{"href":"https:\/\/getpalliativecare.org\/es\/wp-json\/wp\/v2\/media?parent=43615"}],"curies":[{"name":"gracias","href":"https:\/\/api.w.org\/{rel}","templated":true}]}}