{"id":43613,"date":"2012-09-13T17:26:39","date_gmt":"2012-09-13T21:26:39","guid":{"rendered":"http:\/\/getpalliativecare.org\/?page_id=43613"},"modified":"2024-02-28T11:14:58","modified_gmt":"2024-02-28T16:14:58","slug":"themedia","status":"publish","type":"page","link":"https:\/\/getpalliativecare.org\/es\/resources\/themedia\/","title":{"rendered":"Para los medios"},"content":{"rendered":"<p>Si es miembro de los medios de comunicaci\u00f3n, no dude en comunicarse con nosotros. Para concertar una entrevista o solicitar informaci\u00f3n para una historia, p\u00f3ngase en contacto con:<\/p>\n<p><strong>Melissa Scholl<br \/>\n<\/strong>Director s\u00e9nior de marketing y comunicaciones, Centro para el avance de los cuidados paliativos<strong><br \/>\n<\/strong><a href=\"mailto:melissa.scholl@mssm.edu\">melissa.scholl@mssm.edu<\/a><\/p>\n<p><strong>\u00a0<\/strong><\/p>","protected":false},"excerpt":{"rendered":"<p>Si es miembro de los medios de comunicaci\u00f3n, no dude en comunicarse con nosotros. Para concertar una entrevista o solicitar informaci\u00f3n para una historia, comun\u00edquese con: Melissa Scholl Directora s\u00e9nior, marketing y comunicaciones, Centro para el avance de los cuidados paliativos melissa.scholl@mssm.edu \u00a0<\/p>","protected":false},"author":1,"featured_media":0,"parent":60402,"menu_order":0,"comment_status":"open","ping_status":"open","template":"template-resources.php","meta":{"_acf_changed":false,"footnotes":""},"class_list":["post-43613","page","type-page","status-publish","hentry"],"acf":[],"yoast_head":"<!-- This site is optimized with the Yoast SEO plugin v26.6 - https:\/\/yoast.com\/wordpress\/plugins\/seo\/ -->\n<title>Palliative Care Information and Media Resources | Get Palliative Care<\/title>\n<meta name=\"description\" content=\"Palliative care information and resources for media inquiries from Get Palliative Care. To arrange an interview or request information contact us.\" \/>\n<meta name=\"robots\" content=\"index, follow, max-snippet:-1, max-image-preview:large, max-video-preview:-1\" \/>\n<link rel=\"canonical\" href=\"https:\/\/getpalliativecare.org\/es\/resources\/themedia\/\" \/>\n<meta name=\"twitter:card\" content=\"summary_large_image\" \/>\n<meta name=\"twitter:title\" content=\"Palliative Care Information and Media Resources | Get Palliative Care\" \/>\n<meta name=\"twitter:description\" content=\"Palliative care information and resources for media inquiries from Get Palliative Care. To arrange an interview or request information contact us.\" \/>\n<meta name=\"twitter:site\" content=\"@GetPalliative\" \/>\n<meta name=\"twitter:label1\" content=\"Tiempo de lectura\" \/>\n\t<meta name=\"twitter:data1\" content=\"1 minuto\" \/>\n<script type=\"application\/ld+json\" class=\"yoast-schema-graph\">{\"@context\":\"https:\/\/schema.org\",\"@graph\":[{\"@type\":\"WebPage\",\"@id\":\"https:\/\/getpalliativecare.org\/resources\/themedia\/\",\"url\":\"https:\/\/getpalliativecare.org\/resources\/themedia\/\",\"name\":\"Palliative Care Information and Media Resources | Get Palliative Care\",\"isPartOf\":{\"@id\":\"https:\/\/getpalliativecare.org\/#website\"},\"datePublished\":\"2012-09-13T21:26:39+00:00\",\"dateModified\":\"2024-02-28T16:14:58+00:00\",\"description\":\"Palliative care information and resources for media inquiries from Get Palliative Care. To arrange an interview or request information contact us.\",\"breadcrumb\":{\"@id\":\"https:\/\/getpalliativecare.org\/resources\/themedia\/#breadcrumb\"},\"inLanguage\":\"es\",\"potentialAction\":[{\"@type\":\"ReadAction\",\"target\":[\"https:\/\/getpalliativecare.org\/resources\/themedia\/\"]}]},{\"@type\":\"BreadcrumbList\",\"@id\":\"https:\/\/getpalliativecare.org\/resources\/themedia\/#breadcrumb\",\"itemListElement\":[{\"@type\":\"ListItem\",\"position\":1,\"name\":\"Resources\",\"item\":\"https:\/\/getpalliativecare.org\/resources\/\"},{\"@type\":\"ListItem\",\"position\":2,\"name\":\"For the Media\"}]},{\"@type\":\"WebSite\",\"@id\":\"https:\/\/getpalliativecare.org\/#website\",\"url\":\"https:\/\/getpalliativecare.org\/\",\"name\":\"Get Palliative Care\",\"description\":\"Palliative care is specialized care focused on the pain, symptoms and stress of serious illness.  Find a hospital or medical center in your area that has a palliative care program.\",\"potentialAction\":[{\"@type\":\"SearchAction\",\"target\":{\"@type\":\"EntryPoint\",\"urlTemplate\":\"https:\/\/getpalliativecare.org\/?s={search_term_string}\"},\"query-input\":{\"@type\":\"PropertyValueSpecification\",\"valueRequired\":true,\"valueName\":\"search_term_string\"}}],\"inLanguage\":\"es\"}]}<\/script>\n<!-- \/ Yoast SEO plugin. -->","yoast_head_json":{"title":"Informaci\u00f3n y recursos multimedia sobre cuidados paliativos | Obtenga cuidados paliativos","description":"Informaci\u00f3n y recursos sobre cuidados paliativos para consultas de prensa de Get Palliative Care. Para concertar una entrevista o solicitar informaci\u00f3n, cont\u00e1ctenos.","robots":{"index":"index","follow":"follow","max-snippet":"max-snippet:-1","max-image-preview":"max-image-preview:large","max-video-preview":"max-video-preview:-1"},"canonical":"https:\/\/getpalliativecare.org\/es\/resources\/themedia\/","twitter_card":"summary_large_image","twitter_title":"Palliative Care Information and Media Resources | Get Palliative Care","twitter_description":"Palliative care information and resources for media inquiries from Get Palliative Care. To arrange an interview or request information contact us.","twitter_site":"@GetPalliative","twitter_misc":{"Tiempo de lectura":"1 minuto"},"schema":{"@context":"https:\/\/schema.org","@graph":[{"@type":"WebPage","@id":"https:\/\/getpalliativecare.org\/resources\/themedia\/","url":"https:\/\/getpalliativecare.org\/resources\/themedia\/","name":"Informaci\u00f3n y recursos multimedia sobre cuidados paliativos | Obtenga cuidados paliativos","isPartOf":{"@id":"https:\/\/getpalliativecare.org\/#website"},"datePublished":"2012-09-13T21:26:39+00:00","dateModified":"2024-02-28T16:14:58+00:00","description":"Informaci\u00f3n y recursos sobre cuidados paliativos para consultas de prensa de Get Palliative Care. Para concertar una entrevista o solicitar informaci\u00f3n, cont\u00e1ctenos.","breadcrumb":{"@id":"https:\/\/getpalliativecare.org\/resources\/themedia\/#breadcrumb"},"inLanguage":"es","potentialAction":[{"@type":"ReadAction","target":["https:\/\/getpalliativecare.org\/resources\/themedia\/"]}]},{"@type":"BreadcrumbList","@id":"https:\/\/getpalliativecare.org\/resources\/themedia\/#breadcrumb","itemListElement":[{"@type":"ListItem","position":1,"name":"Resources","item":"https:\/\/getpalliativecare.org\/resources\/"},{"@type":"ListItem","position":2,"name":"For the Media"}]},{"@type":"WebSite","@id":"https:\/\/getpalliativecare.org\/#website","url":"https:\/\/getpalliativecare.org\/","name":"Obtenga cuidados paliativos","description":"Los cuidados paliativos son cuidados especializados centrados en el dolor, los s\u00edntomas y el estr\u00e9s de una enfermedad grave. Encuentre un hospital o centro m\u00e9dico en su \u00e1rea que tenga un programa de cuidados paliativos.","potentialAction":[{"@type":"SearchAction","target":{"@type":"EntryPoint","urlTemplate":"https:\/\/getpalliativecare.org\/?s={search_term_string}"},"query-input":{"@type":"PropertyValueSpecification","valueRequired":true,"valueName":"search_term_string"}}],"inLanguage":"es"}]}},"_links":{"self":[{"href":"https:\/\/getpalliativecare.org\/es\/wp-json\/wp\/v2\/pages\/43613","targetHints":{"allow":["GET"]}}],"collection":[{"href":"https:\/\/getpalliativecare.org\/es\/wp-json\/wp\/v2\/pages"}],"about":[{"href":"https:\/\/getpalliativecare.org\/es\/wp-json\/wp\/v2\/types\/page"}],"author":[{"embeddable":true,"href":"https:\/\/getpalliativecare.org\/es\/wp-json\/wp\/v2\/users\/1"}],"replies":[{"embeddable":true,"href":"https:\/\/getpalliativecare.org\/es\/wp-json\/wp\/v2\/comments?post=43613"}],"version-history":[{"count":0,"href":"https:\/\/getpalliativecare.org\/es\/wp-json\/wp\/v2\/pages\/43613\/revisions"}],"up":[{"embeddable":true,"href":"https:\/\/getpalliativecare.org\/es\/wp-json\/wp\/v2\/pages\/60402"}],"wp:attachment":[{"href":"https:\/\/getpalliativecare.org\/es\/wp-json\/wp\/v2\/media?parent=43613"}],"curies":[{"name":"gracias","href":"https:\/\/api.w.org\/{rel}","templated":true}]}}