{"id":43570,"date":"2012-09-12T10:40:46","date_gmt":"2012-09-12T14:40:46","guid":{"rendered":"http:\/\/getpalliativecare.org\/?page_id=43570"},"modified":"2018-12-30T11:53:17","modified_gmt":"2018-12-30T16:53:17","slug":"glossary","status":"publish","type":"page","link":"https:\/\/getpalliativecare.org\/es\/resources\/glossary\/","title":{"rendered":"Glosario"},"content":{"rendered":"","protected":false},"excerpt":{"rendered":"","protected":false},"author":1,"featured_media":0,"parent":60402,"menu_order":0,"comment_status":"open","ping_status":"closed","template":"template-resources.php","meta":{"_acf_changed":false,"footnotes":""},"class_list":["post-43570","page","type-page","status-publish","hentry"],"acf":[],"yoast_head":"<!-- This site is optimized with the Yoast SEO plugin v26.6 - https:\/\/yoast.com\/wordpress\/plugins\/seo\/ -->\n<title>Palliative Care Glossary | Get Palliative Care<\/title>\n<meta name=\"description\" content=\"Glossary of important palliative care and hospice care terms from Get Palliative Care. Browse our glossary to learn more about palliative care.\" \/>\n<meta name=\"robots\" content=\"index, follow, max-snippet:-1, max-image-preview:large, max-video-preview:-1\" \/>\n<link rel=\"canonical\" href=\"https:\/\/getpalliativecare.org\/es\/resources\/glossary\/\" \/>\n<meta name=\"twitter:card\" content=\"summary_large_image\" \/>\n<meta name=\"twitter:title\" content=\"Palliative Care Glossary | Get Palliative Care\" \/>\n<meta name=\"twitter:description\" content=\"Glossary of important palliative care and hospice care terms from Get Palliative Care. Browse our glossary to learn more about palliative care.\" \/>\n<meta name=\"twitter:site\" content=\"@GetPalliative\" \/>\n<script type=\"application\/ld+json\" class=\"yoast-schema-graph\">{\"@context\":\"https:\/\/schema.org\",\"@graph\":[{\"@type\":\"WebPage\",\"@id\":\"https:\/\/getpalliativecare.org\/resources\/glossary\/\",\"url\":\"https:\/\/getpalliativecare.org\/resources\/glossary\/\",\"name\":\"Palliative Care Glossary | Get Palliative Care\",\"isPartOf\":{\"@id\":\"https:\/\/getpalliativecare.org\/#website\"},\"datePublished\":\"2012-09-12T14:40:46+00:00\",\"dateModified\":\"2018-12-30T16:53:17+00:00\",\"description\":\"Glossary of important palliative care and hospice care terms from Get Palliative Care. Browse our glossary to learn more about palliative care.\",\"breadcrumb\":{\"@id\":\"https:\/\/getpalliativecare.org\/resources\/glossary\/#breadcrumb\"},\"inLanguage\":\"es\",\"potentialAction\":[{\"@type\":\"ReadAction\",\"target\":[\"https:\/\/getpalliativecare.org\/resources\/glossary\/\"]}]},{\"@type\":\"BreadcrumbList\",\"@id\":\"https:\/\/getpalliativecare.org\/resources\/glossary\/#breadcrumb\",\"itemListElement\":[{\"@type\":\"ListItem\",\"position\":1,\"name\":\"Resources\",\"item\":\"https:\/\/getpalliativecare.org\/resources\/\"},{\"@type\":\"ListItem\",\"position\":2,\"name\":\"Glossary\"}]},{\"@type\":\"WebSite\",\"@id\":\"https:\/\/getpalliativecare.org\/#website\",\"url\":\"https:\/\/getpalliativecare.org\/\",\"name\":\"Get Palliative Care\",\"description\":\"Palliative care is specialized care focused on the pain, symptoms and stress of serious illness.  Find a hospital or medical center in your area that has a palliative care program.\",\"potentialAction\":[{\"@type\":\"SearchAction\",\"target\":{\"@type\":\"EntryPoint\",\"urlTemplate\":\"https:\/\/getpalliativecare.org\/?s={search_term_string}\"},\"query-input\":{\"@type\":\"PropertyValueSpecification\",\"valueRequired\":true,\"valueName\":\"search_term_string\"}}],\"inLanguage\":\"es\"}]}<\/script>\n<!-- \/ Yoast SEO plugin. -->","yoast_head_json":{"title":"Glosario de cuidados paliativos | Obtenga cuidados paliativos","description":"Glosario de t\u00e9rminos importantes sobre cuidados paliativos y cuidados paliativos de Get Palliative Care. Consulte nuestro glosario para obtener m\u00e1s informaci\u00f3n sobre cuidados paliativos.","robots":{"index":"index","follow":"follow","max-snippet":"max-snippet:-1","max-image-preview":"max-image-preview:large","max-video-preview":"max-video-preview:-1"},"canonical":"https:\/\/getpalliativecare.org\/es\/resources\/glossary\/","twitter_card":"summary_large_image","twitter_title":"Palliative Care Glossary | Get Palliative Care","twitter_description":"Glossary of important palliative care and hospice care terms from Get Palliative Care. Browse our glossary to learn more about palliative care.","twitter_site":"@GetPalliative","schema":{"@context":"https:\/\/schema.org","@graph":[{"@type":"WebPage","@id":"https:\/\/getpalliativecare.org\/resources\/glossary\/","url":"https:\/\/getpalliativecare.org\/resources\/glossary\/","name":"Glosario de cuidados paliativos | Obtenga cuidados paliativos","isPartOf":{"@id":"https:\/\/getpalliativecare.org\/#website"},"datePublished":"2012-09-12T14:40:46+00:00","dateModified":"2018-12-30T16:53:17+00:00","description":"Glosario de t\u00e9rminos importantes sobre cuidados paliativos y cuidados paliativos de Get Palliative Care. Consulte nuestro glosario para obtener m\u00e1s informaci\u00f3n sobre cuidados paliativos.","breadcrumb":{"@id":"https:\/\/getpalliativecare.org\/resources\/glossary\/#breadcrumb"},"inLanguage":"es","potentialAction":[{"@type":"ReadAction","target":["https:\/\/getpalliativecare.org\/resources\/glossary\/"]}]},{"@type":"BreadcrumbList","@id":"https:\/\/getpalliativecare.org\/resources\/glossary\/#breadcrumb","itemListElement":[{"@type":"ListItem","position":1,"name":"Resources","item":"https:\/\/getpalliativecare.org\/resources\/"},{"@type":"ListItem","position":2,"name":"Glossary"}]},{"@type":"WebSite","@id":"https:\/\/getpalliativecare.org\/#website","url":"https:\/\/getpalliativecare.org\/","name":"Obtenga cuidados paliativos","description":"Los cuidados paliativos son cuidados especializados centrados en el dolor, los s\u00edntomas y el estr\u00e9s de una enfermedad grave. Encuentre un hospital o centro m\u00e9dico en su \u00e1rea que tenga un programa de cuidados paliativos.","potentialAction":[{"@type":"SearchAction","target":{"@type":"EntryPoint","urlTemplate":"https:\/\/getpalliativecare.org\/?s={search_term_string}"},"query-input":{"@type":"PropertyValueSpecification","valueRequired":true,"valueName":"search_term_string"}}],"inLanguage":"es"}]}},"_links":{"self":[{"href":"https:\/\/getpalliativecare.org\/es\/wp-json\/wp\/v2\/pages\/43570","targetHints":{"allow":["GET"]}}],"collection":[{"href":"https:\/\/getpalliativecare.org\/es\/wp-json\/wp\/v2\/pages"}],"about":[{"href":"https:\/\/getpalliativecare.org\/es\/wp-json\/wp\/v2\/types\/page"}],"author":[{"embeddable":true,"href":"https:\/\/getpalliativecare.org\/es\/wp-json\/wp\/v2\/users\/1"}],"replies":[{"embeddable":true,"href":"https:\/\/getpalliativecare.org\/es\/wp-json\/wp\/v2\/comments?post=43570"}],"version-history":[{"count":0,"href":"https:\/\/getpalliativecare.org\/es\/wp-json\/wp\/v2\/pages\/43570\/revisions"}],"up":[{"embeddable":true,"href":"https:\/\/getpalliativecare.org\/es\/wp-json\/wp\/v2\/pages\/60402"}],"wp:attachment":[{"href":"https:\/\/getpalliativecare.org\/es\/wp-json\/wp\/v2\/media?parent=43570"}],"curies":[{"name":"gracias","href":"https:\/\/api.w.org\/{rel}","templated":true}]}}