{"id":43558,"date":"2012-09-12T10:08:51","date_gmt":"2012-09-12T14:08:51","guid":{"rendered":"http:\/\/getpalliativecare.org\/?page_id=43558"},"modified":"2024-12-12T10:45:47","modified_gmt":"2024-12-12T15:45:47","slug":"pediatric","status":"publish","type":"page","link":"https:\/\/getpalliativecare.org\/es\/whatis\/pediatric\/","title":{"rendered":"\u00bfQu\u00e9 son los cuidados paliativos pedi\u00e1tricos?"},"content":{"rendered":"<p>Cuidados paliativos pedi\u00e1tricos <em>(pronunciado pal-lee-uh-tiv)<\/em> es atenci\u00f3n m\u00e9dica especializada para personas que viven con una enfermedad grave. Los cuidados paliativos se centran en proporcionar alivio de los s\u00edntomas y el estr\u00e9s de la enfermedad. El objetivo es mejorar la calidad de vida tanto del ni\u00f1o como de la familia.<\/p>\n<p>Un equipo especialmente capacitado de m\u00e9dicos, enfermeras, trabajadores sociales y otros brindan cuidados paliativos. El equipo trabaja junto con los otros m\u00e9dicos del ni\u00f1o como una capa adicional de apoyo. Los cuidados paliativos son apropiados a cualquier edad y en cualquier etapa de una enfermedad. Es apropiado para reci\u00e9n nacidos, perinatales, beb\u00e9s, ni\u00f1os, adolescentes y adultos j\u00f3venes, y puede administrarse junto con un tratamiento destinado a curar.<\/p>\n<p>Los cuidados paliativos se basan en la necesidad, no en el pron\u00f3stico, por lo que es mejor incorporar al equipo lo antes posible.<\/p>\n<p>Los cuidados paliativos pedi\u00e1tricos abordan afecciones m\u00e9dicas graves, incluidos trastornos gen\u00e9ticos, c\u00e1ncer, prematuridad, trastornos neurol\u00f3gicos, afecciones card\u00edacas y pulmonares, entre otras. Alivia los s\u00edntomas de estas enfermedades, como dolor, dificultad para respirar, fatiga, estre\u00f1imiento, n\u00e1useas, p\u00e9rdida de apetito y dificultad para dormir, ansiedad y depresi\u00f3n. En definitiva, ayuda al ni\u00f1o y a la familia a mejorar su calidad de vida.<\/p>\n<p>Los cuidados paliativos pedi\u00e1tricos se centran en la familia. Ayuda con la comunicaci\u00f3n y coordinaci\u00f3n de la atenci\u00f3n. Con la estrecha comunicaci\u00f3n que proporcionan los cuidados paliativos, las familias pueden elegir mejor opciones que est\u00e9n en consonancia con sus valores, tradiciones y cultura. Esto mejora el bienestar de toda la familia.<\/p>\n<p>Los cuidados paliativos se basan en la necesidad, no en el pron\u00f3stico. Lo mejor es iniciar los cuidados paliativos lo antes posible. Esto beneficia tanto al ni\u00f1o como a la familia.<\/p>\n<h2>Perspectivas de los pacientes: la historia de los cuidados paliativos de la familia Shu<\/h2>\n<p>En este podcast, escuchamos a Dannell Shu, cuyo hijo naci\u00f3 con da\u00f1o cerebral severo. Dannell analiza el papel que desempe\u00f1aron los cuidados paliativos pedi\u00e1tricos, no solo para mejorar la calidad de vida de Levi, sino tambi\u00e9n para apoyar a toda la familia mientras navegaba por las aguas de su enfermedad cr\u00f3nica.<\/p>\n<p><iframe loading=\"lazy\" src=\"https:\/\/w.soundcloud.com\/player\/?url=https%3A\/\/api.soundcloud.com\/tracks\/207658042&amp;color=%23ff5500&amp;auto_play=false&amp;hide_related=false&amp;show_comments=true&amp;show_user=true&amp;show_reposts=false&amp;visual=true\" width=\"100%\" height=\"300\" frameborder=\"no\" scrolling=\"no\"><\/iframe><\/p>\n<div>\n<p><i>Para obtener recursos adicionales (videos, podcasts, gu\u00edas descargables) e historias familiares sobre c\u00f3mo los cuidados paliativos marcan la diferencia, visite <a href=\"https:\/\/courageousparentsnetwork.org\/topics\/how-palliative-care-helps\">Red de padres valientes<\/a>All\u00ed encontrar\u00e1s un <a href=\"https:\/\/urldefense.proofpoint.com\/v2\/url?u=https-3A__info.courageousparentsnetwork.org_e3t_Ctc_W-2B113_d2wcqy04_VWRBCk6pHjmxW8xQlNl7Gb2PFW6rg8CD5pvjlsN3wqV6T5nR32W69t95C6lZ3pTN87MjMCdL5JvW43-2DmSD7pz-2DM4W8YCCv-5F1hNYStVGp-5Ftk4lQn7KW48SLbG8J-2D1kGN8YqXnc5-2DrT8W4f6bQP4rywZSW1YFDM-2D84Jkh-5FW6m-5Fyzv1BzfpTW2W-2DP3-2D8QdzqfW7t5Vm38C2FR2M7f1Y3hqh5RW6R1S078Fj-2D2SVggj0m6dc7nSW8NpkQ56KTbfsVszPCN5ycJH5W87zh8V6qpkC0W2ZsRyx3g3WH-2DW3zBbv17ccjw-2DW5GtwF45gbZ-2D-5FW2k-2DZNF6rNZv6W4JBRHc8VzqLqW2bv-5Fs-5F9kzsrhW4nsPYP8bhfmWW45B98n1FglWBW5b86w42sW-5FkFV-5F3F-5Fp42hWBhW8Hk3J76FVd1lN5F8dD3zsW5HN7wWv-2Df98G6CW6FFP1b3J1hcqW1mbgtG2pDCsKW3VMFYm1M-5FjMSW8QTscM8lv4SwV7-2DVmD27zwTjW6KYQ8s425Jxsf3T-5FWhz04&amp;d=DwMFaQ&amp;c=shNJtf5dKgNcPZ6Yh64b-ALLUrcfR-4CCQkZVKC8w3o&amp;r=tX3IW7cD-UsuUyOhhWt9oK8q33qpetNKL9z3yFzqNUA&amp;m=eY0hxSSbVizPukhn2Pv_O-kS3e5SwTLrmWGPLXATvpgQ9HdAl-akM7tgS82Qbfku&amp;s=9OhTD3_LHLPBB6a_PLOA3Cr4V5jIUsTWPrWQd8v8Ozo&amp;e=\">Nueva gu\u00eda<\/a> Describiendo c\u00f3mo los cuidados paliativos benefician a los ni\u00f1os y las familias afectadas por el c\u00e1ncer.<\/i><\/p>\n<\/div>\n<div>\n<p aria-hidden=\"true\">\n<\/div>","protected":false},"excerpt":{"rendered":"<p>Los cuidados paliativos pedi\u00e1tricos (pronunciado pal-lee-uh-tiv) son atenci\u00f3n m\u00e9dica especializada para personas que viven con una enfermedad grave. Los cuidados paliativos se centran en proporcionar alivio de los s\u00edntomas y el estr\u00e9s de la enfermedad. El objetivo es mejorar la calidad de vida tanto del ni\u00f1o como de la familia. Un equipo especialmente capacitado de m\u00e9dicos, enfermeras, trabajadores sociales y otros brindan... <\/p>","protected":false},"author":1,"featured_media":0,"parent":43534,"menu_order":0,"comment_status":"open","ping_status":"open","template":"template-whatis.php","meta":{"_acf_changed":false,"footnotes":""},"class_list":["post-43558","page","type-page","status-publish","hentry"],"acf":[],"yoast_head":"<!-- This site is optimized with the Yoast SEO plugin v26.6 - https:\/\/yoast.com\/wordpress\/plugins\/seo\/ -->\n<title>Pediatric Palliative Care | Quality of Life | Get Palliative Care<\/title>\n<meta name=\"description\" content=\"Pediatric palliative care is specialized medical care for children with serious illnesses. The goal is to improve quality of life for the child and family.\" \/>\n<meta name=\"robots\" content=\"index, follow, max-snippet:-1, max-image-preview:large, max-video-preview:-1\" \/>\n<link rel=\"canonical\" href=\"https:\/\/getpalliativecare.org\/es\/whatis\/pediatric\/\" \/>\n<meta name=\"twitter:card\" content=\"summary_large_image\" \/>\n<meta name=\"twitter:title\" content=\"Pediatric Palliative Care | Quality of Life | Get Palliative Care\" \/>\n<meta name=\"twitter:description\" content=\"Pediatric palliative care is specialized medical care for children with serious illnesses. The goal is to improve quality of life for the child and family.\" \/>\n<meta name=\"twitter:site\" content=\"@GetPalliative\" \/>\n<meta name=\"twitter:label1\" content=\"Tiempo de lectura\" \/>\n\t<meta name=\"twitter:data1\" content=\"2 minutos\" \/>\n<script type=\"application\/ld+json\" class=\"yoast-schema-graph\">{\"@context\":\"https:\/\/schema.org\",\"@graph\":[{\"@type\":\"WebPage\",\"@id\":\"https:\/\/getpalliativecare.org\/whatis\/pediatric\/\",\"url\":\"https:\/\/getpalliativecare.org\/whatis\/pediatric\/\",\"name\":\"Pediatric Palliative Care | Quality of Life | Get Palliative Care\",\"isPartOf\":{\"@id\":\"https:\/\/getpalliativecare.org\/#website\"},\"datePublished\":\"2012-09-12T14:08:51+00:00\",\"dateModified\":\"2024-12-12T15:45:47+00:00\",\"description\":\"Pediatric palliative care is specialized medical care for children with serious illnesses. The goal is to improve quality of life for the child and family.\",\"breadcrumb\":{\"@id\":\"https:\/\/getpalliativecare.org\/whatis\/pediatric\/#breadcrumb\"},\"inLanguage\":\"es\",\"potentialAction\":[{\"@type\":\"ReadAction\",\"target\":[\"https:\/\/getpalliativecare.org\/whatis\/pediatric\/\"]}]},{\"@type\":\"BreadcrumbList\",\"@id\":\"https:\/\/getpalliativecare.org\/whatis\/pediatric\/#breadcrumb\",\"itemListElement\":[{\"@type\":\"ListItem\",\"position\":1,\"name\":\"What is Palliative Care?\",\"item\":\"https:\/\/getpalliativecare.org\/whatis\/\"},{\"@type\":\"ListItem\",\"position\":2,\"name\":\"What Is Pediatric Palliative Care?\"}]},{\"@type\":\"WebSite\",\"@id\":\"https:\/\/getpalliativecare.org\/#website\",\"url\":\"https:\/\/getpalliativecare.org\/\",\"name\":\"Get Palliative Care\",\"description\":\"Palliative care is specialized care focused on the pain, symptoms and stress of serious illness.  Find a hospital or medical center in your area that has a palliative care program.\",\"potentialAction\":[{\"@type\":\"SearchAction\",\"target\":{\"@type\":\"EntryPoint\",\"urlTemplate\":\"https:\/\/getpalliativecare.org\/?s={search_term_string}\"},\"query-input\":{\"@type\":\"PropertyValueSpecification\",\"valueRequired\":true,\"valueName\":\"search_term_string\"}}],\"inLanguage\":\"es\"}]}<\/script>\n<!-- \/ Yoast SEO plugin. -->","yoast_head_json":{"title":"Cuidados Paliativos Pedi\u00e1tricos | Calidad de Vida | Reciba Cuidados Paliativos","description":"Los cuidados paliativos pedi\u00e1tricos son atenci\u00f3n m\u00e9dica especializada para ni\u00f1os con enfermedades graves. El objetivo es mejorar la calidad de vida del ni\u00f1o y su familia.","robots":{"index":"index","follow":"follow","max-snippet":"max-snippet:-1","max-image-preview":"max-image-preview:large","max-video-preview":"max-video-preview:-1"},"canonical":"https:\/\/getpalliativecare.org\/es\/whatis\/pediatric\/","twitter_card":"summary_large_image","twitter_title":"Pediatric Palliative Care | Quality of Life | Get Palliative Care","twitter_description":"Pediatric palliative care is specialized medical care for children with serious illnesses. The goal is to improve quality of life for the child and family.","twitter_site":"@GetPalliative","twitter_misc":{"Tiempo de lectura":"2 minutos"},"schema":{"@context":"https:\/\/schema.org","@graph":[{"@type":"WebPage","@id":"https:\/\/getpalliativecare.org\/whatis\/pediatric\/","url":"https:\/\/getpalliativecare.org\/whatis\/pediatric\/","name":"Cuidados Paliativos Pedi\u00e1tricos | Calidad de Vida | Reciba Cuidados Paliativos","isPartOf":{"@id":"https:\/\/getpalliativecare.org\/#website"},"datePublished":"2012-09-12T14:08:51+00:00","dateModified":"2024-12-12T15:45:47+00:00","description":"Los cuidados paliativos pedi\u00e1tricos son atenci\u00f3n m\u00e9dica especializada para ni\u00f1os con enfermedades graves. El objetivo es mejorar la calidad de vida del ni\u00f1o y su familia.","breadcrumb":{"@id":"https:\/\/getpalliativecare.org\/whatis\/pediatric\/#breadcrumb"},"inLanguage":"es","potentialAction":[{"@type":"ReadAction","target":["https:\/\/getpalliativecare.org\/whatis\/pediatric\/"]}]},{"@type":"BreadcrumbList","@id":"https:\/\/getpalliativecare.org\/whatis\/pediatric\/#breadcrumb","itemListElement":[{"@type":"ListItem","position":1,"name":"What is Palliative Care?","item":"https:\/\/getpalliativecare.org\/whatis\/"},{"@type":"ListItem","position":2,"name":"What Is Pediatric Palliative Care?"}]},{"@type":"WebSite","@id":"https:\/\/getpalliativecare.org\/#website","url":"https:\/\/getpalliativecare.org\/","name":"Obtenga cuidados paliativos","description":"Los cuidados paliativos son cuidados especializados centrados en el dolor, los s\u00edntomas y el estr\u00e9s de una enfermedad grave. Encuentre un hospital o centro m\u00e9dico en su \u00e1rea que tenga un programa de cuidados paliativos.","potentialAction":[{"@type":"SearchAction","target":{"@type":"EntryPoint","urlTemplate":"https:\/\/getpalliativecare.org\/?s={search_term_string}"},"query-input":{"@type":"PropertyValueSpecification","valueRequired":true,"valueName":"search_term_string"}}],"inLanguage":"es"}]}},"_links":{"self":[{"href":"https:\/\/getpalliativecare.org\/es\/wp-json\/wp\/v2\/pages\/43558","targetHints":{"allow":["GET"]}}],"collection":[{"href":"https:\/\/getpalliativecare.org\/es\/wp-json\/wp\/v2\/pages"}],"about":[{"href":"https:\/\/getpalliativecare.org\/es\/wp-json\/wp\/v2\/types\/page"}],"author":[{"embeddable":true,"href":"https:\/\/getpalliativecare.org\/es\/wp-json\/wp\/v2\/users\/1"}],"replies":[{"embeddable":true,"href":"https:\/\/getpalliativecare.org\/es\/wp-json\/wp\/v2\/comments?post=43558"}],"version-history":[{"count":0,"href":"https:\/\/getpalliativecare.org\/es\/wp-json\/wp\/v2\/pages\/43558\/revisions"}],"up":[{"embeddable":true,"href":"https:\/\/getpalliativecare.org\/es\/wp-json\/wp\/v2\/pages\/43534"}],"wp:attachment":[{"href":"https:\/\/getpalliativecare.org\/es\/wp-json\/wp\/v2\/media?parent=43558"}],"curies":[{"name":"gracias","href":"https:\/\/api.w.org\/{rel}","templated":true}]}}