{"id":43552,"date":"2012-09-11T16:49:01","date_gmt":"2012-09-11T20:49:01","guid":{"rendered":"http:\/\/getpalliativecare.org\/?page_id=43552"},"modified":"2025-10-15T11:45:01","modified_gmt":"2025-10-15T15:45:01","slug":"palliative-care-team-family-meeting","status":"publish","type":"page","link":"https:\/\/getpalliativecare.org\/es\/howtoget\/palliative-care-team-family-meeting\/","title":{"rendered":"Preguntas para hacerle al equipo de cuidados paliativos"},"content":{"rendered":"<p>El equipo de cuidados paliativos pasar\u00e1 mucho tiempo con usted y su familia. Evaluar\u00e1n su nivel de dolor y otros s\u00edntomas. Ellos discutir\u00e1n y explicar\u00e1n todas sus opciones de tratamiento. Y, sobre todo, explorar\u00e1n sus objetivos para poder ayudarle a adaptar sus opciones de tratamiento a sus objetivos.<\/p>\n<p>Pero, \u00bfqu\u00e9 deber\u00edas preguntarle al equipo durante tu primera reuni\u00f3n? Aqu\u00ed hay algunas sugerencias:<\/p>\n<ul>\n<li>\u00bfQu\u00e9 puedo esperar de los cuidados paliativos?<\/li>\n<li>\u00bfD\u00f3nde se brindar\u00e1 mi atenci\u00f3n (por ejemplo, en el hospital, en el hogar, en un asilo de ancianos)?<\/li>\n<li>\u00bfQui\u00e9n forma parte del equipo de cuidados paliativos?<\/li>\n<li>\u00bfCu\u00e1les son sus recomendaciones para mi cuidado?<\/li>\n<li>\u00bfQu\u00e9 decisiones debemos tomar mi familia o yo?<\/li>\n<li>\u00bfMe ayudar\u00e1 a explicar mis opciones de tratamiento y los problemas involucrados en la toma de estas decisiones?<\/li>\n<li>\u00bfSe comunicar\u00e1 abierta y sinceramente con mi familia y conmigo sobre mi enfermedad?<\/li>\n<li>\u00bfContinuar\u00e1 participando en mi atenci\u00f3n cuando est\u00e9 en el hospital (si es un paciente ambulatorio)?<\/li>\n<li>\u00bfEstar\u00e1 usted involucrado en mi atenci\u00f3n cuando me den el alta del hospital o cuando viva en casa?<\/li>\n<li>\u00bfC\u00f3mo trabajar\u00e1 y se comunicar\u00e1 con todos mis otros m\u00e9dicos?<\/li>\n<li>\u00bfQu\u00e9 har\u00e1 si experimento un dolor intenso u otros s\u00edntomas?<\/li>\n<li>\u00bfQu\u00e9 apoyo brindar\u00e1n a mi familia y\/o cuidadores?<\/li>\n<li>\u00bfSeguir\u00e1 estando disponible para m\u00ed durante mi enfermedad?<\/li>\n<li>\u00bfComo te puedo contactar?<\/li>\n<li>\u00bfQu\u00e9 recursos me recomiendan para aprender m\u00e1s sobre cuidados paliativos?<\/li>\n<\/ul>\n<h2>Rinc\u00f3n cl\u00ednico: La importancia de la reuni\u00f3n familiar<\/h2>\n<p><iframe loading=\"lazy\" title=\"Cuidados paliativos: la reuni\u00f3n familiar\" width=\"500\" height=\"281\" src=\"https:\/\/www.youtube.com\/embed\/zTdY05Ttcdo?feature=oembed\" frameborder=\"0\" allow=\"accelerometer; autoplay; clipboard-write; encrypted-media; gyroscope; picture-in-picture; web-share\" referrerpolicy=\"strict-origin-when-cross-origin\" allowfullscreen><\/iframe><\/p>","protected":false},"excerpt":{"rendered":"<p>El equipo de cuidados paliativos pasar\u00e1 mucho tiempo con usted y su familia. Evaluar\u00e1n su nivel de dolor y otros s\u00edntomas. Ellos discutir\u00e1n y explicar\u00e1n todas sus opciones de tratamiento. Y, sobre todo, explorar\u00e1n sus objetivos para poder ayudarle a adaptar sus opciones de tratamiento a sus objetivos. Pero \u00bfqu\u00e9 deber\u00edas preguntarle al\u2026? <\/p>","protected":false},"author":1,"featured_media":0,"parent":43540,"menu_order":0,"comment_status":"open","ping_status":"open","template":"","meta":{"_acf_changed":false,"footnotes":""},"class_list":["post-43552","page","type-page","status-publish","hentry"],"acf":[],"yoast_head":"<!-- This site is optimized with the Yoast SEO plugin v26.6 - https:\/\/yoast.com\/wordpress\/plugins\/seo\/ -->\n<title>Questions to Ask the Palliative Care Team<\/title>\n<meta name=\"description\" content=\"The palliative care team will spend a lot of time with you and your family. Here are some questions to ask the palliative care team.\" \/>\n<meta name=\"robots\" content=\"index, follow, max-snippet:-1, max-image-preview:large, max-video-preview:-1\" \/>\n<link rel=\"canonical\" href=\"https:\/\/getpalliativecare.org\/es\/howtoget\/palliative-care-team-family-meeting\/\" \/>\n<meta name=\"twitter:card\" content=\"summary_large_image\" \/>\n<meta name=\"twitter:title\" content=\"Questions to Ask the Palliative Care Team\" \/>\n<meta name=\"twitter:description\" content=\"The palliative care team will spend a lot of time with you and your family. Here are some questions to ask the palliative care team.\" \/>\n<meta name=\"twitter:site\" content=\"@GetPalliative\" \/>\n<meta name=\"twitter:label1\" content=\"Tiempo de lectura\" \/>\n\t<meta name=\"twitter:data1\" content=\"2 minutos\" \/>\n<script type=\"application\/ld+json\" class=\"yoast-schema-graph\">{\"@context\":\"https:\/\/schema.org\",\"@graph\":[{\"@type\":\"WebPage\",\"@id\":\"https:\/\/getpalliativecare.org\/howtoget\/palliative-care-team-family-meeting\/\",\"url\":\"https:\/\/getpalliativecare.org\/howtoget\/palliative-care-team-family-meeting\/\",\"name\":\"Questions to Ask the Palliative Care Team\",\"isPartOf\":{\"@id\":\"https:\/\/getpalliativecare.org\/#website\"},\"datePublished\":\"2012-09-11T20:49:01+00:00\",\"dateModified\":\"2025-10-15T15:45:01+00:00\",\"description\":\"The palliative care team will spend a lot of time with you and your family. Here are some questions to ask the palliative care team.\",\"breadcrumb\":{\"@id\":\"https:\/\/getpalliativecare.org\/howtoget\/palliative-care-team-family-meeting\/#breadcrumb\"},\"inLanguage\":\"es\",\"potentialAction\":[{\"@type\":\"ReadAction\",\"target\":[\"https:\/\/getpalliativecare.org\/howtoget\/palliative-care-team-family-meeting\/\"]}]},{\"@type\":\"BreadcrumbList\",\"@id\":\"https:\/\/getpalliativecare.org\/howtoget\/palliative-care-team-family-meeting\/#breadcrumb\",\"itemListElement\":[{\"@type\":\"ListItem\",\"position\":1,\"name\":\"How to Get Palliative Care?\",\"item\":\"https:\/\/getpalliativecare.org\/howtoget\/\"},{\"@type\":\"ListItem\",\"position\":2,\"name\":\"Questions to Ask the Palliative Care Team\"}]},{\"@type\":\"WebSite\",\"@id\":\"https:\/\/getpalliativecare.org\/#website\",\"url\":\"https:\/\/getpalliativecare.org\/\",\"name\":\"Get Palliative Care\",\"description\":\"Palliative care is specialized care focused on the pain, symptoms and stress of serious illness.  Find a hospital or medical center in your area that has a palliative care program.\",\"potentialAction\":[{\"@type\":\"SearchAction\",\"target\":{\"@type\":\"EntryPoint\",\"urlTemplate\":\"https:\/\/getpalliativecare.org\/?s={search_term_string}\"},\"query-input\":{\"@type\":\"PropertyValueSpecification\",\"valueRequired\":true,\"valueName\":\"search_term_string\"}}],\"inLanguage\":\"es\"}]}<\/script>\n<!-- \/ Yoast SEO plugin. -->","yoast_head_json":{"title":"Preguntas para hacerle al equipo de cuidados paliativos","description":"El equipo de cuidados paliativos pasar\u00e1 mucho tiempo con usted y su familia. Aqu\u00ed tiene algunas preguntas para hacerle al equipo de cuidados paliativos.","robots":{"index":"index","follow":"follow","max-snippet":"max-snippet:-1","max-image-preview":"max-image-preview:large","max-video-preview":"max-video-preview:-1"},"canonical":"https:\/\/getpalliativecare.org\/es\/howtoget\/palliative-care-team-family-meeting\/","twitter_card":"summary_large_image","twitter_title":"Questions to Ask the Palliative Care Team","twitter_description":"The palliative care team will spend a lot of time with you and your family. Here are some questions to ask the palliative care team.","twitter_site":"@GetPalliative","twitter_misc":{"Tiempo de lectura":"2 minutos"},"schema":{"@context":"https:\/\/schema.org","@graph":[{"@type":"WebPage","@id":"https:\/\/getpalliativecare.org\/howtoget\/palliative-care-team-family-meeting\/","url":"https:\/\/getpalliativecare.org\/howtoget\/palliative-care-team-family-meeting\/","name":"Preguntas para hacerle al equipo de cuidados paliativos","isPartOf":{"@id":"https:\/\/getpalliativecare.org\/#website"},"datePublished":"2012-09-11T20:49:01+00:00","dateModified":"2025-10-15T15:45:01+00:00","description":"El equipo de cuidados paliativos pasar\u00e1 mucho tiempo con usted y su familia. Aqu\u00ed tiene algunas preguntas para hacerle al equipo de cuidados paliativos.","breadcrumb":{"@id":"https:\/\/getpalliativecare.org\/howtoget\/palliative-care-team-family-meeting\/#breadcrumb"},"inLanguage":"es","potentialAction":[{"@type":"ReadAction","target":["https:\/\/getpalliativecare.org\/howtoget\/palliative-care-team-family-meeting\/"]}]},{"@type":"BreadcrumbList","@id":"https:\/\/getpalliativecare.org\/howtoget\/palliative-care-team-family-meeting\/#breadcrumb","itemListElement":[{"@type":"ListItem","position":1,"name":"How to Get Palliative Care?","item":"https:\/\/getpalliativecare.org\/howtoget\/"},{"@type":"ListItem","position":2,"name":"Questions to Ask the Palliative Care Team"}]},{"@type":"WebSite","@id":"https:\/\/getpalliativecare.org\/#website","url":"https:\/\/getpalliativecare.org\/","name":"Obtenga cuidados paliativos","description":"Los cuidados paliativos son cuidados especializados centrados en el dolor, los s\u00edntomas y el estr\u00e9s de una enfermedad grave. Encuentre un hospital o centro m\u00e9dico en su \u00e1rea que tenga un programa de cuidados paliativos.","potentialAction":[{"@type":"SearchAction","target":{"@type":"EntryPoint","urlTemplate":"https:\/\/getpalliativecare.org\/?s={search_term_string}"},"query-input":{"@type":"PropertyValueSpecification","valueRequired":true,"valueName":"search_term_string"}}],"inLanguage":"es"}]}},"_links":{"self":[{"href":"https:\/\/getpalliativecare.org\/es\/wp-json\/wp\/v2\/pages\/43552","targetHints":{"allow":["GET"]}}],"collection":[{"href":"https:\/\/getpalliativecare.org\/es\/wp-json\/wp\/v2\/pages"}],"about":[{"href":"https:\/\/getpalliativecare.org\/es\/wp-json\/wp\/v2\/types\/page"}],"author":[{"embeddable":true,"href":"https:\/\/getpalliativecare.org\/es\/wp-json\/wp\/v2\/users\/1"}],"replies":[{"embeddable":true,"href":"https:\/\/getpalliativecare.org\/es\/wp-json\/wp\/v2\/comments?post=43552"}],"version-history":[{"count":0,"href":"https:\/\/getpalliativecare.org\/es\/wp-json\/wp\/v2\/pages\/43552\/revisions"}],"up":[{"embeddable":true,"href":"https:\/\/getpalliativecare.org\/es\/wp-json\/wp\/v2\/pages\/43540"}],"wp:attachment":[{"href":"https:\/\/getpalliativecare.org\/es\/wp-json\/wp\/v2\/media?parent=43552"}],"curies":[{"name":"gracias","href":"https:\/\/api.w.org\/{rel}","templated":true}]}}