{"id":43545,"date":"2012-09-11T15:59:22","date_gmt":"2012-09-11T19:59:22","guid":{"rendered":"http:\/\/getpalliativecare.org\/?page_id=43545"},"modified":"2020-09-29T02:36:31","modified_gmt":"2020-09-29T06:36:31","slug":"rightforyou","status":"publish","type":"page","link":"https:\/\/getpalliativecare.org\/es\/rightforyou\/","title":{"rendered":"\u00bfSon los cuidados paliativos adecuados para usted?"},"content":{"rendered":"","protected":false},"excerpt":{"rendered":"","protected":false},"author":1,"featured_media":0,"parent":0,"menu_order":0,"comment_status":"open","ping_status":"open","template":"template-quiz.php","meta":{"_acf_changed":false,"footnotes":""},"class_list":["post-43545","page","type-page","status-publish","hentry"],"acf":[],"yoast_head":"<!-- This site is optimized with the Yoast SEO plugin v26.6 - https:\/\/yoast.com\/wordpress\/plugins\/seo\/ -->\n<title>Is Palliative Care Right for You? | Get Palliative Care<\/title>\n<meta name=\"description\" content=\"Answer questions at getpalliativecare.org to determine whether palliative care is right for you or someone close to you. Take the quiz now.\" \/>\n<meta name=\"robots\" content=\"index, follow, max-snippet:-1, max-image-preview:large, max-video-preview:-1\" \/>\n<link rel=\"canonical\" href=\"https:\/\/getpalliativecare.org\/es\/rightforyou\/\" \/>\n<meta name=\"twitter:card\" content=\"summary_large_image\" \/>\n<meta name=\"twitter:title\" content=\"Is Palliative Care Right for You? | Get Palliative Care\" \/>\n<meta name=\"twitter:description\" content=\"Answer questions at getpalliativecare.org to determine whether palliative care is right for you or someone close to you. Take the quiz now.\" \/>\n<meta name=\"twitter:image\" content=\"https:\/\/getpalliativecare.org\/wp-content\/uploads\/2020\/09\/gpc-social_general-question.jpg\" \/>\n<meta name=\"twitter:site\" content=\"@GetPalliative\" \/>\n<script type=\"application\/ld+json\" class=\"yoast-schema-graph\">{\"@context\":\"https:\/\/schema.org\",\"@graph\":[{\"@type\":\"WebPage\",\"@id\":\"https:\/\/getpalliativecare.org\/rightforyou\/\",\"url\":\"https:\/\/getpalliativecare.org\/rightforyou\/\",\"name\":\"Is Palliative Care Right for You? | Get Palliative Care\",\"isPartOf\":{\"@id\":\"https:\/\/getpalliativecare.org\/#website\"},\"datePublished\":\"2012-09-11T19:59:22+00:00\",\"dateModified\":\"2020-09-29T06:36:31+00:00\",\"description\":\"Answer questions at getpalliativecare.org to determine whether palliative care is right for you or someone close to you. Take the quiz now.\",\"inLanguage\":\"es\",\"potentialAction\":[{\"@type\":\"ReadAction\",\"target\":[\"https:\/\/getpalliativecare.org\/rightforyou\/\"]}]},{\"@type\":\"WebSite\",\"@id\":\"https:\/\/getpalliativecare.org\/#website\",\"url\":\"https:\/\/getpalliativecare.org\/\",\"name\":\"Get Palliative Care\",\"description\":\"Palliative care is specialized care focused on the pain, symptoms and stress of serious illness.  Find a hospital or medical center in your area that has a palliative care program.\",\"potentialAction\":[{\"@type\":\"SearchAction\",\"target\":{\"@type\":\"EntryPoint\",\"urlTemplate\":\"https:\/\/getpalliativecare.org\/?s={search_term_string}\"},\"query-input\":{\"@type\":\"PropertyValueSpecification\",\"valueRequired\":true,\"valueName\":\"search_term_string\"}}],\"inLanguage\":\"es\"}]}<\/script>\n<!-- \/ Yoast SEO plugin. -->","yoast_head_json":{"title":"\u00bfSon los cuidados paliativos adecuados para usted? | Reciba cuidados paliativos","description":"Responda las preguntas en getpalliativecare.org para determinar si los cuidados paliativos son adecuados para usted o un ser querido. Responda el cuestionario ahora.","robots":{"index":"index","follow":"follow","max-snippet":"max-snippet:-1","max-image-preview":"max-image-preview:large","max-video-preview":"max-video-preview:-1"},"canonical":"https:\/\/getpalliativecare.org\/es\/rightforyou\/","twitter_card":"summary_large_image","twitter_title":"Is Palliative Care Right for You? | Get Palliative Care","twitter_description":"Answer questions at getpalliativecare.org to determine whether palliative care is right for you or someone close to you. Take the quiz now.","twitter_image":"https:\/\/getpalliativecare.org\/wp-content\/uploads\/2020\/09\/gpc-social_general-question.jpg","twitter_site":"@GetPalliative","schema":{"@context":"https:\/\/schema.org","@graph":[{"@type":"WebPage","@id":"https:\/\/getpalliativecare.org\/rightforyou\/","url":"https:\/\/getpalliativecare.org\/rightforyou\/","name":"\u00bfSon los cuidados paliativos adecuados para usted? | Reciba cuidados paliativos","isPartOf":{"@id":"https:\/\/getpalliativecare.org\/#website"},"datePublished":"2012-09-11T19:59:22+00:00","dateModified":"2020-09-29T06:36:31+00:00","description":"Responda las preguntas en getpalliativecare.org para determinar si los cuidados paliativos son adecuados para usted o un ser querido. Responda el cuestionario ahora.","inLanguage":"es","potentialAction":[{"@type":"ReadAction","target":["https:\/\/getpalliativecare.org\/rightforyou\/"]}]},{"@type":"WebSite","@id":"https:\/\/getpalliativecare.org\/#website","url":"https:\/\/getpalliativecare.org\/","name":"Obtenga cuidados paliativos","description":"Los cuidados paliativos son cuidados especializados centrados en el dolor, los s\u00edntomas y el estr\u00e9s de una enfermedad grave. Encuentre un hospital o centro m\u00e9dico en su \u00e1rea que tenga un programa de cuidados paliativos.","potentialAction":[{"@type":"SearchAction","target":{"@type":"EntryPoint","urlTemplate":"https:\/\/getpalliativecare.org\/?s={search_term_string}"},"query-input":{"@type":"PropertyValueSpecification","valueRequired":true,"valueName":"search_term_string"}}],"inLanguage":"es"}]}},"_links":{"self":[{"href":"https:\/\/getpalliativecare.org\/es\/wp-json\/wp\/v2\/pages\/43545","targetHints":{"allow":["GET"]}}],"collection":[{"href":"https:\/\/getpalliativecare.org\/es\/wp-json\/wp\/v2\/pages"}],"about":[{"href":"https:\/\/getpalliativecare.org\/es\/wp-json\/wp\/v2\/types\/page"}],"author":[{"embeddable":true,"href":"https:\/\/getpalliativecare.org\/es\/wp-json\/wp\/v2\/users\/1"}],"replies":[{"embeddable":true,"href":"https:\/\/getpalliativecare.org\/es\/wp-json\/wp\/v2\/comments?post=43545"}],"version-history":[{"count":0,"href":"https:\/\/getpalliativecare.org\/es\/wp-json\/wp\/v2\/pages\/43545\/revisions"}],"wp:attachment":[{"href":"https:\/\/getpalliativecare.org\/es\/wp-json\/wp\/v2\/media?parent=43545"}],"curies":[{"name":"gracias","href":"https:\/\/api.w.org\/{rel}","templated":true}]}}