{"id":43540,"date":"2012-09-11T15:51:02","date_gmt":"2012-09-11T19:51:02","guid":{"rendered":"http:\/\/getpalliativecare.org\/?page_id=43540"},"modified":"2017-10-31T16:34:51","modified_gmt":"2017-10-31T20:34:51","slug":"howtoget","status":"publish","type":"page","link":"https:\/\/getpalliativecare.org\/es\/howtoget\/","title":{"rendered":"\u00bfC\u00f3mo obtener cuidados paliativos?"},"content":{"rendered":"<p>El primer paso es hablar con su propio m\u00e9dico. La mayor\u00eda de las veces, debe pedirle a su m\u00e9dico una derivaci\u00f3n para cuidados paliativos para obtener servicios de cuidados paliativos. Ya sea que est\u00e9 en el hospital o en su casa, un equipo de cuidados paliativos puede ayudarlo. A continuaci\u00f3n se ofrecen algunos consejos que le ayudar\u00e1n a hablar con su m\u00e9dico:<\/p>\n<ul>\n<li>D\u00edgale a su m\u00e9dico que est\u00e1 pensando en recibir cuidados paliativos y preg\u00fantele d\u00f3nde est\u00e1n disponibles los cuidados paliativos en su \u00e1rea.<\/li>\n<li>P\u00eddale a su m\u00e9dico que le explique su enfermedad y cualquier tratamiento y procedimiento pasado, actual y futuro.<\/li>\n<li>Expl\u00edquele a su m\u00e9dico exactamente qu\u00e9 significa calidad de vida para usted. Esta lista puede incluir: poder pasar tiempo con sus seres queridos; alivio de cualquier dolor y otros s\u00edntomas; tener la capacidad de tomar sus propias decisiones sobre la atenci\u00f3n y d\u00f3nde desea recibir tratamiento (en casa o en el hospital).<\/li>\n<li>Aseg\u00farese de que su m\u00e9dico conozca cualquier creencia, valor o pr\u00e1ctica personal, religiosa o cultural que sea importante considerar en sus decisiones de atenci\u00f3n y tratamiento.<\/li>\n<li>D\u00edgale a su m\u00e9dico qu\u00e9 tratamientos puede desear o no.<\/li>\n<li>Mencione que le gustar\u00eda tener tiempo para analizar la planificaci\u00f3n futura de su atenci\u00f3n. Debe hacer esto incluso si se encuentra bien o si su enfermedad se encuentra en una etapa temprana.<\/li>\n<li>Si ha completado un testamento vital o un poder para la atenci\u00f3n m\u00e9dica, aseg\u00farese de informarle a su m\u00e9dico y proporcionarle una copia.<\/li>\n<li>Finalmente, en cualquier momento de su enfermedad, si experimenta s\u00edntomas y estr\u00e9s, \u00a1p\u00eddale a su m\u00e9dico que le derive a cuidados paliativos!<\/li>\n<\/ul>","protected":false},"excerpt":{"rendered":"<p>El primer paso es hablar con su propio m\u00e9dico. La mayor\u00eda de las veces, debe pedirle a su m\u00e9dico una derivaci\u00f3n para cuidados paliativos para obtener servicios de cuidados paliativos. Ya sea que est\u00e9 en el hospital o en su casa, un equipo de cuidados paliativos puede ayudarlo. A continuaci\u00f3n se ofrecen algunos consejos que le ayudar\u00e1n a hablar con... <\/p>","protected":false},"author":1,"featured_media":0,"parent":0,"menu_order":0,"comment_status":"open","ping_status":"open","template":"template-howtoget.php","meta":{"_acf_changed":false,"footnotes":""},"class_list":["post-43540","page","type-page","status-publish","hentry"],"acf":[],"yoast_head":"<!-- This site is optimized with the Yoast SEO plugin v26.6 - https:\/\/yoast.com\/wordpress\/plugins\/seo\/ -->\n<title>Talk to Your Doctor | How to Get Palliative Care | Hospital Directory<\/title>\n<meta name=\"description\" content=\"Find out how to get palliative care. The first step is to talk to your doctor. To find a palliative care team visit our hospital directory.\" \/>\n<meta name=\"robots\" content=\"index, follow, max-snippet:-1, max-image-preview:large, max-video-preview:-1\" \/>\n<link rel=\"canonical\" href=\"https:\/\/getpalliativecare.org\/es\/howtoget\/\" \/>\n<meta name=\"twitter:card\" content=\"summary_large_image\" \/>\n<meta name=\"twitter:title\" content=\"Talk to Your Doctor | How to Get Palliative Care | Hospital Directory\" \/>\n<meta name=\"twitter:description\" content=\"Find out how to get palliative care. The first step is to talk to your doctor. To find a palliative care team visit our hospital directory.\" \/>\n<meta name=\"twitter:site\" content=\"@GetPalliative\" \/>\n<meta name=\"twitter:label1\" content=\"Tiempo de lectura\" \/>\n\t<meta name=\"twitter:data1\" content=\"1 minuto\" \/>\n<script type=\"application\/ld+json\" class=\"yoast-schema-graph\">{\"@context\":\"https:\/\/schema.org\",\"@graph\":[{\"@type\":\"WebPage\",\"@id\":\"https:\/\/getpalliativecare.org\/howtoget\/\",\"url\":\"https:\/\/getpalliativecare.org\/howtoget\/\",\"name\":\"Talk to Your Doctor | How to Get Palliative Care | Hospital Directory\",\"isPartOf\":{\"@id\":\"https:\/\/getpalliativecare.org\/#website\"},\"datePublished\":\"2012-09-11T19:51:02+00:00\",\"dateModified\":\"2017-10-31T20:34:51+00:00\",\"description\":\"Find out how to get palliative care. The first step is to talk to your doctor. To find a palliative care team visit our hospital directory.\",\"inLanguage\":\"es\",\"potentialAction\":[{\"@type\":\"ReadAction\",\"target\":[\"https:\/\/getpalliativecare.org\/howtoget\/\"]}]},{\"@type\":\"WebSite\",\"@id\":\"https:\/\/getpalliativecare.org\/#website\",\"url\":\"https:\/\/getpalliativecare.org\/\",\"name\":\"Get Palliative Care\",\"description\":\"Palliative care is specialized care focused on the pain, symptoms and stress of serious illness.  Find a hospital or medical center in your area that has a palliative care program.\",\"potentialAction\":[{\"@type\":\"SearchAction\",\"target\":{\"@type\":\"EntryPoint\",\"urlTemplate\":\"https:\/\/getpalliativecare.org\/?s={search_term_string}\"},\"query-input\":{\"@type\":\"PropertyValueSpecification\",\"valueRequired\":true,\"valueName\":\"search_term_string\"}}],\"inLanguage\":\"es\"}]}<\/script>\n<!-- \/ Yoast SEO plugin. -->","yoast_head_json":{"title":"Hable con su m\u00e9dico | C\u00f3mo obtener cuidados paliativos | Directorio de hospitales","description":"Descubra c\u00f3mo obtener cuidados paliativos. El primer paso es hablar con su m\u00e9dico. Para encontrar un equipo de cuidados paliativos, visite nuestro directorio hospitalario.","robots":{"index":"index","follow":"follow","max-snippet":"max-snippet:-1","max-image-preview":"max-image-preview:large","max-video-preview":"max-video-preview:-1"},"canonical":"https:\/\/getpalliativecare.org\/es\/howtoget\/","twitter_card":"summary_large_image","twitter_title":"Talk to Your Doctor | How to Get Palliative Care | Hospital Directory","twitter_description":"Find out how to get palliative care. The first step is to talk to your doctor. To find a palliative care team visit our hospital directory.","twitter_site":"@GetPalliative","twitter_misc":{"Tiempo de lectura":"1 minuto"},"schema":{"@context":"https:\/\/schema.org","@graph":[{"@type":"WebPage","@id":"https:\/\/getpalliativecare.org\/howtoget\/","url":"https:\/\/getpalliativecare.org\/howtoget\/","name":"Hable con su m\u00e9dico | C\u00f3mo obtener cuidados paliativos | Directorio de hospitales","isPartOf":{"@id":"https:\/\/getpalliativecare.org\/#website"},"datePublished":"2012-09-11T19:51:02+00:00","dateModified":"2017-10-31T20:34:51+00:00","description":"Descubra c\u00f3mo obtener cuidados paliativos. El primer paso es hablar con su m\u00e9dico. Para encontrar un equipo de cuidados paliativos, visite nuestro directorio hospitalario.","inLanguage":"es","potentialAction":[{"@type":"ReadAction","target":["https:\/\/getpalliativecare.org\/howtoget\/"]}]},{"@type":"WebSite","@id":"https:\/\/getpalliativecare.org\/#website","url":"https:\/\/getpalliativecare.org\/","name":"Obtenga cuidados paliativos","description":"Los cuidados paliativos son cuidados especializados centrados en el dolor, los s\u00edntomas y el estr\u00e9s de una enfermedad grave. Encuentre un hospital o centro m\u00e9dico en su \u00e1rea que tenga un programa de cuidados paliativos.","potentialAction":[{"@type":"SearchAction","target":{"@type":"EntryPoint","urlTemplate":"https:\/\/getpalliativecare.org\/?s={search_term_string}"},"query-input":{"@type":"PropertyValueSpecification","valueRequired":true,"valueName":"search_term_string"}}],"inLanguage":"es"}]}},"_links":{"self":[{"href":"https:\/\/getpalliativecare.org\/es\/wp-json\/wp\/v2\/pages\/43540","targetHints":{"allow":["GET"]}}],"collection":[{"href":"https:\/\/getpalliativecare.org\/es\/wp-json\/wp\/v2\/pages"}],"about":[{"href":"https:\/\/getpalliativecare.org\/es\/wp-json\/wp\/v2\/types\/page"}],"author":[{"embeddable":true,"href":"https:\/\/getpalliativecare.org\/es\/wp-json\/wp\/v2\/users\/1"}],"replies":[{"embeddable":true,"href":"https:\/\/getpalliativecare.org\/es\/wp-json\/wp\/v2\/comments?post=43540"}],"version-history":[{"count":0,"href":"https:\/\/getpalliativecare.org\/es\/wp-json\/wp\/v2\/pages\/43540\/revisions"}],"wp:attachment":[{"href":"https:\/\/getpalliativecare.org\/es\/wp-json\/wp\/v2\/media?parent=43540"}],"curies":[{"name":"gracias","href":"https:\/\/api.w.org\/{rel}","templated":true}]}}