{"id":43534,"date":"2012-09-11T15:31:31","date_gmt":"2012-09-11T19:31:31","guid":{"rendered":"http:\/\/getpalliativecare.org\/?page_id=43534"},"modified":"2024-09-12T16:02:04","modified_gmt":"2024-09-12T20:02:04","slug":"whatis","status":"publish","type":"page","link":"https:\/\/getpalliativecare.org\/es\/whatis\/","title":{"rendered":"\u00bfQu\u00e9 son los cuidados paliativos?"},"content":{"rendered":"<div class=\"purple-panel\">\n<h2>Definici\u00f3n de cuidados paliativos<\/h2>\n<p>Los cuidados paliativos son atenci\u00f3n m\u00e9dica especializada para personas que viven con una enfermedad grave. Este tipo de atenci\u00f3n se centra en brindar alivio a los s\u00edntomas y el estr\u00e9s de la enfermedad. El objetivo es mejorar la calidad de vida tanto del paciente como de la familia.<\/p>\n<p data-block-key=\"yh8kx\">Los cuidados paliativos son proporcionados por un equipo especialmente capacitado de m\u00e9dicos, enfermeras, trabajadores sociales, capellanes y otros especialistas que trabajan junto con otros m\u00e9dicos del paciente para brindar un nivel adicional de apoyo. Los cuidados paliativos se basan en las necesidades del paciente, no en su pron\u00f3stico. Son apropiados a cualquier edad y en cualquier etapa de una enfermedad grave, y pueden brindarse junto con un tratamiento curativo.<\/p>\n<\/div>\n<p><iframe loading=\"lazy\" style=\"width: 100%;\" src=\"https:\/\/www.youtube.com\/embed\/lDHhg76tMHc\" width=\"640\" height=\"390\" frameborder=\"0\" allowfullscreen=\"allowfullscreen\"><\/iframe><\/p>\n<h2>Los cuidados paliativos mejoran la calidad de vida<\/h2>\n<p>Los equipos de cuidados paliativos se centran en la calidad de vida. Tratan a personas que sufren los s\u00edntomas y el estr\u00e9s de enfermedades graves como <a href=\"https:\/\/getpalliativecare.org\/es\/whatis\/disease-types\/cancer-palliative-care\/\">c\u00e1ncer<\/a>, <a href=\"https:\/\/getpalliativecare.org\/es\/whatis\/disease-types\/congestive-heart-failure-palliative-care\/\">insuficiencia cardiaca<\/a>, <a href=\"https:\/\/getpalliativecare.org\/es\/whatis\/disease-types\/chronic-obstructive-pulmonary-disease-copd-palliative-care\/\">Enfermedad Pulmonar Obstructiva Cr\u00f3nica (EPOC)<\/a>, <a href=\"https:\/\/getpalliativecare.org\/es\/whatis\/disease-types\/kidney-disease-kidney-failure-palliative-care\/\">nefropat\u00eda<\/a>, <a href=\"https:\/\/getpalliativecare.org\/es\/whatis\/disease-types\/alzheimers-disease-palliative-care\/\">Alzheimer<\/a>,\u00a0<a href=\"https:\/\/getpalliativecare.org\/es\/whatis\/disease-types\/parkinsons-disease-palliative-care\/\">Parkinson<\/a>, <a href=\"https:\/\/getpalliativecare.org\/es\/whatis\/disease-types\/als-palliative-care\/\">Esclerosis lateral amiotr\u00f3fica (ELA)<\/a>, y <a href=\"https:\/\/getpalliativecare.org\/es\/whatis\/disease-types\/\">mucho mas<\/a>.<\/p>\n<h2>Alivia el sufrimiento de los s\u00edntomas y el estr\u00e9s.<\/h2>\n<p>El objetivo de los cuidados paliativos es aliviar el sufrimiento y proporcionar la mejor calidad de vida posible a los pacientes y sus familias. Los s\u00edntomas pueden incluir dolor, depresi\u00f3n, dificultad para respirar, fatiga, estre\u00f1imiento, n\u00e1useas, p\u00e9rdida de apetito, dificultad para dormir y ansiedad. El equipo te ayudar\u00e1 a ganar fuerzas para seguir con tu vida diaria. En definitiva, los cuidados paliativos ayudar\u00e1n a mejorar tu calidad de vida.<\/p>\n<p>Y estudios recientes, incluido uno publicado en el <em>Revista de medicina de Nueva Inglaterra<\/em>, han demostrado que los pacientes con una enfermedad grave que recibieron cuidados paliativos vivieron m\u00e1s que aquellos que no recibieron estos cuidados.<\/p>\n<h2>Le ayuda a adaptar las opciones de tratamiento a sus objetivos<\/h2>\n<p>El equipo de cuidados paliativos tambi\u00e9n dedica el tiempo necesario para ayudarle a adaptar sus opciones de tratamiento a sus objetivos. Tambi\u00e9n se asegurar\u00e1n de que todos sus m\u00e9dicos sepan y comprendan lo que usted desea. Esto le brinda m\u00e1s control sobre su atenci\u00f3n y mejorar\u00e1 su calidad de vida.<\/p>\n<h2>Trabaja junto con sus otros m\u00e9dicos<\/h2>\n<p>Los equipos de cuidados paliativos son especialistas que trabajan junto con usted, su familia y sus dem\u00e1s m\u00e9dicos. Proporcionan una capa adicional de apoyo cuando m\u00e1s lo necesita. Adem\u00e1s de tratar sus s\u00edntomas y estr\u00e9s y brindarle apoyo a usted y a su familia, el equipo de cuidados paliativos se comunica con todos sus m\u00e9dicos para que todos est\u00e9n en sinton\u00eda. Te apoyan en cada paso del camino.<\/p>\n<h2>C\u00f3mo obtener cuidados paliativos<\/h2>\n<p>Si usted o un ser querido se enfrenta a una enfermedad grave, puede beneficiarse de los cuidados paliativos. Puede recibir cuidados paliativos en cualquier momento de su enfermedad. buscar el <a href=\"https:\/\/getpalliativecare.org\/es\/howtoget\/find-a-palliative-care-team\/\">Directorio de proveedores de cuidados paliativos<\/a> para encontrarlo cerca de usted. Toma el <a href=\"https:\/\/getpalliativecare.org\/es\/rightforyou\/\">prueba <\/a>si no est\u00e1s seguro. Entonces habla con tu m\u00e9dico y solic\u00edtalo. trae el\u00a0<a href=\"http:\/\/www.getpalliativecare.org\/wp-content\/uploads\/2012\/09\/WhatYouShouldKnowHandoutRevised.pdf\">repartir<\/a> \u00a1contigo!<\/p>","protected":false},"excerpt":{"rendered":"<p>Definici\u00f3n de cuidados paliativos Los cuidados paliativos son atenci\u00f3n m\u00e9dica especializada para personas que viven con una enfermedad grave. Este tipo de atenci\u00f3n se centra en brindar alivio a los s\u00edntomas y el estr\u00e9s de la enfermedad. El objetivo es mejorar la calidad de vida tanto del paciente como de la familia. Los cuidados paliativos son proporcionados por un\u2026 <\/p>","protected":false},"author":1,"featured_media":0,"parent":0,"menu_order":0,"comment_status":"open","ping_status":"open","template":"template-whatis.php","meta":{"_acf_changed":false,"footnotes":""},"class_list":["post-43534","page","type-page","status-publish","hentry"],"acf":[],"yoast_head":"<!-- This site is optimized with the Yoast SEO plugin v26.6 - https:\/\/yoast.com\/wordpress\/plugins\/seo\/ -->\n<title>Definition of Palliative Care | What is Palliative Care?<\/title>\n<meta name=\"description\" content=\"What is Palliative Care? The definition of palliative care is medical care that relieves pain, symptoms and stress caused by serious illness.\" \/>\n<meta name=\"robots\" content=\"index, follow, max-snippet:-1, max-image-preview:large, max-video-preview:-1\" \/>\n<link rel=\"canonical\" href=\"https:\/\/getpalliativecare.org\/es\/whatis\/\" \/>\n<meta name=\"twitter:card\" content=\"summary_large_image\" \/>\n<meta name=\"twitter:title\" content=\"Definition of Palliative Care | What is Palliative Care?\" \/>\n<meta name=\"twitter:description\" content=\"What is Palliative Care? The definition of palliative care is medical care that relieves pain, symptoms and stress caused by serious illness.\" \/>\n<meta name=\"twitter:site\" content=\"@GetPalliative\" \/>\n<meta name=\"twitter:label1\" content=\"Tiempo de lectura\" \/>\n\t<meta name=\"twitter:data1\" content=\"3 minutos\" \/>\n<script type=\"application\/ld+json\" class=\"yoast-schema-graph\">{\"@context\":\"https:\/\/schema.org\",\"@graph\":[{\"@type\":\"WebPage\",\"@id\":\"https:\/\/getpalliativecare.org\/whatis\/\",\"url\":\"https:\/\/getpalliativecare.org\/whatis\/\",\"name\":\"Definition of Palliative Care | What is Palliative Care?\",\"isPartOf\":{\"@id\":\"https:\/\/getpalliativecare.org\/#website\"},\"datePublished\":\"2012-09-11T19:31:31+00:00\",\"dateModified\":\"2024-09-12T20:02:04+00:00\",\"description\":\"What is Palliative Care? The definition of palliative care is medical care that relieves pain, symptoms and stress caused by serious illness.\",\"inLanguage\":\"es\",\"potentialAction\":[{\"@type\":\"ReadAction\",\"target\":[\"https:\/\/getpalliativecare.org\/whatis\/\"]}]},{\"@type\":\"WebSite\",\"@id\":\"https:\/\/getpalliativecare.org\/#website\",\"url\":\"https:\/\/getpalliativecare.org\/\",\"name\":\"Get Palliative Care\",\"description\":\"Palliative care is specialized care focused on the pain, symptoms and stress of serious illness.  Find a hospital or medical center in your area that has a palliative care program.\",\"potentialAction\":[{\"@type\":\"SearchAction\",\"target\":{\"@type\":\"EntryPoint\",\"urlTemplate\":\"https:\/\/getpalliativecare.org\/?s={search_term_string}\"},\"query-input\":{\"@type\":\"PropertyValueSpecification\",\"valueRequired\":true,\"valueName\":\"search_term_string\"}}],\"inLanguage\":\"es\"}]}<\/script>\n<!-- \/ Yoast SEO plugin. -->","yoast_head_json":{"title":"Definici\u00f3n de Cuidados Paliativos | \u00bfQu\u00e9 son los Cuidados Paliativos?","description":"\u00bfQu\u00e9 son los cuidados paliativos? Los cuidados paliativos se definen como la atenci\u00f3n m\u00e9dica que alivia el dolor, los s\u00edntomas y el estr\u00e9s causados por una enfermedad grave.","robots":{"index":"index","follow":"follow","max-snippet":"max-snippet:-1","max-image-preview":"max-image-preview:large","max-video-preview":"max-video-preview:-1"},"canonical":"https:\/\/getpalliativecare.org\/es\/whatis\/","twitter_card":"summary_large_image","twitter_title":"Definition of Palliative Care | What is Palliative Care?","twitter_description":"What is Palliative Care? The definition of palliative care is medical care that relieves pain, symptoms and stress caused by serious illness.","twitter_site":"@GetPalliative","twitter_misc":{"Tiempo de lectura":"3 minutos"},"schema":{"@context":"https:\/\/schema.org","@graph":[{"@type":"WebPage","@id":"https:\/\/getpalliativecare.org\/whatis\/","url":"https:\/\/getpalliativecare.org\/whatis\/","name":"Definici\u00f3n de Cuidados Paliativos | \u00bfQu\u00e9 son los Cuidados Paliativos?","isPartOf":{"@id":"https:\/\/getpalliativecare.org\/#website"},"datePublished":"2012-09-11T19:31:31+00:00","dateModified":"2024-09-12T20:02:04+00:00","description":"\u00bfQu\u00e9 son los cuidados paliativos? Los cuidados paliativos se definen como la atenci\u00f3n m\u00e9dica que alivia el dolor, los s\u00edntomas y el estr\u00e9s causados por una enfermedad grave.","inLanguage":"es","potentialAction":[{"@type":"ReadAction","target":["https:\/\/getpalliativecare.org\/whatis\/"]}]},{"@type":"WebSite","@id":"https:\/\/getpalliativecare.org\/#website","url":"https:\/\/getpalliativecare.org\/","name":"Obtenga cuidados paliativos","description":"Los cuidados paliativos son cuidados especializados centrados en el dolor, los s\u00edntomas y el estr\u00e9s de una enfermedad grave. Encuentre un hospital o centro m\u00e9dico en su \u00e1rea que tenga un programa de cuidados paliativos.","potentialAction":[{"@type":"SearchAction","target":{"@type":"EntryPoint","urlTemplate":"https:\/\/getpalliativecare.org\/?s={search_term_string}"},"query-input":{"@type":"PropertyValueSpecification","valueRequired":true,"valueName":"search_term_string"}}],"inLanguage":"es"}]}},"_links":{"self":[{"href":"https:\/\/getpalliativecare.org\/es\/wp-json\/wp\/v2\/pages\/43534","targetHints":{"allow":["GET"]}}],"collection":[{"href":"https:\/\/getpalliativecare.org\/es\/wp-json\/wp\/v2\/pages"}],"about":[{"href":"https:\/\/getpalliativecare.org\/es\/wp-json\/wp\/v2\/types\/page"}],"author":[{"embeddable":true,"href":"https:\/\/getpalliativecare.org\/es\/wp-json\/wp\/v2\/users\/1"}],"replies":[{"embeddable":true,"href":"https:\/\/getpalliativecare.org\/es\/wp-json\/wp\/v2\/comments?post=43534"}],"version-history":[{"count":0,"href":"https:\/\/getpalliativecare.org\/es\/wp-json\/wp\/v2\/pages\/43534\/revisions"}],"wp:attachment":[{"href":"https:\/\/getpalliativecare.org\/es\/wp-json\/wp\/v2\/media?parent=43534"}],"curies":[{"name":"gracias","href":"https:\/\/api.w.org\/{rel}","templated":true}]}}