{"id":43531,"date":"2012-09-11T15:01:15","date_gmt":"2012-09-11T19:01:15","guid":{"rendered":"http:\/\/getpalliativecare.org\/?page_id=43531"},"modified":"2024-02-28T11:12:44","modified_gmt":"2024-02-28T16:12:44","slug":"about","status":"publish","type":"page","link":"https:\/\/getpalliativecare.org\/es\/about\/","title":{"rendered":"Acerca de GetPalliativeCare.org"},"content":{"rendered":"<p>Este sitio no pretende sustituir el asesoramiento, diagn\u00f3stico o tratamiento m\u00e9dico profesional. Se proporciona \u00fanicamente con fines informativos. Comun\u00edquese con su m\u00e9dico si tiene alguna pregunta.<\/p>\n<p><a href=\"https:\/\/getpalliativecare.org\/es\/\">Obtenercuidadospaliativos.org<\/a>\u00a0es un sitio web que proporciona informaci\u00f3n clara y completa sobre cuidados paliativos para personas que viven con una enfermedad grave. Las caracter\u00edsticas clave del sitio incluyen una\u00a0<a href=\"https:\/\/getpalliativecare.org\/es\/providers\/\">Directorio de proveedores de cuidados paliativos<\/a>, a <a href=\"https:\/\/getpalliativecare.org\/es\/whatis\/\">definici\u00f3n<\/a> de los cuidados paliativos y descripciones detalladas de lo que hacen los cuidados paliativos y c\u00f3mo obtenerlos. Tambi\u00e9n proporciona un interactivo <a href=\"https:\/\/getpalliativecare.org\/es\/rightforyou\/\">prueba<\/a>\u00a0para ayudarle a decidir si los cuidados paliativos podr\u00edan ser adecuados para usted o un ser querido. El sitio es proporcionado por el Centro para Avances en Cuidados Paliativos (CAPC).<\/p>\n<h3>pol\u00edtica de privacidad<\/h3>\n<p>CAPC se compromete a proteger su privacidad. Por favor lea nuestro <a href=\"http:\/\/getpalliativecare.org\/es\/capc-privacy-policy\/\">pol\u00edtica de privacidad<\/a>.<\/p>\n<h3>Condiciones de uso<\/h3>\n<p>Puede reproducir el contenido de este sitio siempre que se mantenga el siguiente aviso: Fuente:\u00a0<a title=\"www.GetPalliativeCare.org\" href=\"https:\/\/getpalliativecare.org\/es\/\">www.GetPalliativeCare.org<\/a>.<\/p>\n<p>El logotipo de GetPalliativeCare.org no se puede utilizar sin permiso por escrito.<\/p>\n<h3>Acerca de CAPC<\/h3>\n<p><a href=\"https:\/\/www.capc.org\/\">El Centro para el Avance de los Cuidados Paliativos (CAPC)<\/a> es una organizaci\u00f3n nacional sin fines de lucro dedicada a aumentar la disponibilidad de atenci\u00f3n m\u00e9dica de calidad para personas que enfrentan enfermedades graves. CAPC proporciona a las organizaciones de atenci\u00f3n m\u00e9dica las herramientas, capacitaci\u00f3n, asistencia t\u00e9cnica y m\u00e9tricas necesarias para satisfacer esta necesidad. Para obtener m\u00e1s informaci\u00f3n sobre CAPC, visite <a href=\"https:\/\/urldefense.proofpoint.com\/v2\/url?u=http-3A__www.capc.org_&amp;d=AwMFaQ&amp;c=4R1YgkJNMyVWjMjneTwN5tJRn8m8VqTSNCjYLg1wNX4&amp;r=M6QLPgE2Sgx6ZKrHp8r1VSEIBQd4oqcF-evAtXLpX7w&amp;m=t4GLdOG7xEHE_p1vF5C8tjd4OoPKPrt8WblQOLbTw4c&amp;s=-B9q_4H2zlbu8DAIwlAEhoy5V36rzVhh0MK7L0GIbiQ&amp;e=\">www.capc.org<\/a>.<\/p>\n<p>CAPC es parte de la Escuela de Medicina Icahn en Mount Sinai, Nueva York.<\/p>","protected":false},"excerpt":{"rendered":"<p>Este sitio no pretende sustituir el asesoramiento, diagn\u00f3stico o tratamiento m\u00e9dico profesional. Se proporciona \u00fanicamente con fines informativos. Comun\u00edquese con su m\u00e9dico si tiene alguna pregunta. Getpalliativecare.org es un sitio web que proporciona informaci\u00f3n clara y completa sobre cuidados paliativos para personas que viven con una enfermedad grave. Las caracter\u00edsticas clave del sitio incluyen un proveedor de cuidados paliativos... <\/p>","protected":false},"author":1,"featured_media":0,"parent":0,"menu_order":0,"comment_status":"open","ping_status":"open","template":"template-about.php","meta":{"_acf_changed":false,"footnotes":""},"class_list":["post-43531","page","type-page","status-publish","hentry"],"acf":[],"yoast_head":"<!-- This site is optimized with the Yoast SEO plugin v26.6 - https:\/\/yoast.com\/wordpress\/plugins\/seo\/ -->\n<title>Center to Advance Palliative Care | Getpalliativecare.org<\/title>\n<meta name=\"description\" content=\"The Center to Advance Palliative Care created GetPalliativeCare.org to offer palliative care information for people living with serious illness.\" \/>\n<meta name=\"robots\" content=\"index, follow, max-snippet:-1, max-image-preview:large, max-video-preview:-1\" \/>\n<link rel=\"canonical\" href=\"https:\/\/getpalliativecare.org\/es\/about\/\" \/>\n<meta name=\"twitter:card\" content=\"summary_large_image\" \/>\n<meta name=\"twitter:title\" content=\"Center to Advance Palliative Care | Getpalliativecare.org\" \/>\n<meta name=\"twitter:description\" content=\"The Center to Advance Palliative Care created GetPalliativeCare.org to offer palliative care information for people living with serious illness.\" \/>\n<meta name=\"twitter:site\" content=\"@GetPalliative\" \/>\n<meta name=\"twitter:label1\" content=\"Tiempo de lectura\" \/>\n\t<meta name=\"twitter:data1\" content=\"1 minuto\" \/>\n<script type=\"application\/ld+json\" class=\"yoast-schema-graph\">{\"@context\":\"https:\/\/schema.org\",\"@graph\":[{\"@type\":\"WebPage\",\"@id\":\"https:\/\/getpalliativecare.org\/about\/\",\"url\":\"https:\/\/getpalliativecare.org\/about\/\",\"name\":\"Center to Advance Palliative Care | Getpalliativecare.org\",\"isPartOf\":{\"@id\":\"https:\/\/getpalliativecare.org\/#website\"},\"datePublished\":\"2012-09-11T19:01:15+00:00\",\"dateModified\":\"2024-02-28T16:12:44+00:00\",\"description\":\"The Center to Advance Palliative Care created GetPalliativeCare.org to offer palliative care information for people living with serious illness.\",\"inLanguage\":\"es\",\"potentialAction\":[{\"@type\":\"ReadAction\",\"target\":[\"https:\/\/getpalliativecare.org\/about\/\"]}]},{\"@type\":\"WebSite\",\"@id\":\"https:\/\/getpalliativecare.org\/#website\",\"url\":\"https:\/\/getpalliativecare.org\/\",\"name\":\"Get Palliative Care\",\"description\":\"Palliative care is specialized care focused on the pain, symptoms and stress of serious illness.  Find a hospital or medical center in your area that has a palliative care program.\",\"potentialAction\":[{\"@type\":\"SearchAction\",\"target\":{\"@type\":\"EntryPoint\",\"urlTemplate\":\"https:\/\/getpalliativecare.org\/?s={search_term_string}\"},\"query-input\":{\"@type\":\"PropertyValueSpecification\",\"valueRequired\":true,\"valueName\":\"search_term_string\"}}],\"inLanguage\":\"es\"}]}<\/script>\n<!-- \/ Yoast SEO plugin. -->","yoast_head_json":{"title":"Centro para el Avance de los Cuidados Paliativos | Getpalliativecare.org","description":"El Centro para el Avance de los Cuidados Paliativos cre\u00f3 GetPalliativeCare.org para ofrecer informaci\u00f3n sobre cuidados paliativos a personas que viven con enfermedades graves.","robots":{"index":"index","follow":"follow","max-snippet":"max-snippet:-1","max-image-preview":"max-image-preview:large","max-video-preview":"max-video-preview:-1"},"canonical":"https:\/\/getpalliativecare.org\/es\/about\/","twitter_card":"summary_large_image","twitter_title":"Center to Advance Palliative Care | Getpalliativecare.org","twitter_description":"The Center to Advance Palliative Care created GetPalliativeCare.org to offer palliative care information for people living with serious illness.","twitter_site":"@GetPalliative","twitter_misc":{"Tiempo de lectura":"1 minuto"},"schema":{"@context":"https:\/\/schema.org","@graph":[{"@type":"WebPage","@id":"https:\/\/getpalliativecare.org\/about\/","url":"https:\/\/getpalliativecare.org\/about\/","name":"Centro para el Avance de los Cuidados Paliativos | Getpalliativecare.org","isPartOf":{"@id":"https:\/\/getpalliativecare.org\/#website"},"datePublished":"2012-09-11T19:01:15+00:00","dateModified":"2024-02-28T16:12:44+00:00","description":"El Centro para el Avance de los Cuidados Paliativos cre\u00f3 GetPalliativeCare.org para ofrecer informaci\u00f3n sobre cuidados paliativos a personas que viven con enfermedades graves.","inLanguage":"es","potentialAction":[{"@type":"ReadAction","target":["https:\/\/getpalliativecare.org\/about\/"]}]},{"@type":"WebSite","@id":"https:\/\/getpalliativecare.org\/#website","url":"https:\/\/getpalliativecare.org\/","name":"Obtenga cuidados paliativos","description":"Los cuidados paliativos son cuidados especializados centrados en el dolor, los s\u00edntomas y el estr\u00e9s de una enfermedad grave. Encuentre un hospital o centro m\u00e9dico en su \u00e1rea que tenga un programa de cuidados paliativos.","potentialAction":[{"@type":"SearchAction","target":{"@type":"EntryPoint","urlTemplate":"https:\/\/getpalliativecare.org\/?s={search_term_string}"},"query-input":{"@type":"PropertyValueSpecification","valueRequired":true,"valueName":"search_term_string"}}],"inLanguage":"es"}]}},"_links":{"self":[{"href":"https:\/\/getpalliativecare.org\/es\/wp-json\/wp\/v2\/pages\/43531","targetHints":{"allow":["GET"]}}],"collection":[{"href":"https:\/\/getpalliativecare.org\/es\/wp-json\/wp\/v2\/pages"}],"about":[{"href":"https:\/\/getpalliativecare.org\/es\/wp-json\/wp\/v2\/types\/page"}],"author":[{"embeddable":true,"href":"https:\/\/getpalliativecare.org\/es\/wp-json\/wp\/v2\/users\/1"}],"replies":[{"embeddable":true,"href":"https:\/\/getpalliativecare.org\/es\/wp-json\/wp\/v2\/comments?post=43531"}],"version-history":[{"count":0,"href":"https:\/\/getpalliativecare.org\/es\/wp-json\/wp\/v2\/pages\/43531\/revisions"}],"wp:attachment":[{"href":"https:\/\/getpalliativecare.org\/es\/wp-json\/wp\/v2\/media?parent=43531"}],"curies":[{"name":"gracias","href":"https:\/\/api.w.org\/{rel}","templated":true}]}}