{"id":43521,"date":"2012-09-10T17:21:23","date_gmt":"2012-09-10T21:21:23","guid":{"rendered":"http:\/\/getpalliativecare.org\/?page_id=43521"},"modified":"2025-12-29T16:28:54","modified_gmt":"2025-12-29T21:28:54","slug":"home","status":"publish","type":"page","link":"https:\/\/getpalliativecare.org\/es\/","title":{"rendered":"Hogar"},"content":{"rendered":"<p>\u00bfUsted o alguien a quien cuida padece una enfermedad grave? Los cuidados paliativos pueden ayudar. Son atenci\u00f3n m\u00e9dica especializada enfocada en aliviar los s\u00edntomas y el estr\u00e9s de una enfermedad grave. Son apropiados a cualquier edad y en cualquier etapa, y pueden complementarse con un tratamiento curativo. El objetivo es mejorar su calidad de vida.<\/p>","protected":false},"excerpt":{"rendered":"<p>\u00bfUsted o alguien a quien cuida padece una enfermedad grave? Los cuidados paliativos pueden ayudar. Son atenci\u00f3n m\u00e9dica especializada enfocada en aliviar los s\u00edntomas y el estr\u00e9s de una enfermedad grave. Son apropiados a cualquier edad y en cualquier etapa, y pueden complementarse con un tratamiento curativo. El objetivo es\u2026 <\/p>","protected":false},"author":1,"featured_media":0,"parent":0,"menu_order":0,"comment_status":"open","ping_status":"open","template":"template-front-page.php","meta":{"_acf_changed":false,"footnotes":""},"class_list":["post-43521","page","type-page","status-publish","hentry"],"acf":[],"yoast_head":"<!-- This site is optimized with the Yoast SEO plugin v26.6 - https:\/\/yoast.com\/wordpress\/plugins\/seo\/ -->\n<title>Palliative Care for Serious Illness - GetPalliativeCare.org<\/title>\n<meta name=\"description\" content=\"Palliative care provides relief from the symptoms and stress of a serious illness to improve quality of life. Find out how it can help you.\" \/>\n<meta name=\"robots\" content=\"index, follow, max-snippet:-1, max-image-preview:large, max-video-preview:-1\" \/>\n<link rel=\"canonical\" href=\"https:\/\/getpalliativecare.org\/es\/\" \/>\n<meta name=\"twitter:card\" content=\"summary_large_image\" \/>\n<meta name=\"twitter:title\" content=\"Palliative Care for Serious Illness - GetPalliativeCare.org\" \/>\n<meta name=\"twitter:description\" content=\"Palliative care provides relief from the symptoms and stress of a serious illness to improve quality of life. Find out how it can help you.\" \/>\n<meta name=\"twitter:image\" content=\"https:\/\/getpalliativecare.org\/wp-content\/uploads\/2020\/09\/gpc-social_general-generic.jpg\" \/>\n<meta name=\"twitter:site\" content=\"@GetPalliative\" \/>\n<meta name=\"twitter:label1\" content=\"Tiempo de lectura\" \/>\n\t<meta name=\"twitter:data1\" content=\"1 minuto\" \/>\n<script type=\"application\/ld+json\" class=\"yoast-schema-graph\">{\"@context\":\"https:\/\/schema.org\",\"@graph\":[{\"@type\":\"WebPage\",\"@id\":\"https:\/\/getpalliativecare.org\/\",\"url\":\"https:\/\/getpalliativecare.org\/\",\"name\":\"Palliative Care for Serious Illness - GetPalliativeCare.org\",\"isPartOf\":{\"@id\":\"https:\/\/getpalliativecare.org\/#website\"},\"datePublished\":\"2012-09-10T21:21:23+00:00\",\"dateModified\":\"2025-12-29T21:28:54+00:00\",\"description\":\"Palliative care provides relief from the symptoms and stress of a serious illness to improve quality of life. Find out how it can help you.\",\"inLanguage\":\"es\",\"potentialAction\":[{\"@type\":\"ReadAction\",\"target\":[\"https:\/\/getpalliativecare.org\/\"]}]},{\"@type\":\"WebSite\",\"@id\":\"https:\/\/getpalliativecare.org\/#website\",\"url\":\"https:\/\/getpalliativecare.org\/\",\"name\":\"Get Palliative Care\",\"description\":\"Palliative care is specialized care focused on the pain, symptoms and stress of serious illness.  Find a hospital or medical center in your area that has a palliative care program.\",\"potentialAction\":[{\"@type\":\"SearchAction\",\"target\":{\"@type\":\"EntryPoint\",\"urlTemplate\":\"https:\/\/getpalliativecare.org\/?s={search_term_string}\"},\"query-input\":{\"@type\":\"PropertyValueSpecification\",\"valueRequired\":true,\"valueName\":\"search_term_string\"}}],\"inLanguage\":\"es\"}]}<\/script>\n<!-- \/ Yoast SEO plugin. -->","yoast_head_json":{"title":"Cuidados paliativos para enfermedades graves - GetPalliativeCare.org","description":"Los cuidados paliativos alivian los s\u00edntomas y el estr\u00e9s de una enfermedad grave para mejorar la calidad de vida. Descubra c\u00f3mo pueden ayudarle.","robots":{"index":"index","follow":"follow","max-snippet":"max-snippet:-1","max-image-preview":"max-image-preview:large","max-video-preview":"max-video-preview:-1"},"canonical":"https:\/\/getpalliativecare.org\/es\/","twitter_card":"summary_large_image","twitter_title":"Palliative Care for Serious Illness - GetPalliativeCare.org","twitter_description":"Palliative care provides relief from the symptoms and stress of a serious illness to improve quality of life. Find out how it can help you.","twitter_image":"https:\/\/getpalliativecare.org\/wp-content\/uploads\/2020\/09\/gpc-social_general-generic.jpg","twitter_site":"@GetPalliative","twitter_misc":{"Tiempo de lectura":"1 minuto"},"schema":{"@context":"https:\/\/schema.org","@graph":[{"@type":"WebPage","@id":"https:\/\/getpalliativecare.org\/","url":"https:\/\/getpalliativecare.org\/","name":"Cuidados paliativos para enfermedades graves - GetPalliativeCare.org","isPartOf":{"@id":"https:\/\/getpalliativecare.org\/#website"},"datePublished":"2012-09-10T21:21:23+00:00","dateModified":"2025-12-29T21:28:54+00:00","description":"Los cuidados paliativos alivian los s\u00edntomas y el estr\u00e9s de una enfermedad grave para mejorar la calidad de vida. Descubra c\u00f3mo pueden ayudarle.","inLanguage":"es","potentialAction":[{"@type":"ReadAction","target":["https:\/\/getpalliativecare.org\/"]}]},{"@type":"WebSite","@id":"https:\/\/getpalliativecare.org\/#website","url":"https:\/\/getpalliativecare.org\/","name":"Obtenga cuidados paliativos","description":"Los cuidados paliativos son cuidados especializados centrados en el dolor, los s\u00edntomas y el estr\u00e9s de una enfermedad grave. Encuentre un hospital o centro m\u00e9dico en su \u00e1rea que tenga un programa de cuidados paliativos.","potentialAction":[{"@type":"SearchAction","target":{"@type":"EntryPoint","urlTemplate":"https:\/\/getpalliativecare.org\/?s={search_term_string}"},"query-input":{"@type":"PropertyValueSpecification","valueRequired":true,"valueName":"search_term_string"}}],"inLanguage":"es"}]}},"_links":{"self":[{"href":"https:\/\/getpalliativecare.org\/es\/wp-json\/wp\/v2\/pages\/43521","targetHints":{"allow":["GET"]}}],"collection":[{"href":"https:\/\/getpalliativecare.org\/es\/wp-json\/wp\/v2\/pages"}],"about":[{"href":"https:\/\/getpalliativecare.org\/es\/wp-json\/wp\/v2\/types\/page"}],"author":[{"embeddable":true,"href":"https:\/\/getpalliativecare.org\/es\/wp-json\/wp\/v2\/users\/1"}],"replies":[{"embeddable":true,"href":"https:\/\/getpalliativecare.org\/es\/wp-json\/wp\/v2\/comments?post=43521"}],"version-history":[{"count":0,"href":"https:\/\/getpalliativecare.org\/es\/wp-json\/wp\/v2\/pages\/43521\/revisions"}],"wp:attachment":[{"href":"https:\/\/getpalliativecare.org\/es\/wp-json\/wp\/v2\/media?parent=43521"}],"curies":[{"name":"gracias","href":"https:\/\/api.w.org\/{rel}","templated":true}]}}